{"id":137,"date":"2024-06-20T19:15:45","date_gmt":"2024-06-20T18:15:45","guid":{"rendered":"https:\/\/bs.xl.pt\/20-anos-beleza-real\/?page_id=137"},"modified":"2024-06-21T11:38:38","modified_gmt":"2024-06-21T10:38:38","slug":"30-de-junho","status":"publish","type":"page","link":"https:\/\/bs.xl.pt\/20-anos-beleza-real\/30-de-junho\/","title":{"rendered":"30 de junho"},"content":{"rendered":"\n<div class=\"wp-block-group\"><div class=\"wp-block-group__inner-container is-layout-constrained wp-block-group-is-layout-constrained\">\n<p>O evento Dove Beleza Real continua no Jardim da Estrela, com mais um dia repleto de atividades inspiradoras. Teremos um aula de <em>yoga<\/em> revitalizante para come\u00e7ar o dia da melhor forma, com v\u00e1rios <em>workshops<\/em> de cer\u00e2mica, retratos e atividades para crian\u00e7as e adolescentes desenvolverem a autoestima e confian\u00e7a a decorrer ao longo do dia. N\u00e3o perca ainda duas conversas imperd\u00edveis. O evento termina com um momento especial. Prepare-se!<\/p>\n<\/div><\/div>\n\n\n\n<div class=\"wp-block-group\"><div class=\"wp-block-group__inner-container is-layout-constrained wp-block-group-is-layout-constrained\">\n<h3 class=\"wp-block-heading\">Manh\u00e3<\/h3>\n\n\n\n<p>10h00 \u2013 Aula de <em>Yoga<\/em><\/p>\n\n\n\n<p>10h00 \u2013 Workshop de Cer\u00e2mica | Formas Naturais<\/p>\n\n\n\n<p>10h00 \u2013 Retratos de Beleza Real com Pau Storch<\/p>\n\n\n\n<p>10h00 \u2013 Crescer com Confian\u00e7a | Projeto Dove pela Autoestima<\/p>\n\n\n\n<p><strong>11h00 \u2013 <em>Talk <\/em>Defini\u00e7\u00e3o de beleza: o papel dos influenciadores e marcas<\/strong><\/p>\n\n\n\n<p>12h15 \u2013 Workshop de Cer\u00e2mica | Formas Naturais<\/p>\n\n\n\n<p>12h45 \u2013 Retratos de Beleza Real com Pau Storch<\/p>\n<\/div><\/div>\n\n\n\n<div class=\"wp-block-group\"><div class=\"wp-block-group__inner-container is-layout-constrained wp-block-group-is-layout-constrained\">\n<h3 class=\"wp-block-heading\">Tarde<\/h3>\n\n\n\n<p>14h30 \u2013 Workshop de Cer\u00e2mica | Formas Naturais<\/p>\n\n\n\n<p>14h30 \u2013 Crescer com Confian\u00e7a | Projeto Dove pela Autoestima<\/p>\n\n\n\n<p>15h15 \u2013 Retratos de Beleza Real com Pau Storch<\/p>\n\n\n\n<p>16h00 \u2013 Workshop de Cer\u00e2mica | Formas Naturais<\/p>\n\n\n\n<p>16h00 \u2013 Crescer com Confian\u00e7a | Projeto Dove pela Autoestima<\/p>\n\n\n\n<p><strong>17h00 \u2013 <em>Talk Scroll <\/em>infinito e beleza (ir)real: os jovens e a sa\u00fade mental<\/strong><\/p>\n\n\n\n<p>18h00 \u2013 <em>Showcase<\/em> de Carolina Deslandes<\/p>\n<\/div><\/div>\n","protected":false},"excerpt":{"rendered":"<p>O evento Dove Beleza Real continua no Jardim da Estrela, com mais um dia repleto de atividades inspiradoras. Teremos um aula de yoga revitalizante para come\u00e7ar o dia da melhor forma, com v\u00e1rios workshops de cer\u00e2mica, retratos e atividades para crian\u00e7as e adolescentes desenvolverem a autoestima e confian\u00e7a a decorrer ao longo do dia. N\u00e3o [&hellip;]<\/p>\n","protected":false},"author":29,"featured_media":0,"parent":0,"menu_order":0,"comment_status":"closed","ping_status":"closed","template":"page_for-event-date.php","meta":{"footnotes":""},"class_list":["post-137","page","type-page","status-publish","hentry"],"_links":{"self":[{"href":"https:\/\/bs.xl.pt\/20-anos-beleza-real\/wp-json\/wp\/v2\/pages\/137","targetHints":{"allow":["GET"]}}],"collection":[{"href":"https:\/\/bs.xl.pt\/20-anos-beleza-real\/wp-json\/wp\/v2\/pages"}],"about":[{"href":"https:\/\/bs.xl.pt\/20-anos-beleza-real\/wp-json\/wp\/v2\/types\/page"}],"author":[{"embeddable":true,"href":"https:\/\/bs.xl.pt\/20-anos-beleza-real\/wp-json\/wp\/v2\/users\/29"}],"replies":[{"embeddable":true,"href":"https:\/\/bs.xl.pt\/20-anos-beleza-real\/wp-json\/wp\/v2\/comments?post=137"}],"version-history":[{"count":9,"href":"https:\/\/bs.xl.pt\/20-anos-beleza-real\/wp-json\/wp\/v2\/pages\/137\/revisions"}],"predecessor-version":[{"id":305,"href":"https:\/\/bs.xl.pt\/20-anos-beleza-real\/wp-json\/wp\/v2\/pages\/137\/revisions\/305"}],"wp:attachment":[{"href":"https:\/\/bs.xl.pt\/20-anos-beleza-real\/wp-json\/wp\/v2\/media?parent=137"}],"curies":[{"name":"wp","href":"https:\/\/api.w.org\/{rel}","templated":true}]}}