{"id":5,"date":"2024-06-20T19:15:45","date_gmt":"2024-06-20T18:15:45","guid":{"rendered":"https:\/\/bs.xl.pt\/20-anos-beleza-real\/?page_id=2"},"modified":"2024-06-21T11:11:42","modified_gmt":"2024-06-21T10:11:42","slug":"29-de-junho","status":"publish","type":"page","link":"https:\/\/bs.xl.pt\/20-anos-beleza-real\/29-de-junho\/","title":{"rendered":"29 de junho"},"content":{"rendered":"\n<div class=\"wp-block-group\"><div class=\"wp-block-group__inner-container is-layout-constrained wp-block-group-is-layout-constrained\">\n<p>Damos as boas-vindas ao evento Dove Beleza Real, no Jardim da Estrela, com um dia repleto de atividades inspiradoras. Teremos um aula de <em>yoga<\/em> revitalizante para come\u00e7ar o dia da melhor forma, com v\u00e1rios workshops de cer\u00e2mica, retratos e atividades para crian\u00e7as e adolescentes desenvolverem a autoestima e confian\u00e7a a decorrer ao longo do dia. N\u00e3o perca ainda duas conversas imperd\u00edveis.<\/p>\n<\/div><\/div>\n\n\n\n<div class=\"wp-block-group\"><div class=\"wp-block-group__inner-container is-layout-constrained wp-block-group-is-layout-constrained\">\n<h3 class=\"wp-block-heading\">Manh\u00e3<\/h3>\n\n\n\n<p>10H00 \u2013 Aula de <em>Yoga<\/em><\/p>\n\n\n\n<p>10H00 \u2013 Workshop de Cer\u00e2mica | Formas Naturais<\/p>\n\n\n\n<p>10H30 \u2013 Retratos de Beleza Real com Pau Storch<\/p>\n\n\n\n<p>10H30 \u2013 Crescer com Confian\u00e7a | Projeto Dove pela Autoestima<\/p>\n\n\n\n<p><strong>11H30 \u2013 <em>Talk<\/em> Evolu\u00e7\u00e3o da beleza: da gera\u00e7\u00e3o Kate Moss \u00e0 gera\u00e7\u00e3o Billie Eilish<\/strong><\/p>\n\n\n\n<p>12H30 \u2013 Workshop de Cer\u00e2mica | Formas Naturais<\/p>\n\n\n\n<p>12H30 \u2013 Retratos com Pau Storch<\/p>\n<\/div><\/div>\n\n\n\n<div class=\"wp-block-group\"><div class=\"wp-block-group__inner-container is-layout-constrained wp-block-group-is-layout-constrained\">\n<h3 class=\"wp-block-heading\" id=\"block-92a4c09d-cc9f-4b77-9cc6-84e1b2caa349\">Tarde<\/h3>\n\n\n\n<p>15h00 \u2013 Workshop de Cer\u00e2mica | Formas Naturais<\/p>\n\n\n\n<p>15h00 \u2013 Retratos de Beleza Real com Pau Storch<\/p>\n\n\n\n<p>15h00 \u2013 Crescer com Confian\u00e7a | Projeto Dove pela Autoestima<\/p>\n\n\n\n<p><strong>16h30 \u2013 <em>Talk<\/em> Beleza 4.0: a revolu\u00e7\u00e3o da IA<\/strong><\/p>\n\n\n\n<p>17h30 \u2013 Workshop de Cer\u00e2mica | Formas Naturais<\/p>\n\n\n\n<p>17h30 \u2013 Crescer com Confian\u00e7a | Projeto Dove pela Autoestima<\/p>\n<\/div><\/div>\n","protected":false},"excerpt":{"rendered":"<p>Damos as boas-vindas ao evento Dove Beleza Real, no Jardim da Estrela, com um dia repleto de atividades inspiradoras. Teremos um aula de yoga revitalizante para come\u00e7ar o dia da melhor forma, com v\u00e1rios workshops de cer\u00e2mica, retratos e atividades para crian\u00e7as e adolescentes desenvolverem a autoestima e confian\u00e7a a decorrer ao longo do dia. [&hellip;]<\/p>\n","protected":false},"author":5,"featured_media":0,"parent":0,"menu_order":0,"comment_status":"closed","ping_status":"closed","template":"page_for-event-date.php","meta":{"footnotes":""},"class_list":["post-5","page","type-page","status-publish","hentry"],"_links":{"self":[{"href":"https:\/\/bs.xl.pt\/20-anos-beleza-real\/wp-json\/wp\/v2\/pages\/5","targetHints":{"allow":["GET"]}}],"collection":[{"href":"https:\/\/bs.xl.pt\/20-anos-beleza-real\/wp-json\/wp\/v2\/pages"}],"about":[{"href":"https:\/\/bs.xl.pt\/20-anos-beleza-real\/wp-json\/wp\/v2\/types\/page"}],"author":[{"embeddable":true,"href":"https:\/\/bs.xl.pt\/20-anos-beleza-real\/wp-json\/wp\/v2\/users\/5"}],"replies":[{"embeddable":true,"href":"https:\/\/bs.xl.pt\/20-anos-beleza-real\/wp-json\/wp\/v2\/comments?post=5"}],"version-history":[{"count":10,"href":"https:\/\/bs.xl.pt\/20-anos-beleza-real\/wp-json\/wp\/v2\/pages\/5\/revisions"}],"predecessor-version":[{"id":302,"href":"https:\/\/bs.xl.pt\/20-anos-beleza-real\/wp-json\/wp\/v2\/pages\/5\/revisions\/302"}],"wp:attachment":[{"href":"https:\/\/bs.xl.pt\/20-anos-beleza-real\/wp-json\/wp\/v2\/media?parent=5"}],"curies":[{"name":"wp","href":"https:\/\/api.w.org\/{rel}","templated":true}]}}