{"id":671,"date":"2024-07-12T12:45:34","date_gmt":"2024-07-12T11:45:34","guid":{"rendered":"https:\/\/bs.xl.pt\/20-anos-beleza-real\/?page_id=671"},"modified":"2024-07-18T12:16:35","modified_gmt":"2024-07-18T11:16:35","slug":"e-real-ou-ia-descubra-a-verdade","status":"publish","type":"page","link":"https:\/\/bs.xl.pt\/20-anos-beleza-real\/e-real-ou-ia-descubra-a-verdade\/","title":{"rendered":"\u00c9 real ou IA? Descubra a verdade"},"content":{"rendered":"\n<p>Clique na imagem que acha que \u00e9 real<\/p>\n","protected":false},"excerpt":{"rendered":"<p>Pronto para testar as suas habilidades e descobrir se sabe distinguir o que \u00e9 real e o que \u00e9 criado por intelig\u00eancia artificial? Aceita o desafio?<\/p>\n","protected":false},"author":77,"featured_media":0,"parent":0,"menu_order":0,"comment_status":"closed","ping_status":"closed","template":"quiz.php","meta":{"footnotes":""},"class_list":["post-671","page","type-page","status-publish","hentry"],"_links":{"self":[{"href":"https:\/\/bs.xl.pt\/20-anos-beleza-real\/wp-json\/wp\/v2\/pages\/671","targetHints":{"allow":["GET"]}}],"collection":[{"href":"https:\/\/bs.xl.pt\/20-anos-beleza-real\/wp-json\/wp\/v2\/pages"}],"about":[{"href":"https:\/\/bs.xl.pt\/20-anos-beleza-real\/wp-json\/wp\/v2\/types\/page"}],"author":[{"embeddable":true,"href":"https:\/\/bs.xl.pt\/20-anos-beleza-real\/wp-json\/wp\/v2\/users\/77"}],"replies":[{"embeddable":true,"href":"https:\/\/bs.xl.pt\/20-anos-beleza-real\/wp-json\/wp\/v2\/comments?post=671"}],"version-history":[{"count":5,"href":"https:\/\/bs.xl.pt\/20-anos-beleza-real\/wp-json\/wp\/v2\/pages\/671\/revisions"}],"predecessor-version":[{"id":830,"href":"https:\/\/bs.xl.pt\/20-anos-beleza-real\/wp-json\/wp\/v2\/pages\/671\/revisions\/830"}],"wp:attachment":[{"href":"https:\/\/bs.xl.pt\/20-anos-beleza-real\/wp-json\/wp\/v2\/media?parent=671"}],"curies":[{"name":"wp","href":"https:\/\/api.w.org\/{rel}","templated":true}]}}