{"id":4,"date":"2023-02-16T15:14:08","date_gmt":"2023-02-16T15:14:08","guid":{"rendered":"https:\/\/bs.xl.pt\/a-energia-que-muda-o-mundo\/?page_id=2"},"modified":"2023-03-15T21:03:53","modified_gmt":"2023-03-15T21:03:53","slug":"energia-positiva-chega-a-varios-pontos-do-mundo","status":"publish","type":"page","link":"https:\/\/bs.xl.pt\/a-energia-que-muda-o-mundo\/energia-positiva-chega-a-varios-pontos-do-mundo\/","title":{"rendered":"Energia positiva chega a v\u00e1rios pontos do mundo"},"content":{"rendered":"\n<p>Fixe este nome: EDP Y.E.S. \u2013 You Empower Society. Esta \u00e9 a designa\u00e7\u00e3o do programa global da EDP que agrega mais de 500 projetos de responsabilidade social em diferentes geografias e que j\u00e1 ajudaram a melhorar a vida de quase dois milh\u00f5es de pessoas e de mais de quatro mil organiza\u00e7\u00f5es. N\u00fameros que revelam o impacto de uma miss\u00e3o iniciada h\u00e1 pouco mais de dez anos e que tem conseguido um impacto social expressivo, levando energia a muitos, combatendo a pobreza energ\u00e9tica, contribuindo para uma transi\u00e7\u00e3o justa e potenciando apoios \u00e0 sociedade.<\/p>\n\n\n\n<p>O \u00eaxito deste programa assenta na consci\u00eancia social da EDP, nos seus parceiros e colaboradores que se t\u00eam envolvido neste compromisso comum \u2013 s\u00f3 em a\u00e7\u00f5es de voluntariado, por exemplo, os colaboradores da empresa j\u00e1 somam mais de 43 mil participa\u00e7\u00f5es na \u00faltima d\u00e9cada. S\u00e3o estas mulheres e estes homens que fazem a diferen\u00e7a no EDP Y.E.S. \u2013 You Empower Society, em cinco \u00e1reas priorit\u00e1rias de interven\u00e7\u00e3o: energia, cultura, compet\u00eancias, comunidade e planeta.<\/p>\n\n\n\n<p>\u201cA estrat\u00e9gia do EDP Y.E.S. assenta nesses cinco eixos \u2013 energia, cultura, compet\u00eancias, comunidade e planeta \u2013, cada um deles dirigido a \u00e1reas espec\u00edficas em que a EDP j\u00e1 interv\u00e9m ou tem projetos em desenvolvimento\u201d, explica Vera Pinto Pereira, presidente da Funda\u00e7\u00e3o EDP e administradora executiva da EDP. \u201cO objetivo \u00e9, em cada uma delas, promover iniciativas com impacto construtivo na sociedade, mobilizando investimento direto, voluntariado EDP e parceiros na sua execu\u00e7\u00e3o. Isso implica criar sinergias nas v\u00e1rias empresas e unidades de neg\u00f3cio do grupo, garantindo uma linha orientadora global e uma narrativa integrada sobre o esfor\u00e7o e investimento social.\u201d<\/p>\n\n\n<\/div><div class=\"uk-container uk-margin-medium\"><div class=\"uk-inline\"><img decoding=\"async\" src=\"https:\/\/cdn.xl.pt\/bs\/uploads\/sites\/136\/2023\/03\/ArtePublica-Espanha-1200x630.jpg\" alt=\"Projeto Arte P\u00fablica\" loading=\"lazy\" \/><div class=\"caption uk-position-bottom-right\"><p class=\"uk-text-small uk-margin-remove\">Benefici\u00e1rios do projeto Arte P\u00fablica, da EDP, em Espanha.<\/p><\/div><\/div><\/div><div class=\"uk-container uk-container-small\">\n\n\n\n<h3 class=\"wp-block-heading\">EDP e Cofina: parceiros nas boas a\u00e7\u00f5es<\/h3>\n\n\n\n<p>Para dar a conhecer melhor o EDP Y.E.S., EDP e Cofina v\u00e3o promover nos pr\u00f3ximos meses uma s\u00e9rie de reportagens e epis\u00f3dios especiais atrav\u00e9s da CMTV, do Correio da Manh\u00e3, do Jornal de Neg\u00f3cios e da revista S\u00e1bado que mostram como a empresa est\u00e1 a ativar diferentes iniciativas de responsabilidade social em v\u00e1rios pontos do mundo.<\/p>\n\n\n\n<p>Sobre esta coopera\u00e7\u00e3o entre as duas empresas, Vera Pinto Pereira foi clara: \u201cAcreditamos nas parcerias para construir projetos mais robustos e ambiciosos e, neste caso, tamb\u00e9m para refor\u00e7ar a comunica\u00e7\u00e3o da import\u00e2ncia da sustentabilidade e da inova\u00e7\u00e3o social. A Cofina mostrou estar totalmente alinhada com estas preocupa\u00e7\u00f5es e compromissos e \u00e9 seguramente um espa\u00e7o privilegiado de divulga\u00e7\u00e3o de projetos e pessoas com os quais queremos inspirar outras pessoas e outras organiza\u00e7\u00f5es.\u201d<\/p>\n","protected":false},"excerpt":{"rendered":"<p>O programa EDP Y.E.S. \u2013 You Empower Society leva energia a todos e promove a inclus\u00e3o energ\u00e9tica. Descubra como.<\/p>\n","protected":false},"author":5,"featured_media":28,"parent":0,"menu_order":0,"comment_status":"closed","ping_status":"open","template":"","meta":{"footnotes":""},"class_list":["post-4","page","type-page","status-publish","has-post-thumbnail","hentry"],"_links":{"self":[{"href":"https:\/\/bs.xl.pt\/a-energia-que-muda-o-mundo\/wp-json\/wp\/v2\/pages\/4","targetHints":{"allow":["GET"]}}],"collection":[{"href":"https:\/\/bs.xl.pt\/a-energia-que-muda-o-mundo\/wp-json\/wp\/v2\/pages"}],"about":[{"href":"https:\/\/bs.xl.pt\/a-energia-que-muda-o-mundo\/wp-json\/wp\/v2\/types\/page"}],"author":[{"embeddable":true,"href":"https:\/\/bs.xl.pt\/a-energia-que-muda-o-mundo\/wp-json\/wp\/v2\/users\/5"}],"replies":[{"embeddable":true,"href":"https:\/\/bs.xl.pt\/a-energia-que-muda-o-mundo\/wp-json\/wp\/v2\/comments?post=4"}],"version-history":[{"count":2,"href":"https:\/\/bs.xl.pt\/a-energia-que-muda-o-mundo\/wp-json\/wp\/v2\/pages\/4\/revisions"}],"predecessor-version":[{"id":55,"href":"https:\/\/bs.xl.pt\/a-energia-que-muda-o-mundo\/wp-json\/wp\/v2\/pages\/4\/revisions\/55"}],"wp:featuredmedia":[{"embeddable":true,"href":"https:\/\/bs.xl.pt\/a-energia-que-muda-o-mundo\/wp-json\/wp\/v2\/media\/28"}],"wp:attachment":[{"href":"https:\/\/bs.xl.pt\/a-energia-que-muda-o-mundo\/wp-json\/wp\/v2\/media?parent=4"}],"curies":[{"name":"wp","href":"https:\/\/api.w.org\/{rel}","templated":true}]}}