{"id":1584,"date":"2025-09-29T12:29:37","date_gmt":"2025-09-29T11:29:37","guid":{"rendered":"https:\/\/bs.xl.pt\/banca-do-futuro\/?page_id=1584"},"modified":"2025-09-29T12:29:38","modified_gmt":"2025-09-29T11:29:38","slug":"confirmacao-de-presenca","status":"publish","type":"page","link":"https:\/\/bs.xl.pt\/banca-do-futuro\/confirmacao-de-presenca\/","title":{"rendered":"Confirma\u00e7\u00e3o de Presen\u00e7a"},"content":{"rendered":"","protected":false},"excerpt":{"rendered":"","protected":false},"author":29,"featured_media":0,"parent":0,"menu_order":0,"comment_status":"closed","ping_status":"closed","template":"","meta":{"footnotes":""},"class_list":["post-1584","page","type-page","status-publish","hentry"],"_links":{"self":[{"href":"https:\/\/bs.xl.pt\/banca-do-futuro\/wp-json\/wp\/v2\/pages\/1584","targetHints":{"allow":["GET"]}}],"collection":[{"href":"https:\/\/bs.xl.pt\/banca-do-futuro\/wp-json\/wp\/v2\/pages"}],"about":[{"href":"https:\/\/bs.xl.pt\/banca-do-futuro\/wp-json\/wp\/v2\/types\/page"}],"author":[{"embeddable":true,"href":"https:\/\/bs.xl.pt\/banca-do-futuro\/wp-json\/wp\/v2\/users\/29"}],"replies":[{"embeddable":true,"href":"https:\/\/bs.xl.pt\/banca-do-futuro\/wp-json\/wp\/v2\/comments?post=1584"}],"version-history":[{"count":1,"href":"https:\/\/bs.xl.pt\/banca-do-futuro\/wp-json\/wp\/v2\/pages\/1584\/revisions"}],"predecessor-version":[{"id":1587,"href":"https:\/\/bs.xl.pt\/banca-do-futuro\/wp-json\/wp\/v2\/pages\/1584\/revisions\/1587"}],"wp:attachment":[{"href":"https:\/\/bs.xl.pt\/banca-do-futuro\/wp-json\/wp\/v2\/media?parent=1584"}],"curies":[{"name":"wp","href":"https:\/\/api.w.org\/{rel}","templated":true}]}}