{"id":1995,"date":"2025-06-30T10:47:18","date_gmt":"2025-06-30T09:47:18","guid":{"rendered":"https:\/\/bs.xl.pt\/branded-content\/?page_id=1995"},"modified":"2025-06-30T10:47:20","modified_gmt":"2025-06-30T09:47:20","slug":"vencedores-2023","status":"publish","type":"page","link":"https:\/\/bs.xl.pt\/branded-content\/vencedores\/vencedores-2023\/","title":{"rendered":"Vencedores 2023"},"content":{"rendered":"\n<p>J\u00e1 s\u00e3o conhecidos os vencedores dos primeiros Branded Content Awards. Dos 142 projetos e campanhas em competi\u00e7\u00e3o, resultaram em <strong>5 pr\u00e9mios bronze<\/strong>, <strong>8 pratas<\/strong> e <strong>8 ouros<\/strong> distribu\u00eddos por quatro categorias: <strong>Comunica\u00e7\u00e3o Integrada<\/strong>, <strong>Brand Experience<\/strong>, <strong>Work For Good<\/strong> e <strong>Power of Storytelling<\/strong>.<\/p>\n","protected":false},"excerpt":{"rendered":"<p>J\u00e1 s\u00e3o conhecidos os vencedores dos primeiros Branded Content Awards. Dos 142 projetos e campanhas em competi\u00e7\u00e3o, resultaram em 5 pr\u00e9mios bronze, 8 pratas e 8 ouros distribu\u00eddos por quatro categorias: Comunica\u00e7\u00e3o Integrada, Brand Experience, Work For Good e Power of Storytelling.<\/p>\n","protected":false},"author":29,"featured_media":0,"parent":1480,"menu_order":0,"comment_status":"closed","ping_status":"closed","template":"","meta":{"footnotes":""},"class_list":["post-1995","page","type-page","status-publish","hentry"],"_links":{"self":[{"href":"https:\/\/bs.xl.pt\/branded-content\/wp-json\/wp\/v2\/pages\/1995","targetHints":{"allow":["GET"]}}],"collection":[{"href":"https:\/\/bs.xl.pt\/branded-content\/wp-json\/wp\/v2\/pages"}],"about":[{"href":"https:\/\/bs.xl.pt\/branded-content\/wp-json\/wp\/v2\/types\/page"}],"author":[{"embeddable":true,"href":"https:\/\/bs.xl.pt\/branded-content\/wp-json\/wp\/v2\/users\/29"}],"replies":[{"embeddable":true,"href":"https:\/\/bs.xl.pt\/branded-content\/wp-json\/wp\/v2\/comments?post=1995"}],"version-history":[{"count":1,"href":"https:\/\/bs.xl.pt\/branded-content\/wp-json\/wp\/v2\/pages\/1995\/revisions"}],"predecessor-version":[{"id":1998,"href":"https:\/\/bs.xl.pt\/branded-content\/wp-json\/wp\/v2\/pages\/1995\/revisions\/1998"}],"up":[{"embeddable":true,"href":"https:\/\/bs.xl.pt\/branded-content\/wp-json\/wp\/v2\/pages\/1480"}],"wp:attachment":[{"href":"https:\/\/bs.xl.pt\/branded-content\/wp-json\/wp\/v2\/media?parent=1995"}],"curies":[{"name":"wp","href":"https:\/\/api.w.org\/{rel}","templated":true}]}}