{"id":2142,"date":"2026-05-08T16:22:30","date_gmt":"2026-05-08T15:22:30","guid":{"rendered":"https:\/\/bs.xl.pt\/branded-content\/?page_id=2142"},"modified":"2026-05-08T16:22:32","modified_gmt":"2026-05-08T15:22:32","slug":"vencedores-2025","status":"publish","type":"page","link":"https:\/\/bs.xl.pt\/branded-content\/vencedores\/vencedores-2025\/","title":{"rendered":"Vencedores 2025"},"content":{"rendered":"\n<p>J\u00e1 s\u00e3o conhecidos os vencedores da 3\u00aa Edi\u00e7\u00e3o dos Branded Content Awards. Dos projetos e campanhas em competi\u00e7\u00e3o, resultaram em <strong>6 pr\u00e9mios bronze<\/strong>, <strong>4 pr\u00e9mios prata<\/strong> e <strong>1 pr\u00e9mio ouro<\/strong> distribu\u00eddos por seis categorias: <strong>Sponsored Content and Customer Publishing<\/strong>, <strong>Documentary or Fictional Series<\/strong>, <strong>TV Programs<\/strong>, <strong>Work for Good<\/strong>, <strong>Brand Experience<\/strong> e <strong>Comunica\u00e7\u00e3o Integrada<\/strong>.<\/p>\n","protected":false},"excerpt":{"rendered":"<p>J\u00e1 s\u00e3o conhecidos os vencedores da 3\u00aa Edi\u00e7\u00e3o dos Branded Content Awards. Dos projetos e campanhas em competi\u00e7\u00e3o, resultaram em 6 pr\u00e9mios bronze, 4 pr\u00e9mios prata e 1 pr\u00e9mio ouro distribu\u00eddos por seis categorias: Sponsored Content and Customer Publishing, Documentary or Fictional Series, TV Programs, Work for Good, Brand Experience e Comunica\u00e7\u00e3o Integrada.<\/p>\n","protected":false},"author":5,"featured_media":0,"parent":1480,"menu_order":0,"comment_status":"closed","ping_status":"closed","template":"","meta":{"footnotes":""},"class_list":["post-2142","page","type-page","status-publish","hentry"],"_links":{"self":[{"href":"https:\/\/bs.xl.pt\/branded-content\/wp-json\/wp\/v2\/pages\/2142","targetHints":{"allow":["GET"]}}],"collection":[{"href":"https:\/\/bs.xl.pt\/branded-content\/wp-json\/wp\/v2\/pages"}],"about":[{"href":"https:\/\/bs.xl.pt\/branded-content\/wp-json\/wp\/v2\/types\/page"}],"author":[{"embeddable":true,"href":"https:\/\/bs.xl.pt\/branded-content\/wp-json\/wp\/v2\/users\/5"}],"replies":[{"embeddable":true,"href":"https:\/\/bs.xl.pt\/branded-content\/wp-json\/wp\/v2\/comments?post=2142"}],"version-history":[{"count":2,"href":"https:\/\/bs.xl.pt\/branded-content\/wp-json\/wp\/v2\/pages\/2142\/revisions"}],"predecessor-version":[{"id":2148,"href":"https:\/\/bs.xl.pt\/branded-content\/wp-json\/wp\/v2\/pages\/2142\/revisions\/2148"}],"up":[{"embeddable":true,"href":"https:\/\/bs.xl.pt\/branded-content\/wp-json\/wp\/v2\/pages\/1480"}],"wp:attachment":[{"href":"https:\/\/bs.xl.pt\/branded-content\/wp-json\/wp\/v2\/media?parent=2142"}],"curies":[{"name":"wp","href":"https:\/\/api.w.org\/{rel}","templated":true}]}}