
{"id":501,"date":"2025-11-07T11:08:14","date_gmt":"2025-11-07T11:08:14","guid":{"rendered":"https:\/\/bs.xl.pt\/climate-change-talks\/?page_id=501"},"modified":"2025-11-07T11:08:14","modified_gmt":"2025-11-07T11:08:14","slug":"climate-change-talks-2024","status":"publish","type":"page","link":"https:\/\/bs.xl.pt\/climate-change-talks\/climate-change-talks-2024\/","title":{"rendered":"Climate Change Talks 2024"},"content":{"rendered":"\n<div class=\"wp-block-group\"><div class=\"wp-block-group__inner-container is-layout-constrained wp-block-group-is-layout-constrained\">\n<div class=\"wp-block-group\"><div class=\"wp-block-group__inner-container is-layout-constrained wp-block-group-is-layout-constrained\">\n<h2 class=\"wp-block-heading\">Altera\u00e7\u00f5es Clim\u00e1ticas: A hora da a\u00e7\u00e3o<\/h2>\n\n\n\n<p class=\"uk-h5 uk-margin-remove\"><strong>A Fidelidade lan\u00e7ou no dia 7 de outubro o Impact Center for Climate Change (ICCC)<\/strong><\/p>\n\n\n\n<p>O Impact Center for Climate Change (ICCC) \u00e9 um centro de conhecimento sobre as altera\u00e7\u00f5es clim\u00e1ticas, criado pela seguradora Fidelidade que integra um conselho consultivo com seis membros, especialistas nacionais e internacionais. O lan\u00e7amento oficial do ICCC aconteceu no dia 7 de outubro, com uma confer\u00eancia no Pavilh\u00e3o do Conhecimento, em Lisboa.<\/p>\n\n\n\n<p class=\"uk-margin-remove\">Iniciativas como o ICCC e o Fundo Florestal s\u00e3o contributos da Fidelidade para uma abordagem mais hol\u00edstica \u00e0s altera\u00e7\u00f5es clim\u00e1ticas e \u00e0 adapta\u00e7\u00e3o a fen\u00f3menos do clima extremos. \u00c9 chegada a hora de prevenir e de agir.<\/p>\n<\/div><\/div>\n\n\n\n<div class=\"wp-block-group\"><div class=\"wp-block-group__inner-container is-layout-constrained wp-block-group-is-layout-constrained\"><div><iframe src=\"https:\/\/players.brightcove.net\/6108484330001\/kAtzSWivK_default\/index.html?videoId=6363112177112\" allowfullscreen=\"\" allow=\"encrypted-media\" width=\"1280\" height=\"720\" data-uk-responsive loading=\"lazy\" title=\"\"><\/iframe><\/div>\n<\/div><\/div>\n<\/div><\/div>\n\n\n\n<div class=\"wp-block-group\"><div class=\"wp-block-group__inner-container is-layout-constrained wp-block-group-is-layout-constrained\">\n<div class=\"wp-block-group\"><div class=\"wp-block-group__inner-container is-layout-constrained wp-block-group-is-layout-constrained\">\n<p class=\"uk-h5\">Especialistas nacionais e internacionais participaram no lan\u00e7amento, em Lisboa, do novo centro da Fidelidade para o estudo das altera\u00e7\u00f5es clim\u00e1ticas<\/p>\n\n\n\n<p>O Impact Center For Climate Change (ICCC), o novo centro lan\u00e7ado pela Fidelidade para o estudo das altera\u00e7\u00f5es clim\u00e1ticas e dos seus impactos, foi o mote para uma confer\u00eancia sobre o tema, que decorreu no Pavilh\u00e3o do Conhecimento, em Lisboa, no dia 7 de outubro.<\/p>\n\n\n\n<p>Rog\u00e9rio Campos Henriques, CEO da seguradora Fidelidade, e Rui Esteves, Diretor de Estat\u00edstica e Estudos T\u00e9cnicos N\u00e3o Vida da Fidelidade e co-coordenador do ICCC, referiram em palco a import\u00e2ncia desta nova plataforma de conhecimento e de partilha sobre fen\u00f3menos extremos como grandes inc\u00eandios e inunda\u00e7\u00f5es. Saiba tudo sobre a <strong>confer\u00eancia <\/strong>neste v\u00eddeo e acompanhe as <strong>Climate Change Talks<\/strong>.<\/p>\n<\/div><\/div>\n\n\n\n<div class=\"wp-block-group\"><div class=\"wp-block-group__inner-container is-layout-constrained wp-block-group-is-layout-constrained\"><div><iframe src=\"https:\/\/players.brightcove.net\/6108484330001\/kAtzSWivK_default\/index.html?videoId=6363289187112\" allowfullscreen=\"\" allow=\"encrypted-media\" width=\"1280\" height=\"720\" data-uk-responsive loading=\"lazy\" title=\"\"><\/iframe><\/div>\n<\/div><\/div>\n<\/div><\/div>\n","protected":false},"excerpt":{"rendered":"<p>Altera\u00e7\u00f5es Clim\u00e1ticas: A hora da a\u00e7\u00e3o A Fidelidade lan\u00e7ou no dia 7 de outubro o Impact Center for Climate Change (ICCC) O Impact Center for Climate Change (ICCC) \u00e9 um centro de conhecimento sobre as altera\u00e7\u00f5es clim\u00e1ticas, criado pela seguradora Fidelidade que integra um conselho consultivo com seis membros, especialistas nacionais e internacionais. O lan\u00e7amento [&hellip;]<\/p>\n","protected":false},"author":29,"featured_media":0,"parent":0,"menu_order":0,"comment_status":"closed","ping_status":"closed","template":"","meta":{"footnotes":""},"class_list":["post-501","page","type-page","status-publish","hentry"],"_links":{"self":[{"href":"https:\/\/bs.xl.pt\/climate-change-talks\/wp-json\/wp\/v2\/pages\/501","targetHints":{"allow":["GET"]}}],"collection":[{"href":"https:\/\/bs.xl.pt\/climate-change-talks\/wp-json\/wp\/v2\/pages"}],"about":[{"href":"https:\/\/bs.xl.pt\/climate-change-talks\/wp-json\/wp\/v2\/types\/page"}],"author":[{"embeddable":true,"href":"https:\/\/bs.xl.pt\/climate-change-talks\/wp-json\/wp\/v2\/users\/29"}],"replies":[{"embeddable":true,"href":"https:\/\/bs.xl.pt\/climate-change-talks\/wp-json\/wp\/v2\/comments?post=501"}],"version-history":[{"count":1,"href":"https:\/\/bs.xl.pt\/climate-change-talks\/wp-json\/wp\/v2\/pages\/501\/revisions"}],"predecessor-version":[{"id":504,"href":"https:\/\/bs.xl.pt\/climate-change-talks\/wp-json\/wp\/v2\/pages\/501\/revisions\/504"}],"wp:attachment":[{"href":"https:\/\/bs.xl.pt\/climate-change-talks\/wp-json\/wp\/v2\/media?parent=501"}],"curies":[{"name":"wp","href":"https:\/\/api.w.org\/{rel}","templated":true}]}}