{"id":391,"date":"2024-10-04T16:46:40","date_gmt":"2024-10-04T16:46:40","guid":{"rendered":"https:\/\/bs.xl.pt\/conferencia-do-poder\/?page_id=391"},"modified":"2025-09-22T17:01:30","modified_gmt":"2025-09-22T17:01:30","slug":"negocios-24","status":"publish","type":"page","link":"https:\/\/bs.xl.pt\/conferencia-do-poder\/negocios-24\/","title":{"rendered":"Neg\u00f3cios 24"},"content":{"rendered":"\n<div class=\"wp-block-group\"><div class=\"wp-block-group__inner-container is-layout-constrained wp-block-group-is-layout-constrained\">\n<h2 class=\"wp-block-heading\">Introdu\u00e7\u00e3o<\/h2>\n\n\n\n<h4 class=\"wp-block-heading uk-margin-small-top\"><strong>7 de novembro | 09H00 | Lisboa<\/strong><\/h4>\n\n\n\n<p>Confer\u00eancia <strong>#O Poder de Fazer Acontecer<\/strong>, marca o <strong>21\u00baanivers\u00e1rio<\/strong> do <strong>Jornal de Neg\u00f3cios<\/strong>.<br>Neste encontro vamos debater os novos desafios na era da <strong>intelig\u00eancia artificial<\/strong>, &nbsp;com a presen\u00e7a especial de <strong>Kenneth Rogoff<\/strong>, Professor da Universidade de Harvard e ex economista-chefe e diretor de investiga\u00e7\u00e3o do Fundo Monet\u00e1rio Internacional.<\/p>\n\n\n\n<p>Venham descobrir o poder das ideias de grandes l\u00edderes.<\/p>\n\n\n\n<a class=\"uk-button uk-button-large uk-margin-top\" style=\"background-color:#E91D26;color: white;font-size: 14px\" href=\"https:\/\/bs.xl.pt\/conferencia-do-poder\/formulario-de-inscricao\/\"><span style=\"color:#000000\"><b># <\/b><\/span><b>Inscreva-se<\/b><\/a>\n<\/div><\/div>\n\n\n\n<div class=\"wp-block-group\"><div class=\"wp-block-group__inner-container is-layout-constrained wp-block-group-is-layout-constrained\">\n<h2 class=\"wp-block-heading\">IA &#8211; Poder Transformador ou uma Amea\u00e7a \u00e0s Democracias<\/h2>\n\n\n\n<p class=\"uk-margin-small-bottom uk-h4\">Pestana Palace Lisboa &#8211; 7 de novembro<\/p>\n\n\n\n<div style=\"height:30px\" aria-hidden=\"true\" class=\"wp-block-spacer\"><\/div>\n\n\n\n<p class=\"uk-h5\"><strong>09h00 | NOTA DE BOAS-VINDAS<\/strong><\/p>\n\n\n\n<p><strong>Diana Ramos<\/strong>, Diretora, Jornal de Neg\u00f3cios<\/p>\n\n\n\n<p class=\"uk-h5\"><strong>09h10 | SESS\u00c3O DE ABERTURA<\/strong><\/p>\n\n\n\n<p><strong>Marcelo Rebelo de Sousa, <\/strong>Presidente da Rep\u00fablica (mensagem v\u00eddeo)<\/p>\n\n\n\n<p class=\"uk-h5\"><strong>09h30 | KEYNOTE SPEAKER<\/strong><\/p>\n\n\n\n<p><strong>Kenneth Rogoff<\/strong>, ex-Economista Chefe do Fundo Monet\u00e1rio Internacional, Professor na Universidade de Harvard<\/p>\n\n\n\n<p class=\"uk-h5\"><strong>10h10 | TECNOLOGIA E SOBERANIA<\/strong><\/p>\n\n\n\n<p><strong>Ant\u00f3nio Gameiro Marques<\/strong>, Diretor-Geral, Gabinete Nacional de Seguran\u00e7a <br><strong>Carlos Oliveira<\/strong>, Empreendedor, Senior Advisor e Ex-Secret\u00e1rio de Estado do Empreendedorismo, Competitividade e Inova\u00e7\u00e3o<br><strong>Paulo Dimas, <\/strong>CEO, Center for Responsible AI<br><strong>Ricardo Mendes<\/strong>, CEO Tekever<\/p>\n\n\n\n<p><strong>Modera\u00e7\u00e3o<\/strong>: <strong>Paulo Moutinho<\/strong>, Editor Executivo, Jornal de Neg\u00f3cios<\/p>\n\n\n\n<p class=\"uk-h5\"><strong>10h55 | PAUSA PARA CAF\u00c9<\/strong><\/p>\n\n\n\n<p class=\"uk-h5\"><strong>11h15 | DESAFIOS \u00c0 EUROPA: CRESCIMENTO OU BARREIRA \u00c0 COMPETITIVIDADE<\/strong><strong><\/strong><\/p>\n\n\n\n<p><strong>Arlindo Oliveira<\/strong>, Professor, Instituto Superior T\u00e9cnico, Especialista em IA<br><strong>Goreti Marreiros, <\/strong>Presidente da Associa\u00e7\u00e3o Portuguesa para a Intelig\u00eancia Artificial &#8211; APPIA<br><strong>Joana Mendon\u00e7a<\/strong>, Professora, Instituto Superior T\u00e9cnico<br><strong>Jos\u00e9 Queir\u00f3s de Almeida<\/strong>, CEO da Greenvolt Comunidades<br><strong>Pedro Siza Vieira, <\/strong>ex-Ministro de Estado, da Economia e da Transi\u00e7\u00e3o Digital<\/p>\n\n\n\n<p><strong>Modera\u00e7\u00e3o<\/strong>: <strong>Celso Filipe<\/strong>, Diretor Adjunto, Jornal de Neg\u00f3cios<\/p>\n\n\n\n<p class=\"uk-h5\"><strong>12h00 | Brando Benifei,<\/strong> Grupo Alian\u00e7a Progressista dos Socialistas e Democratas, Parlamento Europeu | (apresenta\u00e7\u00e3o v\u00eddeo)<\/p>\n\n\n\n<p class=\"uk-h5\"><strong>12h20 | EMPREGO, RETEN\u00c7\u00c3O DE TALENTO E GAP GERACIONAL<\/strong><\/p>\n\n\n\n<p><strong>Madalena Talone<\/strong>, Administradora Executiva, CGD<br><strong>Maria Jo\u00e3o Guedes, <\/strong>Professora, ISEG e coordenadora do POWER (Portuguese Women&#8217;s Equality Observatory)<br><strong>Paula Gomes Freire<\/strong>, Managing Partner, VdA<br><strong>Sara Aguiar, <\/strong>co-Fundadora Podcast Ponto Zero e Gestora de marca e produto na Procter &amp; Gamble<\/p>\n\n\n\n<p><strong>Modera\u00e7\u00e3o<\/strong>: <strong>Paulo Ribeiro Pinto<\/strong>, Editor de Economia, Jornal de Neg\u00f3cios<\/p>\n\n\n\n<p class=\"uk-h5\"><strong>13h00 PAUSA PARA ALMO\u00c7O<\/strong><\/p>\n\n\n\n<p class=\"uk-h5\"><strong>14h30 | CONVERSA COM:<\/strong><strong><\/strong><\/p>\n\n\n\n<p><strong>Jos\u00e9 Pedro Almeida<\/strong>, Chief AI Strategist | Top 70 Mundial AI na Sa\u00fade<\/p>\n\n\n\n<p><strong>Modera\u00e7\u00e3o<\/strong>: <strong>Diana Ramos<\/strong>, Diretora, Jornal de Neg\u00f3cios<\/p>\n\n\n\n<p class=\"uk-h5\"><strong>14h50 | A IA E A SA\u00daDE: DOS DADOS \u00c0 SAUDE DO FUTURO<\/strong><strong><\/strong><\/p>\n\n\n\n<p><strong>Carlos Alcobia<\/strong>, Fundador e CEO, Sensing Future Technologies<br><strong>Isabel Vaz<\/strong>, CEO, Luz Sa\u00fade<br><strong>Marta Passadouro<\/strong>, EIT Health InnoStars Ecosystem Lead Portugal<br><strong>Rui Diniz<\/strong>, Presidente da Comiss\u00e3o Executiva, CUF<br><strong>Vasco Antunes Pereira<\/strong>, CEO, Grupo Lus\u00edadas Sa\u00fade<\/p>\n\n\n\n<p><strong>Modera\u00e7\u00e3o<\/strong>: <strong>Diana Ramos<\/strong>, Diretora, Jornal de Neg\u00f3cios<\/p>\n\n\n\n<p class=\"uk-h5\"><strong>15h35 | CULTURA: ENTRE A CRIATIVIDADE E A AMEA\u00c7A. O QUE SE SEGUE?<\/strong><strong><\/strong><\/p>\n\n\n\n<p><strong>Joana Fraz\u00e3o Duarte<\/strong>, CEO @B\u00c9HEN<br><strong>Leonel Moura<\/strong>, Artista em aplica\u00e7\u00e3o rob\u00f3tica e IA na arte<br><strong>Leonor Areal<\/strong>, Converg\u00eancia interdisciplinar das \u00e1reas de Literatura, Comunica\u00e7\u00e3o, Educa\u00e7\u00e3o e Cinema<br><strong>Mariana Gaiv\u00e3o<\/strong>, Cineasta e montadora<\/p>\n\n\n\n<p><strong>Modera\u00e7\u00e3o<\/strong>: <strong>Celso Filipe<\/strong>, Diretor Adjunto, Jornal de Neg\u00f3cios<\/p>\n\n\n\n<p class=\"uk-h5\"><strong>16h10 | KEYNOTE SPEAKER | AIvolution vs. AIpocalypse <\/strong><\/p>\n\n\n\n<p><strong>S\u00e9rgio Ferreira, <\/strong>Partner EY, Business Transformation<\/p>\n\n\n\n<p class=\"uk-h5\"><strong>16h30 | JOVENS QUE D\u00c3O CARTAS NA IA<\/strong><\/p>\n\n\n\n<p><strong>Catarina Farinha, <\/strong>AI Research Manager, Unbabel, Center for Responsible AI<br><strong>Mafalda Rebord\u00e3o, <\/strong>Economista, especialista em Intelig\u00eancia Artificial<\/p>\n\n\n\n<p><strong>Modera\u00e7\u00e3o: Diana Ramos<\/strong>, Diretora, Jornal de Neg\u00f3cios<strong> <\/strong><\/p>\n\n\n\n<p class=\"uk-h5\"><strong>17h00 | ENCERRAMENTO<\/strong><\/p>\n<\/div><\/div>\n\n\n\n<div class=\"wp-block-group\"><div class=\"wp-block-group__inner-container is-layout-constrained wp-block-group-is-layout-constrained\">\n<h2 class=\"wp-block-heading\">Video Resumo<\/h2>\n\n\n<div><iframe width=\"1280\" height=\"720\" src=\"\/\/www.youtube.com\/embed\/NDnYi1c8qdA?showinfo=0\" frameborder=\"0\" allowfullscreen data-uk-responsive loading=\"lazy\" title=\"21\u00ba Anivers\u00e1rio Jornal de Neg\u00f3cios | Video Resumo\" referrerpolicy=\"no-referrer-when-downgrade\"><\/iframe><p class=\"uk-margin-top uk-h4\">21\u00ba Anivers\u00e1rio Jornal de Neg\u00f3cios | Video Resumo<\/p><\/div>\n\n\n<div><iframe width=\"1280\" height=\"720\" src=\"\/\/www.youtube.com\/embed\/Ad5Wvb7bKy4?showinfo=0\" frameborder=\"0\" allowfullscreen data-uk-responsive loading=\"lazy\" title=\"21\u00ba Anivers\u00e1rio Jornal de Neg\u00f3cios | 1\u00ba Painel\" referrerpolicy=\"no-referrer-when-downgrade\"><\/iframe><p class=\"uk-margin-top uk-h4\">21\u00ba Anivers\u00e1rio Jornal de Neg\u00f3cios | 1\u00ba Painel<\/p><\/div>\n\n\n<div><iframe width=\"1280\" height=\"720\" src=\"\/\/www.youtube.com\/embed\/ckeP447J6nk?showinfo=0\" frameborder=\"0\" allowfullscreen data-uk-responsive loading=\"lazy\" title=\"21\u00ba Anivers\u00e1rio Jornal de Neg\u00f3cios | 2\u00ba Painel\" referrerpolicy=\"no-referrer-when-downgrade\"><\/iframe><p class=\"uk-margin-top uk-h4\">21\u00ba Anivers\u00e1rio Jornal de Neg\u00f3cios | 2\u00ba Painel<\/p><\/div>\n\n\n<div><iframe width=\"1280\" height=\"720\" src=\"\/\/www.youtube.com\/embed\/GjALXa1dyV8?showinfo=0\" frameborder=\"0\" allowfullscreen data-uk-responsive loading=\"lazy\" title=\"21\u00ba Anivers\u00e1rio Jornal de Neg\u00f3cios | 3\u00ba Painel\" referrerpolicy=\"no-referrer-when-downgrade\"><\/iframe><p class=\"uk-margin-top uk-h4\">21\u00ba Anivers\u00e1rio Jornal de Neg\u00f3cios | 3\u00ba Painel<\/p><\/div>\n<\/div><\/div>\n\n\n\n<div class=\"wp-block-group\"><div class=\"wp-block-group__inner-container is-layout-constrained wp-block-group-is-layout-constrained\">\n<h2 class=\"wp-block-heading\">Flash Interviews<\/h2>\n\n\n<div><iframe width=\"1280\" height=\"720\" src=\"\/\/www.youtube.com\/embed\/wwfrDtz5FYM?showinfo=0\" frameborder=\"0\" allowfullscreen data-uk-responsive loading=\"lazy\" title=\"Flash Interview | Jos\u00e9 Lu\u00eds Arnaut\" referrerpolicy=\"no-referrer-when-downgrade\"><\/iframe><p class=\"uk-margin-top uk-h4\">Flash Interview | Jos\u00e9 Lu\u00eds Arnaut<\/p><\/div>\n\n\n<div><iframe width=\"1280\" height=\"720\" src=\"\/\/www.youtube.com\/embed\/qS9e5oYkcbU?showinfo=0\" frameborder=\"0\" allowfullscreen data-uk-responsive loading=\"lazy\" title=\"Flash Interview | Madalena Talone\" referrerpolicy=\"no-referrer-when-downgrade\"><\/iframe><p class=\"uk-margin-top uk-h4\">Flash Interview | Madalena Talone<\/p><\/div>\n\n\n<div><iframe width=\"1280\" height=\"720\" src=\"\/\/www.youtube.com\/embed\/eST6_Im7DRQ?showinfo=0\" frameborder=\"0\" allowfullscreen data-uk-responsive loading=\"lazy\" title=\"Flash Interview | Paulo Macedo\" referrerpolicy=\"no-referrer-when-downgrade\"><\/iframe><p class=\"uk-margin-top uk-h4\">Flash Interview | Paulo Macedo<\/p><\/div>\n<\/div><\/div>\n","protected":false},"excerpt":{"rendered":"<p>Introdu\u00e7\u00e3o 7 de novembro | 09H00 | Lisboa Confer\u00eancia #O Poder de Fazer Acontecer, marca o 21\u00baanivers\u00e1rio do Jornal de Neg\u00f3cios.Neste encontro vamos debater os novos desafios na era da intelig\u00eancia artificial, &nbsp;com a presen\u00e7a especial de Kenneth Rogoff, Professor da Universidade de Harvard e ex economista-chefe e diretor de investiga\u00e7\u00e3o do Fundo Monet\u00e1rio Internacional. [&hellip;]<\/p>\n","protected":false},"author":29,"featured_media":0,"parent":0,"menu_order":0,"comment_status":"closed","ping_status":"closed","template":"","meta":{"footnotes":""},"class_list":["post-391","page","type-page","status-publish","hentry"],"_links":{"self":[{"href":"https:\/\/bs.xl.pt\/conferencia-do-poder\/wp-json\/wp\/v2\/pages\/391","targetHints":{"allow":["GET"]}}],"collection":[{"href":"https:\/\/bs.xl.pt\/conferencia-do-poder\/wp-json\/wp\/v2\/pages"}],"about":[{"href":"https:\/\/bs.xl.pt\/conferencia-do-poder\/wp-json\/wp\/v2\/types\/page"}],"author":[{"embeddable":true,"href":"https:\/\/bs.xl.pt\/conferencia-do-poder\/wp-json\/wp\/v2\/users\/29"}],"replies":[{"embeddable":true,"href":"https:\/\/bs.xl.pt\/conferencia-do-poder\/wp-json\/wp\/v2\/comments?post=391"}],"version-history":[{"count":20,"href":"https:\/\/bs.xl.pt\/conferencia-do-poder\/wp-json\/wp\/v2\/pages\/391\/revisions"}],"predecessor-version":[{"id":726,"href":"https:\/\/bs.xl.pt\/conferencia-do-poder\/wp-json\/wp\/v2\/pages\/391\/revisions\/726"}],"wp:attachment":[{"href":"https:\/\/bs.xl.pt\/conferencia-do-poder\/wp-json\/wp\/v2\/media?parent=391"}],"curies":[{"name":"wp","href":"https:\/\/api.w.org\/{rel}","templated":true}]}}