{"id":732,"date":"2025-09-26T09:09:59","date_gmt":"2025-09-26T09:09:59","guid":{"rendered":"https:\/\/bs.xl.pt\/conferencia-do-poder\/?page_id=732"},"modified":"2025-11-24T16:51:22","modified_gmt":"2025-11-24T16:51:22","slug":"negocios-25","status":"publish","type":"page","link":"https:\/\/bs.xl.pt\/conferencia-do-poder\/","title":{"rendered":"Neg\u00f3cios 25"},"content":{"rendered":"\n<div class=\"wp-block-group\"><div class=\"wp-block-group__inner-container is-layout-constrained wp-block-group-is-layout-constrained\">\n<h2 class=\"wp-block-heading\">Introdu\u00e7\u00e3o<\/h2>\n\n\n\n<p>Nesta <strong>3\u00aa edi\u00e7\u00e3o <\/strong>da iniciativa <strong>#O Poder De Fazer Acontecer<\/strong>, o Neg\u00f3cios promove o debate sobre a nova (des)ordem mundial, num momento de crescentes tens\u00f5es econ\u00f3micas, sociais e geopol\u00edticas. Uma jornada que culminar\u00e1 numa grande confer\u00eancia, com oradores de renome, para nos ajudar a entender o que esperar deste cen\u00e1rio e quais os caminhos para o futuro. <strong>Junte-se a n\u00f3s<\/strong>.<\/p>\n<\/div><\/div>\n\n\n\n<div class=\"wp-block-group\"><div class=\"wp-block-group__inner-container is-layout-constrained wp-block-group-is-layout-constrained\">\n<h2 class=\"wp-block-heading titulo-programa\"><strong>O mundo do avesso e o impacto econ\u00f3mico<\/strong><\/h2>\n\n\n\n<p class=\"uk-margin-small-bottom uk-h4\"><a href=\"https:\/\/maps.app.goo.gl\/dhpxzJu6e75s1BG78\" target=\"_blank\" rel=\"noreferrer noopener\">Estufa Fria<\/a> &#8211; 5 de novembro<\/p>\n\n\n\n<div style=\"height:30px\" aria-hidden=\"true\" class=\"wp-block-spacer\"><\/div>\n\n\n\n<p class=\"uk-h5\"><strong>08h30 | RECEP\u00c7\u00c3O DE CONVIDADOS <\/strong><\/p>\n\n\n\n<p class=\"uk-h5\"><strong><strong>09h00 | NOTA DE BOAS-VINDAS<\/strong><\/strong><\/p>\n\n\n\n<p><strong>Diana Ramos<\/strong>, Diretora, Jornal de Neg\u00f3cios<\/p>\n\n\n\n<p class=\"uk-h5\"><strong><strong>09h15 | KEYNOTE SPEAKER<\/strong><\/strong><\/p>\n\n\n\n<p><strong>Francis Fukuyama<\/strong>, Economista, fil\u00f3sofo e investigator no Center on Democracy, Development and the Rule of Law, Universidade de Standford<\/p>\n\n\n\n<p class=\"uk-h5\"><strong><strong>10h10<\/strong> | <strong>DEMOCRACIA EM TRANSFORMA\u00c7\u00c3O: RISCOS E OPORTUNIDADES PARA A ECONOMIA<\/strong><\/strong><\/p>\n\n\n\n<p>Conversa com&#8230;<br><strong>Clara Raposo<\/strong>, Vice-governador, Banco de Portugal<\/p>\n\n\n\n<p><strong>Modera\u00e7\u00e3o: <\/strong>Diana Ramos, Diretora, Jornal de Neg\u00f3cios<\/p>\n\n\n\n<p class=\"uk-h5\"><strong><strong>10h25 | OS LIMITES DA DEMOCRACIA \u2013 O MUNDO E AS NOVAS FORMAS DE PODER<\/strong><\/strong><\/p>\n\n\n\n<p><strong>Almirante Silva Ribeiro<\/strong><br><strong>Ana Santos Pinto, <\/strong>Professora do Departamento de Estudos Pol\u00edticos, Universidade NOVA de Lisboa<br><strong>Francisco Seixas da Costa, <\/strong>Embaixador, consultor estrat\u00e9gico<\/p>\n\n\n\n<p><strong>Modera\u00e7\u00e3o<\/strong>: Paulo Ribeiro Pinto, Editor de Economia<strong>,&nbsp;<\/strong>Jornal de Neg\u00f3cios<\/p>\n\n\n\n<p class=\"uk-h5\"><strong><strong>11h05 | COFFEE BREAK<\/strong><\/strong><\/p>\n\n\n\n<p class=\"uk-h5\"><strong><strong>11h25 | A ECONOMIA EM EBULI\u00c7\u00c3O<\/strong><\/strong><\/p>\n\n\n\n<p><strong>Andr\u00e9 Themudo,&nbsp;<\/strong>Respons\u00e1vel de Neg\u00f3cio, BlackRock Portugal<br><strong>Jos\u00e9 Teixeira, <\/strong>Administrador e Presidente do Conselho de Administra\u00e7\u00e3o, DST Group<br><strong>Lu\u00eds Menezes, <\/strong>CEO, Grupo Ageas Portugal<br><strong>Miguel Cardoso Pinto,&nbsp;<\/strong>Partner e leader, EY Parthenon<br><strong>Sofia Tenreiro<\/strong>, CEO, Siemens Portugal<br><strong>V\u00edtor Pereira<\/strong>, Diretor de Desenvolvimento de Neg\u00f3cio e Banca Digital e membro da Comiss\u00e3o Executiva, Bankinter Portugal<\/p>\n\n\n\n<p><strong>Modera\u00e7\u00e3o<\/strong>: Paulo Moutinho, Editor Executivo, Jornal de Neg\u00f3cios<\/p>\n\n\n\n<p class=\"uk-h5\"><strong>12h20 | DUAS VIS\u00d5ES DO LADO DE L\u00c1 DO ATL\u00c2NTICO<\/strong><\/p>\n\n\n\n<p>Conversa com&#8230;<br><strong>Miguel Setas<\/strong>, CEO, Motiva<br><strong>Pedro Domingos,<\/strong> Professor de Engenharia Inform\u00e1tica, Universidade de Washington<\/p>\n\n\n\n<p><strong>Modera\u00e7\u00e3o<\/strong>: Celso Filipe, Diretor Adjunto, Jornal de Neg\u00f3cios<\/p>\n\n\n\n<p class=\"uk-h5\"><strong><strong>12h50 | ALMO\u00c7O<\/strong><\/strong><\/p>\n\n\n\n<p class=\"uk-h5\"><strong><strong>14h30 | ENTREGA DO PR\u00c9MIO CARREIRA<\/strong><\/strong><\/p>\n\n\n\n<p class=\"uk-h5\"><strong><strong>14h40 | PODCAST PARTIDA DE XADREZ AO VIVO:<\/strong><\/strong><\/p>\n\n\n\n<p><strong>Ant\u00f3nio Ramalho e Gon\u00e7alo Moura Martins <\/strong>convidam<strong> Gon\u00e7alo Matias<\/strong>, Ministro Adjunto e da Reforma do Estado com modera\u00e7\u00e3o de <strong>Maria Jo\u00e3o Babo<\/strong>, Jornalista, Jornal de Neg\u00f3cios<\/p>\n\n\n\n<p class=\"uk-h5\"><strong><strong>15h40 | DESAFIOS DAS NOVAS GERA\u00c7\u00d5ES<\/strong><\/strong><\/p>\n\n\n\n<p><strong>Am\u00e9lia Santos<\/strong>, Cofundadora, Innuos<br><strong>C\u00e1rmen Fonseca, <\/strong>Professora de Rela\u00e7\u00f5es Internacionais na NOVA-FCSH<br><strong>Mariana Gorj\u00e3o Henriques<\/strong>, Directora da Fintech House<br><strong>Joana Feliciano, <\/strong>Respons\u00e1vel de Comunica\u00e7\u00e3o e Rela\u00e7\u00f5es Externas, Portugal com ACNUR<\/p>\n\n\n\n<p><strong>Modera\u00e7\u00e3o<\/strong>:&nbsp;Diogo Mendo Fernandes, Jornalista, Jornal de Neg\u00f3cios<\/p>\n\n\n\n<p class=\"uk-h5\"><strong><strong>16h20 | TECNOLOGIA, ESPA\u00c7O E DEFESA \u2013 UMA NOVA ERA<\/strong><\/strong><\/p>\n\n\n\n<p><strong>Madalena Meyer Resende<\/strong>, Departamento de Estudos Pol\u00edticos, Faculdade de Ci\u00eancias Sociais e Humanas<br><strong>Nuno Coutinho,&nbsp;<\/strong>Head of OGMA Institutional Affairs<br><strong>Pedro Sinogas,<\/strong> Founder, POST77<\/p>\n\n\n\n<p><strong>Modera\u00e7\u00e3o<\/strong>: Paulo Moutinho, Editor Executivo, Jornal de Neg\u00f3cios<\/p>\n\n\n\n<p class=\"uk-h5\"><strong><strong>17h00 | ARTE AO VIVO<\/strong><\/strong><\/p>\n\n\n\n<p><strong>Lu\u00eds Afonso<\/strong>, Cartoonista<strong> <\/strong><\/p>\n\n\n\n<p class=\"uk-h5\"><strong><strong>17h05 | ENCERRAMENTO<\/strong> INSTITUCIONAL<\/strong><\/p>\n\n\n\n<p><strong>Joaquim Miranda Sarmento<\/strong>, Ministro de Estado e das Finan\u00e7as<\/p>\n<\/div><\/div>\n\n\n\n<div class=\"wp-block-group\"><div class=\"wp-block-group__inner-container is-layout-constrained wp-block-group-is-layout-constrained\">\n<h2 class=\"wp-block-heading\">Pain\u00e9is e Keynote Speakers<\/h2>\n\n\n<div><iframe width=\"1280\" height=\"720\" src=\"\/\/www.youtube.com\/embed\/uh5niFKeHWw?showinfo=0\" frameborder=\"0\" allowfullscreen data-uk-responsive loading=\"lazy\" title=\"01 | Notas de Boas-vindas | Diana Ramos\" referrerpolicy=\"no-referrer-when-downgrade\"><\/iframe><p class=\"uk-margin-top uk-h4\">01 | Notas de Boas-vindas | Diana Ramos<\/p><\/div>\n\n\n<div><iframe width=\"1280\" height=\"720\" src=\"\/\/www.youtube.com\/embed\/YTd0TDFIuwo?showinfo=0\" frameborder=\"0\" allowfullscreen data-uk-responsive loading=\"lazy\" title=\"02 | Keynote Speaker | Francis Fukuyama\" referrerpolicy=\"no-referrer-when-downgrade\"><\/iframe><p class=\"uk-margin-top uk-h4\">02 | Keynote Speaker | Francis Fukuyama<\/p><\/div>\n\n\n<div><iframe width=\"1280\" height=\"720\" src=\"\/\/www.youtube.com\/embed\/cyy79LRpVTA?showinfo=0\" frameborder=\"0\" allowfullscreen data-uk-responsive loading=\"lazy\" title=\"03 | Democracia em Transforma\u00e7\u00e3o - 'Riscos e oportunidades para a Economia'\" referrerpolicy=\"no-referrer-when-downgrade\"><\/iframe><p class=\"uk-margin-top uk-h4\">03 | Democracia em Transforma\u00e7\u00e3o - 'Riscos e oportunidades para a Economia'<\/p><\/div>\n\n\n<div><iframe width=\"1280\" height=\"720\" src=\"\/\/www.youtube.com\/embed\/XNirExOF5EE?showinfo=0\" frameborder=\"0\" allowfullscreen data-uk-responsive loading=\"lazy\" title=\"04 | Os Limites da Democracia \u2013 O Mundo e as Novas Formas de Poder\" referrerpolicy=\"no-referrer-when-downgrade\"><\/iframe><p class=\"uk-margin-top uk-h4\">04 | Os Limites da Democracia \u2013 O Mundo e as Novas Formas de Poder<\/p><\/div>\n\n\n<div><iframe width=\"1280\" height=\"720\" src=\"\/\/www.youtube.com\/embed\/Ey3m7G9ZZ7Y?showinfo=0\" frameborder=\"0\" allowfullscreen data-uk-responsive loading=\"lazy\" title=\"05 | A Economia em Ebuli\u00e7\u00e3o\" referrerpolicy=\"no-referrer-when-downgrade\"><\/iframe><p class=\"uk-margin-top uk-h4\">05 | A Economia em Ebuli\u00e7\u00e3o<\/p><\/div>\n\n\n<div><iframe width=\"1280\" height=\"720\" src=\"\/\/www.youtube.com\/embed\/uW3EM9sN0Lk?showinfo=0\" frameborder=\"0\" allowfullscreen data-uk-responsive loading=\"lazy\" title=\"06 | Duas Vis\u00f5es do Lado de L\u00e1 do Atl\u00e2ntico\" referrerpolicy=\"no-referrer-when-downgrade\"><\/iframe><p class=\"uk-margin-top uk-h4\">06 | Duas Vis\u00f5es do Lado de L\u00e1 do Atl\u00e2ntico<\/p><\/div>\n\n\n<div><iframe width=\"1280\" height=\"720\" src=\"\/\/www.youtube.com\/embed\/UUn7HKhPKYk?showinfo=0\" frameborder=\"0\" allowfullscreen data-uk-responsive loading=\"lazy\" title=\"07 | Entrega do Pr\u00e9mio Carreira | Ant\u00f3nio Mota\" referrerpolicy=\"no-referrer-when-downgrade\"><\/iframe><p class=\"uk-margin-top uk-h4\">07 | Entrega do Pr\u00e9mio Carreira | Ant\u00f3nio Mota<\/p><\/div>\n\n\n<div><iframe width=\"1280\" height=\"720\" src=\"\/\/www.youtube.com\/embed\/PI2svnKEO-0?showinfo=0\" frameborder=\"0\" allowfullscreen data-uk-responsive loading=\"lazy\" title=\"08 | Podcast 'PARTIDA DE XADREZ' ao vivo\" referrerpolicy=\"no-referrer-when-downgrade\"><\/iframe><p class=\"uk-margin-top uk-h4\">08 | Podcast 'PARTIDA DE XADREZ' ao vivo<\/p><\/div>\n\n\n<div><iframe width=\"1280\" height=\"720\" src=\"\/\/www.youtube.com\/embed\/K4NfBUSVSSc?showinfo=0\" frameborder=\"0\" allowfullscreen data-uk-responsive loading=\"lazy\" title=\"09 | Desafios das Novas Gera\u00e7\u00f5es\" referrerpolicy=\"no-referrer-when-downgrade\"><\/iframe><p class=\"uk-margin-top uk-h4\">09 | Desafios das Novas Gera\u00e7\u00f5es<\/p><\/div>\n\n\n<div><iframe width=\"1280\" height=\"720\" src=\"\/\/www.youtube.com\/embed\/S_u4tWDq1rE?showinfo=0\" frameborder=\"0\" allowfullscreen data-uk-responsive loading=\"lazy\" title=\"10 | Tecnologia, Espa\u00e7o e Defesa \u2013 Uma Nova Era\" referrerpolicy=\"no-referrer-when-downgrade\"><\/iframe><p class=\"uk-margin-top uk-h4\">10 | Tecnologia, Espa\u00e7o e Defesa \u2013 Uma Nova Era<\/p><\/div>\n\n\n<div><iframe width=\"1280\" height=\"720\" src=\"\/\/www.youtube.com\/embed\/fo0SNrTLUks?showinfo=0\" frameborder=\"0\" allowfullscreen data-uk-responsive loading=\"lazy\" title=\"11 | Arte ao Vivo | Lu\u00eds Afonso\" referrerpolicy=\"no-referrer-when-downgrade\"><\/iframe><p class=\"uk-margin-top uk-h4\">11 | Arte ao Vivo | Lu\u00eds Afonso<\/p><\/div>\n\n\n<div><iframe width=\"1280\" height=\"720\" src=\"\/\/www.youtube.com\/embed\/Xh4U1D7um_U?showinfo=0\" frameborder=\"0\" allowfullscreen data-uk-responsive loading=\"lazy\" title=\"12 | Encerramento Institucional | Joaquim Miranda Sarmento\" referrerpolicy=\"no-referrer-when-downgrade\"><\/iframe><p class=\"uk-margin-top uk-h4\">12 | Encerramento Institucional | Joaquim Miranda Sarmento<\/p><\/div>\n<\/div><\/div>\n\n\n\n<div class=\"wp-block-group\"><div class=\"wp-block-group__inner-container is-layout-constrained wp-block-group-is-layout-constrained\">\n<h2 class=\"wp-block-heading\">Entrevista CEO<\/h2>\n\n\n<div><iframe width=\"1280\" height=\"720\" src=\"\/\/www.youtube.com\/embed\/Mfth4PBZkUo?showinfo=0\" frameborder=\"0\" allowfullscreen data-uk-responsive loading=\"lazy\" title=\"Bankinter\" referrerpolicy=\"no-referrer-when-downgrade\"><\/iframe><p class=\"uk-margin-top uk-h4\">Bankinter<\/p><\/div>\n\n\n<div><iframe width=\"1280\" height=\"720\" src=\"\/\/www.youtube.com\/embed\/TTSxM83X-cU?showinfo=0\" frameborder=\"0\" allowfullscreen data-uk-responsive loading=\"lazy\" title=\"AGEAS\" referrerpolicy=\"no-referrer-when-downgrade\"><\/iframe><p class=\"uk-margin-top uk-h4\">AGEAS<\/p><\/div>\n<\/div><\/div>\n","protected":false},"excerpt":{"rendered":"<p>Introdu\u00e7\u00e3o Nesta 3\u00aa edi\u00e7\u00e3o da iniciativa #O Poder De Fazer Acontecer, o Neg\u00f3cios promove o debate sobre a nova (des)ordem mundial, num momento de crescentes tens\u00f5es econ\u00f3micas, sociais e geopol\u00edticas. Uma jornada que culminar\u00e1 numa grande confer\u00eancia, com oradores de renome, para nos ajudar a entender o que esperar deste cen\u00e1rio e quais os caminhos [&hellip;]<\/p>\n","protected":false},"author":29,"featured_media":0,"parent":0,"menu_order":0,"comment_status":"closed","ping_status":"closed","template":"","meta":{"footnotes":""},"class_list":["post-732","page","type-page","status-publish","hentry"],"_links":{"self":[{"href":"https:\/\/bs.xl.pt\/conferencia-do-poder\/wp-json\/wp\/v2\/pages\/732","targetHints":{"allow":["GET"]}}],"collection":[{"href":"https:\/\/bs.xl.pt\/conferencia-do-poder\/wp-json\/wp\/v2\/pages"}],"about":[{"href":"https:\/\/bs.xl.pt\/conferencia-do-poder\/wp-json\/wp\/v2\/types\/page"}],"author":[{"embeddable":true,"href":"https:\/\/bs.xl.pt\/conferencia-do-poder\/wp-json\/wp\/v2\/users\/29"}],"replies":[{"embeddable":true,"href":"https:\/\/bs.xl.pt\/conferencia-do-poder\/wp-json\/wp\/v2\/comments?post=732"}],"version-history":[{"count":40,"href":"https:\/\/bs.xl.pt\/conferencia-do-poder\/wp-json\/wp\/v2\/pages\/732\/revisions"}],"predecessor-version":[{"id":1152,"href":"https:\/\/bs.xl.pt\/conferencia-do-poder\/wp-json\/wp\/v2\/pages\/732\/revisions\/1152"}],"wp:attachment":[{"href":"https:\/\/bs.xl.pt\/conferencia-do-poder\/wp-json\/wp\/v2\/media?parent=732"}],"curies":[{"name":"wp","href":"https:\/\/api.w.org\/{rel}","templated":true}]}}