{"id":908,"date":"2025-02-10T11:57:49","date_gmt":"2025-02-10T11:57:49","guid":{"rendered":"https:\/\/bs.xl.pt\/corporate-padel-league\/?page_id=908"},"modified":"2025-03-20T14:25:09","modified_gmt":"2025-03-20T14:25:09","slug":"regulamento","status":"publish","type":"page","link":"https:\/\/bs.xl.pt\/corporate-padel-league\/regulamento\/","title":{"rendered":"Regulamento"},"content":{"rendered":"\n<h2 class=\"wp-block-heading\">Cap\u00edtulo I &#8211; Disposi\u00e7\u00f5es Gerais<\/h2>\n\n\n\n<h4 class=\"wp-block-heading\">Artigo 1. Defini\u00e7\u00e3o da prova e regulamentos aplic\u00e1veis<\/h4>\n\n\n\n<ol class=\"wp-block-list\">\n<li>O Corporate Padel League, Campeonato Nacional de Empresas, \u00e9 uma prova composta por equipas, aberta a todas as empresas, organiza\u00e7\u00f5es, associa\u00e7\u00f5es ou organismos que exer\u00e7am a sua atividade em Portugal.<\/li>\n\n\n\n<li>O campeonato ser\u00e1 disputado entre equipas masculinas e equipas femininas, com o m\u00ednimo de 6 e o m\u00e1ximo de 10 atletas.<\/li>\n\n\n\n<li>O campeonato ser\u00e1 disputado regionalmente, nomeadamente na Regi\u00e3o Norte (Porto), Regi\u00e3o Lisboa, Regi\u00e3o Sul (Algarve) e Ilhas (Prova Madeira e Prova A\u00e7ores).<\/li>\n\n\n\n<li>A disputa dos encontros ser\u00e1 regida pelas Regras do Jogo de Padel aprovadas pela Federa\u00e7\u00e3o Portuguesa de Padel.<\/li>\n<\/ol>\n\n\n\n<h4 class=\"wp-block-heading\">Artigo 2. Fun\u00e7\u00f5es do Ju\u00edz \u00c1rbitro<\/h4>\n\n\n\n<ol class=\"wp-block-list\">\n<li>O Juiz \u00c1rbitro da prova tem como fun\u00e7\u00e3o a coordena\u00e7\u00e3o e desenvolvimento da mesma, aplicando crit\u00e9rios disciplinares caso seja necess\u00e1rio, assim como qualquer interven\u00e7\u00e3o para a boa pr\u00e1tica da modalidade e desenrolar da prova.<\/li>\n\n\n\n<li>O Juiz \u00c1rbitro estar\u00e1 sempre presente no decorrer das eliminat\u00f3rias.<\/li>\n<\/ol>\n\n\n\n<h4 class=\"wp-block-heading\">Artigo 3. Contactos<\/h4>\n\n\n\n<p>Director da Prova: Pedro Sousa \u2013 919 576 666 \u2013 <a href=\"mailto:pedro.sousa@pprevents.pt\" target=\"_blank\" rel=\"noreferrer noopener\">pedro.sousa@pprevents.pt<\/a><br>Ju\u00edz \u00c1rbitro: \u2013 In\u00eas Fl\u00f3rido Carvalho \u2013 910 772 673 &#8211; <a href=\"mailto:inesflorido@gmail.com\" target=\"_blank\" rel=\"noreferrer noopener\">inesflorido@gmail.com<\/a><\/p>\n\n\n\n<h2 class=\"wp-block-heading\">Cap\u00edtulo II &#8211; Equipas e Jogadores<\/h2>\n\n\n\n<h4 class=\"wp-block-heading\">Artigo 4. Clubes, equipas, locais e publicidade<\/h4>\n\n\n\n<ol class=\"wp-block-list\">\n<li>S\u00f3 podem participar na prova equipas de empresas, organiza\u00e7\u00f5es, associa\u00e7\u00f5es ou organismos que exer\u00e7am a sua atividade em Portugal.<\/li>\n\n\n\n<li>Cada empresa poder\u00e1 inscrever v\u00e1rias equipas na prova, e em diferentes regi\u00f5es.<\/li>\n\n\n\n<li>Elementos de uma equipa n\u00e3o podem jogar por outras equipas, mesmo que sejam da mesma empresa.<\/li>\n\n\n\n<li>\u00c9 permitido exibir publicidade tanto no vestu\u00e1rio dos atletas como no nome da equipa, embora essa publicidade n\u00e3o possa referir ideias pol\u00edticas ou religiosas, nem infringir a lei, a moral, os bons costumes ou a ordem p\u00fablica.<\/li>\n<\/ol>\n\n\n\n<h4 class=\"wp-block-heading\">Artigo 5. Requisitos para a inscri\u00e7\u00e3o de jogadores<\/h4>\n\n\n\n<ol class=\"wp-block-list\">\n<li>S\u00f3 podem ser inscritos como jogadores em cada equipa, aqueles que tenham licen\u00e7a v\u00e1lida da Federa\u00e7\u00e3o Portuguesa de Padel de praticante social ou praticante jogador, do ano em que ser\u00e1 realizada a prova.<\/li>\n\n\n\n<li>Cada equipa de uma empresa ser\u00e1 independente, pelo que os elementos de uma equipa n\u00e3o poder\u00e3o ser trocados com elementos de outra equipa na prova, mesmo sendo da mesma empresa.<\/li>\n\n\n\n<li>Cada equipa tem de ter no m\u00ednimo um funcion\u00e1rio da empresa representada (<strong><em>a organiza\u00e7\u00e3o reserva-se ao direito de alterar esta regra e aceitar uma equipa sem nenhum funcion\u00e1rio da empresa<\/em><\/strong>).<\/li>\n\n\n\n<li>Cada Equipa ter\u00e1 de eleger um Capit\u00e3o de Equipa, que representar\u00e1 a sua equipa.<\/li>\n\n\n\n<li>Uma vez inscrita a empresa, at\u00e9 uma semana antes da prova, \u00e9 da responsabilidade do Capit\u00e3o adicionar os seus jogadores \u00e0 prova, no site ou APP do Corporate Padel League (<em>TiePadel do Corporate Padel League<\/em>), sob penaliza\u00e7\u00e3o de n\u00e3o participa\u00e7\u00e3o e a n\u00e3o devolu\u00e7\u00e3o do valor da inscri\u00e7\u00e3o. (<strong><em>a organiza\u00e7\u00e3o reserva-se ao direito de adicionar ou remover jogadores a uma equipa fora dos prazos previstos<\/em><\/strong>)<\/li>\n\n\n\n<li>A idade m\u00ednima permitida \u00e9 de 18 anos (completados at\u00e9 31 Dezembro 2025).<\/li>\n\n\n\n<li>N\u00e3o podem ser inscritos jogadores com ranking n\u00edvel 1; se no decorrer da prova o ranking de um jogador for alterado para n\u00edvel 1 o mesmo n\u00e3o poder\u00e1 participar.<\/li>\n\n\n\n<li>As equipas dever\u00e3o inscrever-se em Masculinos e\/ou Femininos. (Atletas com ranking nacional da FPP, n\u00edvel 2 ou top 10 nacional de veteranos da classifica\u00e7\u00e3o geral, n\u00e3o podem jogar juntos nos pares).<\/li>\n<\/ol>\n\n\n\n<h4 class=\"wp-block-heading\"> Artigo 6. Requisitos, prazos, e inscri\u00e7\u00e3o de equipas <\/h4>\n\n\n\n<ol class=\"wp-block-list\">\n<li>A inscri\u00e7\u00e3o \u00e9 formalizada atrav\u00e9s do formul\u00e1rio no site do Corporate Padel League (corporatepadelleague.negocios.pt).<\/li>\n\n\n\n<li>O valor da inscri\u00e7\u00e3o \u00e9 de 500\u20ac + IVA, por equipa.<\/li>\n\n\n\n<li>As inscri\u00e7\u00f5es das equipas decorrem a partir do dia 12 de Fevereiro de 2025 at\u00e9 \u00e1s 17h do dia de encerramento das mesmas, 7 dias antes da realiza\u00e7\u00e3o da respetiva etapa.<\/li>\n\n\n\n<li>Haver\u00e1 limite de equipas admitidas em cada prova, sendo que este limite varia de regi\u00e3o para regi\u00e3o, consoante o n\u00famero de campos e dias de prova dispon\u00edveis para a realiza\u00e7\u00e3o da mesma. Quando o n\u00famero de equipas for superior ao limite estabelecido de cada regi\u00e3o, os crit\u00e9rios aplicados para determinar a candidatura admitida na prova s\u00e3o sequencialmente os seguintes:\n<ol class=\"wp-block-list\">\n<li>Data e hora de inscri\u00e7\u00e3o.<\/li>\n\n\n\n<li>Data e hora do pagamento.<\/li>\n<\/ol>\n<\/li>\n\n\n\n<li>Os limites estimados por regi\u00e3o s\u00e3o os seguintes:<\/li>\n<\/ol>\n\n\n\n<table class=\"uk-table uk-table-small uk-table-divider uk-table-striped\">\n <caption>Distribui\u00e7\u00e3o das Equipas por Regi\u00e3o<\/caption>\n <thead>\n  <tr>\n   <th>Regi\u00e3o<\/th>\n   <th>Equipas Masculinas<\/th>\n   <th>Equipas Femininas<\/th>\n  <\/tr>\n <\/thead>\n <tbody>\n  <tr>\n   <td>Lisboa<\/td>\n   <td>32<\/td>\n   <td>24<\/td>\n  <\/tr>\n  <tr>\n   <td>Porto<\/td>\n   <td>32<\/td>\n   <td>24<\/td>\n  <\/tr>\n  <tr>\n   <td>Algarve<\/td>\n   <td>16<\/td>\n   <td>8<\/td>\n  <\/tr>\n  <tr>\n   <td>A\u00e7ores<\/td>\n   <td>16<\/td>\n   <td>8<\/td>\n  <\/tr>\n  <tr>\n   <td>Madeira<\/td>\n   <td>16<\/td>\n   <td>8<\/td>\n  <\/tr>\n <\/tbody>\n<\/table>\n\n\n\n<ol start=\"6\"><li>O n\u00famero de vagas m\u00e1ximo por regi\u00e3o n\u00e3o dever\u00e1 ser alterado, no entanto, as vagas de uma categoria que n\u00e3o foram preenchidas na totalidade podem ser atribu\u00eddas \u00e0 outra categoria, sem nunca penalizar o bom funcionamento da prova.<\/li><li><b>No caso de um elevado n\u00famero de equipas inscritas, a prova pode ter o seu in\u00edcio na quinta-feira \u00e0s 18h, em qualquer uma das regi\u00f5es.<\/b><\/li><\/ol>\n\n\n\n<h4 class=\"wp-block-heading\"> Artigo 7. Capit\u00e3es de equipa<\/h4>\n\n\n\n<ol class=\"wp-block-list\">\n<li>Cada equipa deve ter um capit\u00e3o e um endere\u00e7o de e-mail para notifica\u00e7\u00f5es da Organiza\u00e7\u00e3o, do Juiz \u00c1rbitro e\/ou, eventualmente, dos capit\u00e3es das outras equipas do seu grupo da prova.<\/li>\n\n\n\n<li>As obriga\u00e7\u00f5es do capit\u00e3o de equipa s\u00e3o as seguintes:\n<ol class=\"wp-block-list\">\n<li>Representar a equipa perante a organiza\u00e7\u00e3o e as outras equipas;<\/li>\n\n\n\n<li>Comunicar aos elementos da equipa os hor\u00e1rios, regras, etc.;<\/li>\n\n\n\n<li>Controlar a pontualidade e desportivismo dos seus jogadores;<\/li>\n\n\n\n<li>Cumprir e fazer cumprir o regulamento junto dos seus jogadores;<\/li>\n\n\n\n<li>Confirmar a rece\u00e7\u00e3o e leitura dos e-mails que sejam enviados pela organiza\u00e7\u00e3o, e\/ou, dos capit\u00e3es das outras equipas;<\/li>\n\n\n\n<li>Definir o alinhamento dos pares, definindo o par n.\u00ba1, n.\u00ba 2 e n.\u00ba 3.<\/li>\n<\/ol>\n<\/li>\n<\/ol>\n\n\n\n<h4 class=\"wp-block-heading\">Artigo 8. Constitui\u00e7\u00e3o das equipas <\/h4>\n\n\n\n<ol class=\"wp-block-list\">\n<li>As equipas ser\u00e3o formadas por: m\u00ednimo de 6 atletas e m\u00e1ximo de 10 atletas.<\/li>\n\n\n\n<li>As equipas n\u00e3o podem ser mistas.<\/li>\n\n\n\n<li>Todas as equipas ser\u00e3o publicadas no site e APP oficial da prova, assim como os seus resultados.<\/li>\n<\/ol>\n\n\n\n<h2 class=\"wp-block-heading\">Cap\u00edtulo III &#8211; Desenvolvimento da prova<\/h2>\n\n\n\n<h4 class=\"wp-block-heading\">Artigo 9. Formato da prova<\/h4>\n\n\n\n<ol class=\"wp-block-list\">\n<li>A prova divide-se em regi\u00f5es (5): Porto, Lisboa, Algarve, Madeira e A\u00e7ores.<\/li>\n\n\n\n<li>Prova disputar-se-\u00e1 em 2 fases: Regional (nas 5 regi\u00f5es) e Final\u00edssima (apurados de cada regi\u00e3o da fase regional).<\/li>\n\n\n\n<li>Na fase regional, o formato da prova ser\u00e1 de acordo com o Regulamento Geral da FPP &#8211; anexo XVI. O seu formato ir\u00e1 depender do n\u00famero de equipas inscritas.\n<ol class=\"wp-block-list\">\n<li>O limite de equipas ser\u00e1 definido de regi\u00e3o para regi\u00e3o, de acordo com as inscri\u00e7\u00f5es e infraestruturas dispon\u00edveis para a realiza\u00e7\u00e3o da prova. Estas podem variar de regi\u00e3o para regi\u00e3o.<\/li>\n\n\n\n<li>Os hor\u00e1rios da prova ser\u00e3o: sexta-feira a partir das 18h, s\u00e1bado a partir das 9h e domingo a partir das 9h. <strong>No caso de um n\u00famero elevado de equipas a prova poder\u00e1 ter in\u00edcio na quinta-feira a partir das 18h<\/strong>.<\/li>\n\n\n\n<li>Os hor\u00e1rios de cada prova, ser\u00e3o publicados no site e APP oficial do evento, uma semana antes da respetiva prova.<\/li>\n<\/ol>\n<\/li>\n\n\n\n<li>Dependendo do n.\u00ba de inscri\u00e7\u00f5es, ser\u00e3o apuradas o seguinte n.\u00ba equipas:\n<ul class=\"wp-block-list\">\n<li>At\u00e9 16 Equipas Inscritas &#8211; 2<\/li>\n\n\n\n<li>De 17 a 24 Equipas Inscritas &#8211; 3<\/li>\n\n\n\n<li>De 25 a 32 Equipas Inscritas &#8211; 4<\/li>\n<\/ul>\n<\/li>\n<\/ol>\n\n\n\n<h4 class=\"wp-block-heading\">Artigo 10. Datas<\/h4>\n\n\n\n<p>A prova ser\u00e1 disputada, de sexta a domingo, com exce\u00e7\u00e3o das regi\u00f5es com m\u00e1xima lota\u00e7\u00e3o, que poder\u00e3o come\u00e7ar quinta-feira, entre os meses de Mar\u00e7o a Outubro 2025:<\/p>\n\n\n\n<ol class=\"wp-block-list\">\n<li>Fase de Grupos Regionais:\n\n\n\n\n\n\n\n\n\n\n\n\n\n\n\n\n\n\n\n\n\n\n\n\n\n\n\n\n\n\n\n\n\n\n\n\n\n\n\n\n\n\n<ul class=\"wp-block-list\">\n<li>21 a 23 Mar\u00e7o 2025 &#8211; Algarve (Vilamoura T\u00e9nis &amp; Padel)<\/li>\n\n\n\n<li>4 a 6 Abril 2025 &#8211; Porto (Douro Padel)<\/li>\n\n\n\n<li>9 a 11 Maio 2025 &#8211; Lisboa (Oeiras Padel Academy)<\/li>\n\n\n\n<li>6 a 8 Junho 2025 \u2013 Madeira (Quinta do Padel)<\/li>\n\n\n\n<li>27 a 29 Junho 2025 &#8211; A\u00e7ores (Azores Padel Club)<\/li>\n<\/ul>\n<\/li>\n\n\n\n<li>Final\u00edssima (3 a 5 de Outubro 2025) &#8211; a definir<\/li>\n<\/ol>\n\n\n\n<h4 class=\"wp-block-heading\">Artigo 11. Sistema de competi\u00e7\u00e3o<\/h4>\n\n\n\n<ol class=\"wp-block-list\">\n<li>O sistema de competi\u00e7\u00e3o ser\u00e1 por <strong>grupos seguido de um quadro de elimina\u00e7\u00e3o direta<\/strong> entre as equipas melhor classificadas (<strong>quadro A<\/strong>), e tamb\u00e9m quadro de elimina\u00e7\u00e3o direta (<strong>quadro B<\/strong>) para as restantes equipas, tanto na fase regional como na fase nacional (Final\u00edssima).<\/li>\n\n\n\n<li>A elabora\u00e7\u00e3o dos grupos e posteriormente dos quadros de elimina\u00e7\u00e3o direta ser\u00e1 atrav\u00e9s de sorteio.<\/li>\n\n\n\n<li>Cada jornada \u00e9 composta por 3 (tr\u00eas) encontros.<\/li>\n\n\n\n<li>Os jogos, quer na fase de grupos, quer na fase de elimina\u00e7\u00e3o directa,<strong><em> ser\u00e3o realizados mediante o n\u00famero de inscri\u00e7\u00f5es em casa fase, cabendo \u00e1 organiza\u00e7\u00e3o a decis\u00e3o optar por uma das 3 op\u00e7\u00f5es<\/em><\/strong>:\n<ul class=\"wp-block-list\">\n<li>a) melhor de 3 (tr\u00eas) sets com Ponto de Ouro e Super Tie Break no terceiro set; <\/li>\n\n\n\n<li>b) melhor de 3 (tr\u00eas) short sets (at\u00e9 aos 4) com Ponto de Ouro e Super Tie Break no terceiro set; c) pro set com Ponto de Ouro (set at\u00e9 aos 9 com super tie break aos 8\/8).<\/li>\n<\/ul>\n<\/li>\n\n\n\n<li>Os pontos atribu\u00eddos em cada jornada ser\u00e3o:\n<ul class=\"wp-block-list\">\n<li>3 pontos por vit\u00f3ria<\/li>\n\n\n\n<li>1 ponto por derrota<\/li>\n\n\n\n<li>0 pontos por derrota por falta de compar\u00eancia<\/li>\n<\/ul>\n<\/li>\n\n\n\n<li><strong><em>Apuramento para a final\u00edssima:<\/em><\/strong>\n<ul class=\"wp-block-list\">\n<li><strong><em>Nas equipas do Quadro A<\/em><\/strong>, dependendo do n.\u00ba de inscri\u00e7\u00f5es, ser\u00e3o apuradas o seguinte n.\u00ba equipas:\n<ul class=\"wp-block-list\">\n<li>At\u00e9 16 Equipas Inscritas &#8211; 2<\/li>\n\n\n\n<li>De 17 a 24 Equipas Inscritas &#8211; 3<\/li>\n\n\n\n<li>De 25 a 32 Equipas Inscritas &#8211; 4<\/li>\n<\/ul>\n<\/li>\n\n\n\n<li>Nas equipas do Quadro B, ser\u00e1 apurada a equipa vencedora de cada regi\u00e3o (<strong><em>a organiza\u00e7\u00e3o reserva-se o direito de convidar 2 equipas para a final\u00edssima do Quadro B<\/em><\/strong>)<\/li>\n<\/ul>\n<\/li>\n\n\n\n<li>No caso de empate, caso exista sistema de grupos, s\u00e3o aplic\u00e1veis, sempre por esta ordem, os seguintes crit\u00e9rios:\n<ol class=\"wp-block-list\">\n<li>Confronto direto entre equipas;<\/li>\n\n\n\n<li>Maior n\u00famero de encontros ganhos;<\/li>\n\n\n\n<li>Melhor resultado obtido pela diferen\u00e7a entre o n\u00famero encontros ganhos e perdidos, nas eliminat\u00f3rias entre si;<\/li>\n\n\n\n<li>Melhor resultado obtido pela diferen\u00e7a entre o n\u00famero de sets ganhos e perdidos, nas eliminat\u00f3rias entre si;<\/li>\n\n\n\n<li>Melhor resultado obtido pela diferen\u00e7a entre o n\u00famero de jogos ganhos e perdidos, nas eliminat\u00f3rias entre si;<\/li>\n\n\n\n<li>Moeda ao ar;<\/li>\n<\/ol>\n<\/li>\n\n\n\n<li>Para efeito dos pontos anteriores o Super Tie Break conta como 1 (um) set e 1(um) jogo ganho.<\/li>\n\n\n\n<li>Quando uma das equipas for penalizada por falta de compar\u00eancia, por desist\u00eancia ou apresenta\u00e7\u00e3o de n\u00famero insuficiente de atletas, ser\u00e1 exclu\u00edda do grupo de desempate e colocado no \u00faltimo lugar entre as equipas empatadas. Os resultados dos encontros em que esteja envolvida n\u00e3o ser\u00e3o tidos em conta para quebrar o empate entre as restantes equipas no grupo empatado. O desempate ser\u00e1 decidido unicamente com base nos resultados produzidos nas eliminat\u00f3rias entre as equipas empatadas.<\/li>\n<\/ol>\n\n\n\n<h4 class=\"wp-block-heading\">Artigo 12. Falta de compar\u00eancia, apresenta\u00e7\u00e3o insuficiente de atletas e cancelamento <\/h4>\n\n\n\n<ol class=\"wp-block-list\">\n<li>Entende-se por Falta de Compar\u00eancia quando uma equipa n\u00e3o compare\u00e7a no dia e hora da sua prova, com uma toler\u00e2ncia m\u00e1xima de 10 minutos (<strong><em>a organiza\u00e7\u00e3o reserva-se no direito de alterar esta toler\u00e2ncia<\/em><\/strong>), ou sem os requisitos m\u00ednimos necess\u00e1rios para a disputa dos encontros.<\/li>\n\n\n\n<li>N\u00e3o \u00e9 considerada falta de compar\u00eancia quando se apresentarem pelo menos 4 atletas para o confronto.<\/li>\n\n\n\n<li>A falta de compar\u00eancia de uma equipa num encontro ser\u00e1 punida da seguinte forma:\n<ul class=\"wp-block-list\">\n<li>Nas fases regionais e final\u00edssima: Derrota na eliminat\u00f3ria dos grupos por 3\/0 com pontua\u00e7\u00e3o de 6\/0 6\/0 em cada um dos encontros<\/li>\n<\/ul>\n<\/li>\n\n\n\n<li>Uma segunda falta de compar\u00eancia na mesma fase da prova, ser\u00e1 punida com a elimina\u00e7\u00e3o da equipa.<\/li>\n\n\n\n<li>A desist\u00eancia injustificada de uma equipa durante uma eliminat\u00f3ria, uma vez iniciada, ou a recusa em iniciar a mesma, ser\u00e1 sancionada com Falta de Compar\u00eancia.<\/li>\n\n\n\n<li>Quando, durante a mesma eliminat\u00f3ria, os casos apresentados neste artigo s\u00e3o cometidos por ambas as equipas ser\u00e3o impostas as devidas san\u00e7\u00f5es \u00e0s duas equipas, e nenhuma delas ser\u00e1 declarada vencedora da eliminat\u00f3ria. Para efeitos de classifica\u00e7\u00e3o ser\u00e3o atribu\u00eddas derrotas por 3\/0, com 6\/0 6\/0 em todos os encontros a ambas as equipas.<\/li>\n\n\n\n<li>Quando uma equipa n\u00e3o apresenta o n\u00famero suficiente de atletas para a realiza\u00e7\u00e3o de todos os encontros, desde que cumpra com o m\u00ednimo de 4 atletas, a eliminat\u00f3ria pode prosseguir. Nesse caso, nos encontros em que n\u00e3o haja jogadores suficientes, ser\u00e1 declarada falta de compar\u00eancia e \u00e9 atribu\u00edda derrota por 6\/0 6\/0 \u00e0 equipa que n\u00e3o tenha elementos suficientes.<\/li>\n<\/ol>\n\n\n\n<h2 class=\"wp-block-heading\">Cap\u00edtulo IV. Desenvolvimento da eliminat\u00f3ria<\/h2>\n\n\n\n<h4 class=\"wp-block-heading\">Artigo 13. Antes da eliminat\u00f3ria<\/h4>\n\n\n\n<ol class=\"wp-block-list\">\n<li>Cada capit\u00e3o escolhe os pares que representar\u00e3o a sua equipa.<\/li>\n\n\n\n<li>O capit\u00e3o ter\u00e1 de submeter a forma\u00e7\u00e3o da sua equipa para a jornada no site ou APP do Corporate Padel League, at\u00e9 30 minutos antes do hor\u00e1rio definido para a mesma (<strong><em>caso n\u00e3o o tenha feito a organiza\u00e7\u00e3o reserva-se ao direito de ajudar o capit\u00e3o a submeter a equipa fora deste prazo<\/em><\/strong>).<\/li>\n\n\n\n<li>Os atletas s\u00e3o obrigados a comparecer na eliminat\u00f3ria com um documento identificativo (Cart\u00e3o de Cidad\u00e3o, Carta de condu\u00e7\u00e3o, passaporte, etc.) e devem apresentar esse documento, caso o capit\u00e3o da equipa advers\u00e1ria o solicite, antes do in\u00edcio da eliminat\u00f3ria<\/li>\n<\/ol>\n\n\n\n<h4 class=\"wp-block-heading\">Artigo 14. Alinhamento dos atletas<\/h4>\n\n\n\n<ol class=\"wp-block-list\">\n<li>Para um atleta ser alinhado numa eliminat\u00f3ria, deve reunir os seguintes requisitos:\n<ol class=\"wp-block-list\">\n<li>Ter uma licen\u00e7a da Federa\u00e7\u00e3o Portuguesa de Padel, v\u00e1lida de praticante social ou jogador, no ano em que decorre a prova (2025).<\/li>\n\n\n\n<li>Estar inscrito na prova dentro dos prazos previstos (<strong>a organiza\u00e7\u00e3o reserva-se ao direito de adicionar ou remover jogadores a uma equipa fora dos prazos previstos<\/strong>).<\/li>\n\n\n\n<li>Reunir os requisitos de idade, n\u00edvel de jogo, e todos os outros previamente estabelecidos neste regulamento.<\/li>\n<\/ol>\n<\/li>\n\n\n\n<li>Cada jogador poder\u00e1 participar apenas num encontro por eliminat\u00f3ria, n\u00e3o podendo ser repetido nos restantes encontros.<\/li>\n\n\n\n<li>Quando, durante a mesma eliminat\u00f3ria, os casos apresentados neste artigo s\u00e3o cometidos por ambas as equipas ser\u00e3o impostas as devidas san\u00e7\u00f5es \u00e0s duas equipas, e nenhuma delas ser\u00e1 declarada vencedora da eliminat\u00f3ria. Para efeitos de classifica\u00e7\u00e3o ser\u00e3o atribu\u00eddas derrotas por 3\/0, com 6\/0 6\/0 em todos os encontros a ambas as equipas.<\/li>\n\n\n\n<li>Atletas com ranking nacional da FPP n\u00edvel 2 e top 10 nacional de veteranos, n\u00e3o podem jogar juntos nos pares.<\/li>\n<\/ol>\n\n\n\n<h4 class=\"wp-block-heading\">Artigo 15. Desenvolvimento das eliminat\u00f3rias<\/h4>\n\n\n\n<ol class=\"wp-block-list\">\n<li>As eliminat\u00f3rias ser\u00e3o realizadas competindo entre si os pares n\u00famero 1, n\u00famero 2, e n\u00famero 3 de cada equipa.<\/li>\n\n\n\n<li>A ordem dos pares (1, 2 ou 3) \u00e9 definido pelo capit\u00e3o da equipa, uma vez que n\u00e3o \u00e9 tido em conta nenhuma classifica\u00e7\u00e3o<\/li>\n\n\n\n<li>A ordem de enttrada dos encontros, quando n\u00e3o possam ser jogados todos ao mesmo tempo, ser\u00e1 a seguinte:\n<ol class=\"wp-block-list\">\n<li>Par n.\u00ba 1 (R1 no TIE PADEL)<\/li>\n\n\n\n<li>Par n.\u00ba 2 (R2 no TIE PADEL)<\/li>\n\n\n\n<li>Par n.\u00ba 3 (R3 no TIE PADEL)<\/li>\n<\/ol>\n<\/li>\n\n\n\n<li>O formato dos encontros ser\u00e1 decis\u00e3o exclusiva do juiz \u00e1rbitro da prova.<\/li>\n<\/ol>\n\n\n\n<h4 class=\"wp-block-heading\">Artigo 16. \u00d3rg\u00e3os disciplinares<\/h4>\n\n\n\n<ol class=\"wp-block-list\">\n<li>Todas as quest\u00f5es disciplinares e competitivas que surjam durante os encontros devem ser comunicadas ao Juiz \u00c1rbitro da Prova e ao Diretor de Prova.<\/li>\n\n\n\n<li>No que diz respeito a quest\u00f5es disciplinares s\u00e3o aplic\u00e1veis os Regulamentos Disciplinares da FPP.<\/li>\n<\/ol>\n\n\n\n<h2 class=\"wp-block-heading\">Cap\u00edtulo V. Final\u00edssima<\/h2>\n\n\n\n<h4 class=\"wp-block-heading\">Artigo 17. Inscri\u00e7\u00e3o de jogadores<\/h4>\n\n\n\n<ol style=\"list-style-type:1\" class=\"wp-block-list\">\n<li>Ap\u00f3s a fase regional ser\u00e1 permitido \u00e0s equipas apuradas a inclus\u00e3o ou a altera\u00e7\u00e3o de jogadores da equipa. Essa altera\u00e7\u00e3o apenas pode interferir com 3&nbsp;atletas.\n<ol class=\"wp-block-list\">\n<li>Assim, equipas com menos de 10 atletas na fase regional poder\u00e3o incluir novos atletas at\u00e9 este limite m\u00e1ximo para participarem na final\u00edssima.<\/li>\n\n\n\n<li>Equipas com 10 atletas na fase regional, poder\u00e3o substituir at\u00e9 3 desses atletas para a final\u00edssima.<br><strong>Ex..:<\/strong> Uma equipa com 9 atletas inscritos pode incluir 1 atleta e alterar 2 dos anteriormente inscritos.<br><strong>Ex..:<\/strong> Uma equipa com 7 atletas apenas pode adicionar 3 atletas \u00e0 equipa.<\/li>\n<\/ol>\n<\/li>\n\n\n\n<li>Os atletas adicionados, n\u00e3o podem em momento algum, ter participado nas eliminat\u00f3rias regionais por outras equipas,&nbsp; e devem simultaneamente cumprir os requisitos definidos no Artigo 5 (requisitos para a inscri\u00e7\u00e3o de jogadores do regulamento geral).<\/li>\n\n\n\n<li>A inclus\u00e3o ou altera\u00e7\u00e3o de atletas (na plataforma TiePadel ) ser\u00e1 feita exclusivamente pela organiza\u00e7\u00e3o mediante o contacto por e-mail dos capit\u00e3es com indica\u00e7\u00e3o das altera\u00e7\u00f5es a realizar \u00e0 equipa. Este dever\u00e1 ser efetuado a partir da comunica\u00e7\u00e3o deste regulamento, at\u00e9 \u00e0s 18h do dia 2 de Outubro de 2025.<\/li>\n<\/ol>\n\n\n\n<h4 class=\"wp-block-heading\">Artigo 18. Participa\u00e7\u00e3o na final\u00edssima<\/h4>\n\n\n\n<ol class=\"wp-block-list\">\n<li>Ap\u00f3s todas as fases regionais, as equipas apuradas dever\u00e3o manifestar a sua inten\u00e7\u00e3o em participar na final\u00edssima e confirmar positivamente a sua presen\u00e7a.<\/li>\n\n\n\n<li>No caso de uma equipa apurada negar a sua participa\u00e7\u00e3o na fase final, esta ser\u00e1 substitu\u00edda por outra equipa da mesma regi\u00e3o.<\/li>\n\n\n\n<li>A sele\u00e7\u00e3o dessa equipa dever\u00e1 cumprir os seguintes crit\u00e9rios:\n<ol class=\"wp-block-list\">\n<li>Se na fase regional apenas existir um grupo de 4 equipas, ser\u00e1 escolhida a equipa imediatamente classificada ap\u00f3s a equipa desistente<\/li>\n\n\n\n<li>Sorteio entre as equipas interessadas na(s) ronda(s) imediatamente anterior(es) \u00e0s equipas apuradas<\/li>\n\n\n\n<li>Caso seja necess\u00e1rio sorteio, conforme mencionado no ponto anterior, este ser\u00e1 efectuado com a presen\u00e7a de um membro de cada equipa envolvida.<\/li>\n<\/ol>\n<\/li>\n\n\n\n<li>Se essa vaga n\u00e3o ficar preenchida, a organiza\u00e7\u00e3o reserva-se ao direito de convidar uma outra equipa para o seu preenchimento.<\/li>\n<\/ol>\n\n\n\n<h4 class=\"wp-block-heading\">Artigo 19. Sistema de competi\u00e7\u00e3o<\/h4>\n\n\n\n<ol class=\"wp-block-list\">\n<li>O formato da prova na final\u00edssima ser\u00e1 atrav\u00e9s de uma eliminat\u00f3ria por grupos compostos por 3 ou 4 equipas cada.<\/li>\n\n\n\n<li>Os jogos na final\u00edssima <strong><em>ser\u00e3o realizados mediante uma das 3 op\u00e7\u00f5es, cabendo \u00e1 organiza\u00e7\u00e3o a decis\u00e3o optar por uma delas<\/em><\/strong>: \n<ul class=\"wp-block-list\">\n<li>a) melhor de 3 (tr\u00eas) sets com Ponto de Ouro e Super Tie Break no terceiro set; <\/li>\n\n\n\n<li>b) melhor de 3 (tr\u00eas) short sets (at\u00e9 aos 4) com Ponto de Ouro e Super Tie Break no terceiro set;<\/li>\n\n\n\n<li>c) pro set com ponto de ouro (set at\u00e9 aos 9 com super tie break aos 8\/8).<\/li>\n<\/ul>\n<\/li>\n\n\n\n<li>O sorteio ser\u00e1 aleat\u00f3rio, contudo equipas apuradas na mesma fase regional n\u00e3o dever\u00e3o encontrar-se na fase inicial de eliminat\u00f3ria por grupos.<\/li>\n\n\n\n<li>Na fase de quadro de elimina\u00e7\u00e3o directa, n\u00e3o \u00e9 obrigat\u00f3ria a realiza\u00e7\u00e3o do 3\u00ba jogo, caso j\u00e1 esteja definido um vencedor por 2-0. <\/li>\n<\/ol>\n\n\n\n<p><strong><em>Por raz\u00f5es de calend\u00e1rio, o Juiz \u00c1rbitro e Director da prova podem decidir que n\u00e3o se realiza o 3\u00ba jogo de um encontro quando o mesmo est\u00e1 2-0 para qualquer uma das equipas.<\/em><\/strong><\/p>\n","protected":false},"excerpt":{"rendered":"<p>Cap\u00edtulo I &#8211; Disposi\u00e7\u00f5es Gerais Artigo 1. Defini\u00e7\u00e3o da prova e regulamentos aplic\u00e1veis Artigo 2. Fun\u00e7\u00f5es do Ju\u00edz \u00c1rbitro Artigo 3. Contactos Director da Prova: Pedro Sousa \u2013 919 576 666 \u2013 pedro.sousa@pprevents.ptJu\u00edz \u00c1rbitro: \u2013 In\u00eas Fl\u00f3rido Carvalho \u2013 910 772 673 &#8211; inesflorido@gmail.com Cap\u00edtulo II &#8211; Equipas e Jogadores Artigo 4. Clubes, equipas, locais [&hellip;]<\/p>\n","protected":false},"author":5,"featured_media":0,"parent":0,"menu_order":0,"comment_status":"closed","ping_status":"closed","template":"","meta":{"footnotes":""},"class_list":["post-908","page","type-page","status-publish","hentry"],"_links":{"self":[{"href":"https:\/\/bs.xl.pt\/corporate-padel-league\/wp-json\/wp\/v2\/pages\/908","targetHints":{"allow":["GET"]}}],"collection":[{"href":"https:\/\/bs.xl.pt\/corporate-padel-league\/wp-json\/wp\/v2\/pages"}],"about":[{"href":"https:\/\/bs.xl.pt\/corporate-padel-league\/wp-json\/wp\/v2\/types\/page"}],"author":[{"embeddable":true,"href":"https:\/\/bs.xl.pt\/corporate-padel-league\/wp-json\/wp\/v2\/users\/5"}],"replies":[{"embeddable":true,"href":"https:\/\/bs.xl.pt\/corporate-padel-league\/wp-json\/wp\/v2\/comments?post=908"}],"version-history":[{"count":37,"href":"https:\/\/bs.xl.pt\/corporate-padel-league\/wp-json\/wp\/v2\/pages\/908\/revisions"}],"predecessor-version":[{"id":2272,"href":"https:\/\/bs.xl.pt\/corporate-padel-league\/wp-json\/wp\/v2\/pages\/908\/revisions\/2272"}],"wp:attachment":[{"href":"https:\/\/bs.xl.pt\/corporate-padel-league\/wp-json\/wp\/v2\/media?parent=908"}],"curies":[{"name":"wp","href":"https:\/\/api.w.org\/{rel}","templated":true}]}}