{"id":101,"date":"2021-03-17T02:55:30","date_gmt":"2021-03-17T02:55:30","guid":{"rendered":"http:\/\/bs.xl.pt\/electric-summit\/?page_id=101"},"modified":"2021-03-19T15:32:42","modified_gmt":"2021-03-19T15:32:42","slug":"conferencia","status":"publish","type":"page","link":"https:\/\/bs.xl.pt\/electric-summit\/conferencia\/","title":{"rendered":"Confer\u00eancia"},"content":{"rendered":"\n<h2 class=\"wp-block-heading\">Um debate para o futuro do planeta<\/h2>\n\n\n\n<h3 class=\"wp-block-heading\">24 e 25 de mar\u00e7o<\/h3>\n\n\n\n<p>O mundo enfrenta hoje enormes desafios, um deles \u00e9 uma \u2018pandemia clim\u00e1tica\u2019. Escolher solu\u00e7\u00f5es amigas do ambiente \u00e9 o primeiro passo para ajudar a solucionar a crise clim\u00e1tica que amea\u00e7a a humanidade.<\/p>\n\n\n\n<p>O Jornal de Neg\u00f3cios traz para a mesa de debate a <strong>mobilidade el\u00e9ctrica<\/strong>, respondendo \u00e0 necessidade imperativa de mudar comportamentos e salvar o planeta.<\/p>\n","protected":false},"excerpt":{"rendered":"<p>Um debate para o futuro do planeta 24 e 25 de mar\u00e7o O mundo enfrenta hoje enormes desafios, um deles \u00e9 uma \u2018pandemia clim\u00e1tica\u2019. Escolher solu\u00e7\u00f5es amigas do ambiente \u00e9 o primeiro passo para ajudar a solucionar a crise clim\u00e1tica que amea\u00e7a a humanidade. O Jornal de Neg\u00f3cios traz para a mesa de debate a [&hellip;]<\/p>\n","protected":false},"author":5,"featured_media":95,"parent":0,"menu_order":0,"comment_status":"closed","ping_status":"closed","template":"","meta":{"footnotes":""},"class_list":["post-101","page","type-page","status-publish","has-post-thumbnail","hentry"],"_links":{"self":[{"href":"https:\/\/bs.xl.pt\/electric-summit\/wp-json\/wp\/v2\/pages\/101","targetHints":{"allow":["GET"]}}],"collection":[{"href":"https:\/\/bs.xl.pt\/electric-summit\/wp-json\/wp\/v2\/pages"}],"about":[{"href":"https:\/\/bs.xl.pt\/electric-summit\/wp-json\/wp\/v2\/types\/page"}],"author":[{"embeddable":true,"href":"https:\/\/bs.xl.pt\/electric-summit\/wp-json\/wp\/v2\/users\/5"}],"replies":[{"embeddable":true,"href":"https:\/\/bs.xl.pt\/electric-summit\/wp-json\/wp\/v2\/comments?post=101"}],"version-history":[{"count":2,"href":"https:\/\/bs.xl.pt\/electric-summit\/wp-json\/wp\/v2\/pages\/101\/revisions"}],"predecessor-version":[{"id":254,"href":"https:\/\/bs.xl.pt\/electric-summit\/wp-json\/wp\/v2\/pages\/101\/revisions\/254"}],"wp:featuredmedia":[{"embeddable":true,"href":"https:\/\/bs.xl.pt\/electric-summit\/wp-json\/wp\/v2\/media\/95"}],"wp:attachment":[{"href":"https:\/\/bs.xl.pt\/electric-summit\/wp-json\/wp\/v2\/media?parent=101"}],"curies":[{"name":"wp","href":"https:\/\/api.w.org\/{rel}","templated":true}]}}