{"id":8274,"date":"2025-10-21T12:37:07","date_gmt":"2025-10-21T11:37:07","guid":{"rendered":"https:\/\/bs.xl.pt\/electric-summit\/?page_id=8274"},"modified":"2025-10-27T17:34:05","modified_gmt":"2025-10-27T17:34:05","slug":"confirmacao-de-presenca","status":"publish","type":"page","link":"https:\/\/bs.xl.pt\/electric-summit\/confirmacao-de-presenca\/","title":{"rendered":"Confirma\u00e7\u00e3o de Presen\u00e7a"},"content":{"rendered":"","protected":false},"excerpt":{"rendered":"","protected":false},"author":29,"featured_media":0,"parent":0,"menu_order":0,"comment_status":"closed","ping_status":"closed","template":"page-form.php","meta":{"footnotes":""},"class_list":["post-8274","page","type-page","status-publish","hentry"],"_links":{"self":[{"href":"https:\/\/bs.xl.pt\/electric-summit\/wp-json\/wp\/v2\/pages\/8274","targetHints":{"allow":["GET"]}}],"collection":[{"href":"https:\/\/bs.xl.pt\/electric-summit\/wp-json\/wp\/v2\/pages"}],"about":[{"href":"https:\/\/bs.xl.pt\/electric-summit\/wp-json\/wp\/v2\/types\/page"}],"author":[{"embeddable":true,"href":"https:\/\/bs.xl.pt\/electric-summit\/wp-json\/wp\/v2\/users\/29"}],"replies":[{"embeddable":true,"href":"https:\/\/bs.xl.pt\/electric-summit\/wp-json\/wp\/v2\/comments?post=8274"}],"version-history":[{"count":1,"href":"https:\/\/bs.xl.pt\/electric-summit\/wp-json\/wp\/v2\/pages\/8274\/revisions"}],"predecessor-version":[{"id":8277,"href":"https:\/\/bs.xl.pt\/electric-summit\/wp-json\/wp\/v2\/pages\/8274\/revisions\/8277"}],"wp:attachment":[{"href":"https:\/\/bs.xl.pt\/electric-summit\/wp-json\/wp\/v2\/media?parent=8274"}],"curies":[{"name":"wp","href":"https:\/\/api.w.org\/{rel}","templated":true}]}}