{"id":770,"date":"2021-11-10T17:03:53","date_gmt":"2021-11-10T17:03:53","guid":{"rendered":"http:\/\/bs.xl.pt\/espaco-m365\/?page_id=770"},"modified":"2021-12-28T11:56:38","modified_gmt":"2021-12-28T11:56:38","slug":"guia-das-pequenas-grandes-poupancas","status":"publish","type":"page","link":"https:\/\/bs.xl.pt\/espaco-m365\/podpoupar-mais\/guia-das-pequenas-grandes-poupancas\/","title":{"rendered":"Guia das pequenas grandes Poupan\u00e7as"},"content":{"rendered":"\n<p>A prop\u00f3sito do lan\u00e7amento do Guia das Pequenas Grandes Poupan\u00e7a, este m\u00eas o PodPoupar+ ensina-lhe estrat\u00e9gias para ensinar os princ\u00edpios b\u00e1sicos de poupan\u00e7a aos seus filhos, nas v\u00e1rias faixas et\u00e1rias. O guia das Pequenas Grandes Poupan\u00e7as encontra-se dispon\u00edvel para <em>download<\/em> em <a href=\"https:\/\/montepio.org\/\" target=\"_blank\" rel=\"noreferrer noopener\">montepio.org<\/a><\/p>\n\n\n\n<figure class=\"wp-block-embed is-type-rich is-provider-spotify wp-block-embed-spotify wp-embed-aspect-21-9 wp-has-aspect-ratio\"><div class=\"wp-block-embed__wrapper\">\nhttps:\/\/open.spotify.com\/episode\/06T1otPe7FBs4PmOBKQURQ?si=8d0fe9a927484853\n<\/div><\/figure>\n\n\n\n<figure class=\"wp-block-embed is-type-rich is-provider-spotify wp-block-embed-spotify wp-embed-aspect-21-9 wp-has-aspect-ratio\"><div class=\"wp-block-embed__wrapper\">\nhttps:\/\/open.spotify.com\/episode\/7m5OdrDdrdK0DXqsHC3FVP?si=46cec1a483c549d4\n<\/div><\/figure>\n\n\n\n<figure class=\"wp-block-embed is-type-rich is-provider-spotify wp-block-embed-spotify wp-embed-aspect-21-9 wp-has-aspect-ratio\"><div class=\"wp-block-embed__wrapper\">\nhttps:\/\/open.spotify.com\/episode\/2jgwu1hjtr69ZBSRlUAIYH?si=d654b51a00e145e6\n<\/div><\/figure>\n\n\n\n<figure class=\"wp-block-embed is-type-rich is-provider-spotify wp-block-embed-spotify wp-embed-aspect-21-9 wp-has-aspect-ratio\"><div class=\"wp-block-embed__wrapper\">\nhttps:\/\/open.spotify.com\/episode\/0Ak0oCO9CrMSWZGFRGiFzi?si=d6148ae206fc49a1\n<\/div><\/figure>\n","protected":false},"excerpt":{"rendered":"<p>A prop\u00f3sito do lan\u00e7amento do Guia das Pequenas Grandes Poupan\u00e7a, este m\u00eas o PodPoupar+ ensina-lhe estrat\u00e9gias para ensinar os princ\u00edpios b\u00e1sicos de poupan\u00e7a aos seus filhos, nas v\u00e1rias faixas et\u00e1rias. O guia das Pequenas Grandes Poupan\u00e7as encontra-se dispon\u00edvel para download em montepio.org<\/p>\n","protected":false},"author":29,"featured_media":773,"parent":440,"menu_order":10,"comment_status":"closed","ping_status":"closed","template":"page_for-podcast.php","meta":{"footnotes":""},"class_list":["post-770","page","type-page","status-publish","has-post-thumbnail","hentry"],"_links":{"self":[{"href":"https:\/\/bs.xl.pt\/espaco-m365\/wp-json\/wp\/v2\/pages\/770","targetHints":{"allow":["GET"]}}],"collection":[{"href":"https:\/\/bs.xl.pt\/espaco-m365\/wp-json\/wp\/v2\/pages"}],"about":[{"href":"https:\/\/bs.xl.pt\/espaco-m365\/wp-json\/wp\/v2\/types\/page"}],"author":[{"embeddable":true,"href":"https:\/\/bs.xl.pt\/espaco-m365\/wp-json\/wp\/v2\/users\/29"}],"replies":[{"embeddable":true,"href":"https:\/\/bs.xl.pt\/espaco-m365\/wp-json\/wp\/v2\/comments?post=770"}],"version-history":[{"count":8,"href":"https:\/\/bs.xl.pt\/espaco-m365\/wp-json\/wp\/v2\/pages\/770\/revisions"}],"predecessor-version":[{"id":1169,"href":"https:\/\/bs.xl.pt\/espaco-m365\/wp-json\/wp\/v2\/pages\/770\/revisions\/1169"}],"up":[{"embeddable":true,"href":"https:\/\/bs.xl.pt\/espaco-m365\/wp-json\/wp\/v2\/pages\/440"}],"wp:featuredmedia":[{"embeddable":true,"href":"https:\/\/bs.xl.pt\/espaco-m365\/wp-json\/wp\/v2\/media\/773"}],"wp:attachment":[{"href":"https:\/\/bs.xl.pt\/espaco-m365\/wp-json\/wp\/v2\/media?parent=770"}],"curies":[{"name":"wp","href":"https:\/\/api.w.org\/{rel}","templated":true}]}}