{"id":1039,"date":"2022-09-28T11:34:27","date_gmt":"2022-09-28T11:34:27","guid":{"rendered":"https:\/\/bs.xl.pt\/investir-em-saude\/?page_id=1039"},"modified":"2022-10-11T15:26:06","modified_gmt":"2022-10-11T15:26:06","slug":"4a-edicao","status":"publish","type":"page","link":"https:\/\/bs.xl.pt\/investir-em-saude\/vencedores\/4a-edicao\/","title":{"rendered":"4\u00aa Edi\u00e7\u00e3o"},"content":{"rendered":"\n<div class=\"wp-block-group\"><div class=\"wp-block-group__inner-container is-layout-flow wp-block-group-is-layout-flow\">\n<h2 class=\"wp-block-heading\">Ado\u00e7\u00e3o de Tecnologia<\/h2>\n\n\n<div class=\"uk-margin-medium\"><iframe width=\"1280\" height=\"720\" src=\"\/\/www.youtube.com\/embed\/rbLo4iNa9Lk?showinfo=0\" frameborder=\"0\" allowfullscreen data-uk-responsive loading=\"lazy\" referrerpolicy=\"no-referrer-when-downgrade\" title=\"\"><\/iframe><\/div>\n\n\n\n<h3 class=\"wp-block-heading\">Vencedor<\/h3>\n\n\n\n<p>Centro Hospitalar e Universit\u00e1rio de S\u00e3o Jo\u00e3o<\/p>\n<\/div><\/div>\n\n\n\n<div class=\"wp-block-group\"><div class=\"wp-block-group__inner-container is-layout-flow wp-block-group-is-layout-flow\">\n<h2 class=\"wp-block-heading\">Organiza\u00e7\u00e3o Centrada no Doente<\/h2>\n\n\n<div class=\"uk-margin-medium\"><iframe width=\"1280\" height=\"720\" src=\"\/\/www.youtube.com\/embed\/CaSsNUCxjkI?showinfo=0\" frameborder=\"0\" allowfullscreen data-uk-responsive loading=\"lazy\" referrerpolicy=\"no-referrer-when-downgrade\" title=\"\"><\/iframe><\/div>\n\n\n\n<h3 class=\"wp-block-heading\">Vencedor<\/h3>\n\n\n\n<p>Hospital de Santo Espirito da Ilha Terceira<\/p>\n<\/div><\/div>\n\n\n\n<div class=\"wp-block-group\"><div class=\"wp-block-group__inner-container is-layout-flow wp-block-group-is-layout-flow\">\n<h2 class=\"wp-block-heading\">Value Based Healthcare<\/h2>\n\n\n<div class=\"uk-margin-medium\"><iframe width=\"1280\" height=\"720\" src=\"\/\/www.youtube.com\/embed\/KW_Wt5y40aQ?showinfo=0\" frameborder=\"0\" allowfullscreen data-uk-responsive loading=\"lazy\" referrerpolicy=\"no-referrer-when-downgrade\" title=\"\"><\/iframe><\/div>\n\n\n\n<h3 class=\"wp-block-heading\">Vencedor<\/h3>\n\n\n\n<p>Luz Sa\u00fade<\/p>\n<\/div><\/div>\n\n\n\n<div class=\"wp-block-group\"><div class=\"wp-block-group__inner-container is-layout-flow wp-block-group-is-layout-flow\">\n<h2 class=\"wp-block-heading\">V\u00eddeo-Resumo<\/h2>\n\n\n\n<p>Reveja os melhores momentos da 7\u00aa Confer\u00eancia Investir em Sa\u00fade.<\/p>\n\n\n<div class=\"uk-margin-medium\"><iframe width=\"1280\" height=\"720\" src=\"\/\/www.youtube.com\/embed\/0dECPUZ6jbo?showinfo=0\" frameborder=\"0\" allowfullscreen data-uk-responsive loading=\"lazy\" referrerpolicy=\"no-referrer-when-downgrade\" title=\"\"><\/iframe><\/div>\n<\/div><\/div>\n","protected":false},"excerpt":{"rendered":"<p>Ado\u00e7\u00e3o de Tecnologia Vencedor Centro Hospitalar e Universit\u00e1rio de S\u00e3o Jo\u00e3o Organiza\u00e7\u00e3o Centrada no Doente Vencedor Hospital de Santo Espirito da Ilha Terceira Value Based Healthcare Vencedor Luz Sa\u00fade V\u00eddeo-Resumo Reveja os melhores momentos da 7\u00aa Confer\u00eancia Investir em Sa\u00fade.<\/p>\n","protected":false},"author":5,"featured_media":0,"parent":377,"menu_order":0,"comment_status":"closed","ping_status":"closed","template":"page_for-vencedores.php","meta":{"footnotes":""},"class_list":["post-1039","page","type-page","status-publish","hentry"],"_links":{"self":[{"href":"https:\/\/bs.xl.pt\/investir-em-saude\/wp-json\/wp\/v2\/pages\/1039","targetHints":{"allow":["GET"]}}],"collection":[{"href":"https:\/\/bs.xl.pt\/investir-em-saude\/wp-json\/wp\/v2\/pages"}],"about":[{"href":"https:\/\/bs.xl.pt\/investir-em-saude\/wp-json\/wp\/v2\/types\/page"}],"author":[{"embeddable":true,"href":"https:\/\/bs.xl.pt\/investir-em-saude\/wp-json\/wp\/v2\/users\/5"}],"replies":[{"embeddable":true,"href":"https:\/\/bs.xl.pt\/investir-em-saude\/wp-json\/wp\/v2\/comments?post=1039"}],"version-history":[{"count":10,"href":"https:\/\/bs.xl.pt\/investir-em-saude\/wp-json\/wp\/v2\/pages\/1039\/revisions"}],"predecessor-version":[{"id":1306,"href":"https:\/\/bs.xl.pt\/investir-em-saude\/wp-json\/wp\/v2\/pages\/1039\/revisions\/1306"}],"up":[{"embeddable":true,"href":"https:\/\/bs.xl.pt\/investir-em-saude\/wp-json\/wp\/v2\/pages\/377"}],"wp:attachment":[{"href":"https:\/\/bs.xl.pt\/investir-em-saude\/wp-json\/wp\/v2\/media?parent=1039"}],"curies":[{"name":"wp","href":"https:\/\/api.w.org\/{rel}","templated":true}]}}