{"id":419,"date":"2022-04-06T09:54:55","date_gmt":"2022-04-06T09:54:55","guid":{"rendered":"https:\/\/bs.xl.pt\/investir-em-saude\/?page_id=419"},"modified":"2022-04-11T09:29:03","modified_gmt":"2022-04-11T09:29:03","slug":"2a-edicao","status":"publish","type":"page","link":"https:\/\/bs.xl.pt\/investir-em-saude\/vencedores\/2a-edicao\/","title":{"rendered":"2\u00aa Edi\u00e7\u00e3o"},"content":{"rendered":"\n<div class=\"wp-block-group\"><div class=\"wp-block-group__inner-container is-layout-flow wp-block-group-is-layout-flow\">\n<h2 class=\"wp-block-heading\">Value-based Healthcare<\/h2>\n\n\n<div class=\"uk-margin-medium\"><iframe width=\"1280\" height=\"720\" src=\"\/\/www.youtube.com\/embed\/EpNh-EYDST8?showinfo=0\" frameborder=\"0\" allowfullscreen data-uk-responsive loading=\"lazy\" referrerpolicy=\"no-referrer-when-downgrade\" title=\"\"><\/iframe><\/div>\n\n\n\n<h3 class=\"wp-block-heading\">Vencedor<\/h3>\n\n\n\n<p>Centro Hospitalar Universit\u00e1rio de Lisboa Central, EPE.<\/p>\n<\/div><\/div>\n\n\n\n<div class=\"wp-block-group\"><div class=\"wp-block-group__inner-container is-layout-flow wp-block-group-is-layout-flow\">\n<h2 class=\"wp-block-heading\">Inova\u00e7\u00e3o Hospitalar<\/h2>\n\n\n<div class=\"uk-margin-medium\"><iframe width=\"1280\" height=\"720\" src=\"\/\/www.youtube.com\/embed\/i_V5BKFEe8Y?showinfo=0\" frameborder=\"0\" allowfullscreen data-uk-responsive loading=\"lazy\" referrerpolicy=\"no-referrer-when-downgrade\" title=\"\"><\/iframe><\/div>\n\n\n\n<h3 class=\"wp-block-heading\">Vencedor<\/h3>\n\n\n\n<p>Instituto Portugu\u00eas de Oncologia de Coimbra Francisco Gentil, EPE<\/p>\n<\/div><\/div>\n\n\n\n<div class=\"wp-block-group\"><div class=\"wp-block-group__inner-container is-layout-flow wp-block-group-is-layout-flow\">\n<h2 class=\"wp-block-heading\">Participa\u00e7\u00e3o do Doente<\/h2>\n\n\n<div class=\"uk-margin-medium\"><iframe width=\"1280\" height=\"720\" src=\"\/\/www.youtube.com\/embed\/0unKvte9CSI?showinfo=0\" frameborder=\"0\" allowfullscreen data-uk-responsive loading=\"lazy\" referrerpolicy=\"no-referrer-when-downgrade\" title=\"\"><\/iframe><\/div>\n\n\n\n<h3 class=\"wp-block-heading\">Vencedor<\/h3>\n\n\n\n<p>ARSLVT &#8211; ACES &#8211; Almada Seixal &#8211; USF Cova da Piedade<\/p>\n<\/div><\/div>\n\n\n\n<div class=\"wp-block-group\"><div class=\"wp-block-group__inner-container is-layout-flow wp-block-group-is-layout-flow\">\n<h2 class=\"wp-block-heading\">V\u00eddeo-Resumo<\/h2>\n\n\n\n<p>Reveja os melhores momentos da Confer\u00eancia Investir em Sa\u00fade e da entrega de pr\u00e9mios.<\/p>\n\n\n<div class=\"uk-margin-medium\"><iframe width=\"1280\" height=\"720\" src=\"\/\/www.youtube.com\/embed\/RKsqLe31DAU?showinfo=0\" frameborder=\"0\" allowfullscreen data-uk-responsive loading=\"lazy\" referrerpolicy=\"no-referrer-when-downgrade\" title=\"\"><\/iframe><\/div>\n<\/div><\/div>\n","protected":false},"excerpt":{"rendered":"<p>Value-based Healthcare Vencedor Centro Hospitalar Universit\u00e1rio de Lisboa Central, EPE. Inova\u00e7\u00e3o Hospitalar Vencedor Instituto Portugu\u00eas de Oncologia de Coimbra Francisco Gentil, EPE Participa\u00e7\u00e3o do Doente Vencedor ARSLVT &#8211; ACES &#8211; Almada Seixal &#8211; USF Cova da Piedade V\u00eddeo-Resumo Reveja os melhores momentos da Confer\u00eancia Investir em Sa\u00fade e da entrega de pr\u00e9mios.<\/p>\n","protected":false},"author":5,"featured_media":0,"parent":377,"menu_order":0,"comment_status":"closed","ping_status":"closed","template":"page_for-vencedores.php","meta":{"footnotes":""},"class_list":["post-419","page","type-page","status-publish","hentry"],"_links":{"self":[{"href":"https:\/\/bs.xl.pt\/investir-em-saude\/wp-json\/wp\/v2\/pages\/419","targetHints":{"allow":["GET"]}}],"collection":[{"href":"https:\/\/bs.xl.pt\/investir-em-saude\/wp-json\/wp\/v2\/pages"}],"about":[{"href":"https:\/\/bs.xl.pt\/investir-em-saude\/wp-json\/wp\/v2\/types\/page"}],"author":[{"embeddable":true,"href":"https:\/\/bs.xl.pt\/investir-em-saude\/wp-json\/wp\/v2\/users\/5"}],"replies":[{"embeddable":true,"href":"https:\/\/bs.xl.pt\/investir-em-saude\/wp-json\/wp\/v2\/comments?post=419"}],"version-history":[{"count":6,"href":"https:\/\/bs.xl.pt\/investir-em-saude\/wp-json\/wp\/v2\/pages\/419\/revisions"}],"predecessor-version":[{"id":602,"href":"https:\/\/bs.xl.pt\/investir-em-saude\/wp-json\/wp\/v2\/pages\/419\/revisions\/602"}],"up":[{"embeddable":true,"href":"https:\/\/bs.xl.pt\/investir-em-saude\/wp-json\/wp\/v2\/pages\/377"}],"wp:attachment":[{"href":"https:\/\/bs.xl.pt\/investir-em-saude\/wp-json\/wp\/v2\/media?parent=419"}],"curies":[{"name":"wp","href":"https:\/\/api.w.org\/{rel}","templated":true}]}}