{"id":425,"date":"2022-04-08T17:41:36","date_gmt":"2022-04-08T17:41:36","guid":{"rendered":"https:\/\/bs.xl.pt\/investir-em-saude\/?page_id=425"},"modified":"2022-04-11T09:03:23","modified_gmt":"2022-04-11T09:03:23","slug":"1a-edicao","status":"publish","type":"page","link":"https:\/\/bs.xl.pt\/investir-em-saude\/vencedores\/1a-edicao\/","title":{"rendered":"1\u00aa Edi\u00e7\u00e3o"},"content":{"rendered":"\n<div class=\"wp-block-group\"><div class=\"wp-block-group__inner-container is-layout-flow wp-block-group-is-layout-flow\">\n<h2 class=\"wp-block-heading\">Modelos Centrados no Doente<\/h2>\n\n\n<div class=\"uk-inline\"><img decoding=\"async\" src=\"https:\/\/cdn.xl.pt\/bs\/uploads\/sites\/89\/2022\/04\/Anexo-II-CHUCB-logo4.png\" alt=\"1\u00aa Edi\u00e7\u00e3o | Investir em Sa\u00fade\" loading=\"lazy\" \/><\/div><p class=\"uk-hidden@s uk-text-small uk-text-muted uk-margin-small-top uk-margin-medium-bottom uk-text-left\"><\/p>\n\n\n\n<h3 class=\"wp-block-heading\">Vencedor<\/h3>\n\n\n\n<p>Centro Hospitalar Universit\u00e1rio Cova da Beira, E.P.E.<\/p>\n<\/div><\/div>\n\n\n\n<div class=\"wp-block-group\"><div class=\"wp-block-group__inner-container is-layout-flow wp-block-group-is-layout-flow\">\n<h2 class=\"wp-block-heading\">Organiza\u00e7\u00e3o de Hospitais<\/h2>\n\n\n<div class=\"uk-inline\"><img decoding=\"async\" src=\"https:\/\/cdn.xl.pt\/bs\/uploads\/sites\/89\/2022\/04\/centro-hospitalar-de-setubal.png\" alt=\"1\u00aa Edi\u00e7\u00e3o | Investir em Sa\u00fade\" loading=\"lazy\" \/><\/div><p class=\"uk-hidden@s uk-text-small uk-text-muted uk-margin-small-top uk-margin-medium-bottom uk-text-left\"><\/p>\n\n\n\n<h3 class=\"wp-block-heading\">Vencedor<\/h3>\n\n\n\n<p> Centro Hospitalar de Set\u00fabal, E.P.E. <\/p>\n<\/div><\/div>\n\n\n\n<div class=\"wp-block-group\"><div class=\"wp-block-group__inner-container is-layout-flow wp-block-group-is-layout-flow\">\n<h2 class=\"wp-block-heading\">Value-based Healthcare<\/h2>\n\n\n<div class=\"uk-inline\"><img decoding=\"async\" src=\"https:\/\/cdn.xl.pt\/bs\/uploads\/sites\/89\/2022\/04\/Hospital-de-Santar_m.png\" alt=\"1\u00aa Edi\u00e7\u00e3o | Investir em Sa\u00fade\" loading=\"lazy\" \/><\/div><p class=\"uk-hidden@s uk-text-small uk-text-muted uk-margin-small-top uk-margin-medium-bottom uk-text-left\"><\/p>\n\n\n\n<h3 class=\"wp-block-heading\">Vencedor<\/h3>\n\n\n\n<p>Hospital de Santar\u00e9m<\/p>\n<\/div><\/div>\n\n\n\n<div class=\"wp-block-group\"><div class=\"wp-block-group__inner-container is-layout-flow wp-block-group-is-layout-flow\">\n<h2 class=\"wp-block-heading\">Fotogaleria<\/h2>\n\n\n\n<p>Confira a fotogaleria da Confer\u00eancia e Entrega dos Pr\u00e9mios &#8220;Investir em Sa\u00fade&#8221;.<\/p>\n\n\n<div class=\"uk-position-relative uk-visible-toggle uk-light\" tabindex=\"-1\" data-uk-slideshow>\n<ul class=\"uk-slideshow-items\">\n<li>\n<img decoding=\"async\" id=\"509\" src=\"https:\/\/cdn.xl.pt\/bs\/uploads\/sites\/89\/2022\/04\/19222160-scaled.jpg\" alt=\"\" data-uk-cover \/>\n<\/li>\n<li>\n<img decoding=\"async\" id=\"506\" src=\"https:\/\/cdn.xl.pt\/bs\/uploads\/sites\/89\/2022\/04\/19222352-scaled.jpg\" alt=\"\" data-uk-cover \/>\n<\/li>\n<li>\n<img decoding=\"async\" id=\"512\" src=\"https:\/\/cdn.xl.pt\/bs\/uploads\/sites\/89\/2022\/04\/19222170-scaled.jpg\" alt=\"\" data-uk-cover \/>\n<\/li>\n<li>\n<img decoding=\"async\" id=\"515\" src=\"https:\/\/cdn.xl.pt\/bs\/uploads\/sites\/89\/2022\/04\/19222182-scaled.jpg\" alt=\"\" data-uk-cover \/>\n<\/li>\n<li>\n<img decoding=\"async\" id=\"518\" src=\"https:\/\/cdn.xl.pt\/bs\/uploads\/sites\/89\/2022\/04\/19222186-scaled.jpg\" alt=\"\" data-uk-cover \/>\n<\/li>\n<li>\n<img decoding=\"async\" id=\"521\" src=\"https:\/\/cdn.xl.pt\/bs\/uploads\/sites\/89\/2022\/04\/19222200-scaled.jpg\" alt=\"\" data-uk-cover \/>\n<\/li>\n<li>\n<img decoding=\"async\" id=\"524\" src=\"https:\/\/cdn.xl.pt\/bs\/uploads\/sites\/89\/2022\/04\/19222201-scaled.jpg\" alt=\"\" data-uk-cover \/>\n<\/li>\n<li>\n<img decoding=\"async\" id=\"527\" src=\"https:\/\/cdn.xl.pt\/bs\/uploads\/sites\/89\/2022\/04\/19222202-scaled.jpg\" alt=\"\" data-uk-cover \/>\n<\/li>\n<li>\n<img decoding=\"async\" id=\"530\" src=\"https:\/\/cdn.xl.pt\/bs\/uploads\/sites\/89\/2022\/04\/19222205-scaled.jpg\" alt=\"\" data-uk-cover \/>\n<\/li>\n<li>\n<img decoding=\"async\" id=\"533\" src=\"https:\/\/cdn.xl.pt\/bs\/uploads\/sites\/89\/2022\/04\/19222206-scaled.jpg\" alt=\"\" data-uk-cover \/>\n<\/li>\n<li>\n<img decoding=\"async\" id=\"536\" src=\"https:\/\/cdn.xl.pt\/bs\/uploads\/sites\/89\/2022\/04\/19222216-scaled.jpg\" alt=\"\" data-uk-cover \/>\n<\/li>\n<li>\n<img decoding=\"async\" id=\"539\" src=\"https:\/\/cdn.xl.pt\/bs\/uploads\/sites\/89\/2022\/04\/19222243-scaled.jpg\" alt=\"\" data-uk-cover \/>\n<\/li>\n<li>\n<img decoding=\"async\" id=\"545\" src=\"https:\/\/cdn.xl.pt\/bs\/uploads\/sites\/89\/2022\/04\/19222265-scaled.jpg\" alt=\"\" data-uk-cover \/>\n<\/li>\n<li>\n<img decoding=\"async\" id=\"548\" src=\"https:\/\/cdn.xl.pt\/bs\/uploads\/sites\/89\/2022\/04\/19222268-scaled.jpg\" alt=\"\" data-uk-cover \/>\n<\/li>\n<li>\n<img decoding=\"async\" id=\"551\" src=\"https:\/\/cdn.xl.pt\/bs\/uploads\/sites\/89\/2022\/04\/19222276-scaled.jpg\" alt=\"\" data-uk-cover \/>\n<\/li>\n<li>\n<img decoding=\"async\" id=\"554\" src=\"https:\/\/cdn.xl.pt\/bs\/uploads\/sites\/89\/2022\/04\/19222291-scaled.jpg\" alt=\"\" data-uk-cover \/>\n<\/li>\n<li>\n<img decoding=\"async\" id=\"557\" src=\"https:\/\/cdn.xl.pt\/bs\/uploads\/sites\/89\/2022\/04\/19222311-scaled.jpg\" alt=\"\" data-uk-cover \/>\n<\/li>\n<li>\n<img decoding=\"async\" id=\"560\" src=\"https:\/\/cdn.xl.pt\/bs\/uploads\/sites\/89\/2022\/04\/19222317-scaled.jpg\" alt=\"\" data-uk-cover \/>\n<\/li>\n<li>\n<img decoding=\"async\" id=\"563\" src=\"https:\/\/cdn.xl.pt\/bs\/uploads\/sites\/89\/2022\/04\/19222329-scaled.jpg\" alt=\"\" data-uk-cover \/>\n<\/li>\n<li>\n<img decoding=\"async\" id=\"566\" src=\"https:\/\/cdn.xl.pt\/bs\/uploads\/sites\/89\/2022\/04\/19222331-scaled.jpg\" alt=\"\" data-uk-cover \/>\n<\/li>\n<li>\n<img decoding=\"async\" id=\"569\" src=\"https:\/\/cdn.xl.pt\/bs\/uploads\/sites\/89\/2022\/04\/19222349-scaled.jpg\" alt=\"\" data-uk-cover \/>\n<\/li>\n<li>\n<img decoding=\"async\" id=\"572\" src=\"https:\/\/cdn.xl.pt\/bs\/uploads\/sites\/89\/2022\/04\/19222351-scaled.jpg\" alt=\"\" data-uk-cover \/>\n<\/li>\n<\/ul>\n<a class=\"uk-position-center-left uk-position-small uk-hidden-hover\" href=\"#\" uk-slidenav-previous uk-slideshow-item=\"previous\"><\/a>\n<a class=\"uk-position-center-right uk-position-small uk-hidden-hover\" href=\"#\" uk-slidenav-next uk-slideshow-item=\"next\"><\/a>\n<\/div>\n\n<\/div><\/div>\n","protected":false},"excerpt":{"rendered":"<p>Modelos Centrados no Doente Vencedor Centro Hospitalar Universit\u00e1rio Cova da Beira, E.P.E. Organiza\u00e7\u00e3o de Hospitais Vencedor Centro Hospitalar de Set\u00fabal, E.P.E. Value-based Healthcare Vencedor Hospital de Santar\u00e9m Fotogaleria Confira a fotogaleria da Confer\u00eancia e Entrega dos Pr\u00e9mios &#8220;Investir em Sa\u00fade&#8221;.<\/p>\n","protected":false},"author":5,"featured_media":0,"parent":377,"menu_order":0,"comment_status":"closed","ping_status":"closed","template":"page_for-vencedores.php","meta":{"footnotes":""},"class_list":["post-425","page","type-page","status-publish","hentry"],"_links":{"self":[{"href":"https:\/\/bs.xl.pt\/investir-em-saude\/wp-json\/wp\/v2\/pages\/425","targetHints":{"allow":["GET"]}}],"collection":[{"href":"https:\/\/bs.xl.pt\/investir-em-saude\/wp-json\/wp\/v2\/pages"}],"about":[{"href":"https:\/\/bs.xl.pt\/investir-em-saude\/wp-json\/wp\/v2\/types\/page"}],"author":[{"embeddable":true,"href":"https:\/\/bs.xl.pt\/investir-em-saude\/wp-json\/wp\/v2\/users\/5"}],"replies":[{"embeddable":true,"href":"https:\/\/bs.xl.pt\/investir-em-saude\/wp-json\/wp\/v2\/comments?post=425"}],"version-history":[{"count":11,"href":"https:\/\/bs.xl.pt\/investir-em-saude\/wp-json\/wp\/v2\/pages\/425\/revisions"}],"predecessor-version":[{"id":593,"href":"https:\/\/bs.xl.pt\/investir-em-saude\/wp-json\/wp\/v2\/pages\/425\/revisions\/593"}],"up":[{"embeddable":true,"href":"https:\/\/bs.xl.pt\/investir-em-saude\/wp-json\/wp\/v2\/pages\/377"}],"wp:attachment":[{"href":"https:\/\/bs.xl.pt\/investir-em-saude\/wp-json\/wp\/v2\/media?parent=425"}],"curies":[{"name":"wp","href":"https:\/\/api.w.org\/{rel}","templated":true}]}}