{"id":34,"date":"2023-10-17T15:11:23","date_gmt":"2023-10-17T15:11:23","guid":{"rendered":"https:\/\/bs.xl.pt\/jogo-da-bolsa\/?page_id=34"},"modified":"2023-10-17T15:11:24","modified_gmt":"2023-10-17T15:11:24","slug":"premios","status":"publish","type":"page","link":"https:\/\/bs.xl.pt\/jogo-da-bolsa\/premios\/","title":{"rendered":"Pr\u00e9mios"},"content":{"rendered":"\n<h3 class=\"wp-block-heading\">Classifica\u00e7\u00e3o global<\/h3>\n\n\n\n<p><strong>Primeiro<\/strong> Classificado \u2013 Cheque Cart\u00e3o da <strong>R\u00e1dio Popular<\/strong> no valor de <strong>2.000\u20ac<\/strong>;<br><strong>Segundo<\/strong> Classificado \u2013 Cheque Cart\u00e3o da <strong>R\u00e1dio Popular<\/strong> no valor de <strong>1.000 \u20ac<\/strong>;<br><strong>Terceiro<\/strong> Classificado \u2013 Cheque Cart\u00e3o da <strong><strong>R\u00e1dio Popular<\/strong> <\/strong>no valor de <strong>500 \u20ac<\/strong>;<\/p>\n\n\n\n<hr class=\"uk-divider-small\" \/>\n\n\n\n<h3 class=\"wp-block-heading\">Classifica\u00e7\u00e3o semanal geral<\/h3>\n\n\n\n<p><strong>Primeira semana<\/strong> &#8211; Cheque Cart\u00e3o da <strong>R\u00e1dio Popular<\/strong> no valor de <strong>250 \u20ac<\/strong>;<br><strong>Segunda semana<\/strong> &#8211; Cheque Cart\u00e3o da <strong>R\u00e1dio Popular<\/strong> no valor de <strong>250 \u20ac<\/strong>;<br><strong>Terceira semana<\/strong> &#8211; Cheque Cart\u00e3o da <strong><strong>R\u00e1dio Popular<\/strong> <\/strong>no valor de <strong>250 \u20ac<\/strong>;<br><strong>Quarta semana<\/strong> &#8211; Cheque Cart\u00e3o da <strong>R\u00e1dio Popular<\/strong> no valor de <strong>250 \u20ac<\/strong>;<\/p>\n\n\n\n<hr class=\"uk-divider-small\" \/>\n\n\n\n<h3 class=\"wp-block-heading\">Classifica\u00e7\u00e3o universit\u00e1ria<\/h3>\n\n\n\n<p><strong>Primeiro<\/strong> Classificado \u2013 Cheque Cart\u00e3o da <strong>R\u00e1dio Popular<\/strong> no valor de <strong>1.000 \u20ac<\/strong>;<br><strong>Segundo<\/strong> Classificado \u2013 Cheque Cart\u00e3o da <strong>R\u00e1dio Popular<\/strong> no valor de <strong>500 \u20ac<\/strong>;<br><strong>Terceiro<\/strong> Classificado \u2013 Cheque Cart\u00e3o da <strong>R\u00e1dio Popular<\/strong> no valor de <strong>250 \u20ac<\/strong>;<\/p>\n\n\n\n<hr class=\"uk-divider-small\" \/>\n\n\n\n<h3 class=\"wp-block-heading\">Classifica\u00e7\u00e3o universo ISCTE Business School<\/h3>\n\n\n\n<p><strong>Primeiro <\/strong>Classificado<br><strong>Est\u00e1gio<\/strong> Sala de Mercados do Banco Carregosa;<br>Cheque Cart\u00e3o da <strong>R\u00e1dio Popular <\/strong>no valor de <strong>350 \u20ac<\/strong>;<\/p>\n\n\n\n<p><strong>Segundo<\/strong> Classificado<br>Cheque Cart\u00e3o da <strong>R\u00e1dio Popular<\/strong> no valor de <strong>250 \u20ac<\/strong>;<\/p>\n\n\n\n<p><strong>Terceiro<\/strong> Classificado<br>Cheque Cart\u00e3o da <strong>R\u00e1dio Popular<\/strong> no valor de <strong>150 \u20ac<\/strong>;<\/p>\n\n\n\n<hr class=\"uk-divider-small\" \/>\n\n\n\n<p>Os pr\u00e9mios mencionados referem-se aos produtos j\u00e1 adquiridos pela organiza\u00e7\u00e3o do passatempo, embora possam, a todo tempo e por decis\u00e3o da organiza\u00e7\u00e3o, ser alterados por outro(s) equivalente(s) ou semelhante(s).<\/p>\n","protected":false},"excerpt":{"rendered":"<p>Classifica\u00e7\u00e3o global Primeiro Classificado \u2013 Cheque Cart\u00e3o da R\u00e1dio Popular no valor de 2.000\u20ac;Segundo Classificado \u2013 Cheque Cart\u00e3o da R\u00e1dio Popular no valor de 1.000 \u20ac;Terceiro Classificado \u2013 Cheque Cart\u00e3o da R\u00e1dio Popular no valor de 500 \u20ac; Classifica\u00e7\u00e3o semanal geral Primeira semana &#8211; Cheque Cart\u00e3o da R\u00e1dio Popular no valor de 250 \u20ac;Segunda semana [&hellip;]<\/p>\n","protected":false},"author":5,"featured_media":0,"parent":0,"menu_order":0,"comment_status":"closed","ping_status":"closed","template":"","meta":{"footnotes":""},"class_list":["post-34","page","type-page","status-publish","hentry"],"_links":{"self":[{"href":"https:\/\/bs.xl.pt\/jogo-da-bolsa\/wp-json\/wp\/v2\/pages\/34","targetHints":{"allow":["GET"]}}],"collection":[{"href":"https:\/\/bs.xl.pt\/jogo-da-bolsa\/wp-json\/wp\/v2\/pages"}],"about":[{"href":"https:\/\/bs.xl.pt\/jogo-da-bolsa\/wp-json\/wp\/v2\/types\/page"}],"author":[{"embeddable":true,"href":"https:\/\/bs.xl.pt\/jogo-da-bolsa\/wp-json\/wp\/v2\/users\/5"}],"replies":[{"embeddable":true,"href":"https:\/\/bs.xl.pt\/jogo-da-bolsa\/wp-json\/wp\/v2\/comments?post=34"}],"version-history":[{"count":1,"href":"https:\/\/bs.xl.pt\/jogo-da-bolsa\/wp-json\/wp\/v2\/pages\/34\/revisions"}],"predecessor-version":[{"id":37,"href":"https:\/\/bs.xl.pt\/jogo-da-bolsa\/wp-json\/wp\/v2\/pages\/34\/revisions\/37"}],"wp:attachment":[{"href":"https:\/\/bs.xl.pt\/jogo-da-bolsa\/wp-json\/wp\/v2\/media?parent=34"}],"curies":[{"name":"wp","href":"https:\/\/api.w.org\/{rel}","templated":true}]}}