{"id":391,"date":"2022-10-18T16:38:47","date_gmt":"2022-10-18T15:38:47","guid":{"rendered":"https:\/\/bs.xl.pt\/mais-do-que-uma-estrada\/?page_id=391"},"modified":"2022-10-21T16:02:17","modified_gmt":"2022-10-21T15:02:17","slug":"mais-do-que-uma-estrada-um-caminho-a-descobrir","status":"publish","type":"page","link":"https:\/\/bs.xl.pt\/mais-do-que-uma-estrada\/mais-do-que-uma-estrada-um-caminho-a-descobrir\/","title":{"rendered":"Mais do que uma Estrada, um caminho a descobrir"},"content":{"rendered":"\n<h4 class=\"wp-block-heading\">Percorrer a Nacional 2 \u00e9 ver Portugal passar diante dos olhos. Ao longo de doze epis\u00f3dios, os 739 quil\u00f3metros que atravessam Portugal de norte a sul s\u00e3o a promessa de uma viagem \u00fanica e inesquec\u00edvel. No p\u00f3dio de maior estrada nacional, e terceira maior do mundo, esta rota hist\u00f3rica n\u00e3o se mede s\u00f3 pelo tamanho, mas pelo valor ineg\u00e1vel das experi\u00eancias que oferece, em todos os sentidos. E para todos os sentidos.<\/h4>\n\n\n\n<p>Descubra as paragens imperd\u00edveis desta viagem. S\u00e3o 23 lugares para descobrir:<\/p>\n\n\n\n<p><strong>1. Santa Marta de Penagui\u00e3o<\/strong><\/p>\n\n\n\n<p>Do Alto Douro Vinhateiro, Patrim\u00f3nio Mundial da Humanidade pela UNESCO, \u00e0 serra do Mar\u00e3o, a rece\u00e7\u00e3o dos penaguienses promete uma visita divertida e feliz.<\/p>\n\n\n\n<p><strong>2. Restaurante O Pr\u00edncipe<\/strong><\/p>\n\n\n\n<p>A gastronomia da regi\u00e3o convida a momentos inesquec\u00edveis. Neste restaurante de Chaves, destacam-se o arroz de marisco e as parrilhadas. N\u00e3o se v\u00e1 embora sem se deliciar com a carne Barros\u00e3, o presunto e o famoso folar.<\/p>\n\n\n\n<p><strong>3. Peso da R\u00e9gua<\/strong><\/p>\n\n\n\n<p>Este \u00e9 um destino de enoturismo por excel\u00eancia. Aproveite as <em>tours<\/em>, as provas de vinho e as mais incr\u00edveis paisagens.<\/p>\n\n\n\n<p><strong>4. Lamego<\/strong><\/p>\n\n\n\n<p>Foi neste munic\u00edpio, dono de um legado hist\u00f3rico, cultural, arquitet\u00f3nico e paisag\u00edstico \u00fanico, que decorreram as lend\u00e1rias Cortes de Lamego, em que D. Afonso Henriques foi aclamado Rei de Portugal.<\/p>\n\n\n\n<p><strong>5. Santa Comba D\u00e3o<\/strong><\/p>\n\n\n\n<p>\u00c9 imposs\u00edvel ficar indiferente a este munic\u00edpio. Aqui encontramos uma cidade, plena de romantismo e de pequenas maravilhas, que soube aliar tradi\u00e7\u00e3o modernidade, natureza e conforto.<\/p>\n\n\n\n<p><strong>6. Luna Hotel<\/strong><\/p>\n\n\n\n<p>\u00c9 o local perfeito para descansar em T\u00e1bua. Mas antes do descanso, recupere for\u00e7as no Restaurante Oliva by Hotel Luna, distinguido no <em>Guia de Restaurantes Sele\u00e7\u00e3o Gastronomia e Vinhos 2022 da Regi\u00e3o de Coimbra<\/em>.<\/p>\n\n\n\n<p><strong>7. Go Caravaning<\/strong><\/p>\n\n\n\n<p>Se \u00e9 um apaixonado pela natureza, desfrute da liberdade sem renunciar ao conforto e \u00e0 seguran\u00e7a, com uma estadia nestas autocaravanas.<\/p>\n\n\n\n<p><strong>8. Restaurante Casa Velha<\/strong><\/p>\n\n\n\n<p>Desfrute dos sabores \u00fanicos da gastronomia local neste restaurante bem conhecido dos lousanenses. Siga a sugest\u00e3o: pataniscas com arroz de feij\u00e3o, cabrito \u00e0 moda da casa e chanfana de cabra velha.<\/p>\n\n\n\n<p><strong>9. Earth Consulters<\/strong><\/p>\n\n\n\n<p>Enquanto visit\u00e1mos o para\u00edso que \u00e9 o Miradouro de Nossa Senhora da Piedade, na Lous\u00e3, conhecemos o trabalho da parceira da Quercus, ativa na preserva\u00e7\u00e3o do meio ambiente e que, ao longo dos anos, desenvolveu uma s\u00e9rie de refloresta\u00e7\u00f5es no Pa\u00eds.<\/p>\n\n\n\n<p><strong>10. Pedr\u00f3g\u00e3o Grande<\/strong><\/p>\n\n\n\n<p>N\u00e3o perca um dos mais belos postais da regi\u00e3o: a ponte Filipina do Cabril. Se a visita se fizer num dia de bom tempo, aproveite ainda para mergulhar na praia fluvial da albufeira da Barragem do Cabril e na Praia Fluvial do Mosteiro.<\/p>\n\n\n\n<p><strong>11. Vila de Rei<\/strong><\/p>\n\n\n\n<p>Descubra o \u00e9den no munic\u00edpio que \u00e9 o Centro Geod\u00e9sico de Portugal. Aqui h\u00e1 serras, vales e majestosas fragas, montes com vegeta\u00e7\u00e3o exuberante, rios, cascatas id\u00edlicas, praias e um lago azul. E aldeias onde o tempo n\u00e3o tem tempo!<\/p>\n\n\n\n<p><strong>12. Hotel Vale Manso<\/strong><\/p>\n\n\n\n<p>Nada melhor do que descansar numa encosta sobre o rio Z\u00eazere. Neste delicioso hotel de charme, na Aldeia do Mato, a vista \u00e9 deslumbrante e o ambiente encantador. A piscina de \u00e1gua salgada foi a cereja no topo do bolo para uma estadia inesquec\u00edvel.<\/p>\n\n\n\n<p><strong>13. Sardoal<\/strong><\/p>\n\n\n\n<p>O tamanho deste munic\u00edpio mede-se pelo rico patrim\u00f3nio. N\u00e3o s\u00f3 cultural, mas tamb\u00e9m no \u00e2mbito da f\u00e9 e da religiosidade, gastronomia e vinhos. Fica o convite para uma paragem na \u201cvila jardim\u201d.<\/p>\n\n\n\n<p><strong>14. Quinta Vale do Armo<\/strong><\/p>\n\n\n\n<p>Gra\u00e7as ao microclima quente e ensolarado, a regi\u00e3o destaca-se pela produ\u00e7\u00e3o de vinhos suaves e frutados. Aproveite a viagem pela N2 para fazer uma visita guiada a esta quinta moderna.<\/p>\n\n\n\n<p><strong>15. Casa Chef Victor Felisberto<\/strong><\/p>\n\n\n\n<p>Prove o melhor que a gastronomia da regi\u00e3o tem para oferecer neste restaurante elegante, em Abrantes, onde n\u00e3o h\u00e1 detalhes deixados ao acaso. Experimente uma tigelada de carpa com lagostins do rio, cacha\u00e7o de porco preto e perdiz \u00e0 moda de Alferrarede.<\/p>\n\n\n\n<p><strong>16. Restaurante A Cascata<\/strong><\/p>\n\n\n\n<p>O melhor da regi\u00e3o leva-nos a outra aventura gastron\u00f3mica, desta vez nesta casa que conta 39 anos, tamb\u00e9m em Abrantes. No card\u00e1pio recheado de iguarias, o destaque vai para o prato exclusivo e premiado: achig\u00e3 do rio Tejo com migas da \u201cM\u00e3e\u201d.<\/p>\n\n\n\n<p><strong>17. Ponte de Sor<\/strong><\/p>\n\n\n\n<p>Uma cidade t\u00e3o airosa quanto pacata. Aprecie alguns dos ex-l\u00edbris locais, como a original ponte pedonal da autoria da artista Leonel Moura, uma obra de arte a c\u00e9u aberto. O vinho, o mel e o azeito s\u00e3o imperd\u00edveis!<\/p>\n\n\n\n<p><strong>18. Parque de Campismo Orbitur<\/strong><\/p>\n\n\n\n<p>Pelo caminho, desfrute da calmaria do Alentejo no Parque de Campismo de Montargil, com instala\u00e7\u00f5es modernas, alojamentos confort\u00e1veis e uma praia emoldurada, perfeita para praticar desportos n\u00e1uticos.<\/p>\n\n\n\n<p><strong>19. Montemor-o-Novo<\/strong><\/p>\n\n\n\n<p>Entrar neste munic\u00edpio \u00e9 viajar no tempo. Nesta terra gigante \u2013 \u00e9 o s\u00e9timo maior concelho do Pa\u00eds \u2013, o passado glorioso convive com o presente din\u00e2mico. N\u00e3o perca o Castelo Medieval e o Convento da Sauda\u00e7\u00e3o.<\/p>\n\n\n\n<p><strong>20. Restaurante A Ribeira \u201cEmenta Cantada\u201d<\/strong><\/p>\n\n\n\n<p>Com a gastronomia regional muito bem representada, este restaurante de Montemor-o-Novo \u00e9 uma experi\u00eancia inesquec\u00edvel para quem viaja pela Estrada Nacional 2.<\/p>\n\n\n\n<p><strong>21. Loul\u00e9<\/strong><\/p>\n\n\n\n<p>Por terras algarvias, d\u00ea um salto ao interior para visitar o que esta regi\u00e3o tem de bom. Este munic\u00edpio \u00e9 o ponto de destino para os amantes das caminhadas, do golfe e das glamorosas est\u00e2ncias balneares \u2013 Vale do Lobo, Quinta do Lago e Vilamoura.<\/p>\n\n\n\n<p><strong>22. AP EVA Senses Hotel<\/strong><\/p>\n\n\n\n<p>Em Faro, goze de um merecido descanso nos quartos superconfort\u00e1veis deste hotel. Fica numa localiza\u00e7\u00e3o privilegiada, mesmo em frente \u00e0 marina de Faro, tem restaurante-bar panor\u00e2mico com m\u00fasica ao vivo e piscina no \u00faltimo piso.<\/p>\n\n\n\n<p><strong>23. Aquashow<\/strong><\/p>\n\n\n\n<p>Para terminar em grande, n\u00e3o pode faltar uma boa dose de divers\u00e3o. Encha-se de garra, entre na Mammothblast e divirta-se com os escorregas e a j\u00e1 famosa montanha-russa.<\/p>\n\n\n\n<h4 class=\"wp-block-heading\">S\u00e3o muitos os encantos deste nosso pa\u00eds que nem s\u00f3 est\u00e1 \u00e0 beira-mar plantado. Ao longo de doze epis\u00f3dios, com a Estrada Nacional 2 como linha mestra, embarc\u00e1mos numa viagem por um Portugal interior menos conhecido, percorrendo os 739 quil\u00f3metros que o ligam de norte a sul.<\/h4>\n\n\n\n<p>Das ondulantes montanhas transmontanas e beir\u00e3s aos cinematogr\u00e1ficos socalcos durienses, dos sedutores montados e plan\u00edcies alentejanos at\u00e9 ao barrocal e \u00e0s id\u00edlicas praias algarvios, a hist\u00f3ria daquela que \u00e9 a maior estrada portuguesa, europeia e a terceira maior a n\u00edvel mundial confunde-se com as est\u00f3rias de todos n\u00f3s, e as de todos quantos nos precederam.<\/p>\n\n\n\n<p>Classificada como Estrada Patrim\u00f3nio, dada a sua antiguidade, rapidamente se conclui que, ao longo do seu tra\u00e7ado, esta jornada \u00e9 muito mais do que maravilhosas paisagens. S\u00e3o 11 distritos, 35 munic\u00edpios, 11 serras e 13 rios. \u00c9 um incomensur\u00e1vel patrim\u00f3nio material e imaterial, art\u00edstico e hist\u00f3rico.<\/p>\n\n\n\n<p><strong>Um roteiro de redescoberta<\/strong><\/p>\n\n\n\n<p>\u00c9 um roteiro pela riqu\u00edssima, e \u00edmpar, gastronomia, prova inequ\u00edvoca da enorme diversidade de Portugal. \u00c9 a redescoberta da nossa gente aut\u00eantica, fiel guardi\u00e3 de tradi\u00e7\u00f5es seculares, sempre pronta a receber quem a visita de bra\u00e7os abertos. Mas acima de tudo, \u00e9 um desafio \u00e0 descoberta, um convite a desacelerar e a fruir daquilo que sempre c\u00e1 esteve, e nos \u00faltimos anos se tornou um \u00edcone da identidade nacional.<\/p>\n\n\n\n<p><strong>De norte para sul ou de sul para norte<\/strong><\/p>\n\n\n\n<p>Se a tradi\u00e7\u00e3o imp\u00f5e que se comece no quil\u00f3metro zero, junto ao marco hist\u00f3rico de Chaves, poder\u00e1 optar por fazer o percurso inverso, a partir de Faro. E como, com t\u00e3o vasta escolha, nem sempre \u00e9 f\u00e1cil selecionar os principais pontos de interesse ou conhecer bons servi\u00e7os e alojamentos, siga o nosso roteiro passo a passo ou encare-o como um ponto de partida para criar o seu pr\u00f3prio itiner\u00e1rio. Mais do que uma estrada, a Nacional 2 \u00e9 um caminho que pode fazer seu.<\/p>\n\n\n\n<p>Se gosta de uma boa <em>roadtrip<\/em>, a m\u00edtica Estrada Nacional 2 aguarda-o. De carro, de mota, de bicicleta ou a p\u00e9 (sim, h\u00e1 quem o fa\u00e7a), palmilhando-a em poucos dias ou ao longo de v\u00e1rias semanas, sozinho ou bem acompanhado, lance-se ao caminho. Passe a fazer parte da \u201ctribo\u201d que conhece as terras pelos quil\u00f3metros dos marcos, que se atreve a partir \u00e0 descoberta e se deixa levar pelos sentidos enquanto percorre uma rota cheia de contrastes, como o pa\u00eds que est\u00e1 ligado por ela, certa de que cada quil\u00f3metro tem muitas hist\u00f3rias para contar.<\/p>\n\n\n\n<p><strong>Cole\u00e7\u00e3o de carimbos no passaporte<\/strong><\/p>\n\n\n\n<p>Para tornar a aventura ainda mais aliciante a Associa\u00e7\u00e3o de Munic\u00edpios da Rota da Estrada Nacional 2, criou e emitiu um passaporte que cont\u00e9m um mapa da rota e um espa\u00e7o para ir colecionando carimbos, que confirmam a sua passagem por cada um dos munic\u00edpios. Para mais tarde recordar. Cada viagem encerra uma hist\u00f3ria especial, uma experi\u00eancia \u00fanica que promete ficar para sempre na mem\u00f3ria de quem a vive. <\/p>\n\n\n\n<p>Foram doze epis\u00f3dios, doze etapas. Muitas descobertas com a certeza de que quanto mais conhece Portugal, mais h\u00e1 para descobrir. Nesta nossa jornada, o sucesso foi medido em sorrisos e o derradeiro quil\u00f3metro trouxe de volta o sentimento que nos acompanhou desde o in\u00edcio: o desejo de desfrutar do melhor que a Estrada Nacional 2 tem para nos dar.<\/p>\n","protected":false},"excerpt":{"rendered":"<p>Percorrer a Nacional 2 \u00e9 ver Portugal passar diante dos olhos. Ao longo de doze epis\u00f3dios, os 739 quil\u00f3metros que atravessam Portugal de norte a sul s\u00e3o a promessa de uma viagem \u00fanica e inesquec\u00edvel. No p\u00f3dio de maior estrada nacional, e terceira maior do mundo, esta rota hist\u00f3rica n\u00e3o se mede s\u00f3 pelo tamanho, [&hellip;]<\/p>\n","protected":false},"author":29,"featured_media":397,"parent":0,"menu_order":0,"comment_status":"closed","ping_status":"closed","template":"","meta":{"footnotes":""},"class_list":["post-391","page","type-page","status-publish","has-post-thumbnail","hentry"],"_links":{"self":[{"href":"https:\/\/bs.xl.pt\/mais-do-que-uma-estrada\/wp-json\/wp\/v2\/pages\/391","targetHints":{"allow":["GET"]}}],"collection":[{"href":"https:\/\/bs.xl.pt\/mais-do-que-uma-estrada\/wp-json\/wp\/v2\/pages"}],"about":[{"href":"https:\/\/bs.xl.pt\/mais-do-que-uma-estrada\/wp-json\/wp\/v2\/types\/page"}],"author":[{"embeddable":true,"href":"https:\/\/bs.xl.pt\/mais-do-que-uma-estrada\/wp-json\/wp\/v2\/users\/29"}],"replies":[{"embeddable":true,"href":"https:\/\/bs.xl.pt\/mais-do-que-uma-estrada\/wp-json\/wp\/v2\/comments?post=391"}],"version-history":[{"count":4,"href":"https:\/\/bs.xl.pt\/mais-do-que-uma-estrada\/wp-json\/wp\/v2\/pages\/391\/revisions"}],"predecessor-version":[{"id":409,"href":"https:\/\/bs.xl.pt\/mais-do-que-uma-estrada\/wp-json\/wp\/v2\/pages\/391\/revisions\/409"}],"wp:featuredmedia":[{"embeddable":true,"href":"https:\/\/bs.xl.pt\/mais-do-que-uma-estrada\/wp-json\/wp\/v2\/media\/397"}],"wp:attachment":[{"href":"https:\/\/bs.xl.pt\/mais-do-que-uma-estrada\/wp-json\/wp\/v2\/media?parent=391"}],"curies":[{"name":"wp","href":"https:\/\/api.w.org\/{rel}","templated":true}]}}