{"id":43,"date":"2022-07-28T15:06:02","date_gmt":"2022-07-28T14:06:02","guid":{"rendered":"https:\/\/bs.xl.pt\/mais-do-que-uma-estrada\/?page_id=43"},"modified":"2022-07-28T15:06:43","modified_gmt":"2022-07-28T14:06:43","slug":"portugal-numa-estrada","status":"publish","type":"page","link":"https:\/\/bs.xl.pt\/mais-do-que-uma-estrada\/portugal-numa-estrada\/","title":{"rendered":"Portugal numa estrada"},"content":{"rendered":"\n<p>Apesar de ser muito mais curta do que a famosa Route 66 americana e do que a afamada Rota 40 argentina, a nossa Estrada Nacional 2 reclama um lugar no p\u00f3dio como a <strong>terceira estrada mais ic\u00f3nica do mundo<\/strong>. Desde Chaves at\u00e9 Faro, os seus 739 quil\u00f3metros atravessam Portugal de Norte a Sul e d\u00e3o a descobrir, a conhecer e a sentir a alma do nosso povo.<\/p>\n\n\n\n<h3 class=\"wp-block-heading\">11 distritos, 35 munic\u00edpios, 11 serras, 13 rios. Uma experi\u00eancia \u00fanica<\/h3>\n\n\n\n<p>Se as autoestradas encurtaram dist\u00e2ncias, tamb\u00e9m cortaram a vista pelo pa\u00eds. Por isso, ao longo de doze epis\u00f3dios vamos conhecer paisagens arrebatadoras, desde as ondulantes montanhas transmontanas e beir\u00e3s aos cinematogr\u00e1ficos socalcos do Douro, dos relaxantes montados e plan\u00edcies alentejanas at\u00e9 \u00e0s id\u00edlicas praias algarvias.<\/p>\n\n\n\n<p>Rapidamente ir\u00e1 descobrir que esta jornada \u00e9 muito mais do que maravilhosas paisagens. \u00c9 um imenso patrim\u00f3nio art\u00edstico e hist\u00f3rico. \u00c9, igualmente, uma viagem pela riqu\u00edssima, e saborosa, gastronomia. Mas, acima de tudo, \u00e9 a (re)descoberta da gente, gente aut\u00eantica, verdadeira guardi\u00e3 de tradi\u00e7\u00f5es seculares, sempre pronta para o receber de bra\u00e7os abertos.<strong><\/strong><\/p>\n\n\n\n<h3 class=\"wp-block-heading\">A Estrada Nacional 2 tem Hist\u00f3ria<\/h3>\n\n\n\n<p>Institu\u00edda no primeiro Plano Rodovi\u00e1rio Nacional em 1945, enquanto espinha dorsal de uma rede vi\u00e1ria que pretendia acabar com as assimetrias e chegar mais perto das gentes do interior, engana-se quem pensa que a Estrada Nacional 2 foi feita do zero pelo Estado Novo. Muitos dos seus segmentos eram j\u00e1 bem conhecidos dos antigos romanos que atravessavam a Lusit\u00e2nia de Norte a Sul. Mais tarde melhorados, tornaram-se na Estrada Real que, em tempos mon\u00e1rquicos, cruzava o cora\u00e7\u00e3o do pa\u00eds.<\/p>\n\n\n\n<p>A hist\u00f3ria daquela que \u00e9 a maior estrada europeia confunde-se, tamb\u00e9m, com a hist\u00f3ria de muitos de n\u00f3s, dos nossos pais e av\u00f3s. \u00c9 tempo de explorar aquilo que sempre c\u00e1 esteve, e que nos \u00faltimos anos se tornou um \u00edcone da identidade nacional.<\/p>\n\n\n\n<h3 class=\"wp-block-heading\">Venha connosco e fa\u00e7a-se ao caminho<\/h3>\n\n\n\n<p>H\u00e1 quem adore percorr\u00ea-la de carro, de mota ou de bicicleta ou quem se aventure a calcorre\u00e1-la a p\u00e9. H\u00e1 quem a percorra nuns dias e quem a palmilhe um m\u00eas ou mais. N\u00f3s decidimos dar-lhe mais tempo &#8211; doze semanas &#8211; certos de que cada quil\u00f3metro tem muitas hist\u00f3rias para contar. O importante \u00e9 aceitar o convite, desacelerar e desfrutar plenamente desta experi\u00eancia sensorial \u00fanica, que promete ficar para sempre nas mem\u00f3rias de quem a vive.<\/p>\n\n\n\n<h3 class=\"wp-block-heading\">Para mais tarde recordar<\/h3>\n\n\n\n<p>N\u00e3o deixe de contar a hist\u00f3ria da viagem atrav\u00e9s de fotos, v\u00eddeos e do <strong>Passaporte da Rota da Estrada Nacional 2<\/strong>. Al\u00e9m de conter um pequeno mapa da rota, serve para ir colecionando carimbos que comprovam a passagem por cada um dos 35 munic\u00edpios.<\/p>\n\n\n\n<p>No passaporte tamb\u00e9m aparecem indicados os locais onde pode encontrar os carimbos ao longo de todo o trajeto, como postos de turismo, caf\u00e9s ou alojamentos.<\/p>\n\n\n\n<p>Pode adquiri-lo nos postos de turismo ou nas C\u00e2maras Municipais e \u00e9 uma \u00f3tima forma de ficar com uma recorda\u00e7\u00e3o desta jornada de descoberta. Se viajar crian\u00e7as, o sucesso est\u00e1 garantido.<strong><\/strong><\/p>\n","protected":false},"excerpt":{"rendered":"<p>Apesar de ser muito mais curta do que a famosa Route 66 americana e do que a afamada Rota 40 argentina, a nossa Estrada Nacional 2 reclama um lugar no p\u00f3dio como a terceira estrada mais ic\u00f3nica do mundo. Desde Chaves at\u00e9 Faro, os seus 739 quil\u00f3metros atravessam Portugal de Norte a Sul e d\u00e3o [&hellip;]<\/p>\n","protected":false},"author":5,"featured_media":46,"parent":0,"menu_order":0,"comment_status":"closed","ping_status":"closed","template":"","meta":{"footnotes":""},"class_list":["post-43","page","type-page","status-publish","has-post-thumbnail","hentry"],"_links":{"self":[{"href":"https:\/\/bs.xl.pt\/mais-do-que-uma-estrada\/wp-json\/wp\/v2\/pages\/43","targetHints":{"allow":["GET"]}}],"collection":[{"href":"https:\/\/bs.xl.pt\/mais-do-que-uma-estrada\/wp-json\/wp\/v2\/pages"}],"about":[{"href":"https:\/\/bs.xl.pt\/mais-do-que-uma-estrada\/wp-json\/wp\/v2\/types\/page"}],"author":[{"embeddable":true,"href":"https:\/\/bs.xl.pt\/mais-do-que-uma-estrada\/wp-json\/wp\/v2\/users\/5"}],"replies":[{"embeddable":true,"href":"https:\/\/bs.xl.pt\/mais-do-que-uma-estrada\/wp-json\/wp\/v2\/comments?post=43"}],"version-history":[{"count":1,"href":"https:\/\/bs.xl.pt\/mais-do-que-uma-estrada\/wp-json\/wp\/v2\/pages\/43\/revisions"}],"predecessor-version":[{"id":49,"href":"https:\/\/bs.xl.pt\/mais-do-que-uma-estrada\/wp-json\/wp\/v2\/pages\/43\/revisions\/49"}],"wp:featuredmedia":[{"embeddable":true,"href":"https:\/\/bs.xl.pt\/mais-do-que-uma-estrada\/wp-json\/wp\/v2\/media\/46"}],"wp:attachment":[{"href":"https:\/\/bs.xl.pt\/mais-do-que-uma-estrada\/wp-json\/wp\/v2\/media?parent=43"}],"curies":[{"name":"wp","href":"https:\/\/api.w.org\/{rel}","templated":true}]}}