{"id":142,"date":"2023-04-19T17:33:47","date_gmt":"2023-04-19T16:33:47","guid":{"rendered":"https:\/\/bs.xl.pt\/mais-idade-mais\/?page_id=142"},"modified":"2024-10-16T11:03:37","modified_gmt":"2024-10-16T10:03:37","slug":"confirmacao-de-presenca","status":"publish","type":"page","link":"https:\/\/bs.xl.pt\/mais-idade-mais\/confirmacao-de-presenca\/","title":{"rendered":"Confirma\u00e7\u00e3o de Presen\u00e7a"},"content":{"rendered":"","protected":false},"excerpt":{"rendered":"","protected":false},"author":29,"featured_media":0,"parent":0,"menu_order":0,"comment_status":"closed","ping_status":"closed","template":"","meta":{"footnotes":""},"class_list":["post-142","page","type-page","status-publish","hentry"],"_links":{"self":[{"href":"https:\/\/bs.xl.pt\/mais-idade-mais\/wp-json\/wp\/v2\/pages\/142","targetHints":{"allow":["GET"]}}],"collection":[{"href":"https:\/\/bs.xl.pt\/mais-idade-mais\/wp-json\/wp\/v2\/pages"}],"about":[{"href":"https:\/\/bs.xl.pt\/mais-idade-mais\/wp-json\/wp\/v2\/types\/page"}],"author":[{"embeddable":true,"href":"https:\/\/bs.xl.pt\/mais-idade-mais\/wp-json\/wp\/v2\/users\/29"}],"replies":[{"embeddable":true,"href":"https:\/\/bs.xl.pt\/mais-idade-mais\/wp-json\/wp\/v2\/comments?post=142"}],"version-history":[{"count":2,"href":"https:\/\/bs.xl.pt\/mais-idade-mais\/wp-json\/wp\/v2\/pages\/142\/revisions"}],"predecessor-version":[{"id":469,"href":"https:\/\/bs.xl.pt\/mais-idade-mais\/wp-json\/wp\/v2\/pages\/142\/revisions\/469"}],"wp:attachment":[{"href":"https:\/\/bs.xl.pt\/mais-idade-mais\/wp-json\/wp\/v2\/media?parent=142"}],"curies":[{"name":"wp","href":"https:\/\/api.w.org\/{rel}","templated":true}]}}