{"id":762,"date":"2025-07-11T09:40:22","date_gmt":"2025-07-11T08:40:22","guid":{"rendered":"https:\/\/bs.xl.pt\/mais-idade-mais\/?page_id=762"},"modified":"2025-08-04T14:56:26","modified_gmt":"2025-08-04T13:56:26","slug":"o-nosso-ano-de-2025","status":"publish","type":"page","link":"https:\/\/bs.xl.pt\/mais-idade-mais\/o-nosso-ano-de-2025\/","title":{"rendered":"O nosso ano de 2025"},"content":{"rendered":"\n<p>Consciente da nova realidade demogr\u00e1fica, o <strong>Grupo Ageas Portugal<\/strong> concebeu um conceito com diferentes solu\u00e7\u00f5es que apoiam os portugueses na <strong>jornada do envelhecimento<\/strong>. Este conceito baseia-se em <strong>quatro pilares fundamentais<\/strong>: <em>Sa\u00fade<\/em>; <em>Bem-Estar<\/em>; <em>Rendimento<\/em>; e <em>Prote\u00e7\u00e3o<\/em>.<\/p>\n\n\n\n<p><strong>Ruy de Carvalho<\/strong>, <strong>Ana Bustorff<\/strong>, <strong>Liliana Campos<\/strong> ou <strong>Cust\u00f3dia Gallego<\/strong> s\u00e3o apenas alguns dos nomes que se associaram a esta iniciativa, que este ano vai j\u00e1 a caminho da <strong>3.\u00aa edi\u00e7\u00e3o<\/strong> e que volta a ter <strong>Teresa Guilherme<\/strong> como principal rosto. Com a ajuda destes nomes do panorama nacional do espet\u00e1culo, nas duas edi\u00e7\u00f5es anteriores foi <em>\u201cobrigat\u00f3rio\u201d ao MaisIdadeMais<\/em> subir ao palco: em <strong>2023 no Teatro Armando Cortez<\/strong>, na Casa do Artista, e em <strong>2024 no Coliseu Porto Ageas<\/strong>. Nestas emblem\u00e1ticas casas de cultura <strong>ouviram-se testemunhos de promo\u00e7\u00e3o e dos desafios do envelhecimento ativo<\/strong>. E conheceram-se igualmente <strong>projetos e produtos que auxiliam neste prop\u00f3sito<\/strong>.<\/p>\n\n\n<div class=\"uk-position-relative uk-visible-toggle uk-light\" role=\"region\" aria-label=\"Galeria de imagens\" data-uk-slideshow>\n<ul class=\"uk-slideshow-items\" aria-live=\"polite\">\n<li tabindex=\"0\">\n<figure>\n<img decoding=\"async\" src=\"https:\/\/cdn.xl.pt\/bs\/uploads\/sites\/145\/2023\/06\/img_900x5082023_05_26_16_17_12_1357945.jpg\" alt=\"\" data-uk-cover loading=\"lazy\" \/>\n<\/figure>\n<\/li>\n<li tabindex=\"0\">\n<figure>\n<img decoding=\"async\" src=\"https:\/\/cdn.xl.pt\/bs\/uploads\/sites\/145\/2023\/06\/img_900x5082023_05_26_15_56_21_1357918.jpg\" alt=\"\" data-uk-cover loading=\"lazy\" \/>\n<\/figure>\n<\/li>\n<li tabindex=\"0\">\n<figure>\n<img decoding=\"async\" src=\"https:\/\/cdn.xl.pt\/bs\/uploads\/sites\/145\/2023\/06\/img_900x5082023_05_26_15_32_51_1357892.jpg\" alt=\"\" data-uk-cover loading=\"lazy\" \/>\n<\/figure>\n<\/li>\n<\/ul>\n<button class=\"uk-position-center-left uk-position-small uk-hidden-hover uk-button uk-button-default\" uk-slideshow-item=\"previous\" aria-label=\"Imagem anterior\">\n<span uk-icon=\"icon: chevron-left\" aria-hidden=\"true\"><\/span>\n<\/button>\n<button class=\"uk-position-center-right uk-position-small uk-hidden-hover uk-button uk-button-default\" uk-slideshow-item=\"next\" aria-label=\"Imagem seguinte\">\n<span uk-icon=\"icon: chevron-right\" aria-hidden=\"true\"><\/span>\n<\/button>\n<\/div>\n\n\n\n\n<p>Al\u00e9m dos artistas, associaram-se nos dois \u00faltimos anos \u00e0 iniciativa os <strong>\u201cPalha\u00e7os d\u2019Opital\u201d<\/strong>, a <strong>Pedalar Sem Idade<\/strong>, a <strong>Associa\u00e7\u00e3o 55+<\/strong>, o projeto <strong>Proxim(IDADE)<\/strong>, a <strong>RUTIS (Associa\u00e7\u00e3o Rede de Universidades da Terceira Idade)<\/strong>, a <strong>C\u00e2mara Municipal do Porto<\/strong> e o <strong>Correio da Manh\u00e3<\/strong>.<\/p>\n\n\n\n<p>Na edi\u00e7\u00e3o deste ano, o <strong>Grupo Ageas Portugal<\/strong> prossegue a sua miss\u00e3o de <strong>sensibilizar os portugueses para o tema do envelhecimento<\/strong>, que \u00e9 <em>transversal a toda a sociedade<\/em>. Nesse sentido, o <strong>MaisIdadeMais<\/strong> mant\u00e9m o seu rumo, mas vai apresentar algumas novidades, como a s\u00e9rie <strong>\u201cFelizIdade com\u2026\u201d<\/strong>, na qual figuras p\u00fablicas partilham os seus h\u00e1bitos de envelhecimento ativo, ou a <strong>talk MaisIdadeMais<\/strong>, que ir\u00e1 <strong>debater o panorama do pa\u00eds e do setor<\/strong>. Estas e outras iniciativas v\u00e3o poder ser acompanhadas <em>atrav\u00e9s deste site<\/em>.<\/p>\n\n\n<div class=\"uk-inline\"><img decoding=\"async\" src=\"https:\/\/cdn.xl.pt\/bs\/uploads\/sites\/145\/2023\/04\/web-GettyImages-1145006054-1-1200x630.jpg\" alt=\"O nosso ano de 2025\" loading=\"lazy\" \/><\/div><p class=\"uk-hidden@s uk-text-small uk-text-muted uk-margin-small-top uk-margin-medium-bottom uk-text-left\"><\/p>\n\n\n\n<p>Tamb\u00e9m as <strong>solu\u00e7\u00f5es da Ageas Seguros<\/strong> dedicadas aos mais velhos v\u00e3o estar em destaque nesta edi\u00e7\u00e3o. Um produto que <strong>transforma as poupan\u00e7as num refor\u00e7o \u00e0 pens\u00e3o da reforma<\/strong> e que tem a vantagem de, na venda de habita\u00e7\u00e3o pr\u00f3pria, <em>n\u00e3o ser tributado de mais-valias<\/em> podendo aplicar o valor num <strong>rendimento regular<\/strong>, \u00e9 excelente. <em>Saiba mais <a href=\"https:\/\/www.ageas.pt\/particulares\/produtos\/poupanca-e-investimento\/rendimento-flexivel\/?_gl=1*y917xu*_up*MQ..*_gs*MQ..&amp;gclid=EAIaIQobChMIu4_gm9qnjQMVbD8GAB2j0QCuEAAYASAAEgI-efD_BwE\" target=\"_blank\" rel=\"noreferrer noopener\">aqui<\/a><\/em>.<\/p>\n\n\n\n<p>Outra solu\u00e7\u00e3o pensada para <strong>proteger a sa\u00fade dos mais velhos<\/strong>, que t\u00eam uma <strong>esperan\u00e7a m\u00e9dia de vida cada vez mais elevada<\/strong>, \u00e9 um <strong>seguro de sa\u00fade criado \u00e0 medida das necessidades das pessoas entre os 55 e os 75 anos<\/strong>. <em>Saiba mais <a href=\"https:\/\/www.ageas.pt\/particulares\/produtos\/saude\/saude-senior\/?_gl=1*1dbgqny*_up*MQ..*_gs*MQ..&amp;gclid=EAIaIQobChMIu4_gm9qnjQMVbD8GAB2j0QCuEAAYASAAEgI-efD_BwE\" target=\"_blank\" rel=\"noreferrer noopener\">aqui<\/a><\/em>.<\/p>\n\n\n<div class=\"uk-inline\"><img decoding=\"async\" src=\"https:\/\/cdn.xl.pt\/bs\/uploads\/sites\/145\/2023\/04\/web-GettyImages-510562062-1-1200x630.jpg\" alt=\"O nosso ano de 2025\" loading=\"lazy\" \/><\/div><p class=\"uk-hidden@s uk-text-small uk-text-muted uk-margin-small-top uk-margin-medium-bottom uk-text-left\"><\/p>\n\n\n\n<p>Todos envelhecemos e as necessidades que surgem impactam n\u00e3o s\u00f3 o pr\u00f3prio como as pessoas mais pr\u00f3ximas. <em>Quer seja a neta que procura apoiar os av\u00f3s, o filho que se tornou Cuidador e precisa de um apoio mais profissional ou o pr\u00f3prio que quer planear a sua reforma.<\/em> <strong>Nunca se esque\u00e7a, envelhecer \u00e9 um tema de todos!<\/strong><\/p>\n","protected":false},"excerpt":{"rendered":"<p>O Grupo Ageas Portugal criou, em 2023, o MaisIdadeMais, que tem como objetivo contribuir decisivamente para o envelhecimento ativo e para a prote\u00e7\u00e3o e melhoria da qualidade de vida dos mais velhos.<\/p>\n","protected":false},"author":29,"featured_media":166,"parent":0,"menu_order":0,"comment_status":"closed","ping_status":"closed","template":"","meta":{"footnotes":""},"class_list":["post-762","page","type-page","status-publish","has-post-thumbnail","hentry"],"_links":{"self":[{"href":"https:\/\/bs.xl.pt\/mais-idade-mais\/wp-json\/wp\/v2\/pages\/762","targetHints":{"allow":["GET"]}}],"collection":[{"href":"https:\/\/bs.xl.pt\/mais-idade-mais\/wp-json\/wp\/v2\/pages"}],"about":[{"href":"https:\/\/bs.xl.pt\/mais-idade-mais\/wp-json\/wp\/v2\/types\/page"}],"author":[{"embeddable":true,"href":"https:\/\/bs.xl.pt\/mais-idade-mais\/wp-json\/wp\/v2\/users\/29"}],"replies":[{"embeddable":true,"href":"https:\/\/bs.xl.pt\/mais-idade-mais\/wp-json\/wp\/v2\/comments?post=762"}],"version-history":[{"count":2,"href":"https:\/\/bs.xl.pt\/mais-idade-mais\/wp-json\/wp\/v2\/pages\/762\/revisions"}],"predecessor-version":[{"id":792,"href":"https:\/\/bs.xl.pt\/mais-idade-mais\/wp-json\/wp\/v2\/pages\/762\/revisions\/792"}],"wp:featuredmedia":[{"embeddable":true,"href":"https:\/\/bs.xl.pt\/mais-idade-mais\/wp-json\/wp\/v2\/media\/166"}],"wp:attachment":[{"href":"https:\/\/bs.xl.pt\/mais-idade-mais\/wp-json\/wp\/v2\/media?parent=762"}],"curies":[{"name":"wp","href":"https:\/\/api.w.org\/{rel}","templated":true}]}}