{"id":20,"date":"2021-10-01T07:44:11","date_gmt":"2021-10-01T07:44:11","guid":{"rendered":"http:\/\/bs.xl.pt\/mar-sustentavel\/?page_id=20"},"modified":"2021-10-13T10:54:25","modified_gmt":"2021-10-13T10:54:25","slug":"webinar-1","status":"publish","type":"page","link":"https:\/\/bs.xl.pt\/mar-sustentavel\/webinars\/webinar-1\/","title":{"rendered":"Webinar 1"},"content":{"rendered":"\n<div class=\"wp-block-group\"><div class=\"wp-block-group__inner-container is-layout-flow wp-block-group-is-layout-flow\">\n<h1 class=\"wp-block-heading\">Conhecimento cient\u00edfico, desenvolvimento tecnol\u00f3gico e inova\u00e7\u00e3o azul<\/h1>\n\n\n\n<p>No passado dia 9 de setembro, o Jornal de Neg\u00f3cios e a F\u00f3rum Oceano em parceira com a C\u00e2mara Municipal de Viana do Castelo lan\u00e7am o primeiro webinar do <strong>Pr\u00e9mio Mar Sustent\u00e1vel<\/strong>.<\/p>\n\n\n\n<p>Viana do Castelo est\u00e1 a construir uma centralidade de proje\u00e7\u00e3o nacional e internacional na \u00e1rea da inova\u00e7\u00e3o e da nova economia azul. Para isso muito est\u00e1 a contribuir a atra\u00e7\u00e3o de investimentos e de projetos de empresas estrangeiras na \u00e1rea das energias renov\u00e1veis marinhas, a cria\u00e7\u00e3o de uma plataforma multiuso de testes e ensaios com a participa\u00e7\u00e3o de um conjunto de centros de I&amp;D, a presen\u00e7a de uma fileira industrial relevante na \u00e1rea da constru\u00e7\u00e3o de embarca\u00e7\u00f5es e de plataformas offshore e a localiza\u00e7\u00e3o junto a um porto de Mar com condi\u00e7\u00f5es para assegurar as liga\u00e7\u00f5es ao exterior.<\/p>\n\n\n\n<p>Em paralelo Viana do Castelo disp\u00f5e tamb\u00e9m de outros ativos importantes, nomeadamente a sua zona estuarina que tem permitido o desenvolvimento das atividades n\u00e1uticas e um Instituto Polit\u00e9cnico com algumas forma\u00e7\u00f5es e projetos na \u00e1rea do Mar.<\/p>\n\n\n\n<p>Este semin\u00e1rio, permitiu destacar um conjunto de ativos e din\u00e2micas que a cidade apresenta no dom\u00ednio da economia azul atrav\u00e9s da interven\u00e7\u00e3o dos seus principais atores e avaliar as condi\u00e7\u00f5es de articula\u00e7\u00e3o e a gera\u00e7\u00e3o de sinergias poss\u00edveis \u00e0 luz do enquadramento dos principais instrumentos de apoio \u00e0 economia azul para a d\u00e9cada.<\/p>\n<\/div><\/div>\n\n\n\n<div class=\"wp-block-group\"><div class=\"wp-block-group__inner-container is-layout-flow wp-block-group-is-layout-flow\">\n<h2 class=\"wp-block-heading\">9 de setembro<\/h2>\n\n\n\n<p><strong>15h00 \u2013 Sess\u00e3o de abertura<\/strong><br><strong>Diana Ramos<\/strong>, Diretora, Jornal de Neg\u00f3cios<br><strong>Ant\u00f3nio Nogueira Leite<\/strong>, Presidente, F\u00f3rum Oceano<\/p>\n\n\n\n<p><strong>15h15 \u2013 Abertura Institucional<\/strong><br><strong>Jos\u00e9 Maria Costa<\/strong>, Presidente, CM de Viana do Castelo,<\/p>\n\n\n\n<p><strong>15h25 \u2013 Keynote Speaker | Viana do Castelo, a afirma\u00e7\u00e3o de uma centralidade na inova\u00e7\u00e3o e na economia azul<\/strong><br><strong>Ant\u00f3nio Sarmento<\/strong>, Presidente, WAVEC<\/p>\n\n\n\n<p><strong>15h45 &#8211; Painel de Debate | Viana do Castelo, a afirma\u00e7\u00e3o de uma centralidade na inova\u00e7\u00e3o e na economia azul<\/strong><br><strong>Eduardo Silva<\/strong>, Coordenador Tech Mar, INESCTEC<br><strong>Jos\u00e9 Pinheiro<\/strong>, Country Manager, Ocean Winds, WindFloat Atl\u00e2ntico<br><strong>Martin Jakubowsky<\/strong>, Chairman, SeaWind Ocean Technology<br><strong>Marco Alves<\/strong>, Colab +Atl\u00e2ntico, ACT<br><strong>Miguel Silva<\/strong>, Diretor da Corpower Ocean<br><br>Modera\u00e7\u00e3o: <strong>Filipe Fernandes<\/strong>, Jornalista, Cofina<\/p>\n\n\n\n<p><strong>16h45 \u2013 Encerramento Institucional<\/strong><br><strong>Ant\u00f3nio Cunha<\/strong>, Presidente, CCDRN<\/p>\n\n\n\n<p><strong>17h00 &#8211; Fim<\/strong><\/p>\n<\/div><\/div>\n","protected":false},"excerpt":{"rendered":"<p>Conhecimento cient\u00edfico, desenvolvimento tecnol\u00f3gico e inova\u00e7\u00e3o azul No passado dia 9 de setembro, o Jornal de Neg\u00f3cios e a F\u00f3rum Oceano em parceira com a C\u00e2mara Municipal de Viana do Castelo lan\u00e7am o primeiro webinar do Pr\u00e9mio Mar Sustent\u00e1vel. Viana do Castelo est\u00e1 a construir uma centralidade de proje\u00e7\u00e3o nacional e internacional na \u00e1rea da [&hellip;]<\/p>\n","protected":false},"author":5,"featured_media":0,"parent":14,"menu_order":0,"comment_status":"closed","ping_status":"closed","template":"page_for-webinar.php","meta":{"footnotes":""},"class_list":["post-20","page","type-page","status-publish","hentry"],"_links":{"self":[{"href":"https:\/\/bs.xl.pt\/mar-sustentavel\/wp-json\/wp\/v2\/pages\/20","targetHints":{"allow":["GET"]}}],"collection":[{"href":"https:\/\/bs.xl.pt\/mar-sustentavel\/wp-json\/wp\/v2\/pages"}],"about":[{"href":"https:\/\/bs.xl.pt\/mar-sustentavel\/wp-json\/wp\/v2\/types\/page"}],"author":[{"embeddable":true,"href":"https:\/\/bs.xl.pt\/mar-sustentavel\/wp-json\/wp\/v2\/users\/5"}],"replies":[{"embeddable":true,"href":"https:\/\/bs.xl.pt\/mar-sustentavel\/wp-json\/wp\/v2\/comments?post=20"}],"version-history":[{"count":4,"href":"https:\/\/bs.xl.pt\/mar-sustentavel\/wp-json\/wp\/v2\/pages\/20\/revisions"}],"predecessor-version":[{"id":502,"href":"https:\/\/bs.xl.pt\/mar-sustentavel\/wp-json\/wp\/v2\/pages\/20\/revisions\/502"}],"up":[{"embeddable":true,"href":"https:\/\/bs.xl.pt\/mar-sustentavel\/wp-json\/wp\/v2\/pages\/14"}],"wp:attachment":[{"href":"https:\/\/bs.xl.pt\/mar-sustentavel\/wp-json\/wp\/v2\/media?parent=20"}],"curies":[{"name":"wp","href":"https:\/\/api.w.org\/{rel}","templated":true}]}}