{"id":3707,"date":"2021-03-28T18:28:02","date_gmt":"2021-03-28T17:28:02","guid":{"rendered":"https:\/\/bs.xl.pt\/?page_id=3707"},"modified":"2021-03-28T18:28:02","modified_gmt":"2021-03-28T17:28:02","slug":"boost-people","status":"publish","type":"page","link":"https:\/\/bs.xl.pt\/medialivre-boost-solutions\/solucoes\/boost-people\/","title":{"rendered":"Boost People"},"content":{"rendered":"\n<p><strong>#INFLUENCIADORES #CONTE\u00daDOS #STORYTELLING #COMUNIDADE #ALCANCE<\/strong><\/p>\n\n\n\n<p>A <strong>Boost People<\/strong> cria solu\u00e7\u00f5es que integram <strong>conte\u00fados<\/strong> e <strong>influenciadores<\/strong>. Estes promovem e amplificam as marcas junto dos seus seguidores utilizando conte\u00fados de qualidade da rede Cofina.<\/p>\n\n\n\n<div class=\"wp-block-group\"><div class=\"wp-block-group__inner-container is-layout-flow wp-block-group-is-layout-flow\">\n<!--more-->\n\n\n\n<p>Nasce um verdadeiro produto de <strong><em>storytelling<\/em><\/strong>, que aproxima as marcas a uma comunidade envolvida com os seus influenciadores, atrav\u00e9s de conte\u00fados de excel\u00eancia &#8211; com o selo de qualidade &#8211; que s\u00f3 um grupo editorial consegue garantir. Isto significa mais alcance e credibilidade para as marcas!<\/p>\n<\/div><\/div>\n\n\n\n<a class=\"uk-button uk-button-large uk-button-default uk-margin-medium-top\" href=\"https:\/\/cdn.xl.pt\/bs\/uploads\/2021\/03\/Apresentac\u0327a\u0303o-Boost-People.pdf\" target=\"_blank\" rel=\"noopener\"><span data-uk-icon=\"cloud-download\"><\/span> Apresentac\u0327a\u0303o Cofina Boost People (.PDF)<\/a>\n","protected":false},"excerpt":{"rendered":"<p>#INFLUENCIADORES #CONTE\u00daDOS #STORYTELLING #COMUNIDADE #ALCANCE A Boost People cria solu\u00e7\u00f5es que integram conte\u00fados e influenciadores. Estes promovem e amplificam as marcas junto dos seus seguidores utilizando conte\u00fados de qualidade da rede Cofina.<\/p>\n","protected":false},"author":5,"featured_media":3713,"parent":38,"menu_order":5,"comment_status":"closed","ping_status":"closed","template":"","meta":{"footnotes":""},"class_list":["post-3707","page","type-page","status-publish","has-post-thumbnail","hentry"],"_links":{"self":[{"href":"https:\/\/bs.xl.pt\/medialivre-boost-solutions\/wp-json\/wp\/v2\/pages\/3707","targetHints":{"allow":["GET"]}}],"collection":[{"href":"https:\/\/bs.xl.pt\/medialivre-boost-solutions\/wp-json\/wp\/v2\/pages"}],"about":[{"href":"https:\/\/bs.xl.pt\/medialivre-boost-solutions\/wp-json\/wp\/v2\/types\/page"}],"author":[{"embeddable":true,"href":"https:\/\/bs.xl.pt\/medialivre-boost-solutions\/wp-json\/wp\/v2\/users\/5"}],"replies":[{"embeddable":true,"href":"https:\/\/bs.xl.pt\/medialivre-boost-solutions\/wp-json\/wp\/v2\/comments?post=3707"}],"version-history":[{"count":0,"href":"https:\/\/bs.xl.pt\/medialivre-boost-solutions\/wp-json\/wp\/v2\/pages\/3707\/revisions"}],"up":[{"embeddable":true,"href":"https:\/\/bs.xl.pt\/medialivre-boost-solutions\/wp-json\/wp\/v2\/pages\/38"}],"wp:featuredmedia":[{"embeddable":true,"href":"https:\/\/bs.xl.pt\/medialivre-boost-solutions\/wp-json\/"}],"wp:attachment":[{"href":"https:\/\/bs.xl.pt\/medialivre-boost-solutions\/wp-json\/wp\/v2\/media?parent=3707"}],"curies":[{"name":"wp","href":"https:\/\/api.w.org\/{rel}","templated":true}]}}