{"id":50,"date":"2021-02-23T22:37:17","date_gmt":"2021-02-23T22:37:17","guid":{"rendered":"https:\/\/bs.xl.pt\/?page_id=50"},"modified":"2021-02-23T22:37:17","modified_gmt":"2021-02-23T22:37:17","slug":"boost-360o","status":"publish","type":"page","link":"https:\/\/bs.xl.pt\/medialivre-boost-solutions\/solucoes\/boost-360o\/","title":{"rendered":"Boost 360\u00ba"},"content":{"rendered":"\n<p><strong>#GLOBAL #TODOSFORMATOS #INTEGRA\u00c7\u00c3O<\/strong><\/p>\n\n\n\n<p>O nosso servi\u00e7o 360\u00ba leva a sua marca a todo o lado. Isto porque a <strong>Boost Solutions<\/strong> faz parte de um grupo de <em>media <\/em>com forte presen\u00e7a na televis\u00e3o, imprensa e digital. Um grupo com jornais, revistas e televis\u00e3o l\u00edderes nos seus segmentos. Por isso, n\u00e3o nos limitamos a ver a 360\u00ba. <strong>Trabalhamos a 360\u00ba<\/strong>.<\/p>\n\n\n\n<a class=\"uk-button uk-button-large uk-button-default uk-margin-medium-top\" href=\"https:\/\/cdn.xl.pt\/bs\/uploads\/2021\/03\/Apresentacao-Cofina-Boost-360.pdf\" target=\"_blank\" rel=\"noopener\"><span data-uk-icon=\"cloud-download\"><\/span> Apresentac\u0327a\u0303o Cofina Boost 360\u00ba (.PDF)<\/a>\n","protected":false},"excerpt":{"rendered":"<p>#GLOBAL #TODOSFORMATOS #INTEGRA\u00c7\u00c3O O nosso servi\u00e7o 360\u00ba leva a sua marca a todo o lado. Isto porque a Boost Solutions faz parte de um grupo de media com forte presen\u00e7a na televis\u00e3o, imprensa e digital. Um grupo com jornais, revistas e televis\u00e3o l\u00edderes nos seus segmentos. Por isso, n\u00e3o nos limitamos a ver a 360\u00ba. [&hellip;]<\/p>\n","protected":false},"author":5,"featured_media":2864,"parent":38,"menu_order":6,"comment_status":"closed","ping_status":"closed","template":"","meta":{"footnotes":""},"class_list":["post-50","page","type-page","status-publish","has-post-thumbnail","hentry"],"_links":{"self":[{"href":"https:\/\/bs.xl.pt\/medialivre-boost-solutions\/wp-json\/wp\/v2\/pages\/50","targetHints":{"allow":["GET"]}}],"collection":[{"href":"https:\/\/bs.xl.pt\/medialivre-boost-solutions\/wp-json\/wp\/v2\/pages"}],"about":[{"href":"https:\/\/bs.xl.pt\/medialivre-boost-solutions\/wp-json\/wp\/v2\/types\/page"}],"author":[{"embeddable":true,"href":"https:\/\/bs.xl.pt\/medialivre-boost-solutions\/wp-json\/wp\/v2\/users\/5"}],"replies":[{"embeddable":true,"href":"https:\/\/bs.xl.pt\/medialivre-boost-solutions\/wp-json\/wp\/v2\/comments?post=50"}],"version-history":[{"count":0,"href":"https:\/\/bs.xl.pt\/medialivre-boost-solutions\/wp-json\/wp\/v2\/pages\/50\/revisions"}],"up":[{"embeddable":true,"href":"https:\/\/bs.xl.pt\/medialivre-boost-solutions\/wp-json\/wp\/v2\/pages\/38"}],"wp:featuredmedia":[{"embeddable":true,"href":"https:\/\/bs.xl.pt\/medialivre-boost-solutions\/wp-json\/"}],"wp:attachment":[{"href":"https:\/\/bs.xl.pt\/medialivre-boost-solutions\/wp-json\/wp\/v2\/media?parent=50"}],"curies":[{"name":"wp","href":"https:\/\/api.w.org\/{rel}","templated":true}]}}