{"id":56,"date":"2021-02-23T22:37:45","date_gmt":"2021-02-23T22:37:45","guid":{"rendered":"https:\/\/bs.xl.pt\/?page_id=56"},"modified":"2021-02-23T22:37:45","modified_gmt":"2021-02-23T22:37:45","slug":"boost-activate","status":"publish","type":"page","link":"https:\/\/bs.xl.pt\/medialivre-boost-solutions\/solucoes\/boost-activate\/","title":{"rendered":"Boost Activate"},"content":{"rendered":"\n<p><strong>#IMPULSIONAR #ATIVA\u00c7\u00d5ES #EVENTOS #ENERGIA #EXPERI\u00caNCIA<\/strong><\/p>\n\n\n\n<p id=\"block-5b21f166-722d-4dc9-956f-c007c59f4350\">Na <strong>Boost Activate<\/strong> vamos para o terreno promover a melhor experi\u00eancia, no momento certo, com o seu p\u00fablico-alvo. Levamos a montanha at\u00e9 aos clientes. Com estrat\u00e9gias impactantes, tomamos conta de audit\u00f3rios, pavilh\u00f5es, ruas, praias e parques.<\/p>\n\n\n\n<a class=\"uk-button uk-button-large uk-button-default uk-margin-medium-top\" href=\"https:\/\/cdn.xl.pt\/bs\/uploads\/2021\/03\/Apresentacao-Cofina-Boost-Activate.pdf\" target=\"_blank\" rel=\"noopener\"><span data-uk-icon=\"cloud-download\"><\/span> Apresentac\u0327a\u0303o Cofina Boost Activate (.PDF)<\/a>\n","protected":false},"excerpt":{"rendered":"<p>#IMPULSIONAR #ATIVA\u00c7\u00d5ES #EVENTOS #ENERGIA #EXPERI\u00caNCIA Na Boost Activate vamos para o terreno promover a melhor experi\u00eancia, no momento certo, com o seu p\u00fablico-alvo. Levamos a montanha at\u00e9 aos clientes. Com estrat\u00e9gias impactantes, tomamos conta de audit\u00f3rios, pavilh\u00f5es, ruas, praias e parques. Apresentac\u0327a\u0303o Cofina Boost Activate (.PDF)<\/p>\n","protected":false},"author":5,"featured_media":2843,"parent":38,"menu_order":1,"comment_status":"closed","ping_status":"closed","template":"","meta":{"footnotes":""},"class_list":["post-56","page","type-page","status-publish","has-post-thumbnail","hentry"],"_links":{"self":[{"href":"https:\/\/bs.xl.pt\/medialivre-boost-solutions\/wp-json\/wp\/v2\/pages\/56","targetHints":{"allow":["GET"]}}],"collection":[{"href":"https:\/\/bs.xl.pt\/medialivre-boost-solutions\/wp-json\/wp\/v2\/pages"}],"about":[{"href":"https:\/\/bs.xl.pt\/medialivre-boost-solutions\/wp-json\/wp\/v2\/types\/page"}],"author":[{"embeddable":true,"href":"https:\/\/bs.xl.pt\/medialivre-boost-solutions\/wp-json\/wp\/v2\/users\/5"}],"replies":[{"embeddable":true,"href":"https:\/\/bs.xl.pt\/medialivre-boost-solutions\/wp-json\/wp\/v2\/comments?post=56"}],"version-history":[{"count":0,"href":"https:\/\/bs.xl.pt\/medialivre-boost-solutions\/wp-json\/wp\/v2\/pages\/56\/revisions"}],"up":[{"embeddable":true,"href":"https:\/\/bs.xl.pt\/medialivre-boost-solutions\/wp-json\/wp\/v2\/pages\/38"}],"wp:featuredmedia":[{"embeddable":true,"href":"https:\/\/bs.xl.pt\/medialivre-boost-solutions\/wp-json\/"}],"wp:attachment":[{"href":"https:\/\/bs.xl.pt\/medialivre-boost-solutions\/wp-json\/wp\/v2\/media?parent=56"}],"curies":[{"name":"wp","href":"https:\/\/api.w.org\/{rel}","templated":true}]}}