{"id":68,"date":"2021-02-23T22:38:19","date_gmt":"2021-02-23T22:38:19","guid":{"rendered":"https:\/\/bs.xl.pt\/?page_id=68"},"modified":"2021-02-23T22:38:19","modified_gmt":"2021-02-23T22:38:19","slug":"boost-digital","status":"publish","type":"page","link":"https:\/\/bs.xl.pt\/medialivre-boost-solutions\/solucoes\/boost-digital\/","title":{"rendered":"Boost Digital"},"content":{"rendered":"\n<p id=\"block-01f80ac3-986b-42f7-99b6-77b25c7658ae\"><strong>#PLAY #DISPLAY #INFLUENCIADORES #NOTORIEDADE #IMPACTO<\/strong><\/p>\n\n\n\n<p class=\"has-black-color has-text-color\" id=\"block-5b21f166-722d-4dc9-956f-c007c59f4350\">Com a <strong>Boost Digital<\/strong> acede a algumas das vias de maior tr\u00e1fego <em>online <\/em>em Portugal. Mas sem filas nem demoras. Para chegar rapidamente a p\u00fablicos diversificados e qualificados da popula\u00e7\u00e3o portuguesa.<\/p>\n\n\n\n<a class=\"uk-button uk-button-large uk-button-default uk-margin-medium-top\" href=\"https:\/\/cdn.xl.pt\/bs\/uploads\/2021\/03\/Apresentacao-Cofina-Boost-Digital.pdf\" target=\"_blank\" rel=\"noopener\"><span data-uk-icon=\"cloud-download\"><\/span> Apresentac\u0327a\u0303o Cofina Boost Digital (.PDF)<\/a>\n","protected":false},"excerpt":{"rendered":"<p>#PLAY #DISPLAY #INFLUENCIADORES #NOTORIEDADE #IMPACTO Com a Boost Digital acede a algumas das vias de maior tr\u00e1fego online em Portugal. Mas sem filas nem demoras. Para chegar rapidamente a p\u00fablicos diversificados e qualificados da popula\u00e7\u00e3o portuguesa. Apresentac\u0327a\u0303o Cofina Boost Digital (.PDF)<\/p>\n","protected":false},"author":5,"featured_media":2885,"parent":38,"menu_order":2,"comment_status":"closed","ping_status":"closed","template":"","meta":{"footnotes":""},"class_list":["post-68","page","type-page","status-publish","has-post-thumbnail","hentry"],"_links":{"self":[{"href":"https:\/\/bs.xl.pt\/medialivre-boost-solutions\/wp-json\/wp\/v2\/pages\/68","targetHints":{"allow":["GET"]}}],"collection":[{"href":"https:\/\/bs.xl.pt\/medialivre-boost-solutions\/wp-json\/wp\/v2\/pages"}],"about":[{"href":"https:\/\/bs.xl.pt\/medialivre-boost-solutions\/wp-json\/wp\/v2\/types\/page"}],"author":[{"embeddable":true,"href":"https:\/\/bs.xl.pt\/medialivre-boost-solutions\/wp-json\/wp\/v2\/users\/5"}],"replies":[{"embeddable":true,"href":"https:\/\/bs.xl.pt\/medialivre-boost-solutions\/wp-json\/wp\/v2\/comments?post=68"}],"version-history":[{"count":0,"href":"https:\/\/bs.xl.pt\/medialivre-boost-solutions\/wp-json\/wp\/v2\/pages\/68\/revisions"}],"up":[{"embeddable":true,"href":"https:\/\/bs.xl.pt\/medialivre-boost-solutions\/wp-json\/wp\/v2\/pages\/38"}],"wp:featuredmedia":[{"embeddable":true,"href":"https:\/\/bs.xl.pt\/medialivre-boost-solutions\/wp-json\/"}],"wp:attachment":[{"href":"https:\/\/bs.xl.pt\/medialivre-boost-solutions\/wp-json\/wp\/v2\/media?parent=68"}],"curies":[{"name":"wp","href":"https:\/\/api.w.org\/{rel}","templated":true}]}}