{"id":74,"date":"2021-02-23T22:38:37","date_gmt":"2021-02-23T22:38:37","guid":{"rendered":"https:\/\/bs.xl.pt\/?page_id=74"},"modified":"2021-02-23T22:38:37","modified_gmt":"2021-02-23T22:38:37","slug":"boost-tv-content","status":"publish","type":"page","link":"https:\/\/bs.xl.pt\/medialivre-boost-solutions\/solucoes\/boost-tv-content\/","title":{"rendered":"Boost TV Content"},"content":{"rendered":"\n<p id=\"block-01f80ac3-986b-42f7-99b6-77b25c7658ae\"><strong>#SOM #IMAGEM #EMO\u00c7\u00c3O #CRIATIVIDADE<\/strong><\/p>\n\n\n\n<p id=\"block-5b21f166-722d-4dc9-956f-c007c59f4350\">Uma \u00e1rea especializada em impulsionar as marcas no espa\u00e7o televisivo, que assegura a visibilidade para um produto ou servi\u00e7o de uma forma espont\u00e2nea e integrada.<\/p>\n\n\n\n<a class=\"uk-button uk-button-large uk-button-default uk-margin-medium-top\" href=\"https:\/\/cdn.xl.pt\/bs\/uploads\/2021\/03\/Apresentacao-Cofina-Boost-TV-Content.pdf\" target=\"_blank\" rel=\"noopener\"><span data-uk-icon=\"cloud-download\"><\/span> Apresentac\u0327a\u0303o Cofina Boost TV Content (.PDF)<\/a>\n","protected":false},"excerpt":{"rendered":"<p>#SOM #IMAGEM #EMO\u00c7\u00c3O #CRIATIVIDADE Uma \u00e1rea especializada em impulsionar as marcas no espa\u00e7o televisivo, que assegura a visibilidade para um produto ou servi\u00e7o de uma forma espont\u00e2nea e integrada. Apresentac\u0327a\u0303o Cofina Boost TV Content (.PDF)<\/p>\n","protected":false},"author":5,"featured_media":2879,"parent":38,"menu_order":4,"comment_status":"closed","ping_status":"closed","template":"","meta":{"footnotes":""},"class_list":["post-74","page","type-page","status-publish","has-post-thumbnail","hentry"],"_links":{"self":[{"href":"https:\/\/bs.xl.pt\/medialivre-boost-solutions\/wp-json\/wp\/v2\/pages\/74","targetHints":{"allow":["GET"]}}],"collection":[{"href":"https:\/\/bs.xl.pt\/medialivre-boost-solutions\/wp-json\/wp\/v2\/pages"}],"about":[{"href":"https:\/\/bs.xl.pt\/medialivre-boost-solutions\/wp-json\/wp\/v2\/types\/page"}],"author":[{"embeddable":true,"href":"https:\/\/bs.xl.pt\/medialivre-boost-solutions\/wp-json\/wp\/v2\/users\/5"}],"replies":[{"embeddable":true,"href":"https:\/\/bs.xl.pt\/medialivre-boost-solutions\/wp-json\/wp\/v2\/comments?post=74"}],"version-history":[{"count":0,"href":"https:\/\/bs.xl.pt\/medialivre-boost-solutions\/wp-json\/wp\/v2\/pages\/74\/revisions"}],"up":[{"embeddable":true,"href":"https:\/\/bs.xl.pt\/medialivre-boost-solutions\/wp-json\/wp\/v2\/pages\/38"}],"wp:featuredmedia":[{"embeddable":true,"href":"https:\/\/bs.xl.pt\/medialivre-boost-solutions\/wp-json\/"}],"wp:attachment":[{"href":"https:\/\/bs.xl.pt\/medialivre-boost-solutions\/wp-json\/wp\/v2\/media?parent=74"}],"curies":[{"name":"wp","href":"https:\/\/api.w.org\/{rel}","templated":true}]}}