{"id":28,"date":"2022-07-06T17:42:23","date_gmt":"2022-07-06T16:42:23","guid":{"rendered":"https:\/\/bs.xl.pt\/negocios-com-historia\/?page_id=28"},"modified":"2022-07-11T12:40:36","modified_gmt":"2022-07-11T11:40:36","slug":"a-tabaqueira","status":"publish","type":"page","link":"https:\/\/bs.xl.pt\/negocios-com-historia\/a-tabaqueira\/","title":{"rendered":"Tabaqueira Homenageia Neg\u00f3cios com Hist\u00f3ria"},"content":{"rendered":"\n<p class=\"uk-text-lead\">\u00c9 em modo de celebra\u00e7\u00e3o que a Tabaqueira se associa \u00e0 Iniciativa Neg\u00f3cios com Hist\u00f3ria, precisamente no ano em que a empresa comemora diversas datas marcantes \u2013 95 anos desde a funda\u00e7\u00e3o; 60 anos da inaugura\u00e7\u00e3o da f\u00e1brica de Albarraque; e 25 anos desde a privatiza\u00e7\u00e3o pela Philip Morris International.<\/p>\n\n\n\n<p>Saber inovar e acompanhar a mudan\u00e7a de h\u00e1bitos dos consumidores \u00e9 determinante para o sucesso de uma empresa cuja longevidade \u00e9 um caso singular no meio empresarial portugu\u00eas. Marcelo Nico, director-geral da Tabaqueira acrescenta ainda outro elemento diferenciador: \u201cAs rela\u00e7\u00f5es que fomos construindo com todos os parceiros \u2013 econ\u00f3micos, sociais e locais \u2013, com os quais interagimos de forma muito pr\u00f3xima e frequente, ajudam a explicar a nossa longevidade, que \u00e9 tamb\u00e9m a longevidade do neg\u00f3cio dos nossos parceiros, pelo que tem sido esta colabora\u00e7\u00e3o pr\u00f3xima e transparente que nos tem permitido percorrer o caminho do crescimento, de forma m\u00fatua, ao longo de tanto tempo\u201d.<\/p>\n\n\n\n<p>Para Marcelo Nico, a associa\u00e7\u00e3o a esta iniciativa &nbsp;justifica-se \u201cporque somos um agente ativo e dinamizador da economia nacional. Pela riqueza e emprego que criamos, consideramos que temos o papel de dar a conhecer outras organiza\u00e7\u00f5es, independentemente dos setores em que se posicionam, e que t\u00eam tido um impacto relevante na economia portuguesa pelas suas hist\u00f3rias com muitas d\u00e9cadas de atividade.\u201d<\/p>\n\n\n\n<p>Para o diretor-geral, prestar tributo a estas empresas \u00e9 tamb\u00e9m celebrar a hist\u00f3ria da Tabaqueira: \u201cSomos uma empresa que gosta de trabalhar em comunidade, em parceria, pelo que as celebra\u00e7\u00f5es s\u00f3 fazem sentido quando vividas coletivamente. Celebrar o nosso passado \u00e9 celebrar um s\u00e9culo de hist\u00f3ria, que \u00e9 feita por muitas outras empresas e neg\u00f3cios. Prestar-lhes tributo \u00e9 tamb\u00e9m celebrar a hist\u00f3ria da Tabaqueira, empresa emblem\u00e1tica para a economia nacional.\u201d<\/p>\n","protected":false},"excerpt":{"rendered":"<p>\u00c9 em modo de celebra\u00e7\u00e3o que a Tabaqueira se associa \u00e0 Iniciativa Neg\u00f3cios com Hist\u00f3ria, precisamente no ano em que a empresa comemora diversas datas marcantes \u2013 95 anos desde a funda\u00e7\u00e3o; 60 anos da inaugura\u00e7\u00e3o da f\u00e1brica de Albarraque; e 25 anos desde a privatiza\u00e7\u00e3o pela Philip Morris International. Saber inovar e acompanhar a [&hellip;]<\/p>\n","protected":false},"author":5,"featured_media":46,"parent":0,"menu_order":2,"comment_status":"closed","ping_status":"closed","template":"","meta":{"footnotes":""},"class_list":["post-28","page","type-page","status-publish","has-post-thumbnail","hentry"],"_links":{"self":[{"href":"https:\/\/bs.xl.pt\/negocios-com-historia\/wp-json\/wp\/v2\/pages\/28","targetHints":{"allow":["GET"]}}],"collection":[{"href":"https:\/\/bs.xl.pt\/negocios-com-historia\/wp-json\/wp\/v2\/pages"}],"about":[{"href":"https:\/\/bs.xl.pt\/negocios-com-historia\/wp-json\/wp\/v2\/types\/page"}],"author":[{"embeddable":true,"href":"https:\/\/bs.xl.pt\/negocios-com-historia\/wp-json\/wp\/v2\/users\/5"}],"replies":[{"embeddable":true,"href":"https:\/\/bs.xl.pt\/negocios-com-historia\/wp-json\/wp\/v2\/comments?post=28"}],"version-history":[{"count":2,"href":"https:\/\/bs.xl.pt\/negocios-com-historia\/wp-json\/wp\/v2\/pages\/28\/revisions"}],"predecessor-version":[{"id":52,"href":"https:\/\/bs.xl.pt\/negocios-com-historia\/wp-json\/wp\/v2\/pages\/28\/revisions\/52"}],"wp:featuredmedia":[{"embeddable":true,"href":"https:\/\/bs.xl.pt\/negocios-com-historia\/wp-json\/wp\/v2\/media\/46"}],"wp:attachment":[{"href":"https:\/\/bs.xl.pt\/negocios-com-historia\/wp-json\/wp\/v2\/media?parent=28"}],"curies":[{"name":"wp","href":"https:\/\/api.w.org\/{rel}","templated":true}]}}