{"id":4,"date":"2022-07-04T17:26:48","date_gmt":"2022-07-04T16:26:48","guid":{"rendered":"https:\/\/bs.xl.pt\/negocios-com-historia\/?page_id=2"},"modified":"2022-07-06T17:51:54","modified_gmt":"2022-07-06T16:51:54","slug":"a-iniciativa","status":"publish","type":"page","link":"https:\/\/bs.xl.pt\/negocios-com-historia\/a-iniciativa\/","title":{"rendered":"Iniciativa Neg\u00f3cios com Hist\u00f3ria: as hist\u00f3rias que merecem ser contadas"},"content":{"rendered":"\n<p class=\"uk-text-lead\">Em Portugal, apenas 25% das empresas t\u00eam mais de vinte anos. A Iniciativa Neg\u00f3cios com Hist\u00f3ria vai dar a conhecer exemplos de sucesso, resili\u00eancia e longevidade, com o apoio da A Tabaqueira.<\/p>\n\n\n\n<p>O Neg\u00f3cios, a S\u00e1bado, e a CMTV, juntam-se \u00e0 Tabaqueira para, semanalmente, dar a conhecer hist\u00f3rias de empresas que atravessaram crises, enfrentaram desafios, e adaptaram-se, com sucesso, a um mundo em permanente mudan\u00e7a.<\/p>\n\n\n\n<p>Um estudo das empresas centen\u00e1rias apresentado pela <a href=\"https:\/\/blog.informadb.pt\/2021\/09\/o-sucesso-das-empresas-centenarias\/\" target=\"_blank\" rel=\"noreferrer noopener\">Informa D&amp;B em 2021<\/a> refere que 40% das empresas ainda n\u00e3o resiste aos primeiros cinco anos de atividade. Por outro lado, 25% das empresas t\u00eam mais de vinte anos, O que faz delas exemplos de resili\u00eancia e longevidade e o que podemos aprender com elas? Num tecido empresarial nacional cuja idade m\u00e9dia \u00e9 de 12,7 anos, a idade \u00e9 uma vantagem? Assim, e a partir de 18 de Julho, o Jornal de Neg\u00f3cios, a S\u00e1bado, e a CMTV, ir\u00e3o dar a conhecer semanalmente as decis\u00f5es marcantes, as ideias, e os planos para o futuro destas empresas. As Hist\u00f3rias das empresas que marcam Portugal.<\/p>\n","protected":false},"excerpt":{"rendered":"<p>Em Portugal, apenas 25% das empresas t\u00eam mais de vinte anos. A Iniciativa Neg\u00f3cios com Hist\u00f3ria vai dar a conhecer exemplos de sucesso, resili\u00eancia e longevidade, com o apoio da A Tabaqueira. O Neg\u00f3cios, a S\u00e1bado, e a CMTV, juntam-se \u00e0 Tabaqueira para, semanalmente, dar a conhecer hist\u00f3rias de empresas que atravessaram crises, enfrentaram desafios, [&hellip;]<\/p>\n","protected":false},"author":5,"featured_media":37,"parent":0,"menu_order":3,"comment_status":"closed","ping_status":"closed","template":"","meta":{"footnotes":""},"class_list":["post-4","page","type-page","status-publish","has-post-thumbnail","hentry"],"_links":{"self":[{"href":"https:\/\/bs.xl.pt\/negocios-com-historia\/wp-json\/wp\/v2\/pages\/4","targetHints":{"allow":["GET"]}}],"collection":[{"href":"https:\/\/bs.xl.pt\/negocios-com-historia\/wp-json\/wp\/v2\/pages"}],"about":[{"href":"https:\/\/bs.xl.pt\/negocios-com-historia\/wp-json\/wp\/v2\/types\/page"}],"author":[{"embeddable":true,"href":"https:\/\/bs.xl.pt\/negocios-com-historia\/wp-json\/wp\/v2\/users\/5"}],"replies":[{"embeddable":true,"href":"https:\/\/bs.xl.pt\/negocios-com-historia\/wp-json\/wp\/v2\/comments?post=4"}],"version-history":[{"count":2,"href":"https:\/\/bs.xl.pt\/negocios-com-historia\/wp-json\/wp\/v2\/pages\/4\/revisions"}],"predecessor-version":[{"id":34,"href":"https:\/\/bs.xl.pt\/negocios-com-historia\/wp-json\/wp\/v2\/pages\/4\/revisions\/34"}],"wp:featuredmedia":[{"embeddable":true,"href":"https:\/\/bs.xl.pt\/negocios-com-historia\/wp-json\/wp\/v2\/media\/37"}],"wp:attachment":[{"href":"https:\/\/bs.xl.pt\/negocios-com-historia\/wp-json\/wp\/v2\/media?parent=4"}],"curies":[{"name":"wp","href":"https:\/\/api.w.org\/{rel}","templated":true}]}}