{"id":14,"date":"2021-11-16T18:48:09","date_gmt":"2021-11-16T18:48:09","guid":{"rendered":"http:\/\/bs.xl.pt\/palco-cm\/?page_id=14"},"modified":"2021-11-16T18:54:40","modified_gmt":"2021-11-16T18:54:40","slug":"antonio-zambujo","status":"publish","type":"page","link":"https:\/\/bs.xl.pt\/palco-cm\/artistas\/antonio-zambujo\/","title":{"rendered":"Ant\u00f3nio Zambujo"},"content":{"rendered":"\n<p>Nasceu em Beja, a 19 de setembro de 1975, um dos maiores artistas, autores e int\u00e9rpretes contempor\u00e2neos da m\u00fasica e da l\u00edngua portuguesa, um dos mais not\u00e1veis embaixadores do bom portugu\u00eas pelo mundo. Crescido no Alentejo, a inf\u00e2ncia passou-a a estudar clarinete. Com a m\u00fasica bem presente, deixou-se levar pelas ra\u00edzes do cante alentejano e pelo fado, que o fizeram m\u00fasico. No mais recente \u00e1lbum, Voz e Viol\u00e3o \u2013 o nono da discografia \u2013, Ant\u00f3nio Zambujo juntou-lhe as influ\u00eancias do cancioneiro brasileiro para criar uma personalidade \u00fanica. Se fronteiras existiam, os dois lados do Atl\u00e2ntico aproximaram-se com esta boa m\u00fasica.<\/p>\n\n\n\n<p>H\u00e1 quem diga que este ser\u00e1 um dos discos mais importantes da carreira de Ant\u00f3nio Zambujo. Certo \u00e9 que estamos perante o disco mais intimista de sempre, uma prova \u00e0 fragilidade humana, ao amor e \u00e0 falta dele. Como j\u00e1 vem sendo habitual, cada can\u00e7\u00e3o \u00e9 uma hist\u00f3ria. Com uma voz e uma guitarra, o artista conquista as salas por onde passa, nacionais e internacionais. Gosta de tocar sozinho, diz que \u00e9 mais solit\u00e1rio, mas n\u00e3o se inibe de partilhar palco para encantar junto de outros artistas.<\/p>\n","protected":false},"excerpt":{"rendered":"<p>Nasceu em Beja, a 19 de setembro de 1975, um dos maiores artistas, autores e int\u00e9rpretes contempor\u00e2neos da m\u00fasica e da l\u00edngua portuguesa, um dos mais not\u00e1veis embaixadores do bom portugu\u00eas pelo mundo. Crescido no Alentejo, a inf\u00e2ncia passou-a a estudar clarinete. Com a m\u00fasica bem presente, deixou-se levar pelas ra\u00edzes do cante alentejano e [&hellip;]<\/p>\n","protected":false},"author":5,"featured_media":17,"parent":5,"menu_order":0,"comment_status":"closed","ping_status":"closed","template":"","meta":{"footnotes":""},"class_list":["post-14","page","type-page","status-publish","has-post-thumbnail","hentry"],"_links":{"self":[{"href":"https:\/\/bs.xl.pt\/palco-cm\/wp-json\/wp\/v2\/pages\/14","targetHints":{"allow":["GET"]}}],"collection":[{"href":"https:\/\/bs.xl.pt\/palco-cm\/wp-json\/wp\/v2\/pages"}],"about":[{"href":"https:\/\/bs.xl.pt\/palco-cm\/wp-json\/wp\/v2\/types\/page"}],"author":[{"embeddable":true,"href":"https:\/\/bs.xl.pt\/palco-cm\/wp-json\/wp\/v2\/users\/5"}],"replies":[{"embeddable":true,"href":"https:\/\/bs.xl.pt\/palco-cm\/wp-json\/wp\/v2\/comments?post=14"}],"version-history":[{"count":2,"href":"https:\/\/bs.xl.pt\/palco-cm\/wp-json\/wp\/v2\/pages\/14\/revisions"}],"predecessor-version":[{"id":38,"href":"https:\/\/bs.xl.pt\/palco-cm\/wp-json\/wp\/v2\/pages\/14\/revisions\/38"}],"up":[{"embeddable":true,"href":"https:\/\/bs.xl.pt\/palco-cm\/wp-json\/wp\/v2\/pages\/5"}],"wp:featuredmedia":[{"embeddable":true,"href":"https:\/\/bs.xl.pt\/palco-cm\/wp-json\/wp\/v2\/media\/17"}],"wp:attachment":[{"href":"https:\/\/bs.xl.pt\/palco-cm\/wp-json\/wp\/v2\/media?parent=14"}],"curies":[{"name":"wp","href":"https:\/\/api.w.org\/{rel}","templated":true}]}}