{"id":32,"date":"2021-11-16T18:55:39","date_gmt":"2021-11-16T18:55:39","guid":{"rendered":"http:\/\/bs.xl.pt\/palco-cm\/?page_id=32"},"modified":"2021-11-24T11:09:00","modified_gmt":"2021-11-24T11:09:00","slug":"luisa-sobral","status":"publish","type":"page","link":"https:\/\/bs.xl.pt\/palco-cm\/artistas\/luisa-sobral\/","title":{"rendered":"Lu\u00edsa Sobral"},"content":{"rendered":"\n<p>Uma das cantoras-compositoras mais importantes da nova gera\u00e7\u00e3o de m\u00fasicos portugueses. A estreia fez-se com <em>The Cherry on My Cake<\/em>, a que se seguiu <em>There\u2019s a Flower In My Bedroom<\/em>, <em>Lu-Pu-I-Pi-Sa-Pa<\/em> e <em>Lu\u00edsa<\/em>, o disco gravado pelo prestigiado produtor Joe Henry (Madonna, Elvis Costello, entre outros). A faceta de compositora foi acompanhando a artista neste percurso. Com <em>Amar Pelos Dois<\/em>, um tema que comp\u00f4s para o irm\u00e3o Salvador Sobral interpretar, deu a Portugal a primeira vit\u00f3ria de sempre na Eurovis\u00e3o. Produziu \u00e1lbuns para Elisa Rodrigues, Rog\u00e9rio Charraz e Joana Alegre. E editou, nos entretantos, o seu quinto \u00e1lbum de originais, <em>Rosa<\/em>, com um dos mais prestigiados produtores e multi-instrumentistas de Espanha, o catal\u00e3o Ra\u00fcl Refree \u2013 este que \u00e9 o \u00e1lbum mais pessoal, maduro e intimista de Lu\u00edsa Sobral. Com a voz, a guitarra, o trio de sopros e elementos de percuss\u00e3o cl\u00e1ssica, \u00e9 a mais pura mostra da beleza das composi\u00e7\u00f5es da artista. O regresso \u00e0s edi\u00e7\u00f5es discogr\u00e1ficas fez-se este ano, com <em>Camomila<\/em>, um mini\u00e1lbum com sete can\u00e7\u00f5es de embalar para cada dia da semana. Diz que n\u00e3o \u00e9 um \u00e1lbum \u201ca s\u00e9rio\u201d, que n\u00e3o foi feito para andar na estrada. \u00c9 antes um mergulhar de Lu\u00edsa no universo infantil. Mais um. Pelo mundo fora, vai partilhando o talento genu\u00edno inconfund\u00edvel.<\/p>\n","protected":false},"excerpt":{"rendered":"<p>Uma das cantoras-compositoras mais importantes da nova gera\u00e7\u00e3o de m\u00fasicos portugueses. A estreia fez-se com The Cherry on My Cake, a que se seguiu There\u2019s a Flower In My Bedroom, Lu-Pu-I-Pi-Sa-Pa e Lu\u00edsa, o disco gravado pelo prestigiado produtor Joe Henry (Madonna, Elvis Costello, entre outros). A faceta de compositora foi acompanhando a artista neste [&hellip;]<\/p>\n","protected":false},"author":5,"featured_media":41,"parent":5,"menu_order":0,"comment_status":"closed","ping_status":"closed","template":"","meta":{"footnotes":""},"class_list":["post-32","page","type-page","status-publish","has-post-thumbnail","hentry"],"_links":{"self":[{"href":"https:\/\/bs.xl.pt\/palco-cm\/wp-json\/wp\/v2\/pages\/32","targetHints":{"allow":["GET"]}}],"collection":[{"href":"https:\/\/bs.xl.pt\/palco-cm\/wp-json\/wp\/v2\/pages"}],"about":[{"href":"https:\/\/bs.xl.pt\/palco-cm\/wp-json\/wp\/v2\/types\/page"}],"author":[{"embeddable":true,"href":"https:\/\/bs.xl.pt\/palco-cm\/wp-json\/wp\/v2\/users\/5"}],"replies":[{"embeddable":true,"href":"https:\/\/bs.xl.pt\/palco-cm\/wp-json\/wp\/v2\/comments?post=32"}],"version-history":[{"count":2,"href":"https:\/\/bs.xl.pt\/palco-cm\/wp-json\/wp\/v2\/pages\/32\/revisions"}],"predecessor-version":[{"id":59,"href":"https:\/\/bs.xl.pt\/palco-cm\/wp-json\/wp\/v2\/pages\/32\/revisions\/59"}],"up":[{"embeddable":true,"href":"https:\/\/bs.xl.pt\/palco-cm\/wp-json\/wp\/v2\/pages\/5"}],"wp:featuredmedia":[{"embeddable":true,"href":"https:\/\/bs.xl.pt\/palco-cm\/wp-json\/wp\/v2\/media\/41"}],"wp:attachment":[{"href":"https:\/\/bs.xl.pt\/palco-cm\/wp-json\/wp\/v2\/media?parent=32"}],"curies":[{"name":"wp","href":"https:\/\/api.w.org\/{rel}","templated":true}]}}