{"id":47,"date":"2021-11-16T18:58:29","date_gmt":"2021-11-16T18:58:29","guid":{"rendered":"http:\/\/bs.xl.pt\/palco-cm\/?page_id=47"},"modified":"2021-11-24T11:08:27","modified_gmt":"2021-11-24T11:08:27","slug":"miguel-araujo","status":"publish","type":"page","link":"https:\/\/bs.xl.pt\/palco-cm\/artistas\/miguel-araujo\/","title":{"rendered":"Miguel Ara\u00fajo"},"content":{"rendered":"\n<p>Uma das mentes mais brilhantes da can\u00e7\u00e3o <em>pop-rock<\/em> portuguesa, o melhor compositor-int\u00e9rprete da gera\u00e7\u00e3o, um dos maiores artistas portugueses, tesouro nacional, o melhor fazedor de melodias em Portugal\u2026 Os elogios s\u00e3o muitos e n\u00e3o ficam aqu\u00e9m da realidade. Miguel Ara\u00fajo \u00e9 m\u00fasico, cantor, compositor e letrista portugu\u00eas. Ou poder\u00edamos dizer, \u201ccantautista\u201d, como se autodescreve. Nasceu na Maia, em 1978, e \u00e9 o causador de alguns dos maiores sucessos portugueses do in\u00edcio do s\u00e9culo XXI. Dificilmente viu passar ao lado <em>Anda Comigo Ver os Avi\u00f5es<\/em>, <em>Pica do Sete,<\/em> <em>Os Maridos das Outras,<\/em> <em>Quem \u00e9s tu Mi\u00fada\u2026<\/em> S\u00f3 para enumerar alguns (grandes) exemplos. Tem escrito para alguns dos mais destacados int\u00e9rpretes portugueses e, al\u00e9m do repert\u00f3rio a solo, conta na sua hist\u00f3ria com o registo da banda Os Azeitonas, uma brincadeira de amigos que se tornou na estreia autoral e discogr\u00e1fica do artista. Em janeiro deste ano, lan\u00e7ou <em>Peixe Azul<\/em>, um \u00e1lbum de 10 faixas inteiramente gravado em casa. Aprendeu a tocar guitarra e baixo em registo autodidata com apenas 11 anos. N\u00e3o ser\u00e1 de admirar, por isso, que para este novo \u00e1lbum se tenha ocupado de todos os instrumentos presentes no disco, al\u00e9m da voz, claro. E estamos a falar de guitarras el\u00e9tricas e ac\u00fasticas, <em>ukelele<\/em>, <em>lap steel<\/em>, baixo, contrabaixo, hammond, piano, <em>mellotron<\/em>, harm\u00f3nio, permiss\u00f5es, bateria, harm\u00f3nica e trompete. J\u00e1 dissemos que os elogios lhe enchem na perfei\u00e7\u00e3o as medidas? \u00c9 s\u00f3 ouvir para crer.<\/p>\n","protected":false},"excerpt":{"rendered":"<p>Uma das mentes mais brilhantes da can\u00e7\u00e3o pop-rock portuguesa, o melhor compositor-int\u00e9rprete da gera\u00e7\u00e3o, um dos maiores artistas portugueses, tesouro nacional, o melhor fazedor de melodias em Portugal\u2026 Os elogios s\u00e3o muitos e n\u00e3o ficam aqu\u00e9m da realidade. Miguel Ara\u00fajo \u00e9 m\u00fasico, cantor, compositor e letrista portugu\u00eas. Ou poder\u00edamos dizer, \u201ccantautista\u201d, como se autodescreve. Nasceu [&hellip;]<\/p>\n","protected":false},"author":5,"featured_media":50,"parent":5,"menu_order":0,"comment_status":"closed","ping_status":"closed","template":"","meta":{"footnotes":""},"class_list":["post-47","page","type-page","status-publish","has-post-thumbnail","hentry"],"_links":{"self":[{"href":"https:\/\/bs.xl.pt\/palco-cm\/wp-json\/wp\/v2\/pages\/47","targetHints":{"allow":["GET"]}}],"collection":[{"href":"https:\/\/bs.xl.pt\/palco-cm\/wp-json\/wp\/v2\/pages"}],"about":[{"href":"https:\/\/bs.xl.pt\/palco-cm\/wp-json\/wp\/v2\/types\/page"}],"author":[{"embeddable":true,"href":"https:\/\/bs.xl.pt\/palco-cm\/wp-json\/wp\/v2\/users\/5"}],"replies":[{"embeddable":true,"href":"https:\/\/bs.xl.pt\/palco-cm\/wp-json\/wp\/v2\/comments?post=47"}],"version-history":[{"count":1,"href":"https:\/\/bs.xl.pt\/palco-cm\/wp-json\/wp\/v2\/pages\/47\/revisions"}],"predecessor-version":[{"id":53,"href":"https:\/\/bs.xl.pt\/palco-cm\/wp-json\/wp\/v2\/pages\/47\/revisions\/53"}],"up":[{"embeddable":true,"href":"https:\/\/bs.xl.pt\/palco-cm\/wp-json\/wp\/v2\/pages\/5"}],"wp:featuredmedia":[{"embeddable":true,"href":"https:\/\/bs.xl.pt\/palco-cm\/wp-json\/wp\/v2\/media\/50"}],"wp:attachment":[{"href":"https:\/\/bs.xl.pt\/palco-cm\/wp-json\/wp\/v2\/media?parent=47"}],"curies":[{"name":"wp","href":"https:\/\/api.w.org\/{rel}","templated":true}]}}