{"id":1382,"date":"2024-02-28T15:30:30","date_gmt":"2024-02-28T15:30:30","guid":{"rendered":"https:\/\/bs.xl.pt\/portugal-inspirador\/?page_id=1382"},"modified":"2024-05-07T12:55:08","modified_gmt":"2024-05-07T11:55:08","slug":"inscricao-candidatura-sustentabilidade","status":"publish","type":"page","link":"https:\/\/bs.xl.pt\/portugal-inspirador\/inscricao-candidatura-sustentabilidade\/","title":{"rendered":"Formul\u00e1rio Candidatura Sustentabilidade"},"content":{"rendered":"\n<p>A categoria de Sustentabilidade, que vai premiar start-ups e scale ups fundadas no m\u00e1ximo h\u00e1 cinco anos pelo seu desempenho sustent\u00e1vel. S\u00e3o eleg\u00edveis as empresas que cumpram os seguintes crit\u00e9rios:<\/p>\n\n\n\n<ul class=\"wp-block-list\">\n<li>Capital pr\u00f3prio > 0 no \u00faltimo ano fiscal;<\/li>\n\n\n\n<li>Resultado l\u00edquido do \u00faltimo ano fiscal > 0;<\/li>\n<\/ul>\n\n\n\n<p>Sendo exclu\u00eddas as de empresas constitu\u00eddas no m\u00e1ximo h\u00e1 cinco anos que apresentem as atividades e informa\u00e7\u00f5es negativas referidas entre o ponto 3.1.7 e 3.1.16 do <a href=\"\/\/cdn.xl.pt\/bs\/uploads\/sites\/71\/2024\/03\/Premio_Portugal_Inspirador_2024_Regulamento.pdf\" data-type=\"link\" data-id=\"\/\/cdn.xl.pt\/bs\/uploads\/sites\/71\/2024\/03\/Premio_Portugal_Inspirador_2024_Regulamento.pdf\">regulamento<\/a><\/p>\n\n\n","protected":false},"excerpt":{"rendered":"<p>A categoria de Sustentabilidade, que vai premiar start-ups e scale ups fundadas no m\u00e1ximo h\u00e1 cinco anos pelo seu desempenho sustent\u00e1vel. S\u00e3o eleg\u00edveis as empresas que cumpram os seguintes crit\u00e9rios: Sendo exclu\u00eddas as de empresas constitu\u00eddas no m\u00e1ximo h\u00e1 cinco anos que apresentem as atividades e informa\u00e7\u00f5es negativas referidas entre o ponto 3.1.7 e 3.1.16 [&hellip;]<\/p>\n","protected":false},"author":29,"featured_media":0,"parent":0,"menu_order":0,"comment_status":"closed","ping_status":"closed","template":"","meta":{"footnotes":""},"class_list":["post-1382","page","type-page","status-publish","hentry"],"_links":{"self":[{"href":"https:\/\/bs.xl.pt\/portugal-inspirador\/wp-json\/wp\/v2\/pages\/1382","targetHints":{"allow":["GET"]}}],"collection":[{"href":"https:\/\/bs.xl.pt\/portugal-inspirador\/wp-json\/wp\/v2\/pages"}],"about":[{"href":"https:\/\/bs.xl.pt\/portugal-inspirador\/wp-json\/wp\/v2\/types\/page"}],"author":[{"embeddable":true,"href":"https:\/\/bs.xl.pt\/portugal-inspirador\/wp-json\/wp\/v2\/users\/29"}],"replies":[{"embeddable":true,"href":"https:\/\/bs.xl.pt\/portugal-inspirador\/wp-json\/wp\/v2\/comments?post=1382"}],"version-history":[{"count":3,"href":"https:\/\/bs.xl.pt\/portugal-inspirador\/wp-json\/wp\/v2\/pages\/1382\/revisions"}],"predecessor-version":[{"id":1822,"href":"https:\/\/bs.xl.pt\/portugal-inspirador\/wp-json\/wp\/v2\/pages\/1382\/revisions\/1822"}],"wp:attachment":[{"href":"https:\/\/bs.xl.pt\/portugal-inspirador\/wp-json\/wp\/v2\/media?parent=1382"}],"curies":[{"name":"wp","href":"https:\/\/api.w.org\/{rel}","templated":true}]}}