{"id":2821,"date":"2024-12-02T17:40:30","date_gmt":"2024-12-02T17:40:30","guid":{"rendered":"https:\/\/bs.xl.pt\/portugal-inspirador\/?page_id=2821"},"modified":"2024-12-13T15:20:05","modified_gmt":"2024-12-13T15:20:05","slug":"2a-edicao","status":"publish","type":"page","link":"https:\/\/bs.xl.pt\/portugal-inspirador\/vencedores\/2a-edicao\/","title":{"rendered":"2\u00aa Edi\u00e7\u00e3o"},"content":{"rendered":"\n<div class=\"wp-block-group\"><div class=\"wp-block-group__inner-container is-layout-constrained wp-block-group-is-layout-constrained\">\n<p>A segunda edi\u00e7\u00e3o da iniciativa decorreu durante todo o ano de 2024.<br>Foram premiadas PME\u00b4s e Grandes Empresas em 5 categorias:<\/p>\n\n\n\n<ul class=\"wp-block-list\">\n<li>Agricultura<\/li>\n\n\n\n<li>Turismo<\/li>\n\n\n\n<li>Ind\u00fastria<\/li>\n\n\n\n<li>Internacionaliza\u00e7\u00e3o<\/li>\n\n\n\n<li>Tecnologia<\/li>\n<\/ul>\n\n\n\n<p><strong>Foi ainda premiada uma Startup ou Scaleup em:&nbsp;<\/strong><\/p>\n\n\n\n<ul class=\"wp-block-list\">\n<li>Sustentabilidade<\/li>\n<\/ul>\n<\/div><\/div>\n\n\n\n<div class=\"wp-block-group\"><div class=\"wp-block-group__inner-container is-layout-constrained wp-block-group-is-layout-constrained\">\n<h2 class=\"wp-block-heading text-red\">Agricultura<\/h2>\n\n\n\n<div class=\"wp-block-group\"><div class=\"wp-block-group__inner-container is-layout-constrained wp-block-group-is-layout-constrained\">\n<h3 class=\"wp-block-heading\">Vencedor<\/h3>\n\n\n\n<h4 class=\"wp-block-heading text-red\"><em>Grande Empresa<\/em><\/h4>\n\n\n\n<p>TSBC &#8211; THE SUMMER BERRY COMPANY PORTUGAL, S.A.<\/p>\n\n\n<div class=\"uk-margin-medium\"><iframe width=\"1280\" height=\"720\" src=\"\/\/www.youtube.com\/embed\/QxeRWyy0eGo?showinfo=0\" frameborder=\"0\" allowfullscreen data-uk-responsive loading=\"lazy\" referrerpolicy=\"no-referrer-when-downgrade\" title=\"\"><\/iframe><\/div>\n<\/div><\/div>\n\n\n\n<div class=\"wp-block-group\"><div class=\"wp-block-group__inner-container is-layout-constrained wp-block-group-is-layout-constrained\">\n<h3 class=\"wp-block-heading\">Vencedor<\/h3>\n\n\n\n<h4 class=\"wp-block-heading text-red\"><em>PME<\/em><\/h4>\n\n\n\n<p>MICROGREENS, UNIPESSOAL, LDA<\/p>\n\n\n<div class=\"uk-margin-medium\"><iframe width=\"1280\" height=\"720\" src=\"\/\/www.youtube.com\/embed\/mIgi-2nyT3A?showinfo=0\" frameborder=\"0\" allowfullscreen data-uk-responsive loading=\"lazy\" referrerpolicy=\"no-referrer-when-downgrade\" title=\"\"><\/iframe><\/div>\n<\/div><\/div>\n\n\n\n<div class=\"wp-block-group\"><div class=\"wp-block-group__inner-container is-layout-constrained wp-block-group-is-layout-constrained\">\n<h4 class=\"wp-block-heading\"><em>Personalidade do Ano<\/em><\/h4>\n\n\n\n<p>Ant\u00f3nio Silvestre Ferreira, Herdade Vale da Rosa<\/p>\n\n\n<div class=\"uk-inline\"><img decoding=\"async\" src=\"https:\/\/cdn.xl.pt\/bs\/uploads\/sites\/71\/2024\/12\/Silvestre-Ferreira-1200x630.jpg\" alt=\"2\u00aa Edi\u00e7\u00e3o\" loading=\"lazy\" \/><\/div><p class=\"uk-hidden@s uk-text-small uk-text-muted uk-margin-small-top uk-margin-medium-bottom uk-text-left\"><\/p>\n<\/div><\/div>\n<\/div><\/div>\n\n\n\n<hr class=\"wp-block-separator has-alpha-channel-opacity\"\/>\n\n\n\n<div class=\"wp-block-group\"><div class=\"wp-block-group__inner-container is-layout-constrained wp-block-group-is-layout-constrained\">\n<h2 class=\"wp-block-heading text-red\">Turismo<\/h2>\n\n\n\n<div class=\"wp-block-group\"><div class=\"wp-block-group__inner-container is-layout-constrained wp-block-group-is-layout-constrained\">\n<h3 class=\"wp-block-heading\">Vencedor<\/h3>\n\n\n\n<h4 class=\"wp-block-heading text-red\"><em>Grande Empresa<\/em><\/h4>\n\n\n\n<p>Details Hospitality, Sports &amp; Leisure, S.A<\/p>\n\n\n<div class=\"uk-margin-medium\"><iframe width=\"1280\" height=\"720\" src=\"\/\/www.youtube.com\/embed\/9u1jknI7Kr0?showinfo=0\" frameborder=\"0\" allowfullscreen data-uk-responsive loading=\"lazy\" referrerpolicy=\"no-referrer-when-downgrade\" title=\"\"><\/iframe><\/div>\n<\/div><\/div>\n\n\n\n<div class=\"wp-block-group\"><div class=\"wp-block-group__inner-container is-layout-constrained wp-block-group-is-layout-constrained\">\n<h3 class=\"wp-block-heading\">Vencedor<\/h3>\n\n\n\n<h4 class=\"wp-block-heading text-red\"><em>PME<\/em><\/h4>\n\n\n\n<p>Hub, S.A.<\/p>\n\n\n<div class=\"uk-margin-medium\"><iframe width=\"1280\" height=\"720\" src=\"\/\/www.youtube.com\/embed\/SsuPKrJlbM8?showinfo=0\" frameborder=\"0\" allowfullscreen data-uk-responsive loading=\"lazy\" referrerpolicy=\"no-referrer-when-downgrade\" title=\"\"><\/iframe><\/div>\n<\/div><\/div>\n\n\n\n<div class=\"wp-block-group\"><div class=\"wp-block-group__inner-container is-layout-constrained wp-block-group-is-layout-constrained\">\n<h4 class=\"wp-block-heading\"><em>Personalidade do Ano<\/em><\/h4>\n\n\n\n<p>Isabel Costa e Jo\u00e3o Tom\u00e1s, Grupo Burel Mountain Hotels<\/p>\n\n\n<div class=\"uk-inline\"><img decoding=\"async\" src=\"https:\/\/cdn.xl.pt\/bs\/uploads\/sites\/71\/2024\/12\/Joao-Costa-e-Isabel-Tomas-1200x630.jpg\" alt=\"2\u00aa Edi\u00e7\u00e3o\" loading=\"lazy\" \/><\/div><p class=\"uk-hidden@s uk-text-small uk-text-muted uk-margin-small-top uk-margin-medium-bottom uk-text-left\"><\/p>\n<\/div><\/div>\n<\/div><\/div>\n\n\n\n<hr class=\"wp-block-separator has-alpha-channel-opacity\"\/>\n\n\n\n<div class=\"wp-block-group\"><div class=\"wp-block-group__inner-container is-layout-constrained wp-block-group-is-layout-constrained\">\n<h2 class=\"wp-block-heading text-red\">Ind\u00fastria<\/h2>\n\n\n\n<div class=\"wp-block-group\"><div class=\"wp-block-group__inner-container is-layout-constrained wp-block-group-is-layout-constrained\">\n<h3 class=\"wp-block-heading\">Vencedor<\/h3>\n\n\n\n<h4 class=\"wp-block-heading text-red\"><em>Grande Empresa<\/em><\/h4>\n\n\n\n<p>Safe-Life &#8211; Ind\u00fastria de Componentes de Seguran\u00e7a Autom\u00f3vel, Lda<\/p>\n\n\n<div class=\"uk-margin-medium\"><iframe width=\"1280\" height=\"720\" src=\"\/\/www.youtube.com\/embed\/mSfYl4xLaq0?showinfo=0\" frameborder=\"0\" allowfullscreen data-uk-responsive loading=\"lazy\" referrerpolicy=\"no-referrer-when-downgrade\" title=\"\"><\/iframe><\/div>\n<\/div><\/div>\n\n\n\n<div class=\"wp-block-group\"><div class=\"wp-block-group__inner-container is-layout-constrained wp-block-group-is-layout-constrained\">\n<h3 class=\"wp-block-heading\">Vencedor<\/h3>\n\n\n\n<h4 class=\"wp-block-heading text-red\"><em>PME<\/em><\/h4>\n\n\n\n<p>3G Resins, Sociedade Unipessoal Lda<\/p>\n\n\n<div class=\"uk-margin-medium\"><iframe width=\"1280\" height=\"720\" src=\"\/\/www.youtube.com\/embed\/y1VfB0gY5Y8?showinfo=0\" frameborder=\"0\" allowfullscreen data-uk-responsive loading=\"lazy\" referrerpolicy=\"no-referrer-when-downgrade\" title=\"\"><\/iframe><\/div>\n<\/div><\/div>\n\n\n\n<div class=\"wp-block-group\"><div class=\"wp-block-group__inner-container is-layout-constrained wp-block-group-is-layout-constrained\">\n<h4 class=\"wp-block-heading\"><em>Personalidade do Ano<\/em><\/h4>\n\n\n\n<p>Ant\u00f3nio Rios Amorim, Corticeira Amorim<\/p>\n\n\n<div class=\"uk-inline\"><img decoding=\"async\" src=\"https:\/\/cdn.xl.pt\/bs\/uploads\/sites\/71\/2024\/12\/Antonio-Rios-Amorim-1200x630.jpg\" alt=\"2\u00aa Edi\u00e7\u00e3o\" loading=\"lazy\" \/><\/div><p class=\"uk-hidden@s uk-text-small uk-text-muted uk-margin-small-top uk-margin-medium-bottom uk-text-left\"><\/p>\n<\/div><\/div>\n<\/div><\/div>\n\n\n\n<hr class=\"wp-block-separator has-alpha-channel-opacity\"\/>\n\n\n\n<div class=\"wp-block-group\"><div class=\"wp-block-group__inner-container is-layout-constrained wp-block-group-is-layout-constrained\">\n<h2 class=\"wp-block-heading text-red\">Internacionaliza\u00e7\u00e3o<\/h2>\n\n\n\n<div class=\"wp-block-group\"><div class=\"wp-block-group__inner-container is-layout-constrained wp-block-group-is-layout-constrained\">\n<h3 class=\"wp-block-heading\">Vencedor<\/h3>\n\n\n\n<h4 class=\"wp-block-heading text-red\"><em>Grande Empresa<\/em><\/h4>\n\n\n\n<p>Critical Manufacturing, S.A<\/p>\n\n\n<div class=\"uk-margin-medium\"><iframe width=\"1280\" height=\"720\" src=\"\/\/www.youtube.com\/embed\/YZ1AdSjd4Pw?showinfo=0\" frameborder=\"0\" allowfullscreen data-uk-responsive loading=\"lazy\" referrerpolicy=\"no-referrer-when-downgrade\" title=\"\"><\/iframe><\/div>\n<\/div><\/div>\n\n\n\n<div class=\"wp-block-group\"><div class=\"wp-block-group__inner-container is-layout-constrained wp-block-group-is-layout-constrained\">\n<h3 class=\"wp-block-heading\">Vencedor<\/h3>\n\n\n\n<h4 class=\"wp-block-heading text-red\"><em>PME<\/em><\/h4>\n\n\n\n<p>Bach &#8211; Fire Protection, Lda<\/p>\n\n\n<div class=\"uk-margin-medium\"><iframe width=\"1280\" height=\"720\" src=\"\/\/www.youtube.com\/embed\/k-1Cqw8PYOA?showinfo=0\" frameborder=\"0\" allowfullscreen data-uk-responsive loading=\"lazy\" referrerpolicy=\"no-referrer-when-downgrade\" title=\"\"><\/iframe><\/div>\n<\/div><\/div>\n\n\n\n<div class=\"wp-block-group\"><div class=\"wp-block-group__inner-container is-layout-constrained wp-block-group-is-layout-constrained\">\n<h4 class=\"wp-block-heading\"><em>Personalidade do Ano<\/em><\/h4>\n\n\n\n<p>Carlos Santos e Patricia Santos, Grupo TRIVA<\/p>\n\n\n<div class=\"uk-inline\"><img decoding=\"async\" src=\"https:\/\/cdn.xl.pt\/bs\/uploads\/sites\/71\/2024\/12\/Carlos-Santos-1200x630.jpg\" alt=\"2\u00aa Edi\u00e7\u00e3o\" loading=\"lazy\" \/><\/div><p class=\"uk-hidden@s uk-text-small uk-text-muted uk-margin-small-top uk-margin-medium-bottom uk-text-left\"><\/p>\n<\/div><\/div>\n<\/div><\/div>\n\n\n\n<hr class=\"wp-block-separator has-alpha-channel-opacity\"\/>\n\n\n\n<div class=\"wp-block-group\"><div class=\"wp-block-group__inner-container is-layout-constrained wp-block-group-is-layout-constrained\">\n<h2 class=\"wp-block-heading text-red\">Tecnologia<\/h2>\n\n\n\n<div class=\"wp-block-group\"><div class=\"wp-block-group__inner-container is-layout-constrained wp-block-group-is-layout-constrained\">\n<h3 class=\"wp-block-heading\">Vencedor<\/h3>\n\n\n\n<h4 class=\"wp-block-heading text-red\"><em>Grande Empresa<\/em><\/h4>\n\n\n\n<p>Critical Techworks, S.A<\/p>\n\n\n<div class=\"uk-margin-medium\"><iframe width=\"1280\" height=\"720\" src=\"\/\/www.youtube.com\/embed\/jhtiUS-0OFs?showinfo=0\" frameborder=\"0\" allowfullscreen data-uk-responsive loading=\"lazy\" referrerpolicy=\"no-referrer-when-downgrade\" title=\"\"><\/iframe><\/div>\n<\/div><\/div>\n\n\n\n<div class=\"wp-block-group\"><div class=\"wp-block-group__inner-container is-layout-constrained wp-block-group-is-layout-constrained\">\n<h3 class=\"wp-block-heading\">Vencedor<\/h3>\n\n\n\n<h4 class=\"wp-block-heading text-red\"><em>PME<\/em><\/h4>\n\n\n\n<p>EVOX Technologies<\/p>\n\n\n<div class=\"uk-margin-medium\"><iframe width=\"1280\" height=\"720\" src=\"\/\/www.youtube.com\/embed\/unlZLABYStg?showinfo=0\" frameborder=\"0\" allowfullscreen data-uk-responsive loading=\"lazy\" referrerpolicy=\"no-referrer-when-downgrade\" title=\"\"><\/iframe><\/div>\n<\/div><\/div>\n\n\n\n<div class=\"wp-block-group\"><div class=\"wp-block-group__inner-container is-layout-constrained wp-block-group-is-layout-constrained\">\n<h4 class=\"wp-block-heading\"><em>Personalidade do Ano<\/em><\/h4>\n\n\n\n<p>Manuela M. Veloso, Investigadora e Head of AI Research no JPMorganChase<\/p>\n\n\n<div class=\"uk-inline\"><img decoding=\"async\" src=\"https:\/\/cdn.xl.pt\/bs\/uploads\/sites\/71\/2024\/12\/Manuela-Veloso-1200x630.jpeg\" alt=\"2\u00aa Edi\u00e7\u00e3o\" loading=\"lazy\" \/><\/div><p class=\"uk-hidden@s uk-text-small uk-text-muted uk-margin-small-top uk-margin-medium-bottom uk-text-left\"><\/p>\n<\/div><\/div>\n<\/div><\/div>\n\n\n\n<hr class=\"wp-block-separator has-alpha-channel-opacity\"\/>\n\n\n\n<div class=\"wp-block-group\"><div class=\"wp-block-group__inner-container is-layout-constrained wp-block-group-is-layout-constrained\">\n<h2 class=\"wp-block-heading text-red\">Sustentabilidade<\/h2>\n\n\n\n<div class=\"wp-block-group\"><div class=\"wp-block-group__inner-container is-layout-constrained wp-block-group-is-layout-constrained\">\n<h4 class=\"wp-block-heading\">Vencedor<\/h4>\n\n\n\n<p>Unicorn Treasure<\/p>\n\n\n<div class=\"uk-margin-medium\"><iframe width=\"1280\" height=\"720\" src=\"\/\/www.youtube.com\/embed\/rEufnJicuto?showinfo=0\" frameborder=\"0\" allowfullscreen data-uk-responsive loading=\"lazy\" referrerpolicy=\"no-referrer-when-downgrade\" title=\"\"><\/iframe><\/div>\n<\/div><\/div>\n<\/div><\/div>\n","protected":false},"excerpt":{"rendered":"<p>A segunda edi\u00e7\u00e3o da iniciativa decorreu durante todo o ano de 2024.Foram premiadas PME\u00b4s e Grandes Empresas em 5 categorias: Foi ainda premiada uma Startup ou Scaleup em:&nbsp; Agricultura Vencedor Grande Empresa TSBC &#8211; THE SUMMER BERRY COMPANY PORTUGAL, S.A. Vencedor PME MICROGREENS, UNIPESSOAL, LDA Personalidade do Ano Ant\u00f3nio Silvestre Ferreira, Herdade Vale da Rosa [&hellip;]<\/p>\n","protected":false},"author":29,"featured_media":0,"parent":1229,"menu_order":0,"comment_status":"closed","ping_status":"closed","template":"page-vencedores-children.php","meta":{"footnotes":""},"class_list":["post-2821","page","type-page","status-publish","hentry"],"_links":{"self":[{"href":"https:\/\/bs.xl.pt\/portugal-inspirador\/wp-json\/wp\/v2\/pages\/2821","targetHints":{"allow":["GET"]}}],"collection":[{"href":"https:\/\/bs.xl.pt\/portugal-inspirador\/wp-json\/wp\/v2\/pages"}],"about":[{"href":"https:\/\/bs.xl.pt\/portugal-inspirador\/wp-json\/wp\/v2\/types\/page"}],"author":[{"embeddable":true,"href":"https:\/\/bs.xl.pt\/portugal-inspirador\/wp-json\/wp\/v2\/users\/29"}],"replies":[{"embeddable":true,"href":"https:\/\/bs.xl.pt\/portugal-inspirador\/wp-json\/wp\/v2\/comments?post=2821"}],"version-history":[{"count":31,"href":"https:\/\/bs.xl.pt\/portugal-inspirador\/wp-json\/wp\/v2\/pages\/2821\/revisions"}],"predecessor-version":[{"id":3022,"href":"https:\/\/bs.xl.pt\/portugal-inspirador\/wp-json\/wp\/v2\/pages\/2821\/revisions\/3022"}],"up":[{"embeddable":true,"href":"https:\/\/bs.xl.pt\/portugal-inspirador\/wp-json\/wp\/v2\/pages\/1229"}],"wp:attachment":[{"href":"https:\/\/bs.xl.pt\/portugal-inspirador\/wp-json\/wp\/v2\/media?parent=2821"}],"curies":[{"name":"wp","href":"https:\/\/api.w.org\/{rel}","templated":true}]}}