{"id":437,"date":"2022-03-15T11:32:58","date_gmt":"2022-03-15T11:32:58","guid":{"rendered":"https:\/\/bs.xl.pt\/portugal-inspirador\/?page_id=437"},"modified":"2024-02-28T13:46:36","modified_gmt":"2024-02-28T13:46:36","slug":"juri-categorias","status":"publish","type":"page","link":"https:\/\/bs.xl.pt\/portugal-inspirador\/juri-categorias\/","title":{"rendered":"Juri"},"content":{"rendered":"\n<h2 class=\"wp-block-heading\">Distinguir e divulgar empresas e personalidades<\/h2>\n\n\n\n<p>O&nbsp;<strong>Pr\u00e9mio Portugal Inspirador<\/strong> \u00e9 uma iniciativa que vai distinguir e divulgar as empresas e personalidades que contam para o Pa\u00eds, aportando maior valor a quem se destaca em Portugal pela capacidade de criar emprego, dinamizar o mercado, inovar, potenciar o desenvolvimento econ\u00f3mico e contribuindo assim, para o crescimento da economia nacional.<\/p>\n\n\n\n<p>Neste sentido, o j\u00fari do <strong>Pr\u00e9mio Portugal Inspirador<\/strong>&nbsp;\u00e9 composto por profissionais conceituados que, em conjunto, ir\u00e3o analisar todos os dados das empresas.<\/p>\n","protected":false},"excerpt":{"rendered":"<p>Distinguir e divulgar empresas e personalidades O&nbsp;Pr\u00e9mio Portugal Inspirador \u00e9 uma iniciativa que vai distinguir e divulgar as empresas e personalidades que contam para o Pa\u00eds, aportando maior valor a quem se destaca em Portugal pela capacidade de criar emprego, dinamizar o mercado, inovar, potenciar o desenvolvimento econ\u00f3mico e contribuindo assim, para o crescimento da [&hellip;]<\/p>\n","protected":false},"author":5,"featured_media":440,"parent":0,"menu_order":0,"comment_status":"closed","ping_status":"closed","template":"","meta":{"footnotes":""},"class_list":["post-437","page","type-page","status-publish","has-post-thumbnail","hentry"],"_links":{"self":[{"href":"https:\/\/bs.xl.pt\/portugal-inspirador\/wp-json\/wp\/v2\/pages\/437","targetHints":{"allow":["GET"]}}],"collection":[{"href":"https:\/\/bs.xl.pt\/portugal-inspirador\/wp-json\/wp\/v2\/pages"}],"about":[{"href":"https:\/\/bs.xl.pt\/portugal-inspirador\/wp-json\/wp\/v2\/types\/page"}],"author":[{"embeddable":true,"href":"https:\/\/bs.xl.pt\/portugal-inspirador\/wp-json\/wp\/v2\/users\/5"}],"replies":[{"embeddable":true,"href":"https:\/\/bs.xl.pt\/portugal-inspirador\/wp-json\/wp\/v2\/comments?post=437"}],"version-history":[{"count":3,"href":"https:\/\/bs.xl.pt\/portugal-inspirador\/wp-json\/wp\/v2\/pages\/437\/revisions"}],"predecessor-version":[{"id":1226,"href":"https:\/\/bs.xl.pt\/portugal-inspirador\/wp-json\/wp\/v2\/pages\/437\/revisions\/1226"}],"wp:featuredmedia":[{"embeddable":true,"href":"https:\/\/bs.xl.pt\/portugal-inspirador\/wp-json\/wp\/v2\/media\/440"}],"wp:attachment":[{"href":"https:\/\/bs.xl.pt\/portugal-inspirador\/wp-json\/wp\/v2\/media?parent=437"}],"curies":[{"name":"wp","href":"https:\/\/api.w.org\/{rel}","templated":true}]}}