{"id":814,"date":"2022-05-19T13:44:37","date_gmt":"2022-05-19T12:44:37","guid":{"rendered":"https:\/\/bs.xl.pt\/powerful-brand\/?page_id=814"},"modified":"2022-05-26T11:11:05","modified_gmt":"2022-05-26T10:11:05","slug":"regulamento","status":"publish","type":"page","link":"https:\/\/bs.xl.pt\/powerful-brand\/regulamento\/","title":{"rendered":"Regulamento"},"content":{"rendered":"\n<h3 class=\"wp-block-heading\">A Iniciativa<\/h3>\n\n\n\n<p>A Marktest e o Grupo Cofina Media, sob a chancela da revista S\u00c1BADO, associam-se para criar a iniciativa POWERFUL BRAND | Marcas com Valor. A Marktest \u00e9 a respons\u00e1vel pelo desenvolvimento da ferramenta de benchmark POWERFUL BRAND | Marcas com Valor e por toda a metodologia e processos de an\u00e1lise das marcas \/ servi\u00e7os alvo desta an\u00e1lise.<br>O Grupo Cofina Media ser\u00e1 respons\u00e1vel pela comunica\u00e7\u00e3o, divulga\u00e7\u00e3o e amplifica\u00e7\u00e3o de todos os momentos da iniciativa, incluindo a organiza\u00e7\u00e3o de f\u00f3runs de debate, envolvendo as marcas S\u00c1BADO e Jornal de Neg\u00f3cios.<\/p>\n\n\n\n<h3 class=\"wp-block-heading\">Objetivo<\/h3>\n\n\n\n<p>POWERFUL BRAND | Marcas com Valor \u00e9 uma ferramenta que mede o valor das marcas, a partir de key performance indicators (KPI), analisados nas dimens\u00f5es da Inova\u00e7\u00e3o, Sustentabilidade e do Prop\u00f3sito das marcas:<\/p>\n\n\n\n<ul class=\"wp-block-list\"><li>\u00c9tica<\/li><li>Relev\u00e2ncia<\/li><li>Compromisso<\/li><li>Confian\u00e7a<\/li><li>WOM<\/li><li>Ad Liking<\/li><li>Considera\u00e7\u00e3o \u2013 marca que consideraria escolher<\/li><li>Sustentabilidade<\/li><li>Contributo \u2013 impacto na sociedade<\/li><li>Inova\u00e7\u00e3o<\/li><li>Recomenda\u00e7\u00e3o \u2013 marca que recomendaria<\/li><\/ul>\n\n\n\n<p>A sustentabilidade dos neg\u00f3cios mede-se pela opini\u00e3o e confian\u00e7a que os consumidores depositam nas marcas, mas \u00e0 medida que os produtos e servi\u00e7os se tornam cada vez mais indiferenciados, fatores como a reputa\u00e7\u00e3o e a imagem apresentam-se como eixos competitivos e diferenciadores. Mas no atual contexto emergem novas dimens\u00f5es, associadas com novas preocupa\u00e7\u00f5es, novos desenvolvimentos tecnol\u00f3gicos e novas formas de consumo.<\/p>\n\n\n\n<h3 class=\"wp-block-heading\">Metodologia<\/h3>\n\n\n\n<p>A POWERFUL BRAND \u00e9 uma ferramenta de benchmark, desenvolvida pelo Grupo Marktest que mede o valor das marcas a partir de KPI (key performance indicators), analisados nas dimens\u00f5es da Inova\u00e7\u00e3o, Sustentabilidade e do seu Prop\u00f3sito. Trata-se de um estudo realizado anualmente, tendo por base uma amostra de 2000 entrevistas, em que cada entrevistado avaliar\u00e1 no m\u00e1ximo 150 marcas. A recolha e o tratamento da informa\u00e7\u00e3o s\u00e3o da inteira responsabilidade da Marktest.<br>A sele\u00e7\u00e3o das marcas e das categorias em an\u00e1lise em cada edi\u00e7\u00e3o anual do POWERFUL BRAND | Marcas com Valor \u00e9 da exclusiva responsabilidade da Marktest, sendo esta sele\u00e7\u00e3o feita anualmente.<\/p>\n\n\n\n<p>Por cada categoria de produto\/servi\u00e7o em avalia\u00e7\u00e3o, existir\u00e3o no m\u00ednimo duas marcas em avalia\u00e7\u00e3o, e no m\u00e1ximo cinco marcas, sendo que em cada edi\u00e7\u00e3o \u00e9 avaliado um n\u00famero aproximado de 300 marcas.<\/p>\n\n\n\n<p>Qualquer marca em avalia\u00e7\u00e3o que n\u00e3o re\u00fana o m\u00ednimo de 30 casos de amostra, n\u00e3o integrar\u00e1 a base anal\u00edtica.<\/p>\n\n\n\n<p>A recolha da informa\u00e7\u00e3o deste estudo de mercado, \u00e9 realizada via Internet atrav\u00e9s de um software da exclusiva responsabilidade da Marktest (no m\u00eas de setembro, de cada ano). Atrav\u00e9s de um Access Panel, propriedade da Marktest, procedeu-se a uma extra\u00e7\u00e3o aleat\u00f3ria de potenciais entrevistados, de acordo com quotas de sexo, idade e regi\u00e3o. Aos<br>internautas selecionados \u00e9 enviado um email contendo um link de acesso ao question\u00e1rio, que \u00e9 remetido para uma p\u00e1gina da Marktest onde inicia o preenchimento do mesmo. Para garantir a seguran\u00e7a da comunica\u00e7\u00e3o online, a Marktest utiliza um protocolo de seguran\u00e7a que permite salvaguardar a leitura e interce\u00e7\u00e3o por terceiros dos dados transmitidos. O envio do e-mail para os endere\u00e7os eletr\u00f3nicos registados na base de dados \u00e9 da responsabilidade da Marktest. No \u00e2mbito da sua atividade de estudos de mercado, a Marktest trata os dados pessoais nos termos da lei, cumprindo os requisitos impostos pelo<br>Regulamento Geral de Prote\u00e7\u00e3o de Dados e demais legisla\u00e7\u00e3o aplic\u00e1vel.<\/p>\n\n\n\n<p>Para obter informa\u00e7\u00e3o adicional, envie email para powerfulbrand@cofina.pt.<\/p>\n\n\n\n<a class=\"uk-button uk-button-large uk-button-primary uk-margin-medium-top\" href=\"https:\/\/cdn.xl.pt\/bs\/uploads\/sites\/52\/2021\/07\/Powerful-Brand-Regulamento.pdf\" target=\"_blank\" rel=\"noopener\"><span data-uk-icon=\"cloud-download\"><\/span> Download (PDF)<\/a>\n","protected":false},"excerpt":{"rendered":"<p>A Iniciativa A Marktest e o Grupo Cofina Media, sob a chancela da revista S\u00c1BADO, associam-se para criar a iniciativa POWERFUL BRAND | Marcas com Valor. A Marktest \u00e9 a respons\u00e1vel pelo desenvolvimento da ferramenta de benchmark POWERFUL BRAND | Marcas com Valor e por toda a metodologia e processos de an\u00e1lise das marcas \/ [&hellip;]<\/p>\n","protected":false},"author":5,"featured_media":0,"parent":0,"menu_order":0,"comment_status":"closed","ping_status":"closed","template":"","meta":{"footnotes":""},"class_list":["post-814","page","type-page","status-publish","hentry"],"_links":{"self":[{"href":"https:\/\/bs.xl.pt\/powerful-brand\/wp-json\/wp\/v2\/pages\/814","targetHints":{"allow":["GET"]}}],"collection":[{"href":"https:\/\/bs.xl.pt\/powerful-brand\/wp-json\/wp\/v2\/pages"}],"about":[{"href":"https:\/\/bs.xl.pt\/powerful-brand\/wp-json\/wp\/v2\/types\/page"}],"author":[{"embeddable":true,"href":"https:\/\/bs.xl.pt\/powerful-brand\/wp-json\/wp\/v2\/users\/5"}],"replies":[{"embeddable":true,"href":"https:\/\/bs.xl.pt\/powerful-brand\/wp-json\/wp\/v2\/comments?post=814"}],"version-history":[{"count":11,"href":"https:\/\/bs.xl.pt\/powerful-brand\/wp-json\/wp\/v2\/pages\/814\/revisions"}],"predecessor-version":[{"id":913,"href":"https:\/\/bs.xl.pt\/powerful-brand\/wp-json\/wp\/v2\/pages\/814\/revisions\/913"}],"wp:attachment":[{"href":"https:\/\/bs.xl.pt\/powerful-brand\/wp-json\/wp\/v2\/media?parent=814"}],"curies":[{"name":"wp","href":"https:\/\/api.w.org\/{rel}","templated":true}]}}