{"id":1039,"date":"2022-11-04T11:42:34","date_gmt":"2022-11-04T11:42:34","guid":{"rendered":"https:\/\/bs.xl.pt\/premio-exportacao-e-internacionalizacao\/?page_id=1039"},"modified":"2022-11-04T11:42:36","modified_gmt":"2022-11-04T11:42:36","slug":"edicao-2022","status":"publish","type":"page","link":"https:\/\/bs.xl.pt\/premio-exportacao-e-internacionalizacao\/vencedores\/edicao-2022\/","title":{"rendered":"Edi\u00e7\u00e3o 2022"},"content":{"rendered":"\n<div class=\"wp-block-group\"><div class=\"wp-block-group__inner-container is-layout-flow wp-block-group-is-layout-flow\">\n<h3 class=\"wp-block-heading\">Grandes Empresas &#8211; Bens Transacion\u00e1veis<\/h3>\n\n\n\n<div class=\"wp-block-columns is-layout-flex wp-container-core-columns-is-layout-9d6595d7 wp-block-columns-is-layout-flex\">\n<div class=\"wp-block-column is-layout-flow wp-block-column-is-layout-flow\">\n<h4 class=\"uk-margin-remove wp-block-heading\">Vencedor<\/h4>\n\n\n\n<p class=\"uk-margin-remove-adjacent uk-margin-remove-top\">Amorim Top Series<\/p>\n\n\n<div class=\"uk-margin-medium\"><iframe width=\"1280\" height=\"720\" src=\"\/\/www.youtube.com\/embed\/pgex9yXrbVY?showinfo=0\" frameborder=\"0\" allowfullscreen data-uk-responsive loading=\"lazy\" referrerpolicy=\"no-referrer-when-downgrade\" title=\"\"><\/iframe><\/div>\n<\/div>\n<\/div>\n<\/div><\/div>\n\n\n\n<div class=\"wp-block-group\"><div class=\"wp-block-group__inner-container is-layout-flow wp-block-group-is-layout-flow\">\n<h3 class=\"wp-block-heading\">Grandes Empresas &#8211; Servi\u00e7os<\/h3>\n\n\n\n<div class=\"wp-block-columns is-layout-flex wp-container-core-columns-is-layout-9d6595d7 wp-block-columns-is-layout-flex\">\n<div class=\"wp-block-column is-layout-flow wp-block-column-is-layout-flow\">\n<h4 class=\"uk-margin-remove wp-block-heading\">Vencedor<\/h4>\n\n\n\n<p class=\"uk-margin-remove-adjacent uk-margin-remove-top\">Feedzai<\/p>\n\n\n<div class=\"uk-margin-medium\"><iframe width=\"1280\" height=\"720\" src=\"\/\/www.youtube.com\/embed\/kn6Wke_7Qbg?showinfo=0\" frameborder=\"0\" allowfullscreen data-uk-responsive loading=\"lazy\" referrerpolicy=\"no-referrer-when-downgrade\" title=\"\"><\/iframe><\/div>\n<\/div>\n\n\n\n<div class=\"wp-block-column is-layout-flow wp-block-column-is-layout-flow\">\n<h4 class=\"uk-margin-remove wp-block-heading\">Men\u00e7\u00e3o Honrosa<\/h4>\n\n\n\n<p class=\"uk-margin-remove-adjacent uk-margin-remove-top\">Fairjourney Biologics<\/p>\n\n\n<div class=\"uk-margin-medium\"><iframe width=\"1280\" height=\"720\" src=\"\/\/www.youtube.com\/embed\/k4gx_QFn6fg?showinfo=0\" frameborder=\"0\" allowfullscreen data-uk-responsive loading=\"lazy\" referrerpolicy=\"no-referrer-when-downgrade\" title=\"\"><\/iframe><\/div>\n<\/div>\n<\/div>\n<\/div><\/div>\n\n\n\n<div class=\"wp-block-group\"><div class=\"wp-block-group__inner-container is-layout-flow wp-block-group-is-layout-flow\">\n<h3 class=\"wp-block-heading\">PME&#8217;s Bens Transacion\u00e1veis<\/h3>\n\n\n\n<div class=\"wp-block-columns is-layout-flex wp-container-core-columns-is-layout-9d6595d7 wp-block-columns-is-layout-flex\">\n<div class=\"wp-block-column is-layout-flow wp-block-column-is-layout-flow\">\n<h4 class=\"uk-margin-remove wp-block-heading\">Vencedor<\/h4>\n\n\n\n<p class=\"uk-margin-remove-adjacent uk-margin-remove-top\">AAC T\u00eaxteis<\/p>\n\n\n<div class=\"uk-margin-medium\"><iframe width=\"1280\" height=\"720\" src=\"\/\/www.youtube.com\/embed\/iEQvF-rR0M8?showinfo=0\" frameborder=\"0\" allowfullscreen data-uk-responsive loading=\"lazy\" referrerpolicy=\"no-referrer-when-downgrade\" title=\"\"><\/iframe><\/div>\n<\/div>\n\n\n\n<div class=\"wp-block-column is-layout-flow wp-block-column-is-layout-flow\">\n<h4 class=\"uk-margin-remove wp-block-heading\">Vencedor<\/h4>\n\n\n\n<p class=\"uk-margin-remove-adjacent uk-margin-remove-top\">Cutipol &#8211; Cutelarias Portuguesas<\/p>\n\n\n<div class=\"uk-margin-medium\"><iframe width=\"1280\" height=\"720\" src=\"\/\/www.youtube.com\/embed\/djWwjmv1sU4?showinfo=0\" frameborder=\"0\" allowfullscreen data-uk-responsive loading=\"lazy\" referrerpolicy=\"no-referrer-when-downgrade\" title=\"\"><\/iframe><\/div>\n<\/div>\n<\/div>\n<\/div><\/div>\n\n\n\n<div class=\"wp-block-group\"><div class=\"wp-block-group__inner-container is-layout-flow wp-block-group-is-layout-flow\">\n<h3 class=\"wp-block-heading\">PME&#8217;s Servi\u00e7os<\/h3>\n\n\n\n<div class=\"wp-block-columns is-layout-flex wp-container-core-columns-is-layout-9d6595d7 wp-block-columns-is-layout-flex\">\n<div class=\"wp-block-column is-layout-flow wp-block-column-is-layout-flow\">\n<h4 class=\"uk-margin-remove wp-block-heading\">Vencedor<\/h4>\n\n\n\n<p class=\"uk-margin-remove-adjacent uk-margin-remove-top\">Floriano da Costa &amp; Gavina<\/p>\n\n\n<div class=\"uk-margin-medium\"><iframe width=\"1280\" height=\"720\" src=\"\/\/www.youtube.com\/embed\/AkTqoHKLBP4?showinfo=0\" frameborder=\"0\" allowfullscreen data-uk-responsive loading=\"lazy\" referrerpolicy=\"no-referrer-when-downgrade\" title=\"\"><\/iframe><\/div>\n<\/div>\n\n\n\n<div class=\"wp-block-column is-layout-flow wp-block-column-is-layout-flow\">\n<h4 class=\"uk-margin-remove wp-block-heading\">Men\u00e7\u00e3o Honrosa<\/h4>\n\n\n\n<p class=\"uk-margin-remove-adjacent uk-margin-remove-top\">Design e More<\/p>\n\n\n<div class=\"uk-margin-medium\"><iframe width=\"1280\" height=\"720\" src=\"\/\/www.youtube.com\/embed\/qj5Ua40Ogcg?showinfo=0\" frameborder=\"0\" allowfullscreen data-uk-responsive loading=\"lazy\" referrerpolicy=\"no-referrer-when-downgrade\" title=\"\"><\/iframe><\/div>\n<\/div>\n<\/div>\n<\/div><\/div>\n\n\n\n<div class=\"wp-block-group\"><div class=\"wp-block-group__inner-container is-layout-flow wp-block-group-is-layout-flow\">\n<h3 class=\"wp-block-heading\">Exporta\u00e7\u00e3o + Emprego<\/h3>\n\n\n\n<div class=\"wp-block-columns is-layout-flex wp-container-core-columns-is-layout-9d6595d7 wp-block-columns-is-layout-flex\">\n<div class=\"wp-block-column is-layout-flow wp-block-column-is-layout-flow\">\n<h4 class=\"uk-margin-remove wp-block-heading\">Vencedor<\/h4>\n\n\n\n<p class=\"uk-margin-remove-adjacent uk-margin-remove-top\">Sim\u00f5es e Rodrigues<\/p>\n\n\n<div class=\"uk-margin-medium\"><iframe width=\"1280\" height=\"720\" src=\"\/\/www.youtube.com\/embed\/MkUEvBiUJmg?showinfo=0\" frameborder=\"0\" allowfullscreen data-uk-responsive loading=\"lazy\" referrerpolicy=\"no-referrer-when-downgrade\" title=\"\"><\/iframe><\/div>\n<\/div>\n<\/div>\n<\/div><\/div>\n\n\n\n<div class=\"wp-block-group\"><div class=\"wp-block-group__inner-container is-layout-flow wp-block-group-is-layout-flow\">\n<h3 class=\"wp-block-heading\">Revela\u00e7\u00e3o<\/h3>\n\n\n\n<div class=\"wp-block-columns is-layout-flex wp-container-core-columns-is-layout-9d6595d7 wp-block-columns-is-layout-flex\">\n<div class=\"wp-block-column is-layout-flow wp-block-column-is-layout-flow\">\n<h4 class=\"uk-margin-remove wp-block-heading\">Vencedor<\/h4>\n\n\n\n<p class=\"uk-margin-remove-adjacent uk-margin-remove-top\">Pradecon &#8211; Constru\u00e7\u00f5es Met\u00e1licas<\/p>\n\n\n\n<\/div>\n\n\n\n<div class=\"wp-block-column is-layout-flow wp-block-column-is-layout-flow\">\n<h4 class=\"uk-margin-remove wp-block-heading\">Men\u00e7\u00e3o Honrosa<\/h4>\n\n\n\n<p class=\"uk-margin-remove-adjacent uk-margin-remove-top\">Lima &amp; CIA<\/p>\n\n\n<div class=\"uk-margin-medium\"><iframe width=\"1280\" height=\"720\" src=\"\/\/www.youtube.com\/embed\/S8iErwbECro?showinfo=0\" frameborder=\"0\" allowfullscreen data-uk-responsive loading=\"lazy\" referrerpolicy=\"no-referrer-when-downgrade\" title=\"\"><\/iframe><\/div>\n<\/div>\n<\/div>\n<\/div><\/div>\n\n\n\n<div class=\"wp-block-group\"><div class=\"wp-block-group__inner-container is-layout-flow wp-block-group-is-layout-flow\">\n<h3 class=\"wp-block-heading\">Multinacional<\/h3>\n\n\n\n<div class=\"wp-block-columns is-layout-flex wp-container-core-columns-is-layout-9d6595d7 wp-block-columns-is-layout-flex\">\n<div class=\"wp-block-column is-layout-flow wp-block-column-is-layout-flow\">\n<h4 class=\"uk-margin-remove wp-block-heading\">Vencedor<\/h4>\n\n\n\n<p class=\"uk-margin-remove-adjacent uk-margin-remove-top\">Somincor &#8211; Sociedade Mineira de Neves-Corvo<\/p>\n\n\n<div class=\"uk-margin-medium\"><iframe width=\"1280\" height=\"720\" src=\"\/\/www.youtube.com\/embed\/48YWli8yZbQ?showinfo=0\" frameborder=\"0\" allowfullscreen data-uk-responsive loading=\"lazy\" referrerpolicy=\"no-referrer-when-downgrade\" title=\"\"><\/iframe><\/div>\n<\/div>\n\n\n\n<div class=\"wp-block-column is-layout-flow wp-block-column-is-layout-flow\">\n<h4 class=\"uk-margin-remove wp-block-heading\">Men\u00e7\u00e3o Honrosa<\/h4>\n\n\n\n<p class=\"uk-margin-remove-adjacent uk-margin-remove-top\">Critical Manufactoring<\/p>\n\n\n<div class=\"uk-margin-medium\"><iframe width=\"1280\" height=\"720\" src=\"\/\/www.youtube.com\/embed\/txPKPGJi7ds?showinfo=0\" frameborder=\"0\" allowfullscreen data-uk-responsive loading=\"lazy\" referrerpolicy=\"no-referrer-when-downgrade\" title=\"\"><\/iframe><\/div>\n<\/div>\n<\/div>\n<\/div><\/div>\n\n\n\n<div class=\"wp-block-group\"><div class=\"wp-block-group__inner-container is-layout-flow wp-block-group-is-layout-flow\">\n<h3 class=\"wp-block-heading\">Setor Estrat\u00e9gico: Vinho<\/h3>\n\n\n\n<div class=\"wp-block-columns is-layout-flex wp-container-core-columns-is-layout-9d6595d7 wp-block-columns-is-layout-flex\">\n<div class=\"wp-block-column is-layout-flow wp-block-column-is-layout-flow\">\n<h4 class=\"uk-margin-remove wp-block-heading\">Vencedor<\/h4>\n\n\n\n<p class=\"uk-margin-remove-adjacent uk-margin-remove-top\">Sogrape Vinhos<\/p>\n\n\n<div class=\"uk-margin-medium\"><iframe width=\"1280\" height=\"720\" src=\"\/\/www.youtube.com\/embed\/8eMEyBbPPpI?showinfo=0\" frameborder=\"0\" allowfullscreen data-uk-responsive loading=\"lazy\" referrerpolicy=\"no-referrer-when-downgrade\" title=\"\"><\/iframe><\/div>\n<\/div>\n\n\n\n<div class=\"wp-block-column is-layout-flow wp-block-column-is-layout-flow\">\n<h4 class=\"uk-margin-remove wp-block-heading\">Men\u00e7\u00e3o Honrosa<\/h4>\n\n\n\n<p class=\"uk-margin-remove-adjacent uk-margin-remove-top\">Aveleda<\/p>\n\n\n<div class=\"uk-margin-medium\"><iframe width=\"1280\" height=\"720\" src=\"\/\/www.youtube.com\/embed\/0GZlQS7vH2c?showinfo=0\" frameborder=\"0\" allowfullscreen data-uk-responsive loading=\"lazy\" referrerpolicy=\"no-referrer-when-downgrade\" title=\"\"><\/iframe><\/div>\n<\/div>\n\n\n\n<div class=\"wp-block-column is-layout-flow wp-block-column-is-layout-flow\">\n<h4 class=\"uk-margin-remove wp-block-heading\">Men\u00e7\u00e3o Honrosa<\/h4>\n\n\n\n<p class=\"uk-margin-remove-adjacent uk-margin-remove-top\">Madeira Wine Company<\/p>\n\n\n<div class=\"uk-margin-medium\"><iframe width=\"1280\" height=\"720\" src=\"\/\/www.youtube.com\/embed\/9iTxhmRhReY?showinfo=0\" frameborder=\"0\" allowfullscreen data-uk-responsive loading=\"lazy\" referrerpolicy=\"no-referrer-when-downgrade\" title=\"\"><\/iframe><\/div>\n<\/div>\n<\/div>\n<\/div><\/div>\n\n\n\n<div class=\"wp-block-group\"><div class=\"wp-block-group__inner-container is-layout-flow wp-block-group-is-layout-flow\">\n<h3 class=\"wp-block-heading\">Pr\u00e9mio Internacionaliza\u00e7\u00e3o &#8211; Grandes Empresas<\/h3>\n\n\n\n<div class=\"wp-block-columns is-layout-flex wp-container-core-columns-is-layout-9d6595d7 wp-block-columns-is-layout-flex\">\n<div class=\"wp-block-column is-layout-flow wp-block-column-is-layout-flow\">\n<h4 class=\"uk-margin-remove wp-block-heading\">Vencedor<\/h4>\n\n\n\n<p class=\"uk-margin-remove-adjacent uk-margin-remove-top\">Inapa Portugal<\/p>\n\n\n<div class=\"uk-margin-medium\"><iframe width=\"1280\" height=\"720\" src=\"\/\/www.youtube.com\/embed\/SbbvK6aTe1k?showinfo=0\" frameborder=\"0\" allowfullscreen data-uk-responsive loading=\"lazy\" referrerpolicy=\"no-referrer-when-downgrade\" title=\"\"><\/iframe><\/div>\n<\/div>\n<\/div>\n<\/div><\/div>\n","protected":false},"excerpt":{"rendered":"<p>Grandes Empresas &#8211; Bens Transacion\u00e1veis Vencedor Amorim Top Series Grandes Empresas &#8211; Servi\u00e7os Vencedor Feedzai Men\u00e7\u00e3o Honrosa Fairjourney Biologics PME&#8217;s Bens Transacion\u00e1veis Vencedor AAC T\u00eaxteis Vencedor Cutipol &#8211; Cutelarias Portuguesas PME&#8217;s Servi\u00e7os Vencedor Floriano da Costa &amp; Gavina Men\u00e7\u00e3o Honrosa Design e More Exporta\u00e7\u00e3o + Emprego Vencedor Sim\u00f5es e Rodrigues Revela\u00e7\u00e3o Vencedor Pradecon &#8211; Constru\u00e7\u00f5es [&hellip;]<\/p>\n","protected":false},"author":5,"featured_media":0,"parent":22,"menu_order":0,"comment_status":"closed","ping_status":"closed","template":"page_for-vencedores.php","meta":{"footnotes":""},"class_list":["post-1039","page","type-page","status-publish","hentry"],"_links":{"self":[{"href":"https:\/\/bs.xl.pt\/premio-exportacao-e-internacionalizacao\/wp-json\/wp\/v2\/pages\/1039","targetHints":{"allow":["GET"]}}],"collection":[{"href":"https:\/\/bs.xl.pt\/premio-exportacao-e-internacionalizacao\/wp-json\/wp\/v2\/pages"}],"about":[{"href":"https:\/\/bs.xl.pt\/premio-exportacao-e-internacionalizacao\/wp-json\/wp\/v2\/types\/page"}],"author":[{"embeddable":true,"href":"https:\/\/bs.xl.pt\/premio-exportacao-e-internacionalizacao\/wp-json\/wp\/v2\/users\/5"}],"replies":[{"embeddable":true,"href":"https:\/\/bs.xl.pt\/premio-exportacao-e-internacionalizacao\/wp-json\/wp\/v2\/comments?post=1039"}],"version-history":[{"count":17,"href":"https:\/\/bs.xl.pt\/premio-exportacao-e-internacionalizacao\/wp-json\/wp\/v2\/pages\/1039\/revisions"}],"predecessor-version":[{"id":1090,"href":"https:\/\/bs.xl.pt\/premio-exportacao-e-internacionalizacao\/wp-json\/wp\/v2\/pages\/1039\/revisions\/1090"}],"up":[{"embeddable":true,"href":"https:\/\/bs.xl.pt\/premio-exportacao-e-internacionalizacao\/wp-json\/wp\/v2\/pages\/22"}],"wp:attachment":[{"href":"https:\/\/bs.xl.pt\/premio-exportacao-e-internacionalizacao\/wp-json\/wp\/v2\/media?parent=1039"}],"curies":[{"name":"wp","href":"https:\/\/api.w.org\/{rel}","templated":true}]}}