{"id":1492,"date":"2023-11-08T11:14:18","date_gmt":"2023-11-08T11:14:18","guid":{"rendered":"https:\/\/bs.xl.pt\/premio-exportacao-e-internacionalizacao\/?page_id=1492"},"modified":"2023-11-08T11:14:20","modified_gmt":"2023-11-08T11:14:20","slug":"edicao-2023","status":"publish","type":"page","link":"https:\/\/bs.xl.pt\/premio-exportacao-e-internacionalizacao\/vencedores\/edicao-2023\/","title":{"rendered":"Edi\u00e7\u00e3o 2023"},"content":{"rendered":"\n<div class=\"wp-block-group\"><div class=\"wp-block-group__inner-container is-layout-flow wp-block-group-is-layout-flow\">\n<h3 class=\"wp-block-heading\">Grandes Empresas &#8211; Bens Transacion\u00e1veis<\/h3>\n\n\n\n<div class=\"wp-block-columns is-layout-flex wp-container-core-columns-is-layout-9d6595d7 wp-block-columns-is-layout-flex\">\n<div class=\"wp-block-column is-layout-flow wp-block-column-is-layout-flow\">\n<h4 class=\"wp-block-heading uk-margin-remove\">Vencedor<\/h4>\n\n\n\n<p class=\"uk-margin-remove-adjacent uk-margin-remove-top\">Casfil, S.A.<\/p>\n\n\n<div class=\"uk-margin-medium\"><iframe src=\"https:\/\/players.brightcove.net\/6108484330001\/kAtzSWivK_default\/index.html?videoId=6340728591112\" allowfullscreen=\"\" allow=\"encrypted-media\" width=\"1280\" height=\"720\" data-uk-responsive loading=\"lazy\" title=\"\"><\/iframe><\/div>\n<\/div>\n\n\n\n<div class=\"wp-block-column is-layout-flow wp-block-column-is-layout-flow\">\n<h4 class=\"wp-block-heading uk-margin-remove\">Vencedor<\/h4>\n\n\n\n<p class=\"uk-margin-remove-adjacent uk-margin-remove-top\">Fapricela, S.A.<\/p>\n\n\n<div class=\"uk-margin-medium\"><iframe src=\"https:\/\/players.brightcove.net\/6108484330001\/kAtzSWivK_default\/index.html?videoId=6340726752112\" allowfullscreen=\"\" allow=\"encrypted-media\" width=\"1280\" height=\"720\" data-uk-responsive loading=\"lazy\" title=\"\"><\/iframe><\/div>\n<\/div>\n<\/div>\n<\/div><\/div>\n\n\n\n<div class=\"wp-block-group\"><div class=\"wp-block-group__inner-container is-layout-flow wp-block-group-is-layout-flow\">\n<h3 class=\"wp-block-heading\">Grandes Empresas &#8211; Servi\u00e7os<\/h3>\n\n\n\n<div class=\"wp-block-columns is-layout-flex wp-container-core-columns-is-layout-9d6595d7 wp-block-columns-is-layout-flex\">\n<div class=\"wp-block-column is-layout-flow wp-block-column-is-layout-flow\">\n<h4 class=\"wp-block-heading uk-margin-remove\">Vencedor<\/h4>\n\n\n\n<p class=\"uk-margin-remove-adjacent uk-margin-remove-top\">Utis, S.A.<\/p>\n\n\n<div class=\"uk-margin-medium\"><iframe src=\"https:\/\/players.brightcove.net\/6108484330001\/kAtzSWivK_default\/index.html?videoId=6340726051112\" allowfullscreen=\"\" allow=\"encrypted-media\" width=\"1280\" height=\"720\" data-uk-responsive loading=\"lazy\" title=\"\"><\/iframe><\/div>\n<\/div>\n\n\n\n<div class=\"wp-block-column is-layout-flow wp-block-column-is-layout-flow\">\n<h4 class=\"wp-block-heading uk-margin-remove\">Men\u00e7\u00e3o Honrosa<\/h4>\n\n\n\n<p class=\"uk-margin-remove-adjacent uk-margin-remove-top\">MetalMarinha, S.A.<\/p>\n\n\n<div class=\"uk-margin-medium\"><iframe src=\"https:\/\/players.brightcove.net\/6108484330001\/kAtzSWivK_default\/index.html?videoId=6340725557112\" allowfullscreen=\"\" allow=\"encrypted-media\" width=\"1280\" height=\"720\" data-uk-responsive loading=\"lazy\" title=\"\"><\/iframe><\/div>\n<\/div>\n<\/div>\n<\/div><\/div>\n\n\n\n<div class=\"wp-block-group\"><div class=\"wp-block-group__inner-container is-layout-flow wp-block-group-is-layout-flow\">\n<h3 class=\"wp-block-heading\">PME&#8217;s &#8211; Bens Transacion\u00e1veis<\/h3>\n\n\n\n<div class=\"wp-block-columns is-layout-flex wp-container-core-columns-is-layout-9d6595d7 wp-block-columns-is-layout-flex\">\n<div class=\"wp-block-column is-layout-flow wp-block-column-is-layout-flow\">\n<h4 class=\"wp-block-heading uk-margin-remove\">Vencedor<\/h4>\n\n\n\n<p class=\"uk-margin-remove-adjacent uk-margin-remove-top\">Sid\u00f3nios Seamless Tech, S.A.<\/p>\n\n\n<div class=\"uk-margin-medium\"><iframe src=\"https:\/\/players.brightcove.net\/6108484330001\/kAtzSWivK_default\/index.html?videoId=6340727720112\" allowfullscreen=\"\" allow=\"encrypted-media\" width=\"1280\" height=\"720\" data-uk-responsive loading=\"lazy\" title=\"\"><\/iframe><\/div>\n<\/div>\n<\/div>\n<\/div><\/div>\n\n\n\n<div class=\"wp-block-group\"><div class=\"wp-block-group__inner-container is-layout-flow wp-block-group-is-layout-flow\">\n<h3 class=\"wp-block-heading\">PME&#8217;s &#8211; Servi\u00e7os<\/h3>\n\n\n\n<div class=\"wp-block-columns is-layout-flex wp-container-core-columns-is-layout-9d6595d7 wp-block-columns-is-layout-flex\">\n<div class=\"wp-block-column is-layout-flow wp-block-column-is-layout-flow\">\n<h4 class=\"wp-block-heading uk-margin-remove\">Vencedor<\/h4>\n\n\n\n<p class=\"uk-margin-remove-adjacent uk-margin-remove-top\">Afrijor, Lda<\/p>\n\n\n<div class=\"uk-margin-medium\"><iframe src=\"https:\/\/players.brightcove.net\/6108484330001\/kAtzSWivK_default\/index.html?videoId=6340727432112\" allowfullscreen=\"\" allow=\"encrypted-media\" width=\"1280\" height=\"720\" data-uk-responsive loading=\"lazy\" title=\"\"><\/iframe><\/div>\n<\/div>\n\n\n\n<div class=\"wp-block-column is-layout-flow wp-block-column-is-layout-flow\">\n<h4 class=\"wp-block-heading uk-margin-remove\">Men\u00e7\u00e3o Honrosa<\/h4>\n\n\n\n<p class=\"uk-margin-remove-adjacent uk-margin-remove-top\">Absolutarget, Lda<\/p>\n\n\n<div class=\"uk-margin-medium\"><iframe src=\"https:\/\/players.brightcove.net\/6108484330001\/kAtzSWivK_default\/index.html?videoId=6340727008112\" allowfullscreen=\"\" allow=\"encrypted-media\" width=\"1280\" height=\"720\" data-uk-responsive loading=\"lazy\" title=\"\"><\/iframe><\/div>\n<\/div>\n\n\n\n<div class=\"wp-block-column is-layout-flow wp-block-column-is-layout-flow\">\n<h4 class=\"wp-block-heading uk-margin-remove\">Men\u00e7\u00e3o Honrosa<\/h4>\n\n\n\n<p class=\"uk-margin-remove-adjacent uk-margin-remove-top\">Innovation Makers, Lda<\/p>\n\n\n<div class=\"uk-margin-medium\"><iframe src=\"https:\/\/players.brightcove.net\/6108484330001\/kAtzSWivK_default\/index.html?videoId=6340726218112\" allowfullscreen=\"\" allow=\"encrypted-media\" width=\"1280\" height=\"720\" data-uk-responsive loading=\"lazy\" title=\"\"><\/iframe><\/div>\n<\/div>\n<\/div>\n<\/div><\/div>\n\n\n\n<div class=\"wp-block-group\"><div class=\"wp-block-group__inner-container is-layout-flow wp-block-group-is-layout-flow\">\n<h3 class=\"wp-block-heading\">Exporta\u00e7\u00e3o + Emprego<\/h3>\n\n\n\n<div class=\"wp-block-columns is-layout-flex wp-container-core-columns-is-layout-9d6595d7 wp-block-columns-is-layout-flex\">\n<div class=\"wp-block-column is-layout-flow wp-block-column-is-layout-flow\">\n<h4 class=\"wp-block-heading uk-margin-remove\">Vencedor<\/h4>\n\n\n\n<p class=\"uk-margin-remove-adjacent uk-margin-remove-top\">Grestel, S.A.<\/p>\n\n\n<div class=\"uk-margin-medium\"><iframe src=\"https:\/\/players.brightcove.net\/6108484330001\/kAtzSWivK_default\/index.html?videoId=6340728498112\" allowfullscreen=\"\" allow=\"encrypted-media\" width=\"1280\" height=\"720\" data-uk-responsive loading=\"lazy\" title=\"\"><\/iframe><\/div>\n<\/div>\n\n\n\n<div class=\"wp-block-column is-layout-flow wp-block-column-is-layout-flow\">\n<h4 class=\"wp-block-heading uk-margin-remove\">Vencedor<\/h4>\n\n\n\n<p class=\"uk-margin-remove-adjacent uk-margin-remove-top\">Cordex, S.A.<\/p>\n\n\n<div class=\"uk-margin-medium\"><iframe src=\"https:\/\/players.brightcove.net\/6108484330001\/kAtzSWivK_default\/index.html?videoId=6340728499112\" allowfullscreen=\"\" allow=\"encrypted-media\" width=\"1280\" height=\"720\" data-uk-responsive loading=\"lazy\" title=\"\"><\/iframe><\/div>\n<\/div>\n<\/div>\n<\/div><\/div>\n\n\n\n<div class=\"wp-block-group\"><div class=\"wp-block-group__inner-container is-layout-flow wp-block-group-is-layout-flow\">\n<h3 class=\"wp-block-heading\">Revela\u00e7\u00e3o<\/h3>\n\n\n\n<div class=\"wp-block-columns is-layout-flex wp-container-core-columns-is-layout-9d6595d7 wp-block-columns-is-layout-flex\">\n<div class=\"wp-block-column is-layout-flow wp-block-column-is-layout-flow\">\n<h4 class=\"wp-block-heading uk-margin-remove\">Vencedor<\/h4>\n\n\n\n<p class=\"uk-margin-remove-adjacent uk-margin-remove-top\">Nautiber, Lda<\/p>\n\n\n<div class=\"uk-margin-medium\"><iframe src=\"https:\/\/players.brightcove.net\/6108484330001\/kAtzSWivK_default\/index.html?videoId=6340725659112\" allowfullscreen=\"\" allow=\"encrypted-media\" width=\"1280\" height=\"720\" data-uk-responsive loading=\"lazy\" title=\"\"><\/iframe><\/div>\n<\/div>\n<\/div>\n<\/div><\/div>\n\n\n\n<div class=\"wp-block-group\"><div class=\"wp-block-group__inner-container is-layout-flow wp-block-group-is-layout-flow\">\n<h3 class=\"wp-block-heading\">Multinacional<\/h3>\n\n\n\n<div class=\"wp-block-columns is-layout-flex wp-container-core-columns-is-layout-9d6595d7 wp-block-columns-is-layout-flex\">\n<div class=\"wp-block-column is-layout-flow wp-block-column-is-layout-flow\">\n<h4 class=\"wp-block-heading uk-margin-remove\">Vencedor<\/h4>\n\n\n\n<p class=\"uk-margin-remove-adjacent uk-margin-remove-top\">Hikma Farmac\u00eautica, S.A.<\/p>\n\n\n<div class=\"uk-margin-medium\"><iframe src=\"https:\/\/players.brightcove.net\/6108484330001\/kAtzSWivK_default\/index.html?videoId=6340727433112\" allowfullscreen=\"\" allow=\"encrypted-media\" width=\"1280\" height=\"720\" data-uk-responsive loading=\"lazy\" title=\"\"><\/iframe><\/div>\n<\/div>\n\n\n\n<div class=\"wp-block-column is-layout-flow wp-block-column-is-layout-flow\">\n<h4 class=\"wp-block-heading uk-margin-remove\">Men\u00e7\u00e3o Honrosa<\/h4>\n\n\n\n<p class=\"uk-margin-remove-adjacent uk-margin-remove-top\">Brunswick Marine, Lda<\/p>\n\n\n<div class=\"uk-margin-medium\"><iframe src=\"https:\/\/players.brightcove.net\/6108484330001\/kAtzSWivK_default\/index.html?videoId=6340726133112\" allowfullscreen=\"\" allow=\"encrypted-media\" width=\"1280\" height=\"720\" data-uk-responsive loading=\"lazy\" title=\"\"><\/iframe><\/div>\n<\/div>\n<\/div>\n<\/div><\/div>\n\n\n\n<div class=\"wp-block-group\"><div class=\"wp-block-group__inner-container is-layout-flow wp-block-group-is-layout-flow\">\n<h3 class=\"wp-block-heading\">Setor Estret\u00e9gico &#8211; Agricultura e Agroalimentar<\/h3>\n\n\n\n<div class=\"wp-block-columns is-layout-flex wp-container-core-columns-is-layout-9d6595d7 wp-block-columns-is-layout-flex\">\n<div class=\"wp-block-column is-layout-flow wp-block-column-is-layout-flow\">\n<h4 class=\"wp-block-heading uk-margin-remove\">Vencedor<\/h4>\n\n\n\n<p class=\"uk-margin-remove-adjacent uk-margin-remove-top\">Espor\u00e3o, S.A.<\/p>\n\n\n<div class=\"uk-margin-medium\"><iframe src=\"https:\/\/players.brightcove.net\/6108484330001\/kAtzSWivK_default\/index.html?videoId=6340726050112\" allowfullscreen=\"\" allow=\"encrypted-media\" width=\"1280\" height=\"720\" data-uk-responsive loading=\"lazy\" title=\"\"><\/iframe><\/div>\n<\/div>\n\n\n\n<div class=\"wp-block-column is-layout-flow wp-block-column-is-layout-flow\">\n<h4 class=\"wp-block-heading uk-margin-remove\">Men\u00e7\u00e3o Honrosa<\/h4>\n\n\n\n<p class=\"uk-margin-remove-adjacent uk-margin-remove-top\">Monte do Pasto, Lda<\/p>\n\n\n<div class=\"uk-margin-medium\"><iframe src=\"https:\/\/players.brightcove.net\/6108484330001\/kAtzSWivK_default\/index.html?videoId=6340727009112\" allowfullscreen=\"\" allow=\"encrypted-media\" width=\"1280\" height=\"720\" data-uk-responsive loading=\"lazy\" title=\"\"><\/iframe><\/div>\n<\/div>\n<\/div>\n<\/div><\/div>\n\n\n\n<div class=\"wp-block-group\"><div class=\"wp-block-group__inner-container is-layout-flow wp-block-group-is-layout-flow\">\n<h3 class=\"wp-block-heading\">Pr\u00e9mio Internacionaliza\u00e7\u00e3o &#8211; Grandes Empresas<\/h3>\n\n\n\n<div class=\"wp-block-columns is-layout-flex wp-container-core-columns-is-layout-9d6595d7 wp-block-columns-is-layout-flex\">\n<div class=\"wp-block-column is-layout-flow wp-block-column-is-layout-flow\">\n<h4 class=\"wp-block-heading uk-margin-remove\">Vencedor<\/h4>\n\n\n\n<p class=\"uk-text-smaller uk-margin-remove-adjacent uk-margin-remove-top\">APCOR + BIOND + Centro Pinus<br>Pr\u00e9mio a ser atribu\u00eddo a 3 institui\u00e7\u00f5es respons\u00e1veis pelo desenvolvimento da floresta portuguesa (Montado \/ Eucalipto \/ Pinheiro)<\/p>\n\n\n<div class=\"uk-margin-medium\"><iframe src=\"https:\/\/players.brightcove.net\/6108484330001\/kAtzSWivK_default\/index.html?videoId=6340725660112\" allowfullscreen=\"\" allow=\"encrypted-media\" width=\"1280\" height=\"720\" data-uk-responsive loading=\"lazy\" title=\"\"><\/iframe><\/div>\n<\/div>\n<\/div>\n<\/div><\/div>\n\n\n\n<div class=\"wp-block-group\"><div class=\"wp-block-group__inner-container is-layout-flow wp-block-group-is-layout-flow\">\n<h3 class=\"wp-block-heading\">Pr\u00e9mio Internacionaliza\u00e7\u00e3o &#8211; Grandes Empresas<\/h3>\n\n\n\n<div class=\"wp-block-columns is-layout-flex wp-container-core-columns-is-layout-9d6595d7 wp-block-columns-is-layout-flex\">\n<div class=\"wp-block-column is-layout-flow wp-block-column-is-layout-flow\">\n<h4 class=\"wp-block-heading uk-margin-remove\">Vencedor<\/h4>\n\n\n\n<p class=\"uk-margin-remove-adjacent uk-margin-remove-top\">Bondalti (Grupo Jos\u00e9 de Mello)<\/p>\n\n\n<div class=\"uk-margin-medium\"><iframe src=\"https:\/\/players.brightcove.net\/6108484330001\/kAtzSWivK_default\/index.html?videoId=6340728209112\" allowfullscreen=\"\" allow=\"encrypted-media\" width=\"1280\" height=\"720\" data-uk-responsive loading=\"lazy\" title=\"\"><\/iframe><\/div>\n<\/div>\n\n\n\n<div class=\"wp-block-column is-layout-flow wp-block-column-is-layout-flow\">\n<h4 class=\"wp-block-heading uk-margin-remove\">Men\u00e7\u00e3o Honrosa<\/h4>\n\n\n\n<p class=\"uk-margin-remove-adjacent uk-margin-remove-top\">Outsystems<\/p>\n\n\n<div class=\"uk-margin-medium\"><iframe src=\"https:\/\/players.brightcove.net\/6108484330001\/kAtzSWivK_default\/index.html?videoId=6340726339112\" allowfullscreen=\"\" allow=\"encrypted-media\" width=\"1280\" height=\"720\" data-uk-responsive loading=\"lazy\" title=\"\"><\/iframe><\/div>\n<\/div>\n<\/div>\n<\/div><\/div>\n","protected":false},"excerpt":{"rendered":"<p>Grandes Empresas &#8211; Bens Transacion\u00e1veis Vencedor Casfil, S.A. Vencedor Fapricela, S.A. Grandes Empresas &#8211; Servi\u00e7os Vencedor Utis, S.A. Men\u00e7\u00e3o Honrosa MetalMarinha, S.A. PME&#8217;s &#8211; Bens Transacion\u00e1veis Vencedor Sid\u00f3nios Seamless Tech, S.A. PME&#8217;s &#8211; Servi\u00e7os Vencedor Afrijor, Lda Men\u00e7\u00e3o Honrosa Absolutarget, Lda Men\u00e7\u00e3o Honrosa Innovation Makers, Lda Exporta\u00e7\u00e3o + Emprego Vencedor Grestel, S.A. Vencedor Cordex, S.A. [&hellip;]<\/p>\n","protected":false},"author":29,"featured_media":0,"parent":22,"menu_order":0,"comment_status":"closed","ping_status":"closed","template":"page_for-vencedores.php","meta":{"footnotes":""},"class_list":["post-1492","page","type-page","status-publish","hentry"],"_links":{"self":[{"href":"https:\/\/bs.xl.pt\/premio-exportacao-e-internacionalizacao\/wp-json\/wp\/v2\/pages\/1492","targetHints":{"allow":["GET"]}}],"collection":[{"href":"https:\/\/bs.xl.pt\/premio-exportacao-e-internacionalizacao\/wp-json\/wp\/v2\/pages"}],"about":[{"href":"https:\/\/bs.xl.pt\/premio-exportacao-e-internacionalizacao\/wp-json\/wp\/v2\/types\/page"}],"author":[{"embeddable":true,"href":"https:\/\/bs.xl.pt\/premio-exportacao-e-internacionalizacao\/wp-json\/wp\/v2\/users\/29"}],"replies":[{"embeddable":true,"href":"https:\/\/bs.xl.pt\/premio-exportacao-e-internacionalizacao\/wp-json\/wp\/v2\/comments?post=1492"}],"version-history":[{"count":7,"href":"https:\/\/bs.xl.pt\/premio-exportacao-e-internacionalizacao\/wp-json\/wp\/v2\/pages\/1492\/revisions"}],"predecessor-version":[{"id":1513,"href":"https:\/\/bs.xl.pt\/premio-exportacao-e-internacionalizacao\/wp-json\/wp\/v2\/pages\/1492\/revisions\/1513"}],"up":[{"embeddable":true,"href":"https:\/\/bs.xl.pt\/premio-exportacao-e-internacionalizacao\/wp-json\/wp\/v2\/pages\/22"}],"wp:attachment":[{"href":"https:\/\/bs.xl.pt\/premio-exportacao-e-internacionalizacao\/wp-json\/wp\/v2\/media?parent=1492"}],"curies":[{"name":"wp","href":"https:\/\/api.w.org\/{rel}","templated":true}]}}