{"id":28,"date":"2022-06-06T15:28:25","date_gmt":"2022-06-06T15:28:25","guid":{"rendered":"https:\/\/bs.xl.pt\/premio-exportacao-e-internacionalizacao\/?page_id=28"},"modified":"2022-06-06T17:25:31","modified_gmt":"2022-06-06T17:25:31","slug":"edicao-2020","status":"publish","type":"page","link":"https:\/\/bs.xl.pt\/premio-exportacao-e-internacionalizacao\/vencedores\/edicao-2020\/","title":{"rendered":"Edi\u00e7\u00e3o 2020"},"content":{"rendered":"\n<div class=\"wp-block-group\"><div class=\"wp-block-group__inner-container is-layout-flow wp-block-group-is-layout-flow\">\n<h3 class=\"uk-margin-remove wp-block-heading\">Pr\u00e9mio Grandes Empresas &#8211; Transacion\u00e1veis<\/h3>\n\n\n\n<div class=\"wp-block-columns is-layout-flex wp-container-core-columns-is-layout-9d6595d7 wp-block-columns-is-layout-flex\">\n<div class=\"wp-block-column is-layout-flow wp-block-column-is-layout-flow\">\n<h4 class=\"uk-margin-remove wp-block-heading\">Vencedor<\/h4>\n\n\n\n<p class=\"uk-margin-remove-adjacent uk-margin-remove-top\">Simoldes Pl\u00e1sticos<\/p>\n\n\n<div class=\"uk-margin-medium\"><iframe width=\"1280\" height=\"720\" src=\"\/\/www.youtube.com\/embed\/9EFUL-vm1-w?showinfo=0\" frameborder=\"0\" allowfullscreen data-uk-responsive loading=\"lazy\" referrerpolicy=\"no-referrer-when-downgrade\" title=\"\"><\/iframe><\/div>\n<\/div>\n<\/div>\n<\/div><\/div>\n\n\n\n<div class=\"wp-block-group\"><div class=\"wp-block-group__inner-container is-layout-flow wp-block-group-is-layout-flow\">\n<h3 class=\"uk-margin-remove wp-block-heading\">Pr\u00e9mio PME&#8217;s &#8211; Bens Transacion\u00e1veis<\/h3>\n\n\n\n<div class=\"wp-block-columns is-layout-flex wp-container-core-columns-is-layout-9d6595d7 wp-block-columns-is-layout-flex\">\n<div class=\"wp-block-column is-layout-flow wp-block-column-is-layout-flow\">\n<h4 class=\"uk-margin-remove wp-block-heading\">Vencedor<\/h4>\n\n\n\n<p class=\"uk-margin-remove-adjacent uk-margin-remove-top\">J.C.Ribeiro, S.A<\/p>\n\n\n<div class=\"uk-margin-medium\"><iframe width=\"1280\" height=\"720\" src=\"\/\/www.youtube.com\/embed\/1PTiz45XKvM?showinfo=0\" frameborder=\"0\" allowfullscreen data-uk-responsive loading=\"lazy\" referrerpolicy=\"no-referrer-when-downgrade\" title=\"\"><\/iframe><\/div>\n<\/div>\n\n\n\n<div class=\"wp-block-column is-layout-flow wp-block-column-is-layout-flow\">\n<h4 class=\"uk-margin-remove wp-block-heading\">Men\u00e7\u00e3o Honrosa<\/h4>\n\n\n\n<p class=\"uk-margin-remove-adjacent uk-margin-remove-top\">Moca Stone<\/p>\n\n\n<div class=\"uk-margin-medium\"><iframe width=\"1280\" height=\"720\" src=\"\/\/www.youtube.com\/embed\/8UVjFbnWSn0?showinfo=0\" frameborder=\"0\" allowfullscreen data-uk-responsive loading=\"lazy\" referrerpolicy=\"no-referrer-when-downgrade\" title=\"\"><\/iframe><\/div>\n<\/div>\n<\/div>\n<\/div><\/div>\n\n\n\n<div class=\"wp-block-group\"><div class=\"wp-block-group__inner-container is-layout-flow wp-block-group-is-layout-flow\">\n<h3 class=\"uk-margin-remove wp-block-heading\">Pr\u00e9mio PME&#8217;s &#8211; Servi\u00e7os<\/h3>\n\n\n\n<div class=\"wp-block-columns is-layout-flex wp-container-core-columns-is-layout-9d6595d7 wp-block-columns-is-layout-flex\">\n<div class=\"wp-block-column is-layout-flow wp-block-column-is-layout-flow\">\n<h4 class=\"uk-margin-remove wp-block-heading\">Vencedor<\/h4>\n\n\n\n<p class=\"uk-margin-remove-adjacent uk-margin-remove-top\">Construgomes, Engenharia<\/p>\n\n\n<div class=\"uk-margin-medium\"><iframe width=\"1280\" height=\"720\" src=\"\/\/www.youtube.com\/embed\/dwGxG1YPE88?showinfo=0\" frameborder=\"0\" allowfullscreen data-uk-responsive loading=\"lazy\" referrerpolicy=\"no-referrer-when-downgrade\" title=\"\"><\/iframe><\/div>\n<\/div>\n<\/div>\n<\/div><\/div>\n\n\n\n<div class=\"wp-block-group\"><div class=\"wp-block-group__inner-container is-layout-flow wp-block-group-is-layout-flow\">\n<h3 class=\"uk-margin-remove wp-block-heading\">Pr\u00e9mio Exporta\u00e7\u00e3o + Emprego<\/h3>\n\n\n\n<div class=\"wp-block-columns is-layout-flex wp-container-core-columns-is-layout-9d6595d7 wp-block-columns-is-layout-flex\">\n<div class=\"wp-block-column is-layout-flow wp-block-column-is-layout-flow\">\n<h4 class=\"uk-margin-remove wp-block-heading\">Vencedor<\/h4>\n\n\n\n<p class=\"uk-margin-remove-adjacent uk-margin-remove-top\">Bysteel<\/p>\n\n\n<div class=\"uk-margin-medium\"><iframe width=\"1280\" height=\"720\" src=\"\/\/www.youtube.com\/embed\/zE_nUDs0mZc?showinfo=0\" frameborder=\"0\" allowfullscreen data-uk-responsive loading=\"lazy\" referrerpolicy=\"no-referrer-when-downgrade\" title=\"\"><\/iframe><\/div>\n<\/div>\n\n\n\n<div class=\"wp-block-column is-layout-flow wp-block-column-is-layout-flow\">\n<h4 class=\"uk-margin-remove wp-block-heading\">Men\u00e7\u00e3o Honrosa<\/h4>\n\n\n\n<p class=\"uk-margin-remove-adjacent uk-margin-remove-top\">Laborat\u00f3rios Basi &#8211; Ind\u00fastria Farmac\u00eautica<\/p>\n\n\n<div class=\"uk-inline\"><img decoding=\"async\" src=\"https:\/\/cdn.xl.pt\/bs\/uploads\/sites\/103\/2022\/06\/LogoBasi-vencedores-1200x630.jpg\" alt=\"Edi\u00e7\u00e3o 2020\" loading=\"lazy\" \/><\/div><p class=\"uk-hidden@s uk-text-small uk-text-muted uk-margin-small-top uk-margin-medium-bottom uk-text-left\"><\/p>\n<\/div>\n<\/div>\n<\/div><\/div>\n\n\n\n<div class=\"wp-block-group\"><div class=\"wp-block-group__inner-container is-layout-flow wp-block-group-is-layout-flow\">\n<h3 class=\"uk-margin-remove wp-block-heading\">Pr\u00e9mio Melhor Exportadora Multinacional<\/h3>\n\n\n\n<div class=\"wp-block-columns is-layout-flex wp-container-core-columns-is-layout-9d6595d7 wp-block-columns-is-layout-flex\">\n<div class=\"wp-block-column is-layout-flow wp-block-column-is-layout-flow\">\n<h4 class=\"uk-margin-remove wp-block-heading\">Vencedor<\/h4>\n\n\n\n<p class=\"uk-margin-remove-adjacent uk-margin-remove-top\">Farfetch Portugal &#8211; Unipessoal, LDA<\/p>\n\n\n<div class=\"uk-margin-medium\"><iframe width=\"1280\" height=\"720\" src=\"\/\/www.youtube.com\/embed\/QQLXDZ5Z6Yo?showinfo=0\" frameborder=\"0\" allowfullscreen data-uk-responsive loading=\"lazy\" referrerpolicy=\"no-referrer-when-downgrade\" title=\"\"><\/iframe><\/div>\n<\/div>\n<\/div>\n<\/div><\/div>\n\n\n\n<div class=\"wp-block-group\"><div class=\"wp-block-group__inner-container is-layout-flow wp-block-group-is-layout-flow\">\n<h3 class=\"uk-margin-remove wp-block-heading\">Pr\u00e9mio Setor Estrat\u00e9gico &#8211; Digital<\/h3>\n\n\n\n<div class=\"wp-block-columns is-layout-flex wp-container-core-columns-is-layout-9d6595d7 wp-block-columns-is-layout-flex\">\n<div class=\"wp-block-column is-layout-flow wp-block-column-is-layout-flow\">\n<h4 class=\"uk-margin-remove wp-block-heading\">Vencedor<\/h4>\n\n\n\n<p class=\"uk-margin-remove-adjacent uk-margin-remove-top\">Critical Software<\/p>\n\n\n<div class=\"uk-margin-medium\"><iframe width=\"1280\" height=\"720\" src=\"\/\/www.youtube.com\/embed\/ocqzF1Lu8jM?showinfo=0\" frameborder=\"0\" allowfullscreen data-uk-responsive loading=\"lazy\" referrerpolicy=\"no-referrer-when-downgrade\" title=\"\"><\/iframe><\/div>\n<\/div>\n<\/div>\n<\/div><\/div>\n\n\n\n<div class=\"wp-block-group\"><div class=\"wp-block-group__inner-container is-layout-flow wp-block-group-is-layout-flow\">\n<h3 class=\"uk-margin-remove wp-block-heading\">Pr\u00e9mio Setor Estrat\u00e9gico &#8211; Sa\u00fade<\/h3>\n\n\n\n<div class=\"wp-block-columns is-layout-flex wp-container-core-columns-is-layout-9d6595d7 wp-block-columns-is-layout-flex\">\n<div class=\"wp-block-column is-layout-flow wp-block-column-is-layout-flow\">\n<h4 class=\"uk-margin-remove wp-block-heading\">Vencedor<\/h4>\n\n\n\n<p class=\"uk-margin-remove-adjacent uk-margin-remove-top\">Hovione &#8211; Farmaci\u00eancia<\/p>\n\n\n<div class=\"uk-margin-medium\"><iframe width=\"1280\" height=\"720\" src=\"\/\/www.youtube.com\/embed\/z8Sp0U-1QM8?showinfo=0\" frameborder=\"0\" allowfullscreen data-uk-responsive loading=\"lazy\" referrerpolicy=\"no-referrer-when-downgrade\" title=\"\"><\/iframe><\/div>\n<\/div>\n<\/div>\n<\/div><\/div>\n\n\n\n<div class=\"wp-block-group\"><div class=\"wp-block-group__inner-container is-layout-flow wp-block-group-is-layout-flow\">\n<h3 class=\"uk-margin-remove wp-block-heading\">Pr\u00e9mio Internacionaliza\u00e7\u00e3o &#8211; Grandes Empresas<\/h3>\n\n\n\n<div class=\"wp-block-columns is-layout-flex wp-container-core-columns-is-layout-9d6595d7 wp-block-columns-is-layout-flex\">\n<div class=\"wp-block-column is-layout-flow wp-block-column-is-layout-flow\">\n<h4 class=\"uk-margin-remove wp-block-heading\">Vencedor<\/h4>\n\n\n\n<p class=\"uk-margin-remove-adjacent uk-margin-remove-top\">Mota-engil<\/p>\n\n\n<div class=\"uk-margin-medium\"><iframe width=\"1280\" height=\"720\" src=\"\/\/www.youtube.com\/embed\/IqOYTLcCDBI?showinfo=0\" frameborder=\"0\" allowfullscreen data-uk-responsive loading=\"lazy\" referrerpolicy=\"no-referrer-when-downgrade\" title=\"\"><\/iframe><\/div>\n<\/div>\n<\/div>\n<\/div><\/div>\n\n\n\n<div class=\"wp-block-group\"><div class=\"wp-block-group__inner-container is-layout-flow wp-block-group-is-layout-flow\">\n<h3 class=\"uk-margin-remove wp-block-heading\">Pr\u00e9mio Especial do J\u00fari<\/h3>\n\n\n\n<div class=\"wp-block-columns is-layout-flex wp-container-core-columns-is-layout-9d6595d7 wp-block-columns-is-layout-flex\">\n<div class=\"wp-block-column is-layout-flow wp-block-column-is-layout-flow\">\n<h4 class=\"uk-margin-remove wp-block-heading\">Vencedor<\/h4>\n\n\n\n<p class=\"uk-margin-remove-adjacent uk-margin-remove-top\">\u00a0Vista Alegre Atlantis<\/p>\n\n\n<div class=\"uk-margin-medium\"><iframe width=\"1280\" height=\"720\" src=\"\/\/www.youtube.com\/embed\/Od-5sh1-Ks8?showinfo=0\" frameborder=\"0\" allowfullscreen data-uk-responsive loading=\"lazy\" referrerpolicy=\"no-referrer-when-downgrade\" title=\"\"><\/iframe><\/div>\n<\/div>\n<\/div>\n<\/div><\/div>\n","protected":false},"excerpt":{"rendered":"<p>Pr\u00e9mio Grandes Empresas &#8211; Transacion\u00e1veis Vencedor Simoldes Pl\u00e1sticos Pr\u00e9mio PME&#8217;s &#8211; Bens Transacion\u00e1veis Vencedor J.C.Ribeiro, S.A Men\u00e7\u00e3o Honrosa Moca Stone Pr\u00e9mio PME&#8217;s &#8211; Servi\u00e7os Vencedor Construgomes, Engenharia Pr\u00e9mio Exporta\u00e7\u00e3o + Emprego Vencedor Bysteel Men\u00e7\u00e3o Honrosa Laborat\u00f3rios Basi &#8211; Ind\u00fastria Farmac\u00eautica Pr\u00e9mio Melhor Exportadora Multinacional Vencedor Farfetch Portugal &#8211; Unipessoal, LDA Pr\u00e9mio Setor Estrat\u00e9gico &#8211; Digital [&hellip;]<\/p>\n","protected":false},"author":5,"featured_media":0,"parent":22,"menu_order":0,"comment_status":"closed","ping_status":"closed","template":"page_for-vencedores.php","meta":{"footnotes":""},"class_list":["post-28","page","type-page","status-publish","hentry"],"_links":{"self":[{"href":"https:\/\/bs.xl.pt\/premio-exportacao-e-internacionalizacao\/wp-json\/wp\/v2\/pages\/28","targetHints":{"allow":["GET"]}}],"collection":[{"href":"https:\/\/bs.xl.pt\/premio-exportacao-e-internacionalizacao\/wp-json\/wp\/v2\/pages"}],"about":[{"href":"https:\/\/bs.xl.pt\/premio-exportacao-e-internacionalizacao\/wp-json\/wp\/v2\/types\/page"}],"author":[{"embeddable":true,"href":"https:\/\/bs.xl.pt\/premio-exportacao-e-internacionalizacao\/wp-json\/wp\/v2\/users\/5"}],"replies":[{"embeddable":true,"href":"https:\/\/bs.xl.pt\/premio-exportacao-e-internacionalizacao\/wp-json\/wp\/v2\/comments?post=28"}],"version-history":[{"count":21,"href":"https:\/\/bs.xl.pt\/premio-exportacao-e-internacionalizacao\/wp-json\/wp\/v2\/pages\/28\/revisions"}],"predecessor-version":[{"id":130,"href":"https:\/\/bs.xl.pt\/premio-exportacao-e-internacionalizacao\/wp-json\/wp\/v2\/pages\/28\/revisions\/130"}],"up":[{"embeddable":true,"href":"https:\/\/bs.xl.pt\/premio-exportacao-e-internacionalizacao\/wp-json\/wp\/v2\/pages\/22"}],"wp:attachment":[{"href":"https:\/\/bs.xl.pt\/premio-exportacao-e-internacionalizacao\/wp-json\/wp\/v2\/media?parent=28"}],"curies":[{"name":"wp","href":"https:\/\/api.w.org\/{rel}","templated":true}]}}