{"id":454,"date":"2022-06-07T14:22:06","date_gmt":"2022-06-07T14:22:06","guid":{"rendered":"https:\/\/bs.xl.pt\/premio-exportacao-e-internacionalizacao\/?page_id=454"},"modified":"2022-06-07T14:22:07","modified_gmt":"2022-06-07T14:22:07","slug":"edicao-2017","status":"publish","type":"page","link":"https:\/\/bs.xl.pt\/premio-exportacao-e-internacionalizacao\/vencedores\/edicao-2017\/","title":{"rendered":"Edi\u00e7\u00e3o 2017"},"content":{"rendered":"\n<div class=\"wp-block-group\"><div class=\"wp-block-group__inner-container is-layout-flow wp-block-group-is-layout-flow\">\n<h3 class=\"uk-margin-remove wp-block-heading\">Pr\u00e9mio Grandes Empresas<\/h3>\n\n\n\n<div class=\"wp-block-columns is-layout-flex wp-container-core-columns-is-layout-9d6595d7 wp-block-columns-is-layout-flex\">\n<div class=\"wp-block-column is-layout-flow wp-block-column-is-layout-flow\">\n<h4 class=\"uk-margin-remove wp-block-heading\">Vencedor<\/h4>\n\n\n\n<p class=\"uk-margin-remove-adjacent uk-margin-remove-top\">LOGOPLATE<\/p>\n\n\n<div class=\"uk-margin-medium\"><iframe width=\"1280\" height=\"720\" src=\"\/\/www.youtube.com\/embed\/u-KdbFicN-o?showinfo=0\" frameborder=\"0\" allowfullscreen data-uk-responsive loading=\"lazy\" referrerpolicy=\"no-referrer-when-downgrade\" title=\"\"><\/iframe><\/div>\n<\/div>\n\n\n\n<div class=\"wp-block-column is-layout-flow wp-block-column-is-layout-flow\">\n<h4 class=\"uk-margin-remove wp-block-heading\">Men\u00e7\u00e3o Honrosa<\/h4>\n\n\n\n<p class=\"uk-margin-remove-adjacent uk-margin-remove-top\">Iberomoldes<\/p>\n<\/div>\n<\/div>\n<\/div><\/div>\n\n\n\n<div class=\"wp-block-group\"><div class=\"wp-block-group__inner-container is-layout-flow wp-block-group-is-layout-flow\">\n<h3 class=\"uk-margin-remove wp-block-heading\">Pr\u00e9mio PME<\/h3>\n\n\n\n<div class=\"wp-block-columns is-layout-flex wp-container-core-columns-is-layout-9d6595d7 wp-block-columns-is-layout-flex\">\n<div class=\"wp-block-column is-layout-flow wp-block-column-is-layout-flow\">\n<h4 class=\"uk-margin-remove wp-block-heading\">Vencedor<\/h4>\n\n\n\n<p class=\"uk-margin-remove-adjacent uk-margin-remove-top\">FEEDZAI<\/p>\n\n\n<div class=\"uk-margin-medium\"><iframe width=\"1280\" height=\"720\" src=\"\/\/www.youtube.com\/embed\/ytfraAepiuc?showinfo=0\" frameborder=\"0\" allowfullscreen data-uk-responsive loading=\"lazy\" referrerpolicy=\"no-referrer-when-downgrade\" title=\"\"><\/iframe><\/div>\n<\/div>\n\n\n\n<div class=\"wp-block-column is-layout-flow wp-block-column-is-layout-flow\">\n<h4 class=\"uk-margin-remove wp-block-heading\">Men\u00e7\u00e3o Honrosa<\/h4>\n\n\n\n<p class=\"uk-margin-remove-adjacent uk-margin-remove-top\">FLAMA<\/p>\n<\/div>\n<\/div>\n<\/div><\/div>\n\n\n\n<div class=\"wp-block-group\"><div class=\"wp-block-group__inner-container is-layout-flow wp-block-group-is-layout-flow\">\n<h3 class=\"uk-margin-remove wp-block-heading\">Pr\u00e9mio Grandes Empresas Exportadora &#8211; Servi\u00e7os<\/h3>\n\n\n\n<div class=\"wp-block-columns is-layout-flex wp-container-core-columns-is-layout-9d6595d7 wp-block-columns-is-layout-flex\">\n<div class=\"wp-block-column is-layout-flow wp-block-column-is-layout-flow\">\n<h4 class=\"uk-margin-remove wp-block-heading\">Vencedor<\/h4>\n\n\n\n<p class=\"uk-margin-remove-adjacent uk-margin-remove-top\">THE FLADGATE PARTNERSHIP<\/p>\n\n\n<div class=\"uk-margin-medium\"><iframe width=\"1280\" height=\"720\" src=\"\/\/www.youtube.com\/embed\/edmci4-dCKI?showinfo=0\" frameborder=\"0\" allowfullscreen data-uk-responsive loading=\"lazy\" referrerpolicy=\"no-referrer-when-downgrade\" title=\"\"><\/iframe><\/div>\n<\/div>\n<\/div>\n<\/div><\/div>\n\n\n\n<div class=\"wp-block-group\"><div class=\"wp-block-group__inner-container is-layout-flow wp-block-group-is-layout-flow\">\n<h3 class=\"uk-margin-remove wp-block-heading\">Pr\u00e9mio Grandes Empresas Exportadora &#8211; Bens Transacion\u00e1veis<\/h3>\n\n\n\n<div class=\"wp-block-columns is-layout-flex wp-container-core-columns-is-layout-9d6595d7 wp-block-columns-is-layout-flex\">\n<div class=\"wp-block-column is-layout-flow wp-block-column-is-layout-flow\">\n<h4 class=\"uk-margin-remove wp-block-heading\">Vencedor<\/h4>\n\n\n\n<p class=\"uk-margin-remove-adjacent uk-margin-remove-top\">CELULOSE BEIRA INDUSTRIAL (CELBI)<\/p>\n\n\n<div class=\"uk-margin-medium\"><iframe width=\"1280\" height=\"720\" src=\"\/\/www.youtube.com\/embed\/OsH05AseVII?showinfo=0\" frameborder=\"0\" allowfullscreen data-uk-responsive loading=\"lazy\" referrerpolicy=\"no-referrer-when-downgrade\" title=\"\"><\/iframe><\/div>\n<\/div>\n\n\n\n<div class=\"wp-block-column is-layout-flow wp-block-column-is-layout-flow\">\n<h4 class=\"uk-margin-remove wp-block-heading\">Men\u00e7\u00e3o Honrosa<\/h4>\n\n\n\n<p class=\"uk-margin-remove-adjacent uk-margin-remove-top\">INDASA<\/p>\n<\/div>\n\n\n\n<div class=\"wp-block-column is-layout-flow wp-block-column-is-layout-flow\">\n<h4 class=\"uk-margin-remove wp-block-heading\">Men\u00e7\u00e3o Honrosa<\/h4>\n\n\n\n<p class=\"uk-margin-remove-adjacent uk-margin-remove-top\">S. ROQUE &#8211; M\u00e1quinas e Tecnologia Laser<\/p>\n<\/div>\n<\/div>\n<\/div><\/div>\n\n\n\n<div class=\"wp-block-group\"><div class=\"wp-block-group__inner-container is-layout-flow wp-block-group-is-layout-flow\">\n<h3 class=\"uk-margin-remove wp-block-heading\">Pr\u00e9mio Especial do J\u00fari<\/h3>\n\n\n\n<div class=\"wp-block-columns is-layout-flex wp-container-core-columns-is-layout-9d6595d7 wp-block-columns-is-layout-flex\">\n<div class=\"wp-block-column is-layout-flow wp-block-column-is-layout-flow\">\n<h4 class=\"uk-margin-remove wp-block-heading\">Vencedor<\/h4>\n\n\n\n<p class=\"uk-margin-remove-adjacent uk-margin-remove-top\">AIMMAP<\/p>\n\n\n<div class=\"uk-margin-medium\"><iframe width=\"1280\" height=\"720\" src=\"\/\/www.youtube.com\/embed\/D_G2HaA9xTo?showinfo=0\" frameborder=\"0\" allowfullscreen data-uk-responsive loading=\"lazy\" referrerpolicy=\"no-referrer-when-downgrade\" title=\"\"><\/iframe><\/div>\n<\/div>\n<\/div>\n<\/div><\/div>\n\n\n\n<div class=\"wp-block-group\"><div class=\"wp-block-group__inner-container is-layout-flow wp-block-group-is-layout-flow\">\n<h3 class=\"uk-margin-remove wp-block-heading\">Pr\u00e9mio Especial do J\u00fari<\/h3>\n\n\n\n<div class=\"wp-block-columns is-layout-flex wp-container-core-columns-is-layout-9d6595d7 wp-block-columns-is-layout-flex\">\n<div class=\"wp-block-column is-layout-flow wp-block-column-is-layout-flow\">\n<h4 class=\"uk-margin-remove wp-block-heading\">Vencedor<\/h4>\n\n\n\n<p class=\"uk-margin-remove-adjacent uk-margin-remove-top\">TURISMO DE PORTUGAL<\/p>\n\n\n<div class=\"uk-margin-medium\"><iframe width=\"1280\" height=\"720\" src=\"\/\/www.youtube.com\/embed\/yrdvjerRGSM?showinfo=0\" frameborder=\"0\" allowfullscreen data-uk-responsive loading=\"lazy\" referrerpolicy=\"no-referrer-when-downgrade\" title=\"\"><\/iframe><\/div>\n<\/div>\n<\/div>\n<\/div><\/div>\n\n\n\n<div class=\"wp-block-group\"><div class=\"wp-block-group__inner-container is-layout-flow wp-block-group-is-layout-flow\">\n<h3 class=\"uk-margin-remove wp-block-heading\">Pr\u00e9mio Setor Estrat\u00e9tigo &#8211; Metalomec\u00e2nica<\/h3>\n\n\n\n<div class=\"wp-block-columns is-layout-flex wp-container-core-columns-is-layout-9d6595d7 wp-block-columns-is-layout-flex\">\n<div class=\"wp-block-column is-layout-flow wp-block-column-is-layout-flow\">\n<h4 class=\"uk-margin-remove wp-block-heading\">Vencedor<\/h4>\n\n\n\n<p class=\"uk-margin-remove-adjacent uk-margin-remove-top\">FERPINTA<\/p>\n\n\n<div class=\"uk-margin-medium\"><iframe width=\"1280\" height=\"720\" src=\"\/\/www.youtube.com\/embed\/N14e3LS-mUQ?showinfo=0\" frameborder=\"0\" allowfullscreen data-uk-responsive loading=\"lazy\" referrerpolicy=\"no-referrer-when-downgrade\" title=\"\"><\/iframe><\/div>\n<\/div>\n\n\n\n<div class=\"wp-block-column is-layout-flow wp-block-column-is-layout-flow\">\n<h4 class=\"uk-margin-remove wp-block-heading\">Men\u00e7\u00e3o Honrosa<\/h4>\n\n\n\n<p class=\"uk-margin-remove-adjacent uk-margin-remove-top\">RODI<\/p>\n<\/div>\n<\/div>\n<\/div><\/div>\n\n\n\n<div class=\"wp-block-group\"><div class=\"wp-block-group__inner-container is-layout-flow wp-block-group-is-layout-flow\">\n<h3 class=\"uk-margin-remove wp-block-heading\">Pr\u00e9mio Exporta\u00e7\u00e3o + Emprego<\/h3>\n\n\n\n<div class=\"wp-block-columns is-layout-flex wp-container-core-columns-is-layout-9d6595d7 wp-block-columns-is-layout-flex\">\n<div class=\"wp-block-column is-layout-flow wp-block-column-is-layout-flow\">\n<h4 class=\"uk-margin-remove wp-block-heading\">Vencedor<\/h4>\n\n\n\n<p class=\"uk-margin-remove-adjacent uk-margin-remove-top\">Metalogalva<\/p>\n\n\n<div class=\"uk-margin-medium\"><iframe width=\"1280\" height=\"720\" src=\"\/\/www.youtube.com\/embed\/cFRbpzKykfw?showinfo=0\" frameborder=\"0\" allowfullscreen data-uk-responsive loading=\"lazy\" referrerpolicy=\"no-referrer-when-downgrade\" title=\"\"><\/iframe><\/div>\n<\/div>\n\n\n\n<div class=\"wp-block-column is-layout-flow wp-block-column-is-layout-flow\">\n<h4 class=\"uk-margin-remove wp-block-heading\">Men\u00e7\u00e3o Honrosa<\/h4>\n\n\n\n<p class=\"uk-margin-remove-adjacent uk-margin-remove-top\">Blocotelha<\/p>\n<\/div>\n<\/div>\n<\/div><\/div>\n\n\n\n<div class=\"wp-block-group\"><div class=\"wp-block-group__inner-container is-layout-flow wp-block-group-is-layout-flow\">\n<h3 class=\"uk-margin-remove wp-block-heading\">Pr\u00e9mio PME&#8217;s Exportadoras &#8211; Servi\u00e7os<\/h3>\n\n\n\n<div class=\"wp-block-columns is-layout-flex wp-container-core-columns-is-layout-9d6595d7 wp-block-columns-is-layout-flex\">\n<div class=\"wp-block-column is-layout-flow wp-block-column-is-layout-flow\">\n<h4 class=\"uk-margin-remove wp-block-heading\">Vencedor<\/h4>\n\n\n\n<p class=\"uk-margin-remove-adjacent uk-margin-remove-top\">\u00a0VISION BOX<\/p>\n\n\n<div class=\"uk-margin-medium\"><iframe width=\"1280\" height=\"720\" src=\"\/\/www.youtube.com\/embed\/3F26X0yBgbI?showinfo=0\" frameborder=\"0\" allowfullscreen data-uk-responsive loading=\"lazy\" referrerpolicy=\"no-referrer-when-downgrade\" title=\"\"><\/iframe><\/div>\n<\/div>\n\n\n\n<div class=\"wp-block-column is-layout-flow wp-block-column-is-layout-flow\">\n<h4 class=\"uk-margin-remove wp-block-heading\">Men\u00e7\u00e3o Honrosa<\/h4>\n\n\n\n<p class=\"uk-margin-remove-adjacent uk-margin-remove-top\">PEDRO ALMEIDA<\/p>\n<\/div>\n<\/div>\n<\/div><\/div>\n\n\n\n<div class=\"wp-block-group\"><div class=\"wp-block-group__inner-container is-layout-flow wp-block-group-is-layout-flow\">\n<h3 class=\"uk-margin-remove wp-block-heading\">Pr\u00e9mio Revela\u00e7\u00e3o<\/h3>\n\n\n\n<div class=\"wp-block-columns is-layout-flex wp-container-core-columns-is-layout-9d6595d7 wp-block-columns-is-layout-flex\">\n<div class=\"wp-block-column is-layout-flow wp-block-column-is-layout-flow\">\n<h4 class=\"uk-margin-remove wp-block-heading\">Vencedor<\/h4>\n\n\n\n<p class=\"uk-margin-remove-adjacent uk-margin-remove-top\">TEKEVER ASDS<\/p>\n\n\n<div class=\"uk-margin-medium\"><iframe width=\"1280\" height=\"720\" src=\"\/\/www.youtube.com\/embed\/lNqBMlk2KAE?showinfo=0\" frameborder=\"0\" allowfullscreen data-uk-responsive loading=\"lazy\" referrerpolicy=\"no-referrer-when-downgrade\" title=\"\"><\/iframe><\/div>\n<\/div>\n<\/div>\n<\/div><\/div>\n\n\n\n<div class=\"wp-block-group\"><div class=\"wp-block-group__inner-container is-layout-flow wp-block-group-is-layout-flow\">\n<h3 class=\"uk-margin-remove wp-block-heading\">Pr\u00e9mio PME&#8217;s Exportadoras &#8211; Bens Transacion\u00e1veis<\/h3>\n\n\n\n<div class=\"wp-block-columns is-layout-flex wp-container-core-columns-is-layout-9d6595d7 wp-block-columns-is-layout-flex\">\n<div class=\"wp-block-column is-layout-flow wp-block-column-is-layout-flow\">\n<h4 class=\"uk-margin-remove wp-block-heading\">Vencedor<\/h4>\n\n\n\n<p class=\"uk-margin-remove-adjacent uk-margin-remove-top\">Grupo Triva<\/p>\n\n\n<div class=\"uk-margin-medium\"><iframe width=\"1280\" height=\"720\" src=\"\/\/www.youtube.com\/embed\/PIYzDwnQbow?showinfo=0\" frameborder=\"0\" allowfullscreen data-uk-responsive loading=\"lazy\" referrerpolicy=\"no-referrer-when-downgrade\" title=\"\"><\/iframe><\/div>\n<\/div>\n\n\n\n<div class=\"wp-block-column is-layout-flow wp-block-column-is-layout-flow\">\n<h4 class=\"uk-margin-remove wp-block-heading\">Men\u00e7\u00e3o Honrosa<\/h4>\n\n\n\n<p class=\"uk-margin-remove-adjacent uk-margin-remove-top\">FEPSA &#8211; FELTROS PORTUGUESES<\/p>\n<\/div>\n\n\n\n<div class=\"wp-block-column is-layout-flow wp-block-column-is-layout-flow\">\n<h4 class=\"uk-margin-remove wp-block-heading\">Men\u00e7\u00e3o Honrosa<\/h4>\n\n\n\n<p class=\"uk-margin-remove-adjacent uk-margin-remove-top\">VAL\u00c9RIUS \u2013 TEXTEIS<\/p>\n<\/div>\n<\/div>\n<\/div><\/div>\n\n\n\n<div class=\"wp-block-group\"><div class=\"wp-block-group__inner-container is-layout-flow wp-block-group-is-layout-flow\">\n<h3 class=\"uk-margin-remove wp-block-heading\">Pr\u00e9mio Melhor Exportadora com Capitais Estrangeiros (multinacionais)<\/h3>\n\n\n\n<div class=\"wp-block-columns is-layout-flex wp-container-core-columns-is-layout-9d6595d7 wp-block-columns-is-layout-flex\">\n<div class=\"wp-block-column is-layout-flow wp-block-column-is-layout-flow\">\n<h4 class=\"uk-margin-remove wp-block-heading\">Vencedor<\/h4>\n\n\n\n<p class=\"uk-margin-remove-adjacent uk-margin-remove-top\">BOSCH TERMOTECNOLOGIA<\/p>\n\n\n<div class=\"uk-margin-medium\"><iframe width=\"1280\" height=\"720\" src=\"\/\/www.youtube.com\/embed\/B3ztyQ8jbi8?showinfo=0\" frameborder=\"0\" allowfullscreen data-uk-responsive loading=\"lazy\" referrerpolicy=\"no-referrer-when-downgrade\" title=\"\"><\/iframe><\/div>\n<\/div>\n<\/div>\n<\/div><\/div>\n","protected":false},"excerpt":{"rendered":"<p>Pr\u00e9mio Grandes Empresas Vencedor LOGOPLATE Men\u00e7\u00e3o Honrosa Iberomoldes Pr\u00e9mio PME Vencedor FEEDZAI Men\u00e7\u00e3o Honrosa FLAMA Pr\u00e9mio Grandes Empresas Exportadora &#8211; Servi\u00e7os Vencedor THE FLADGATE PARTNERSHIP Pr\u00e9mio Grandes Empresas Exportadora &#8211; Bens Transacion\u00e1veis Vencedor CELULOSE BEIRA INDUSTRIAL (CELBI) Men\u00e7\u00e3o Honrosa INDASA Men\u00e7\u00e3o Honrosa S. ROQUE &#8211; M\u00e1quinas e Tecnologia Laser Pr\u00e9mio Especial do J\u00fari Vencedor AIMMAP [&hellip;]<\/p>\n","protected":false},"author":5,"featured_media":0,"parent":22,"menu_order":0,"comment_status":"closed","ping_status":"closed","template":"page_for-vencedores.php","meta":{"footnotes":""},"class_list":["post-454","page","type-page","status-publish","hentry"],"_links":{"self":[{"href":"https:\/\/bs.xl.pt\/premio-exportacao-e-internacionalizacao\/wp-json\/wp\/v2\/pages\/454","targetHints":{"allow":["GET"]}}],"collection":[{"href":"https:\/\/bs.xl.pt\/premio-exportacao-e-internacionalizacao\/wp-json\/wp\/v2\/pages"}],"about":[{"href":"https:\/\/bs.xl.pt\/premio-exportacao-e-internacionalizacao\/wp-json\/wp\/v2\/types\/page"}],"author":[{"embeddable":true,"href":"https:\/\/bs.xl.pt\/premio-exportacao-e-internacionalizacao\/wp-json\/wp\/v2\/users\/5"}],"replies":[{"embeddable":true,"href":"https:\/\/bs.xl.pt\/premio-exportacao-e-internacionalizacao\/wp-json\/wp\/v2\/comments?post=454"}],"version-history":[{"count":13,"href":"https:\/\/bs.xl.pt\/premio-exportacao-e-internacionalizacao\/wp-json\/wp\/v2\/pages\/454\/revisions"}],"predecessor-version":[{"id":493,"href":"https:\/\/bs.xl.pt\/premio-exportacao-e-internacionalizacao\/wp-json\/wp\/v2\/pages\/454\/revisions\/493"}],"up":[{"embeddable":true,"href":"https:\/\/bs.xl.pt\/premio-exportacao-e-internacionalizacao\/wp-json\/wp\/v2\/pages\/22"}],"wp:attachment":[{"href":"https:\/\/bs.xl.pt\/premio-exportacao-e-internacionalizacao\/wp-json\/wp\/v2\/media?parent=454"}],"curies":[{"name":"wp","href":"https:\/\/api.w.org\/{rel}","templated":true}]}}