{"id":574,"date":"2022-06-09T09:54:41","date_gmt":"2022-06-09T09:54:41","guid":{"rendered":"https:\/\/bs.xl.pt\/premio-exportacao-e-internacionalizacao\/?page_id=574"},"modified":"2022-06-09T09:54:42","modified_gmt":"2022-06-09T09:54:42","slug":"edicao-2013","status":"publish","type":"page","link":"https:\/\/bs.xl.pt\/premio-exportacao-e-internacionalizacao\/vencedores\/edicao-2013\/","title":{"rendered":"Edi\u00e7\u00e3o 2013"},"content":{"rendered":"\n<div class=\"wp-block-group\"><div class=\"wp-block-group__inner-container is-layout-flow wp-block-group-is-layout-flow\">\n<h3 class=\"uk-margin-remove wp-block-heading\">Pr\u00e9mio Grandes Empresas<\/h3>\n\n\n\n<div class=\"wp-block-columns is-layout-flex wp-container-core-columns-is-layout-9d6595d7 wp-block-columns-is-layout-flex\">\n<div class=\"wp-block-column is-layout-flow wp-block-column-is-layout-flow\">\n<h4 class=\"uk-margin-remove wp-block-heading\">Vencedor (EX AEQUO)<\/h4>\n\n\n\n<p class=\"uk-margin-remove-adjacent uk-margin-remove-top\">MOTA-ENGIL<\/p>\n\n\n<div class=\"uk-margin-medium\"><iframe width=\"1280\" height=\"720\" src=\"\/\/www.youtube.com\/embed\/gw6GGfXbeV4?showinfo=0\" frameborder=\"0\" allowfullscreen data-uk-responsive loading=\"lazy\" referrerpolicy=\"no-referrer-when-downgrade\" title=\"\"><\/iframe><\/div>\n<\/div>\n\n\n\n<div class=\"wp-block-column is-layout-flow wp-block-column-is-layout-flow\">\n<h4 class=\"uk-margin-remove wp-block-heading\">Vencedor (EX AEQUO)<\/h4>\n\n\n\n<p class=\"uk-margin-remove-adjacent uk-margin-remove-top\">AMORIM<\/p>\n\n\n<div class=\"uk-margin-medium\"><iframe width=\"1280\" height=\"720\" src=\"\/\/www.youtube.com\/embed\/6hfYfkXVuMk?showinfo=0\" frameborder=\"0\" allowfullscreen data-uk-responsive loading=\"lazy\" referrerpolicy=\"no-referrer-when-downgrade\" title=\"\"><\/iframe><\/div>\n<\/div>\n\n\n\n<div class=\"wp-block-column is-layout-flow wp-block-column-is-layout-flow\">\n<h4 class=\"uk-margin-remove wp-block-heading\">Men\u00e7\u00e3o Honrosa<\/h4>\n\n\n\n<p class=\"uk-margin-remove-adjacent uk-margin-remove-top\">SAPEC<\/p>\n<\/div>\n<\/div>\n<\/div><\/div>\n\n\n\n<div class=\"wp-block-group\"><div class=\"wp-block-group__inner-container is-layout-flow wp-block-group-is-layout-flow\">\n<h3 class=\"uk-margin-remove wp-block-heading\">Pr\u00e9mio PME&#8217;s<\/h3>\n\n\n\n<div class=\"wp-block-columns is-layout-flex wp-container-core-columns-is-layout-9d6595d7 wp-block-columns-is-layout-flex\">\n<div class=\"wp-block-column is-layout-flow wp-block-column-is-layout-flow\">\n<h4 class=\"uk-margin-remove wp-block-heading\">Vencedor<\/h4>\n\n\n\n<p class=\"uk-margin-remove-adjacent uk-margin-remove-top\">RESUL<\/p>\n\n\n<div class=\"uk-margin-medium\"><iframe width=\"1280\" height=\"720\" src=\"\/\/www.youtube.com\/embed\/xwMAru6pmLY?showinfo=0\" frameborder=\"0\" allowfullscreen data-uk-responsive loading=\"lazy\" referrerpolicy=\"no-referrer-when-downgrade\" title=\"\"><\/iframe><\/div>\n<\/div>\n\n\n\n<div class=\"wp-block-column is-layout-flow wp-block-column-is-layout-flow\">\n<h4 class=\"uk-margin-remove wp-block-heading\">Men\u00e7\u00e3o Honrosa<\/h4>\n\n\n\n<p class=\"uk-margin-remove-adjacent uk-margin-remove-top\">CJR, S.A.<\/p>\n<\/div>\n\n\n\n<div class=\"wp-block-column is-layout-flow wp-block-column-is-layout-flow\">\n<h4 class=\"uk-margin-remove wp-block-heading\">Men\u00e7\u00e3o Honrosa<\/h4>\n\n\n\n<p class=\"uk-margin-remove-adjacent uk-margin-remove-top\">LINK CONSULTING<\/p>\n<\/div>\n<\/div>\n<\/div><\/div>\n\n\n\n<div class=\"wp-block-group\"><div class=\"wp-block-group__inner-container is-layout-flow wp-block-group-is-layout-flow\">\n<h3 class=\"uk-margin-remove wp-block-heading\">Pr\u00e9mio Revela\u00e7\u00e3o<\/h3>\n\n\n\n<div class=\"wp-block-columns is-layout-flex wp-container-core-columns-is-layout-9d6595d7 wp-block-columns-is-layout-flex\">\n<div class=\"wp-block-column is-layout-flow wp-block-column-is-layout-flow\">\n<h4 class=\"uk-margin-remove wp-block-heading\">Vencedor<\/h4>\n\n\n\n<p class=\"uk-margin-remove-adjacent uk-margin-remove-top\">ISA<\/p>\n\n\n<div class=\"uk-margin-medium\"><iframe width=\"1280\" height=\"720\" src=\"\/\/www.youtube.com\/embed\/iM7OipD2hPI?showinfo=0\" frameborder=\"0\" allowfullscreen data-uk-responsive loading=\"lazy\" referrerpolicy=\"no-referrer-when-downgrade\" title=\"\"><\/iframe><\/div>\n<\/div>\n<\/div>\n<\/div><\/div>\n\n\n\n<div class=\"wp-block-group\"><div class=\"wp-block-group__inner-container is-layout-flow wp-block-group-is-layout-flow\">\n<h3 class=\"uk-margin-remove wp-block-heading\">Pr\u00e9mio Exportadora Revela\u00e7\u00e3o<\/h3>\n\n\n\n<div class=\"wp-block-columns is-layout-flex wp-container-core-columns-is-layout-9d6595d7 wp-block-columns-is-layout-flex\">\n<div class=\"wp-block-column is-layout-flow wp-block-column-is-layout-flow\">\n<h4 class=\"uk-margin-remove wp-block-heading\">Vencedor<\/h4>\n\n\n\n<p class=\"uk-margin-remove-adjacent uk-margin-remove-top\">RARI<\/p>\n<\/div>\n<\/div>\n<\/div><\/div>\n\n\n\n<div class=\"wp-block-group\"><div class=\"wp-block-group__inner-container is-layout-flow wp-block-group-is-layout-flow\">\n<h3 class=\"uk-margin-remove wp-block-heading\">Pr\u00e9mio Exporta\u00e7\u00e3o + Emprego<\/h3>\n\n\n\n<div class=\"wp-block-columns is-layout-flex wp-container-core-columns-is-layout-9d6595d7 wp-block-columns-is-layout-flex\">\n<div class=\"wp-block-column is-layout-flow wp-block-column-is-layout-flow\">\n<h4 class=\"uk-margin-remove wp-block-heading\">Vencedor<\/h4>\n\n\n\n<p class=\"uk-margin-remove-adjacent uk-margin-remove-top\">PETRATEX<\/p>\n<\/div>\n<\/div>\n<\/div><\/div>\n\n\n\n<div class=\"wp-block-group\"><div class=\"wp-block-group__inner-container is-layout-flow wp-block-group-is-layout-flow\">\n<h3 class=\"uk-margin-remove wp-block-heading\">Pr\u00e9mio Melhor Exportadora com Capitais Estrangeiros (multinacionais)<\/h3>\n\n\n\n<div class=\"wp-block-columns is-layout-flex wp-container-core-columns-is-layout-9d6595d7 wp-block-columns-is-layout-flex\">\n<div class=\"wp-block-column is-layout-flow wp-block-column-is-layout-flow\">\n<h4 class=\"uk-margin-remove wp-block-heading\">Vencedor<\/h4>\n\n\n\n<p class=\"uk-margin-remove-adjacent uk-margin-remove-top\">OGMA<\/p>\n<\/div>\n<\/div>\n<\/div><\/div>\n\n\n\n<div class=\"wp-block-group\"><div class=\"wp-block-group__inner-container is-layout-flow wp-block-group-is-layout-flow\">\n<h3 class=\"uk-margin-remove wp-block-heading\">Pr\u00e9mio PME&#8217;s Exportadoras &#8211; Bens Transacion\u00e1veis<\/h3>\n\n\n\n<div class=\"wp-block-columns is-layout-flex wp-container-core-columns-is-layout-9d6595d7 wp-block-columns-is-layout-flex\">\n<div class=\"wp-block-column is-layout-flow wp-block-column-is-layout-flow\">\n<h4 class=\"uk-margin-remove wp-block-heading\">Vencedor<\/h4>\n\n\n\n<p class=\"uk-margin-remove-adjacent uk-margin-remove-top\">GRESTEL<\/p>\n<\/div>\n\n\n\n<div class=\"wp-block-column is-layout-flow wp-block-column-is-layout-flow\">\n<h4 class=\"uk-margin-remove wp-block-heading\">Men\u00e7\u00e3o Honrosa<\/h4>\n\n\n\n<p class=\"uk-margin-remove-adjacent uk-margin-remove-top\">GRANORTE<\/p>\n<\/div>\n<\/div>\n<\/div><\/div>\n\n\n\n<div class=\"wp-block-group\"><div class=\"wp-block-group__inner-container is-layout-flow wp-block-group-is-layout-flow\">\n<h3 class=\"uk-margin-remove wp-block-heading\">Pr\u00e9mio Associa\u00e7\u00e3o Empresarial<\/h3>\n\n\n\n<div class=\"wp-block-columns is-layout-flex wp-container-core-columns-is-layout-9d6595d7 wp-block-columns-is-layout-flex\">\n<div class=\"wp-block-column is-layout-flow wp-block-column-is-layout-flow\">\n<h4 class=\"uk-margin-remove wp-block-heading\">Vencedor<\/h4>\n\n\n\n<p class=\"uk-margin-remove-adjacent uk-margin-remove-top\">ATP<\/p>\n<\/div>\n<\/div>\n<\/div><\/div>\n\n\n\n<div class=\"wp-block-group\"><div class=\"wp-block-group__inner-container is-layout-flow wp-block-group-is-layout-flow\">\n<h3 class=\"uk-margin-remove wp-block-heading\">Pr\u00e9mio Melhor Exportadora &#8211; Servi\u00e7os<\/h3>\n\n\n\n<div class=\"wp-block-columns is-layout-flex wp-container-core-columns-is-layout-9d6595d7 wp-block-columns-is-layout-flex\">\n<div class=\"wp-block-column is-layout-flow wp-block-column-is-layout-flow\">\n<h4 class=\"uk-margin-remove wp-block-heading\">Vencedor<\/h4>\n\n\n\n<p class=\"uk-margin-remove-adjacent uk-margin-remove-top\">PROMARINHA<\/p>\n<\/div>\n\n\n\n<div class=\"wp-block-column is-layout-flow wp-block-column-is-layout-flow\">\n<h4 class=\"uk-margin-remove wp-block-heading\">Men\u00e7\u00e3o Honrosa<\/h4>\n\n\n\n<p class=\"uk-margin-remove-adjacent uk-margin-remove-top\">TUFAMA<\/p>\n<\/div>\n\n\n\n<div class=\"wp-block-column is-layout-flow wp-block-column-is-layout-flow\">\n<h4 class=\"uk-margin-remove wp-block-heading\">Men\u00e7\u00e3o Honrosa<\/h4>\n\n\n\n<p class=\"uk-margin-remove-adjacent uk-margin-remove-top\">GEOCONTROLE<\/p>\n<\/div>\n<\/div>\n<\/div><\/div>\n\n\n\n<div class=\"wp-block-group\"><div class=\"wp-block-group__inner-container is-layout-flow wp-block-group-is-layout-flow\">\n<h3 class=\"uk-margin-remove wp-block-heading\">Pr\u00e9mio Melhor Grande Empresa &#8211; Servi\u00e7os<\/h3>\n\n\n\n<div class=\"wp-block-columns is-layout-flex wp-container-core-columns-is-layout-9d6595d7 wp-block-columns-is-layout-flex\">\n<div class=\"wp-block-column is-layout-flow wp-block-column-is-layout-flow\">\n<h4 class=\"uk-margin-remove wp-block-heading\">Vencedor<\/h4>\n\n\n\n<p class=\"uk-margin-remove-adjacent uk-margin-remove-top\">CONDURIL<\/p>\n<\/div>\n\n\n\n<div class=\"wp-block-column is-layout-flow wp-block-column-is-layout-flow\">\n<h4 class=\"uk-margin-remove wp-block-heading\">Men\u00e7\u00e3o Honrosa<\/h4>\n\n\n\n<p class=\"uk-margin-remove-adjacent uk-margin-remove-top\">ETERMAR<\/p>\n<\/div>\n<\/div>\n<\/div><\/div>\n\n\n\n<div class=\"wp-block-group\"><div class=\"wp-block-group__inner-container is-layout-flow wp-block-group-is-layout-flow\">\n<h3 class=\"uk-margin-remove wp-block-heading\">Pr\u00e9mio Melhor Grande Empresa &#8211; Bens Transacion\u00e1veis<\/h3>\n\n\n\n<div class=\"wp-block-columns is-layout-flex wp-container-core-columns-is-layout-9d6595d7 wp-block-columns-is-layout-flex\">\n<div class=\"wp-block-column is-layout-flow wp-block-column-is-layout-flow\">\n<h4 class=\"uk-margin-remove wp-block-heading\">Vencedor<\/h4>\n\n\n\n<p class=\"uk-margin-remove-adjacent uk-margin-remove-top\">METALC\u00c9RTIMA<\/p>\n<\/div>\n\n\n\n<div class=\"wp-block-column is-layout-flow wp-block-column-is-layout-flow\">\n<h4 class=\"uk-margin-remove wp-block-heading\">Men\u00e7\u00e3o Honrosa<\/h4>\n\n\n\n<p class=\"uk-margin-remove-adjacent uk-margin-remove-top\">SOGRAPE VINHOS SA<\/p>\n<\/div>\n<\/div>\n<\/div><\/div>\n","protected":false},"excerpt":{"rendered":"<p>Pr\u00e9mio Grandes Empresas Vencedor (EX AEQUO) MOTA-ENGIL Vencedor (EX AEQUO) AMORIM Men\u00e7\u00e3o Honrosa SAPEC Pr\u00e9mio PME&#8217;s Vencedor RESUL Men\u00e7\u00e3o Honrosa CJR, S.A. Men\u00e7\u00e3o Honrosa LINK CONSULTING Pr\u00e9mio Revela\u00e7\u00e3o Vencedor ISA Pr\u00e9mio Exportadora Revela\u00e7\u00e3o Vencedor RARI Pr\u00e9mio Exporta\u00e7\u00e3o + Emprego Vencedor PETRATEX Pr\u00e9mio Melhor Exportadora com Capitais Estrangeiros (multinacionais) Vencedor OGMA Pr\u00e9mio PME&#8217;s Exportadoras &#8211; Bens [&hellip;]<\/p>\n","protected":false},"author":5,"featured_media":0,"parent":22,"menu_order":0,"comment_status":"closed","ping_status":"closed","template":"page_for-vencedores.php","meta":{"footnotes":""},"class_list":["post-574","page","type-page","status-publish","hentry"],"_links":{"self":[{"href":"https:\/\/bs.xl.pt\/premio-exportacao-e-internacionalizacao\/wp-json\/wp\/v2\/pages\/574","targetHints":{"allow":["GET"]}}],"collection":[{"href":"https:\/\/bs.xl.pt\/premio-exportacao-e-internacionalizacao\/wp-json\/wp\/v2\/pages"}],"about":[{"href":"https:\/\/bs.xl.pt\/premio-exportacao-e-internacionalizacao\/wp-json\/wp\/v2\/types\/page"}],"author":[{"embeddable":true,"href":"https:\/\/bs.xl.pt\/premio-exportacao-e-internacionalizacao\/wp-json\/wp\/v2\/users\/5"}],"replies":[{"embeddable":true,"href":"https:\/\/bs.xl.pt\/premio-exportacao-e-internacionalizacao\/wp-json\/wp\/v2\/comments?post=574"}],"version-history":[{"count":11,"href":"https:\/\/bs.xl.pt\/premio-exportacao-e-internacionalizacao\/wp-json\/wp\/v2\/pages\/574\/revisions"}],"predecessor-version":[{"id":607,"href":"https:\/\/bs.xl.pt\/premio-exportacao-e-internacionalizacao\/wp-json\/wp\/v2\/pages\/574\/revisions\/607"}],"up":[{"embeddable":true,"href":"https:\/\/bs.xl.pt\/premio-exportacao-e-internacionalizacao\/wp-json\/wp\/v2\/pages\/22"}],"wp:attachment":[{"href":"https:\/\/bs.xl.pt\/premio-exportacao-e-internacionalizacao\/wp-json\/wp\/v2\/media?parent=574"}],"curies":[{"name":"wp","href":"https:\/\/api.w.org\/{rel}","templated":true}]}}