{"id":613,"date":"2022-06-09T10:07:51","date_gmt":"2022-06-09T10:07:51","guid":{"rendered":"https:\/\/bs.xl.pt\/premio-exportacao-e-internacionalizacao\/?page_id=613"},"modified":"2022-06-09T10:10:30","modified_gmt":"2022-06-09T10:10:30","slug":"edicao-2012","status":"publish","type":"page","link":"https:\/\/bs.xl.pt\/premio-exportacao-e-internacionalizacao\/vencedores\/edicao-2012\/","title":{"rendered":"Edi\u00e7\u00e3o 2012"},"content":{"rendered":"\n<div class=\"wp-block-group\"><div class=\"wp-block-group__inner-container is-layout-flow wp-block-group-is-layout-flow\">\n<h3 class=\"uk-margin-remove wp-block-heading\">Pr\u00e9mio Grandes Empresas<\/h3>\n\n\n\n<div class=\"wp-block-columns is-layout-flex wp-container-core-columns-is-layout-9d6595d7 wp-block-columns-is-layout-flex\">\n<div class=\"wp-block-column is-layout-flow wp-block-column-is-layout-flow\">\n<h4 class=\"uk-margin-remove wp-block-heading\">Vencedor (EX AEQUO)<\/h4>\n\n\n\n<p class=\"uk-margin-remove-adjacent uk-margin-remove-top\">AMORIM &amp; IRM\u00c3OS<\/p>\n<\/div>\n\n\n\n<div class=\"wp-block-column is-layout-flow wp-block-column-is-layout-flow\">\n<h4 class=\"uk-margin-remove wp-block-heading\">Vencedor (EX AEQUO)<\/h4>\n\n\n\n<p class=\"uk-margin-remove-adjacent uk-margin-remove-top\">TIMWE<\/p>\n<\/div>\n<\/div>\n<\/div><\/div>\n\n\n\n<div class=\"wp-block-group\"><div class=\"wp-block-group__inner-container is-layout-flow wp-block-group-is-layout-flow\">\n<h3 class=\"uk-margin-remove wp-block-heading\">Pr\u00e9mio PME&#8217;s<\/h3>\n\n\n\n<div class=\"wp-block-columns is-layout-flex wp-container-core-columns-is-layout-9d6595d7 wp-block-columns-is-layout-flex\">\n<div class=\"wp-block-column is-layout-flow wp-block-column-is-layout-flow\">\n<h4 class=\"uk-margin-remove wp-block-heading\">Vencedor<\/h4>\n\n\n\n<p class=\"uk-margin-remove-adjacent uk-margin-remove-top\">MARQUES, S.A<\/p>\n<\/div>\n<\/div>\n<\/div><\/div>\n\n\n\n<div class=\"wp-block-group\"><div class=\"wp-block-group__inner-container is-layout-flow wp-block-group-is-layout-flow\">\n<h3 class=\"uk-margin-remove wp-block-heading\">Pr\u00e9mio Revela\u00e7\u00e3o<\/h3>\n\n\n\n<div class=\"wp-block-columns is-layout-flex wp-container-core-columns-is-layout-9d6595d7 wp-block-columns-is-layout-flex\">\n<div class=\"wp-block-column is-layout-flow wp-block-column-is-layout-flow\">\n<h4 class=\"uk-margin-remove wp-block-heading\">Vencedor<\/h4>\n\n\n\n<p class=\"uk-margin-remove-adjacent uk-margin-remove-top\">CRITICAL MANUFACTURING, S.A<\/p>\n<\/div>\n\n\n\n<div class=\"wp-block-column is-layout-flow wp-block-column-is-layout-flow\">\n<h4 class=\"uk-margin-remove wp-block-heading\">Vencedor<\/h4>\n\n\n\n<p class=\"uk-margin-remove-adjacent uk-margin-remove-top\">VISION BOX, S.A<\/p>\n<\/div>\n<\/div>\n<\/div><\/div>\n\n\n\n<div class=\"wp-block-group\"><div class=\"wp-block-group__inner-container is-layout-flow wp-block-group-is-layout-flow\">\n<h3 class=\"uk-margin-remove wp-block-heading\">Pr\u00e9mio Grande Empresa Exportadora &#8211; Bens Transacion\u00e1veis<\/h3>\n\n\n\n<div class=\"wp-block-columns is-layout-flex wp-container-core-columns-is-layout-9d6595d7 wp-block-columns-is-layout-flex\">\n<div class=\"wp-block-column is-layout-flow wp-block-column-is-layout-flow\">\n<h4 class=\"uk-margin-remove wp-block-heading\">Vencedor<\/h4>\n\n\n\n<p class=\"uk-margin-remove-adjacent uk-margin-remove-top\">HOVIONE<\/p>\n<\/div>\n\n\n\n<div class=\"wp-block-column is-layout-flow wp-block-column-is-layout-flow\">\n<h4 class=\"uk-margin-remove wp-block-heading\">Men\u00e7\u00e3o Honrosa<\/h4>\n\n\n\n<p class=\"uk-margin-remove-adjacent uk-margin-remove-top\">BA VIDROS<\/p>\n<\/div>\n<\/div>\n<\/div><\/div>\n\n\n\n<div class=\"wp-block-group\"><div class=\"wp-block-group__inner-container is-layout-flow wp-block-group-is-layout-flow\">\n<h3 class=\"uk-margin-remove wp-block-heading\">Pr\u00e9mio Grande Empresa Exportadora &#8211; Servi\u00e7os<\/h3>\n\n\n\n<div class=\"wp-block-columns is-layout-flex wp-container-core-columns-is-layout-9d6595d7 wp-block-columns-is-layout-flex\">\n<div class=\"wp-block-column is-layout-flow wp-block-column-is-layout-flow\">\n<h4 class=\"uk-margin-remove wp-block-heading\">Vencedor<\/h4>\n\n\n\n<p class=\"uk-margin-remove-adjacent uk-margin-remove-top\">MSF &#8211; ENGENHARIA<\/p>\n<\/div>\n\n\n\n<div class=\"wp-block-column is-layout-flow wp-block-column-is-layout-flow\">\n<h4 class=\"uk-margin-remove wp-block-heading\">Men\u00e7\u00e3o Honrosa<\/h4>\n\n\n\n<p class=\"uk-margin-remove-adjacent uk-margin-remove-top\">WE DO<\/p>\n<\/div>\n\n\n\n<div class=\"wp-block-column is-layout-flow wp-block-column-is-layout-flow\">\n<h4 class=\"uk-margin-remove wp-block-heading\">Men\u00e7\u00e3o Honrosa<\/h4>\n\n\n\n<p class=\"uk-margin-remove-adjacent uk-margin-remove-top\">DOURO AZUL<\/p>\n<\/div>\n<\/div>\n<\/div><\/div>\n\n\n\n<div class=\"wp-block-group\"><div class=\"wp-block-group__inner-container is-layout-flow wp-block-group-is-layout-flow\">\n<h3 class=\"uk-margin-remove wp-block-heading\">Pr\u00e9mio Melhor PME Exportadora &#8211; Bens Transacion\u00e1veis<\/h3>\n\n\n\n<div class=\"wp-block-columns is-layout-flex wp-container-core-columns-is-layout-9d6595d7 wp-block-columns-is-layout-flex\">\n<div class=\"wp-block-column is-layout-flow wp-block-column-is-layout-flow\">\n<h4 class=\"uk-margin-remove wp-block-heading\">Vencedor<\/h4>\n\n\n\n<p class=\"uk-margin-remove-adjacent uk-margin-remove-top\">DURIT<\/p>\n<\/div>\n\n\n\n<div class=\"wp-block-column is-layout-flow wp-block-column-is-layout-flow\">\n<h4 class=\"uk-margin-remove wp-block-heading\">Men\u00e7\u00e3o Honrosa<\/h4>\n\n\n\n<p class=\"uk-margin-remove-adjacent uk-margin-remove-top\">GRESTEL<\/p>\n<\/div>\n<\/div>\n<\/div><\/div>\n\n\n\n<div class=\"wp-block-group\"><div class=\"wp-block-group__inner-container is-layout-flow wp-block-group-is-layout-flow\">\n<h3 class=\"uk-margin-remove wp-block-heading\">Pr\u00e9mio Melhor PME Exportadora &#8211; Servi\u00e7os<\/h3>\n\n\n\n<div class=\"wp-block-columns is-layout-flex wp-container-core-columns-is-layout-9d6595d7 wp-block-columns-is-layout-flex\">\n<div class=\"wp-block-column is-layout-flow wp-block-column-is-layout-flow\">\n<h4 class=\"uk-margin-remove wp-block-heading\">Vencedor<\/h4>\n\n\n\n<p class=\"uk-margin-remove-adjacent uk-margin-remove-top\">DIVIMINHO<\/p>\n<\/div>\n<\/div>\n<\/div><\/div>\n\n\n\n<div class=\"wp-block-group\"><div class=\"wp-block-group__inner-container is-layout-flow wp-block-group-is-layout-flow\">\n<h3 class=\"uk-margin-remove wp-block-heading\">Pr\u00e9mio Exporta\u00e7\u00e3o + Emprego<\/h3>\n\n\n\n<div class=\"wp-block-columns is-layout-flex wp-container-core-columns-is-layout-9d6595d7 wp-block-columns-is-layout-flex\">\n<div class=\"wp-block-column is-layout-flow wp-block-column-is-layout-flow\">\n<h4 class=\"uk-margin-remove wp-block-heading\">Vencedor<\/h4>\n\n\n\n<p class=\"uk-margin-remove-adjacent uk-margin-remove-top\">SIMI<\/p>\n<\/div>\n\n\n\n<div class=\"wp-block-column is-layout-flow wp-block-column-is-layout-flow\">\n<h4 class=\"uk-margin-remove wp-block-heading\">Men\u00e7\u00e3o Honrosa<\/h4>\n\n\n\n<p class=\"uk-margin-remove-adjacent uk-margin-remove-top\">DOURO AZUL<\/p>\n<\/div>\n<\/div>\n<\/div><\/div>\n\n\n\n<div class=\"wp-block-group\"><div class=\"wp-block-group__inner-container is-layout-flow wp-block-group-is-layout-flow\">\n<h3 class=\"uk-margin-remove wp-block-heading\">Pr\u00e9mio Melhor Exportadora Revela\u00e7\u00e3o<\/h3>\n\n\n\n<div class=\"wp-block-columns is-layout-flex wp-container-core-columns-is-layout-9d6595d7 wp-block-columns-is-layout-flex\">\n<div class=\"wp-block-column is-layout-flow wp-block-column-is-layout-flow\">\n<h4 class=\"uk-margin-remove wp-block-heading\">Vencedor<\/h4>\n\n\n\n<p class=\"uk-margin-remove-adjacent uk-margin-remove-top\">CHAMA AMARELA<\/p>\n<\/div>\n\n\n\n<div class=\"wp-block-column is-layout-flow wp-block-column-is-layout-flow\">\n<h4 class=\"uk-margin-remove wp-block-heading\">Men\u00e7\u00e3o Honrosa<\/h4>\n\n\n\n<p class=\"uk-margin-remove-adjacent uk-margin-remove-top\">TUNIPEX<\/p>\n<\/div>\n<\/div>\n<\/div><\/div>\n\n\n\n<div class=\"wp-block-group\"><div class=\"wp-block-group__inner-container is-layout-flow wp-block-group-is-layout-flow\">\n<h3 class=\"uk-margin-remove wp-block-heading\">Pr\u00e9mio C\u00e2mara de Com\u00e9rcio 2011<\/h3>\n\n\n\n<div class=\"wp-block-columns is-layout-flex wp-container-core-columns-is-layout-9d6595d7 wp-block-columns-is-layout-flex\">\n<div class=\"wp-block-column is-layout-flow wp-block-column-is-layout-flow\">\n<h4 class=\"uk-margin-remove wp-block-heading\">Vencedor<\/h4>\n\n\n\n<p class=\"uk-margin-remove-adjacent uk-margin-remove-top\">C\u00c2MARA DE COM\u00c9RCIO E IND\u00daSTRIA LUSO-ALEM\u00c3<\/p>\n<\/div>\n<\/div>\n<\/div><\/div>\n\n\n\n<div class=\"wp-block-group\"><div class=\"wp-block-group__inner-container is-layout-flow wp-block-group-is-layout-flow\">\n<h3 class=\"uk-margin-remove wp-block-heading\">Pr\u00e9mio Associa\u00e7\u00e3o Empresarial<\/h3>\n\n\n\n<div class=\"wp-block-columns is-layout-flex wp-container-core-columns-is-layout-9d6595d7 wp-block-columns-is-layout-flex\">\n<div class=\"wp-block-column is-layout-flow wp-block-column-is-layout-flow\">\n<h4 class=\"uk-margin-remove wp-block-heading\">Vencedor<\/h4>\n\n\n\n<p class=\"uk-margin-remove-adjacent uk-margin-remove-top\">APICCAPS<\/p>\n<\/div>\n<\/div>\n<\/div><\/div>\n\n\n\n<div class=\"wp-block-group\"><div class=\"wp-block-group__inner-container is-layout-flow wp-block-group-is-layout-flow\">\n<h3 class=\"uk-margin-remove wp-block-heading\">Pr\u00e9mio Especial do J\u00fari<\/h3>\n\n\n\n<div class=\"wp-block-columns is-layout-flex wp-container-core-columns-is-layout-9d6595d7 wp-block-columns-is-layout-flex\">\n<div class=\"wp-block-column is-layout-flow wp-block-column-is-layout-flow\">\n<h4 class=\"uk-margin-remove wp-block-heading\">Vencedor<\/h4>\n\n\n\n<p class=\"uk-margin-remove-adjacent uk-margin-remove-top\">VOLKSWAGEN AUTOEUROPA<\/p>\n<\/div>\n<\/div>\n<\/div><\/div>\n\n\n\n<div class=\"wp-block-group\"><div class=\"wp-block-group__inner-container is-layout-flow wp-block-group-is-layout-flow\">\n<h3 class=\"uk-margin-remove wp-block-heading\">Pr\u00e9mio Melhor Exportadora com Capitais Estrangeiros<\/h3>\n\n\n\n<div class=\"wp-block-columns is-layout-flex wp-container-core-columns-is-layout-9d6595d7 wp-block-columns-is-layout-flex\">\n<div class=\"wp-block-column is-layout-flow wp-block-column-is-layout-flow\">\n<h4 class=\"uk-margin-remove wp-block-heading\">Vencedor<\/h4>\n\n\n\n<p class=\"uk-margin-remove-adjacent uk-margin-remove-top\">CONTINENTAL<\/p>\n<\/div>\n<\/div>\n<\/div><\/div>\n","protected":false},"excerpt":{"rendered":"<p>Pr\u00e9mio Grandes Empresas Vencedor (EX AEQUO) AMORIM &amp; IRM\u00c3OS Vencedor (EX AEQUO) TIMWE Pr\u00e9mio PME&#8217;s Vencedor MARQUES, S.A Pr\u00e9mio Revela\u00e7\u00e3o Vencedor CRITICAL MANUFACTURING, S.A Vencedor VISION BOX, S.A Pr\u00e9mio Grande Empresa Exportadora &#8211; Bens Transacion\u00e1veis Vencedor HOVIONE Men\u00e7\u00e3o Honrosa BA VIDROS Pr\u00e9mio Grande Empresa Exportadora &#8211; Servi\u00e7os Vencedor MSF &#8211; ENGENHARIA Men\u00e7\u00e3o Honrosa WE DO [&hellip;]<\/p>\n","protected":false},"author":5,"featured_media":0,"parent":22,"menu_order":0,"comment_status":"closed","ping_status":"closed","template":"page_for-vencedores.php","meta":{"footnotes":""},"class_list":["post-613","page","type-page","status-publish","hentry"],"_links":{"self":[{"href":"https:\/\/bs.xl.pt\/premio-exportacao-e-internacionalizacao\/wp-json\/wp\/v2\/pages\/613","targetHints":{"allow":["GET"]}}],"collection":[{"href":"https:\/\/bs.xl.pt\/premio-exportacao-e-internacionalizacao\/wp-json\/wp\/v2\/pages"}],"about":[{"href":"https:\/\/bs.xl.pt\/premio-exportacao-e-internacionalizacao\/wp-json\/wp\/v2\/types\/page"}],"author":[{"embeddable":true,"href":"https:\/\/bs.xl.pt\/premio-exportacao-e-internacionalizacao\/wp-json\/wp\/v2\/users\/5"}],"replies":[{"embeddable":true,"href":"https:\/\/bs.xl.pt\/premio-exportacao-e-internacionalizacao\/wp-json\/wp\/v2\/comments?post=613"}],"version-history":[{"count":6,"href":"https:\/\/bs.xl.pt\/premio-exportacao-e-internacionalizacao\/wp-json\/wp\/v2\/pages\/613\/revisions"}],"predecessor-version":[{"id":634,"href":"https:\/\/bs.xl.pt\/premio-exportacao-e-internacionalizacao\/wp-json\/wp\/v2\/pages\/613\/revisions\/634"}],"up":[{"embeddable":true,"href":"https:\/\/bs.xl.pt\/premio-exportacao-e-internacionalizacao\/wp-json\/wp\/v2\/pages\/22"}],"wp:attachment":[{"href":"https:\/\/bs.xl.pt\/premio-exportacao-e-internacionalizacao\/wp-json\/wp\/v2\/media?parent=613"}],"curies":[{"name":"wp","href":"https:\/\/api.w.org\/{rel}","templated":true}]}}