{"id":664,"date":"2022-08-26T11:24:12","date_gmt":"2022-08-26T11:24:12","guid":{"rendered":"https:\/\/bs.xl.pt\/premio-exportacao-e-internacionalizacao\/?page_id=664"},"modified":"2022-08-26T11:24:27","modified_gmt":"2022-08-26T11:24:27","slug":"politica-de-cookies","status":"publish","type":"page","link":"https:\/\/bs.xl.pt\/premio-exportacao-e-internacionalizacao\/politica-de-cookies\/","title":{"rendered":"Pol\u00edtica de Cookies"},"content":{"rendered":"\n<p>Com a presente pol\u00edtica de cookies, o&nbsp;<strong>Pr\u00e9mios Exporta\u00e7\u00e3o e Internacionaliza\u00e7\u00e3o<\/strong>&nbsp;pretende inform\u00e1-lo, de uma maneira clara e transparente, sobre a utiliza\u00e7\u00e3o de&nbsp;<em>cookies<\/em>&nbsp;no site&nbsp;<strong>premiosexportacaoeinternacionalizacao.negocios.pt<\/strong>.<\/p>\n\n\n\n<h3 class=\"wp-block-heading\">O que \u00e9 um&nbsp;<em>Cookie<\/em>?<\/h3>\n\n\n\n<p>Os&nbsp;<em>cookies<\/em>&nbsp;s\u00e3o pequenos ficheiros de texto que s\u00e3o gerados pelos sites que visita e que s\u00e3o armazenados no seu computador,&nbsp;<em>smartphone<\/em>&nbsp;ou qualquer outro aparelho ligado \u00e0&nbsp;<em>internet<\/em>. Os&nbsp;<em>cookies<\/em>&nbsp;contem informa\u00e7\u00e3o relativa a dados e caracter\u00edsticas de navega\u00e7\u00e3o e permitem prestar-lhe um servi\u00e7o adicional: melhorar a sua navega\u00e7\u00e3o, tornando-a mais r\u00e1pida e eficaz, assegurando a sua liga\u00e7\u00e3o ou adapta\u00e7\u00e3o do conte\u00fado de uma p\u00e1gina aos seus interesses, bem como ajudam as empresas a otimizarem os seus sites. Devido \u00e0 sua import\u00e2ncia na&nbsp;<em>performance<\/em>&nbsp;dos sites, bloquear o acesso aos&nbsp;<em>cookies<\/em>&nbsp;de navega\u00e7\u00e3o ir\u00e1 impedir o acesso e a boa navega\u00e7\u00e3o de muitos&nbsp;<em>sites<\/em>.<\/p>\n\n\n\n<h3 class=\"wp-block-heading\">Que&nbsp;<em>Cookies<\/em>&nbsp;utiliza o website&nbsp;<strong>premiosexportacaoeinternacionalizacao.negocios.pt<\/strong>?<\/h3>\n\n\n\n<h4 class=\"wp-block-heading\"><em>Cookies<\/em>&nbsp;Anal\u00edticos<\/h4>\n\n\n\n<p><em>Cookies<\/em>&nbsp;utilizados para recolher informa\u00e7\u00e3o sobre a forma como os visitantes navegam no site permitindo a cria\u00e7\u00e3o de relat\u00f3rios que ajudam o&nbsp;<strong>Pr\u00e9mios Exporta\u00e7\u00e3o e Internacionaliza\u00e7\u00e3o<\/strong>&nbsp;a melhorar o funcionamento do mesmo. Os&nbsp;<em>cookies<\/em>&nbsp;recolhem informa\u00e7\u00e3o de forma an\u00f3nima, tal como, o n\u00famero de visitantes, o n\u00famero de p\u00e1ginas consultadas, o tempo de visita em cada uma das p\u00e1ginas, etc. Todas estas informa\u00e7\u00f5es s\u00e3o necess\u00e1rias para garantir uma boa experi\u00eancia de utiliza\u00e7\u00e3o e uma boa&nbsp;<em>performance<\/em>&nbsp;do&nbsp;<em>site<\/em>. Uma vez que, este tipo de&nbsp;<em>cookies<\/em>&nbsp;n\u00e3o recolhe dados pessoais, ao navegar no site est\u00e1 a consentir a sua utiliza\u00e7\u00e3o, sendo poss\u00edvel revogar o consentimento a qualquer altura atrav\u00e9s do seu&nbsp;<em>browser<\/em>\/navegador.<\/p>\n\n\n\n<h4 class=\"wp-block-heading\"><em>Cookies<\/em>&nbsp;T\u00e9cnicos<\/h4>\n\n\n\n<p><em>Cookies<\/em>&nbsp;que guardam a informa\u00e7\u00e3o do identificador de sess\u00e3o do utilizador. S\u00e3o utilizados de forma a permitir associar sess\u00f5es distintas para um mesmo utilizador. No caso do&nbsp;<strong>Pr\u00e9mios Exporta\u00e7\u00e3o e Internacionaliza\u00e7\u00e3o<\/strong>&nbsp;visam a integra\u00e7\u00e3o com o gestor de conte\u00fados e com ferramentas complementares para uma experi\u00eancia integrada com os conte\u00fados publicados, bem como nos processos de partilha nas redes sociais.<br>A utiliza\u00e7\u00e3o deste tipo de&nbsp;<em>cookies<\/em>&nbsp;n\u00e3o est\u00e1 sujeita a consentimento pr\u00e9vio, sendo poss\u00edvel revogar o consentimento a qualquer altura atrav\u00e9s do seu&nbsp;<em>browser<\/em>\/navegador.<\/p>\n\n\n\n<h3 class=\"wp-block-heading\">Como pode fazer a gest\u00e3o ou elimina\u00e7\u00e3o dos&nbsp;<em>Cookies<\/em>?<\/h3>\n\n\n\n<p>Pode utilizar o seu programa de navega\u00e7\u00e3o (<em>browser<\/em>) para fazer a gest\u00e3o dos&nbsp;<em>cookies<\/em>, aceitar, recusar ou eliminar, podendo a qualquer momento alterar a decis\u00e3o j\u00e1 tomada redefinindo as configura\u00e7\u00f5es do seu programa de navega\u00e7\u00e3o.O bloqueio de todos os&nbsp;<em>cookies<\/em>&nbsp;afeta a sua experi\u00eancia de utiliza\u00e7\u00e3o uma vez que o&nbsp;<strong>premiosexportacaoeinternacionalizacao.negocios.pt\/&nbsp;<\/strong>deixa de reconhecer as suas prefer\u00eancias de navega\u00e7\u00e3o.<br>Nos endere\u00e7os seguintes pode descobrir como fazer a gest\u00e3o dos&nbsp;<em>cookies<\/em>&nbsp;nos principais&nbsp;<em>browsers<\/em>\/navegadores:<\/p>\n\n\n\n<ul class=\"wp-block-list\"><li><a href=\"https:\/\/support.google.com\/chrome\/answer\/95647?hl=pt&amp;hlrm=en\">Chrome \u2122<\/a><\/li><li><a href=\"https:\/\/support.mozilla.org\/pt-PT\/users\/auth?next=%2Fpt-PT%2Fkb%2Fnew%3Ftitle%3DCookies%2B-%2BInforma%25C3%25A7%25C3%25A3o%2Bque%2Bos%2Bwebsites%2Barmazenam%2Bno%2Bseu%2Bcomputador%26redirectlocale%3Dpt-PT%26as%3Ds%26r%3D2%26esab%3Da%26redirectslug%3Dcookies-informacao-que-sitios-armazenam-no-computador\">Firefox \u2122<\/a><\/li><li><a href=\"https:\/\/support.microsoft.com\/en-us\/help\/17442\/windows-internet-explorer-delete-manage-cookies\">Internet Explorer \u2122<\/a><\/li><li><a href=\"http:\/\/help.opera.com\/Windows\/10.20\/pt\/cookies.html\">Opera \u2122<\/a><\/li><li><a href=\"https:\/\/support.apple.com\/pt-pt\/HT201265\">Safari \u2122<\/a><\/li><\/ul>\n\n\n\n<p>Gostar\u00edamos de o alertar para o seguinte:<br>O facto de ter bloqueado os&nbsp;<em>cookies<\/em>&nbsp;n\u00e3o impede que lhe seja apresentada publicidade nas p\u00e1ginas por si consultadas, apenas impede que lhe seja apresentada publicidade adaptada aos seus interesses, conhecidos pelo seu percurso de navega\u00e7\u00e3o; Se o seu computador tem mais do que um utilizador, ou tem diversos programas de navega\u00e7\u00e3o, \u00e9 poss\u00edvel que algumas escolhas que tenha tomado em mat\u00e9ria de&nbsp;<em>cookies<\/em>&nbsp;n\u00e3o sejam assumidas de forma permanente, ou porque utilizou outro programa de navega\u00e7\u00e3o, ou porque um terceiro alterou as suas escolhas. A&nbsp;<strong>Pr\u00e9mios Exporta\u00e7\u00e3o e Internacionaliza\u00e7\u00e3o<\/strong>&nbsp;n\u00e3o pode impedir estas situa\u00e7\u00f5es, nem garantir que as suas escolhas tenham car\u00e1cter duradouro.<\/p>\n\n\n\n<h3 class=\"wp-block-heading\">Links \u00dateis<\/h3>\n\n\n\n<p>Se pretender obter mais informa\u00e7\u00f5es sobre&nbsp;<em>cookies<\/em>&nbsp;em geral, sugerimos que consulte os seguintes&nbsp;<em>links<\/em>:<\/p>\n\n\n\n<ol class=\"wp-block-list\"><li><a href=\"http:\/\/www.allaboutcookies.org\/\">All About Cookies<\/a><\/li><\/ol>\n","protected":false},"excerpt":{"rendered":"<p>Com a presente pol\u00edtica de cookies, o&nbsp;Pr\u00e9mios Exporta\u00e7\u00e3o e Internacionaliza\u00e7\u00e3o&nbsp;pretende inform\u00e1-lo, de uma maneira clara e transparente, sobre a utiliza\u00e7\u00e3o de&nbsp;cookies&nbsp;no site&nbsp;premiosexportacaoeinternacionalizacao.negocios.pt. O que \u00e9 um&nbsp;Cookie? Os&nbsp;cookies&nbsp;s\u00e3o pequenos ficheiros de texto que s\u00e3o gerados pelos sites que visita e que s\u00e3o armazenados no seu computador,&nbsp;smartphone&nbsp;ou qualquer outro aparelho ligado \u00e0&nbsp;internet. Os&nbsp;cookies&nbsp;contem informa\u00e7\u00e3o relativa a dados [&hellip;]<\/p>\n","protected":false},"author":5,"featured_media":0,"parent":0,"menu_order":0,"comment_status":"closed","ping_status":"closed","template":"","meta":{"footnotes":""},"class_list":["post-664","page","type-page","status-publish","hentry"],"_links":{"self":[{"href":"https:\/\/bs.xl.pt\/premio-exportacao-e-internacionalizacao\/wp-json\/wp\/v2\/pages\/664","targetHints":{"allow":["GET"]}}],"collection":[{"href":"https:\/\/bs.xl.pt\/premio-exportacao-e-internacionalizacao\/wp-json\/wp\/v2\/pages"}],"about":[{"href":"https:\/\/bs.xl.pt\/premio-exportacao-e-internacionalizacao\/wp-json\/wp\/v2\/types\/page"}],"author":[{"embeddable":true,"href":"https:\/\/bs.xl.pt\/premio-exportacao-e-internacionalizacao\/wp-json\/wp\/v2\/users\/5"}],"replies":[{"embeddable":true,"href":"https:\/\/bs.xl.pt\/premio-exportacao-e-internacionalizacao\/wp-json\/wp\/v2\/comments?post=664"}],"version-history":[{"count":2,"href":"https:\/\/bs.xl.pt\/premio-exportacao-e-internacionalizacao\/wp-json\/wp\/v2\/pages\/664\/revisions"}],"predecessor-version":[{"id":670,"href":"https:\/\/bs.xl.pt\/premio-exportacao-e-internacionalizacao\/wp-json\/wp\/v2\/pages\/664\/revisions\/670"}],"wp:attachment":[{"href":"https:\/\/bs.xl.pt\/premio-exportacao-e-internacionalizacao\/wp-json\/wp\/v2\/media?parent=664"}],"curies":[{"name":"wp","href":"https:\/\/api.w.org\/{rel}","templated":true}]}}