{"id":679,"date":"2022-09-06T11:23:49","date_gmt":"2022-09-06T11:23:49","guid":{"rendered":"https:\/\/bs.xl.pt\/premio-exportacao-e-internacionalizacao\/?page_id=679"},"modified":"2025-10-06T15:50:19","modified_gmt":"2025-10-06T14:50:19","slug":"regulamento","status":"publish","type":"page","link":"https:\/\/bs.xl.pt\/premio-exportacao-e-internacionalizacao\/regulamento\/","title":{"rendered":"Regulamento"},"content":{"rendered":"\n<h3 class=\"wp-block-heading\"><strong>PRE\u00c2MBULO<\/strong><\/h3>\n\n\n\n<p>O novobanco e o Jornal de Neg\u00f3cios promovem, em parceria com a Iberinform, os Pr\u00e9mios Exporta\u00e7\u00e3o &amp; Internacionaliza\u00e7\u00e3o.<\/p>\n\n\n\n<p>O presente Regulamento explicita o objetivo dos Pr\u00e9mios Exporta\u00e7\u00e3o &amp; Internacionaliza\u00e7\u00e3o e o modo como estes se desenrolar\u00e3o anualmente, assim como os pr\u00e9mios e as a\u00e7\u00f5es de divulga\u00e7\u00e3o que lhe est\u00e3o associados.<\/p>\n\n\n\n<h3 class=\"wp-block-heading\"><strong>1. OBJECTIVO<\/strong><\/h3>\n\n\n\n<p>Tendo por base que a promo\u00e7\u00e3o das exporta\u00e7\u00f5es e a internacionaliza\u00e7\u00e3o das empresas portuguesas \u00e9 um des\u00edgnio nacional e um fator crucial para o crescimento e desenvolvimento do tecido empresarial portugu\u00eas, o novobanco e o Jornal de Neg\u00f3cios t\u00eam como objetivo premiar e divulgar a excel\u00eancia das empresas portuguesas que apostam fortemente nestes dois vetores.<\/p>\n\n\n\n<h3 class=\"wp-block-heading\"><strong>2. PERIODICIDADE \/ RECORR\u00caNCIA<\/strong><\/h3>\n\n\n\n<p>Os Pr\u00e9mios Exporta\u00e7\u00e3o &amp; Internacionaliza\u00e7\u00e3o novobanco\/Jornal de Neg\u00f3cios t\u00eam uma periodicidade anual e ser\u00e3o realizados em conjunto.<\/p>\n\n\n\n<h3 class=\"wp-block-heading\"><strong>3. \u00c1REAS A PREMIAR<\/strong><\/h3>\n\n\n\n<h5 class=\"wp-block-heading\"><strong><span style=\"text-decoration: underline;\">PR\u00c9MIOS INTERNACIONALIZA\u00c7\u00c3O<\/span><\/strong><\/h5>\n\n\n\n<ul class=\"wp-block-list\">\n<li>PME<sup> (1)<\/sup> com melhor caso de sucesso de internacionaliza\u00e7\u00e3o.<\/li>\n<\/ul>\n\n\n\n<ul class=\"wp-block-list\">\n<li>Grande Empresa<sup> (1)<\/sup> com melhor caso de sucesso de internacionaliza\u00e7\u00e3o.<\/li>\n<\/ul>\n\n\n\n<ul class=\"wp-block-list\">\n<li>Pr\u00e9mio Revela\u00e7\u00e3o \u2013 Empresa que se destacou em 2024 pela abordagem inovadora e empreendedora com que se internacionalizou e pelos resultados que conseguiu com essa estrat\u00e9gia.<\/li>\n<\/ul>\n\n\n\n<ul class=\"wp-block-list\">\n<li>Pr\u00e9mio Especial do J\u00fari &#8211; Pr\u00e9mio especial que ser\u00e1 atribu\u00eddo pelo J\u00fari, caso decida reconhecer uma empresa ou uma institui\u00e7\u00e3o em particular pelo seu contributo para o des\u00edgnio nacional da Internacionaliza\u00e7\u00e3o.<\/li>\n<\/ul>\n\n\n\n<h5 class=\"wp-block-heading\"><strong><span style=\"text-decoration: underline;\">PR\u00c9MIOS EXPORTA\u00c7\u00c3O<\/span><\/strong><\/h5>\n\n\n\n<p>Com base na an\u00e1lise dos IES entregues pelas empresas referentes ao ano de 2024 s\u00e3o analisadas as seguintes categorias:<\/p>\n\n\n\n<ul class=\"wp-block-list\">\n<li>Melhor PME<sup> (1)<\/sup> Exportadora Bens Transacion\u00e1veis \u2013 Empresa que de forma estruturada e sustentada, teve o maior impacto no \u00edndice de exporta\u00e7\u00f5es de 2024.<\/li>\n<\/ul>\n\n\n\n<ul class=\"wp-block-list\">\n<li>Melhor PME<sup> (1)<\/sup> Exportadora Servi\u00e7os \u2013 Empresa que de forma estruturada e sustentada, teve o maior impacto no \u00edndice de exporta\u00e7\u00f5es de 2024.<\/li>\n<\/ul>\n\n\n\n<ul class=\"wp-block-list\">\n<li>Melhor Grande Empresa<sup> (1)<\/sup> Exportadora Bens Transacion\u00e1veis \u2013 Empresa que de forma estruturada e sustentada, teve o maior impacto no \u00edndice de exporta\u00e7\u00f5es de 2024.<\/li>\n<\/ul>\n\n\n\n<ul class=\"wp-block-list\">\n<li>Melhor Grande Empresa<sup> (1)<\/sup> Exportadora Servi\u00e7os \u2013 Empresa que de forma estruturada e sustentada, teve o maior impacto no \u00edndice de exporta\u00e7\u00f5es de 2024.<\/li>\n<\/ul>\n\n\n\n<ul class=\"wp-block-list\">\n<li>Pr\u00e9mio Exporta\u00e7\u00e3o + Emprego \u2013 Empresa em que, em 2024, as exporta\u00e7\u00f5es e a cria\u00e7\u00e3o de emprego estiveram mais positivamente correlacionadas.<\/li>\n<\/ul>\n\n\n\n<ul class=\"wp-block-list\">\n<li>Pr\u00e9mio Exportadora Revela\u00e7\u00e3o \u2013 Empresa que, em 2024, teve o maior impulso no montante global das suas exporta\u00e7\u00f5es.<\/li>\n<\/ul>\n\n\n\n<ul class=\"wp-block-list\">\n<li>Melhor Exportadora Com Capitais Estrangeiros (Multinacional) \u2013 Empresa com melhor desempenho Exportador em 2024, que seja participada com capitais estrangeiros.<\/li>\n<\/ul>\n\n\n\n<ul class=\"wp-block-list\">\n<li>Pr\u00e9mio Especial do J\u00fari \u2013 Pr\u00e9mio especial que ser\u00e1 atribu\u00eddo pelo J\u00fari, caso decida reconhecer uma empresa ou uma institui\u00e7\u00e3o em particular pelo seu contributo para o des\u00edgnio nacional das exporta\u00e7\u00f5es.<\/li>\n<\/ul>\n\n\n\n<ul class=\"wp-block-list\">\n<li>Pr\u00e9mio Sector de Atividade do Ano \u2013 Pr\u00e9mio especial que ser\u00e1 atribu\u00eddo pelo j\u00fari caso decida reconhecer uma empresa, ou uma institui\u00e7\u00e3o, de um setor estrat\u00e9gico espec\u00edfico, pelo seu desempenho exportador em 2024.<\/li>\n<\/ul>\n\n\n\n<p>NOTA: Para qualquer das \u00e1reas, em ambas as vertentes do concurso, o J\u00fari reserva-se sempre ao direito de N\u00c3O atribuir os pr\u00e9mios quando n\u00e3o encontrar consenso que justifique a sua atribui\u00e7\u00e3o.<\/p>\n\n\n\n<p>&nbsp;<sup>(1)<\/sup>&nbsp;De acordo com a defini\u00e7\u00e3o da Recomenda\u00e7\u00e3o 2003\/361CE da Comiss\u00e3o Europeia.<strong><br><\/strong><\/p>\n\n\n\n<h3 class=\"wp-block-heading\"><strong>4. PROCESSO DE SELE\u00c7\u00c3O<\/strong><\/h3>\n\n\n\n<h5 class=\"wp-block-heading\"><strong><span style=\"text-decoration: underline;\">PR\u00c9MIOS INTERNACIONALIZA\u00c7\u00c3O<\/span><\/strong><\/h5>\n\n\n\n<p>No conjunto de categorias de pr\u00e9mios na vertente Internacionaliza\u00e7\u00e3o, as empresas candidatas ser\u00e3o identificadas por 2 vias:<\/p>\n\n\n\n<p>1. Nomea\u00e7\u00f5es espec\u00edficas de empresas\/grupos econ\u00f3micos, apontados pelas partes envolvidas na organiza\u00e7\u00e3o dos Pr\u00e9mios Exporta\u00e7\u00e3o &amp; Internacionaliza\u00e7\u00e3o novobanco\/Jornal de Neg\u00f3cios, nomeadamente:<\/p>\n\n\n\n<ol style=\"list-style-type:lower-alpha\" class=\"wp-block-list\">\n<li>J\u00fari<\/li>\n\n\n\n<li>Iberinform<\/li>\n\n\n\n<li>novobanco<\/li>\n<\/ol>\n\n\n\n<p>2. Candidaturas espont\u00e2neas por parte das empresas, devendo para tal submeter formul\u00e1rio de candidatura, dispon\u00edvel na p\u00e1gina dos Pr\u00e9mios Exporta\u00e7\u00e3o &amp; Internacionaliza\u00e7\u00e3o, em <a href=\"https:\/\/premiosexportacaoeinternacionalizacao.negocios.pt\">https:\/\/premiosexportacaoeinternacionalizacao.negocios.pt<\/a>, de acordo com as regras apresentadas na \u00e1rea de candidaturas dos Pr\u00e9mios Internacionaliza\u00e7\u00e3o.<\/p>\n\n\n\n<p>O conjunto final de nomea\u00e7\u00f5es que resultar ser\u00e1 avaliado pelo j\u00fari, com base num dossier elaborado pela equipa de trabalho Iberinform\/novobanco para cada uma das empresas\/grupos econ\u00f3micos.<\/p>\n\n\n\n<p>Cada dossier deve tentar, mediante a informa\u00e7\u00e3o publica dispon\u00edvel para cada empresa\/grupo econ\u00f3mico, contemplar a seguinte informa\u00e7\u00e3o Quantitativa e Qualitativa:<\/p>\n\n\n\n<ul class=\"wp-block-list\">\n<li>Indicadores Econ\u00f3mico-Financeiros;<\/li>\n\n\n\n<li>Presen\u00e7a Internacional;<\/li>\n\n\n\n<li>Racional da Internacionaliza\u00e7\u00e3o e Estrat\u00e9gia adotada;<\/li>\n\n\n\n<li>Car\u00e1ter Inovador da abordagem e efic\u00e1cia e rapidez no alcance dos objetivos;<\/li>\n\n\n\n<li>Outras informa\u00e7\u00f5es diversas e que possam ser importantes para a decis\u00e3o.<\/li>\n<\/ul>\n\n\n\n<p>Sendo o J\u00fari soberano na atribui\u00e7\u00e3o dos pr\u00e9mios, caso entenda que n\u00e3o tem elementos suficientes para decidir em alguma das categorias a concurso, reserva-se o direito de n\u00e3o atribuir pr\u00e9mio nessas categorias.<\/p>\n\n\n\n<h5 class=\"wp-block-heading\"><strong><span style=\"text-decoration: underline;\">PR\u00c9MIOS EXPORTA\u00c7\u00c3O<\/span><\/strong><\/h5>\n\n\n\n<p>No conjunto de categorias de pr\u00e9mios na vertente Exporta\u00e7\u00e3o, os vencedores resultar\u00e3o de um processo de an\u00e1lise de indicadores comp\u00f3sitos baseados em indicadores econ\u00f3mico-financeiros, recolhidos e tratados pela Iberinform com base nos IES entregue pelas Empresas e respeitantes ao ano de 2023. O modelo de avalia\u00e7\u00e3o\/pondera\u00e7\u00e3o e os vencedores finais ser\u00e3o posteriormente homologados por um J\u00fari independente dos promotores.<\/p>\n\n\n\n<p>Os indicadores econ\u00f3mico-financeiros utilizados s\u00e3o:<\/p>\n\n\n\n<ul class=\"wp-block-list\">\n<li>Volume de Neg\u00f3cios;<\/li>\n\n\n\n<li>N\u00famero de pa\u00edses de destino das exporta\u00e7\u00f5es;<\/li>\n\n\n\n<li>Volume de exporta\u00e7\u00f5es para destinos n\u00e3o UE;<\/li>\n\n\n\n<li>Exporta\u00e7\u00f5es;<\/li>\n\n\n\n<li>Emprego.<\/li>\n<\/ul>\n\n\n\n<h3 class=\"wp-block-heading\"><strong>5. ELEGIBILIDADE<\/strong><\/h3>\n\n\n\n<h5 class=\"wp-block-heading\"><strong>Crit\u00e9rios v\u00e1lidos para os <span style=\"text-decoration: underline;\">Pr\u00e9mios Internacionaliza\u00e7\u00e3o<\/span><\/strong><\/h5>\n\n\n\n<p>Crit\u00e9rios de Exclus\u00e3o:<\/p>\n\n\n\n<ul class=\"wp-block-list\">\n<li>Tenham incidentes n\u00e3o justificados ou incumprimentos junto da Banca;<\/li>\n\n\n\n<li>N\u00e3o tenham a situa\u00e7\u00e3o regularizada junto da Administra\u00e7\u00e3o Fiscal e da Seguran\u00e7a Social \u00e0 data da candidatura;<\/li>\n\n\n\n<li>Autonomia Financeira inferior a 20%.<\/li>\n<\/ul>\n\n\n\n<h5 class=\"wp-block-heading\"><strong>Crit\u00e9rios v\u00e1lidos para os <span style=\"text-decoration: underline;\">Pr\u00e9mios de Exporta\u00e7\u00e3o<\/span>:<\/strong><\/h5>\n\n\n\n<p>Crit\u00e9rios de Exclus\u00e3o:<\/p>\n\n\n\n<ul class=\"wp-block-list\">\n<li>Tenham incidentes n\u00e3o justificados ou incumprimentos junto da Banca;<\/li>\n\n\n\n<li>N\u00e3o tenham a situa\u00e7\u00e3o regularizada junto da Administra\u00e7\u00e3o Fiscal e da Seguran\u00e7a Social \u00e0 data da candidatura;<\/li>\n\n\n\n<li>Autonomia Financeira inferior a 20%;<\/li>\n\n\n\n<li>Volume de Neg\u00f3cios inferior a EUR 2 milh\u00f5es;<\/li>\n\n\n\n<li>Exporta\u00e7\u00f5es acumuladas em 2023 e 2024 inferiores a EUR 400 mil;<\/li>\n\n\n\n<li>Empresas cuja maioria do Capital seja detido por entidades estrangeiras (exceto no pr\u00e9mio \u201cMelhor Exportadora com Capitais Estrangeiros \u2013 Multinacional\u201d);<\/li>\n\n\n\n<li>Empresas do mesmo Grupo Econ\u00f3mico n\u00e3o poder\u00e3o acumular pr\u00e9mios.<\/li>\n<\/ul>\n\n\n\n<h3 class=\"wp-block-heading\"><strong>6. J\u00daRI<\/strong><\/h3>\n\n\n\n<p>\u00c0 semelhan\u00e7a das edi\u00e7\u00f5es anteriores, o j\u00fari selecionado \u00e9 independente e pode, no decorrer do processo de avalia\u00e7\u00e3o, solicitar elementos ou informa\u00e7\u00f5es complementares sobre as candidaturas em an\u00e1lise.<\/p>\n\n\n\n<p>Da decis\u00e3o do J\u00fari, n\u00e3o cabe recurso.<\/p>\n\n\n\n<h3 class=\"wp-block-heading\"><strong>7. COMUNICA\u00c7\u00c3O &amp; ENTREGA DE PR\u00c9MIOS<\/strong><\/h3>\n\n\n\n<p>A entrega dos pr\u00e9mios da edi\u00e7\u00e3o deste ano realizar-se-\u00e1 no dia a definir, em local a anunciar brevemente.<\/p>\n\n\n\n<p>Aos vencedores dos pr\u00e9mios ser\u00e1 entregue um trof\u00e9u.<\/p>\n\n\n\n<p>Adicionalmente haver\u00e1 uma forte cobertura do evento o que se traduz numa relevante exposi\u00e7\u00e3o medi\u00e1tica das empresas vencedoras.<\/p>\n\n\n\n<h5 class=\"wp-block-heading\"><strong>8. DISPOSI\u00c7\u00d5ES FINAIS<\/strong><\/h5>\n\n\n\n<p>As entidades promotoras dos Pr\u00e9mios Exporta\u00e7\u00e3o &amp; Internacionaliza\u00e7\u00e3o garantem a confidencialidade de toda a informa\u00e7\u00e3o disponibilizada durante o processo de candidatura e avalia\u00e7\u00e3o dos projetos a concurso.<\/p>\n\n\n\n<p>Reservam-se, ainda, as mesmas entidades o direito de modificar o presente Regulamento, bem como a composi\u00e7\u00e3o do J\u00fari, por motivos de for\u00e7a maior.<\/p>\n\n\n\n<a href=\"https:\/\/cdn.xl.pt\/bs\/uploads\/sites\/103\/2025\/09\/PREMIOS-EXPORTACAO-INTERNACIONALIZACAO-REGULAMENTO_2025.pdf\" class=\"uk-button uk-button-large uk-button-primary\" target=\"_blank\"><span uk-icon=\"icon: cloud-download\"><\/span> Download do Regulamento (PDF)<\/a>\n","protected":false},"excerpt":{"rendered":"<p>PRE\u00c2MBULO O novobanco e o Jornal de Neg\u00f3cios promovem, em parceria com a Iberinform, os Pr\u00e9mios Exporta\u00e7\u00e3o &amp; Internacionaliza\u00e7\u00e3o. O presente Regulamento explicita o objetivo dos Pr\u00e9mios Exporta\u00e7\u00e3o &amp; Internacionaliza\u00e7\u00e3o e o modo como estes se desenrolar\u00e3o anualmente, assim como os pr\u00e9mios e as a\u00e7\u00f5es de divulga\u00e7\u00e3o que lhe est\u00e3o associados. 1. OBJECTIVO Tendo por [&hellip;]<\/p>\n","protected":false},"author":5,"featured_media":0,"parent":0,"menu_order":0,"comment_status":"closed","ping_status":"closed","template":"","meta":{"footnotes":""},"class_list":["post-679","page","type-page","status-publish","hentry"],"_links":{"self":[{"href":"https:\/\/bs.xl.pt\/premio-exportacao-e-internacionalizacao\/wp-json\/wp\/v2\/pages\/679","targetHints":{"allow":["GET"]}}],"collection":[{"href":"https:\/\/bs.xl.pt\/premio-exportacao-e-internacionalizacao\/wp-json\/wp\/v2\/pages"}],"about":[{"href":"https:\/\/bs.xl.pt\/premio-exportacao-e-internacionalizacao\/wp-json\/wp\/v2\/types\/page"}],"author":[{"embeddable":true,"href":"https:\/\/bs.xl.pt\/premio-exportacao-e-internacionalizacao\/wp-json\/wp\/v2\/users\/5"}],"replies":[{"embeddable":true,"href":"https:\/\/bs.xl.pt\/premio-exportacao-e-internacionalizacao\/wp-json\/wp\/v2\/comments?post=679"}],"version-history":[{"count":13,"href":"https:\/\/bs.xl.pt\/premio-exportacao-e-internacionalizacao\/wp-json\/wp\/v2\/pages\/679\/revisions"}],"predecessor-version":[{"id":5997,"href":"https:\/\/bs.xl.pt\/premio-exportacao-e-internacionalizacao\/wp-json\/wp\/v2\/pages\/679\/revisions\/5997"}],"wp:attachment":[{"href":"https:\/\/bs.xl.pt\/premio-exportacao-e-internacionalizacao\/wp-json\/wp\/v2\/media?parent=679"}],"curies":[{"name":"wp","href":"https:\/\/api.w.org\/{rel}","templated":true}]}}