{"id":160,"date":"2022-05-16T11:01:50","date_gmt":"2022-05-16T11:01:50","guid":{"rendered":"https:\/\/bs.xl.pt\/premio-floresta-e-sustentabilidade\/?page_id=160"},"modified":"2022-05-16T11:40:05","modified_gmt":"2022-05-16T11:40:05","slug":"1a-edicao","status":"publish","type":"page","link":"https:\/\/bs.xl.pt\/premio-floresta-e-sustentabilidade\/vencedores\/1a-edicao\/","title":{"rendered":"1\u00aa Edi\u00e7\u00e3o"},"content":{"rendered":"\n<div class=\"wp-block-group\"><div class=\"wp-block-group__inner-container is-layout-flow wp-block-group-is-layout-flow\">\n<h3 class=\"wp-block-heading\">V\u00edde-Resumo<\/h3>\n\n\n\n<div class=\"wp-block-columns is-layout-flex wp-container-core-columns-is-layout-9d6595d7 wp-block-columns-is-layout-flex\">\n<div class=\"wp-block-column is-layout-flow wp-block-column-is-layout-flow\"><div class=\"uk-margin-medium\"><iframe width=\"1280\" height=\"720\" src=\"\/\/www.youtube.com\/embed\/qiDmZgMU4rQ?showinfo=0\" frameborder=\"0\" allowfullscreen data-uk-responsive loading=\"lazy\" referrerpolicy=\"no-referrer-when-downgrade\" title=\"\"><\/iframe><\/div>\n<\/div>\n<\/div>\n<\/div><\/div>\n\n\n\n<div class=\"wp-block-group\"><div class=\"wp-block-group__inner-container is-layout-flow wp-block-group-is-layout-flow\">\n<h3 class=\"wp-block-heading\">Associativismo<\/h3>\n\n\n\n<div class=\"wp-block-columns is-layout-flex wp-container-core-columns-is-layout-9d6595d7 wp-block-columns-is-layout-flex\">\n<div class=\"wp-block-column is-layout-flow wp-block-column-is-layout-flow\">\n<h4 class=\"wp-block-heading\">Vencedor<\/h4>\n\n\n\n<p>Abastena &#8211; Sociedade Abastecedora de Madeiras<\/p>\n\n\n<div class=\"uk-inline\"><img decoding=\"async\" src=\"https:\/\/cdn.xl.pt\/bs\/uploads\/sites\/94\/2022\/05\/logotipo_Abastena.jpg\" alt=\"1\u00aa Edi\u00e7\u00e3o - Pr\u00e9mio Floresta \u00c9 Sustentabilidade\" loading=\"lazy\" \/><\/div><p class=\"uk-hidden@s uk-text-small uk-text-muted uk-margin-small-top uk-margin-medium-bottom uk-text-left\"><\/p>\n<\/div>\n\n\n\n<div class=\"wp-block-column is-layout-flow wp-block-column-is-layout-flow\">\n<h4 class=\"wp-block-heading\">Men\u00e7\u00e3o Honrosa<\/h4>\n\n\n\n<p>Associa\u00e7\u00e3o de Produtores Florestais do Concelho de Coruche e Lim\u00edtrofes<\/p>\n\n\n<div class=\"uk-inline\"><img decoding=\"async\" src=\"https:\/\/cdn.xl.pt\/bs\/uploads\/sites\/94\/2022\/05\/FO170074-APFC-AF-Logo-25-anos.jpg\" alt=\"1\u00aa Edi\u00e7\u00e3o - Pr\u00e9mio Floresta \u00c9 Sustentabilidade\" loading=\"lazy\" \/><\/div><p class=\"uk-hidden@s uk-text-small uk-text-muted uk-margin-small-top uk-margin-medium-bottom uk-text-left\"><\/p>\n<\/div>\n<\/div>\n<\/div><\/div>\n\n\n\n<div class=\"wp-block-group\"><div class=\"wp-block-group__inner-container is-layout-flow wp-block-group-is-layout-flow\">\n<h3 class=\"wp-block-heading\">Boas pr\u00e1ticas de silvicultura<\/h3>\n\n\n\n<div class=\"wp-block-columns is-layout-flex wp-container-core-columns-is-layout-9d6595d7 wp-block-columns-is-layout-flex\">\n<div class=\"wp-block-column is-layout-flow wp-block-column-is-layout-flow\">\n<h3 class=\"wp-block-heading\">Vencedor<\/h3>\n\n\n\n<p>Herdade da Sanguinheira de Codes<\/p>\n\n\n<div class=\"uk-inline\"><img decoding=\"async\" src=\"https:\/\/cdn.xl.pt\/bs\/uploads\/sites\/94\/2022\/05\/Logotipo_Sanguinheira-_2017.jpg\" alt=\"1\u00aa Edi\u00e7\u00e3o - Pr\u00e9mio Floresta \u00c9 Sustentabilidade\" loading=\"lazy\" \/><\/div><p class=\"uk-hidden@s uk-text-small uk-text-muted uk-margin-small-top uk-margin-medium-bottom uk-text-left\"><\/p>\n<\/div>\n\n\n\n<div class=\"wp-block-column is-layout-flow wp-block-column-is-layout-flow\">\n<h3 class=\"wp-block-heading\">Men\u00e7\u00e3o Honrosa<\/h3>\n\n\n\n<p>Unimadeiras<\/p>\n\n\n<div class=\"uk-inline\"><img decoding=\"async\" src=\"https:\/\/cdn.xl.pt\/bs\/uploads\/sites\/94\/2022\/05\/unimadeiras.png\" alt=\"1\u00aa Edi\u00e7\u00e3o - Pr\u00e9mio Floresta \u00c9 Sustentabilidade\" loading=\"lazy\" \/><\/div><p class=\"uk-hidden@s uk-text-small uk-text-muted uk-margin-small-top uk-margin-medium-bottom uk-text-left\"><\/p>\n<\/div>\n<\/div>\n<\/div><\/div>\n\n\n\n<div class=\"wp-block-group\"><div class=\"wp-block-group__inner-container is-layout-flow wp-block-group-is-layout-flow\">\n<h3 class=\"wp-block-heading\">Projetor I&amp;D<\/h3>\n\n\n\n<div class=\"wp-block-columns is-layout-flex wp-container-core-columns-is-layout-9d6595d7 wp-block-columns-is-layout-flex\">\n<div class=\"wp-block-column is-layout-flow wp-block-column-is-layout-flow\">\n<h3 class=\"wp-block-heading\">Vencedor<\/h3>\n\n\n\n<p>Instituto Nacional de Investiga\u00e7\u00e3o Agr\u00e1ria e Veterin\u00e1ria<\/p>\n\n\n<div class=\"uk-inline\"><img decoding=\"async\" src=\"https:\/\/cdn.xl.pt\/bs\/uploads\/sites\/94\/2022\/05\/iniav.png\" alt=\"1\u00aa Edi\u00e7\u00e3o - Pr\u00e9mio Floresta \u00c9 Sustentabilidade\" loading=\"lazy\" \/><\/div><p class=\"uk-hidden@s uk-text-small uk-text-muted uk-margin-small-top uk-margin-medium-bottom uk-text-left\"><\/p>\n<\/div>\n<\/div>\n<\/div><\/div>\n\n\n\n<div class=\"wp-block-group\"><div class=\"wp-block-group__inner-container is-layout-flow wp-block-group-is-layout-flow\">\n<h3 class=\"wp-block-heading\">Sustentabilidade Florestal<\/h3>\n\n\n\n<h3 class=\"wp-block-heading\">Vencedor<\/h3>\n\n\n\n<p>Associa\u00e7\u00e3o para a certifica\u00e7\u00e3o florestal Minho-Lima<\/p>\n\n\n<div class=\"uk-inline\"><img decoding=\"async\" src=\"https:\/\/cdn.xl.pt\/bs\/uploads\/sites\/94\/2022\/05\/acfminholima_logotipo.jpg\" alt=\"1\u00aa Edi\u00e7\u00e3o - Pr\u00e9mio Floresta \u00c9 Sustentabilidade\" loading=\"lazy\" \/><\/div><p class=\"uk-hidden@s uk-text-small uk-text-muted uk-margin-small-top uk-margin-medium-bottom uk-text-left\"><\/p>\n<\/div><\/div>\n","protected":false},"excerpt":{"rendered":"<p>V\u00edde-Resumo Associativismo Vencedor Abastena &#8211; Sociedade Abastecedora de Madeiras Men\u00e7\u00e3o Honrosa Associa\u00e7\u00e3o de Produtores Florestais do Concelho de Coruche e Lim\u00edtrofes Boas pr\u00e1ticas de silvicultura Vencedor Herdade da Sanguinheira de Codes Men\u00e7\u00e3o Honrosa Unimadeiras Projetor I&amp;D Vencedor Instituto Nacional de Investiga\u00e7\u00e3o Agr\u00e1ria e Veterin\u00e1ria Sustentabilidade Florestal Vencedor Associa\u00e7\u00e3o para a certifica\u00e7\u00e3o florestal Minho-Lima<\/p>\n","protected":false},"author":5,"featured_media":0,"parent":154,"menu_order":0,"comment_status":"closed","ping_status":"closed","template":"page_for-vencedores.php","meta":{"footnotes":""},"class_list":["post-160","page","type-page","status-publish","hentry"],"_links":{"self":[{"href":"https:\/\/bs.xl.pt\/premio-floresta-e-sustentabilidade\/wp-json\/wp\/v2\/pages\/160","targetHints":{"allow":["GET"]}}],"collection":[{"href":"https:\/\/bs.xl.pt\/premio-floresta-e-sustentabilidade\/wp-json\/wp\/v2\/pages"}],"about":[{"href":"https:\/\/bs.xl.pt\/premio-floresta-e-sustentabilidade\/wp-json\/wp\/v2\/types\/page"}],"author":[{"embeddable":true,"href":"https:\/\/bs.xl.pt\/premio-floresta-e-sustentabilidade\/wp-json\/wp\/v2\/users\/5"}],"replies":[{"embeddable":true,"href":"https:\/\/bs.xl.pt\/premio-floresta-e-sustentabilidade\/wp-json\/wp\/v2\/comments?post=160"}],"version-history":[{"count":15,"href":"https:\/\/bs.xl.pt\/premio-floresta-e-sustentabilidade\/wp-json\/wp\/v2\/pages\/160\/revisions"}],"predecessor-version":[{"id":226,"href":"https:\/\/bs.xl.pt\/premio-floresta-e-sustentabilidade\/wp-json\/wp\/v2\/pages\/160\/revisions\/226"}],"up":[{"embeddable":true,"href":"https:\/\/bs.xl.pt\/premio-floresta-e-sustentabilidade\/wp-json\/wp\/v2\/pages\/154"}],"wp:attachment":[{"href":"https:\/\/bs.xl.pt\/premio-floresta-e-sustentabilidade\/wp-json\/wp\/v2\/media?parent=160"}],"curies":[{"name":"wp","href":"https:\/\/api.w.org\/{rel}","templated":true}]}}