

{"id":3019,"date":"2025-02-13T17:42:09","date_gmt":"2025-02-13T17:42:09","guid":{"rendered":"https:\/\/bs.xl.pt\/premio-nacional-agricultura\/?page_id=3019"},"modified":"2025-02-13T17:42:10","modified_gmt":"2025-02-13T17:42:10","slug":"edicao-2024","status":"publish","type":"page","link":"https:\/\/bs.xl.pt\/premio-nacional-agricultura\/vencedores\/edicao-2024\/","title":{"rendered":"Edi\u00e7\u00e3o 2024"},"content":{"rendered":"\n<div class=\"wp-block-group\"><div class=\"wp-block-group__inner-container is-layout-constrained wp-block-group-is-layout-constrained\">\n<h2 class=\"wp-block-heading\">Personalidade<\/h2>\n\n\n\n<div class=\"wp-block-columns is-layout-flex wp-container-core-columns-is-layout-9d6595d7 wp-block-columns-is-layout-flex\">\n<div class=\"wp-block-column is-layout-flow wp-block-column-is-layout-flow\">\n<h4 class=\"wp-block-heading\">Vencedor<\/h4>\n\n\n\n<p>Jo\u00e3o Coimbra<\/p>\n\n\n<div class=\"uk-inline\"><img decoding=\"async\" src=\"https:\/\/cdn.xl.pt\/bs\/uploads\/sites\/55\/2025\/02\/73A7954-1200x630.jpg\" alt=\"Edi\u00e7\u00e3o 2024 | Pr\u00e9mio Nacional de Agricultura\" loading=\"lazy\" \/><\/div><p class=\"uk-hidden@s uk-text-small uk-text-muted uk-margin-small-top uk-margin-medium-bottom uk-text-left\"><\/p>\n<\/div>\n<\/div>\n<\/div><\/div>\n\n\n\n<div class=\"wp-block-group\"><div class=\"wp-block-group__inner-container is-layout-constrained wp-block-group-is-layout-constrained\">\n<h2 class=\"wp-block-heading\">Institucional<\/h2>\n\n\n\n<div class=\"wp-block-columns is-layout-flex wp-container-core-columns-is-layout-9d6595d7 wp-block-columns-is-layout-flex\">\n<div class=\"wp-block-column is-layout-flow wp-block-column-is-layout-flow\">\n<h4 class=\"wp-block-heading\">Vencedor<\/h4>\n\n\n\n<p>EDIA<\/p>\n\n\n<div class=\"uk-margin-medium\"><iframe width=\"1280\" height=\"720\" src=\"\/\/www.youtube.com\/embed\/_prDvqqXe9I?showinfo=0\" frameborder=\"0\" allowfullscreen data-uk-responsive loading=\"lazy\" referrerpolicy=\"no-referrer-when-downgrade\" title=\"\"><\/iframe><\/div>\n<\/div>\n<\/div>\n<\/div><\/div>\n\n\n\n<div class=\"wp-block-group\"><div class=\"wp-block-group__inner-container is-layout-constrained wp-block-group-is-layout-constrained\">\n<h2 class=\"wp-block-heading\">Sustentabilidade<\/h2>\n\n\n\n<div class=\"wp-block-columns is-layout-flex wp-container-core-columns-is-layout-9d6595d7 wp-block-columns-is-layout-flex\">\n<div class=\"wp-block-column is-layout-flow wp-block-column-is-layout-flow\">\n<h4 class=\"wp-block-heading\">Vencedor<\/h4>\n\n\n\n<p>Lusomorango<\/p>\n\n\n<div class=\"uk-margin-medium\"><iframe width=\"1280\" height=\"720\" src=\"\/\/www.youtube.com\/embed\/gulWUFZJBdQ?showinfo=0\" frameborder=\"0\" allowfullscreen data-uk-responsive loading=\"lazy\" referrerpolicy=\"no-referrer-when-downgrade\" title=\"\"><\/iframe><\/div>\n<\/div>\n<\/div>\n<\/div><\/div>\n\n\n\n<div class=\"wp-block-group\"><div class=\"wp-block-group__inner-container is-layout-constrained wp-block-group-is-layout-constrained\">\n<h2 class=\"wp-block-heading\">Inova\u00e7\u00e3o de Processo<\/h2>\n\n\n\n<div class=\"wp-block-columns is-layout-flex wp-container-core-columns-is-layout-9d6595d7 wp-block-columns-is-layout-flex\">\n<div class=\"wp-block-column is-layout-flow wp-block-column-is-layout-flow\">\n<h4 class=\"wp-block-heading\">Vencedor<\/h4>\n\n\n\n<p>Frutas Classe<\/p>\n\n\n<div class=\"uk-margin-medium\"><iframe width=\"1280\" height=\"720\" src=\"\/\/www.youtube.com\/embed\/XAUDp3jnt6c?showinfo=0\" frameborder=\"0\" allowfullscreen data-uk-responsive loading=\"lazy\" referrerpolicy=\"no-referrer-when-downgrade\" title=\"\"><\/iframe><\/div>\n<\/div>\n\n\n\n<div class=\"wp-block-column is-layout-flow wp-block-column-is-layout-flow\">\n<h4 class=\"wp-block-heading\">Men\u00e7\u00e3o Honrosa<\/h4>\n\n\n\n<p>Olibest<\/p>\n\n\n<div class=\"uk-margin-medium\"><iframe width=\"1280\" height=\"720\" src=\"\/\/www.youtube.com\/embed\/5RdDZviqw-8?showinfo=0\" frameborder=\"0\" allowfullscreen data-uk-responsive loading=\"lazy\" referrerpolicy=\"no-referrer-when-downgrade\" title=\"\"><\/iframe><\/div>\n<\/div>\n<\/div>\n<\/div><\/div>\n\n\n\n<div class=\"wp-block-group\"><div class=\"wp-block-group__inner-container is-layout-constrained wp-block-group-is-layout-constrained\">\n<h2 class=\"wp-block-heading\">Inova\u00e7\u00e3o de Produto<\/h2>\n\n\n\n<div class=\"wp-block-columns is-layout-flex wp-container-core-columns-is-layout-9d6595d7 wp-block-columns-is-layout-flex\">\n<div class=\"wp-block-column is-layout-flow wp-block-column-is-layout-flow\">\n<h4 class=\"wp-block-heading\">Vencedor<\/h4>\n\n\n\n<p>Fertiprado<\/p>\n\n\n<div class=\"uk-margin-medium\"><iframe width=\"1280\" height=\"720\" src=\"\/\/www.youtube.com\/embed\/UPn0gmBiSfI?showinfo=0\" frameborder=\"0\" allowfullscreen data-uk-responsive loading=\"lazy\" referrerpolicy=\"no-referrer-when-downgrade\" title=\"\"><\/iframe><\/div>\n<\/div>\n\n\n\n<div class=\"wp-block-column is-layout-flow wp-block-column-is-layout-flow\">\n<h4 class=\"wp-block-heading\">Men\u00e7\u00e3o Honrosa<\/h4>\n\n\n\n<p>Salsicharia da Gardunha<\/p>\n\n\n<div class=\"uk-margin-medium\"><iframe width=\"1280\" height=\"720\" src=\"\/\/www.youtube.com\/embed\/FNY62-U2ZQg?showinfo=0\" frameborder=\"0\" allowfullscreen data-uk-responsive loading=\"lazy\" referrerpolicy=\"no-referrer-when-downgrade\" title=\"\"><\/iframe><\/div>\n<\/div>\n<\/div>\n<\/div><\/div>\n\n\n\n<div class=\"wp-block-group\"><div class=\"wp-block-group__inner-container is-layout-constrained wp-block-group-is-layout-constrained\">\n<h2 class=\"wp-block-heading\">Inova\u00e7\u00e3o de Novos Projetos<\/h2>\n\n\n\n<div class=\"wp-block-columns is-layout-flex wp-container-core-columns-is-layout-9d6595d7 wp-block-columns-is-layout-flex\">\n<div class=\"wp-block-column is-layout-flow wp-block-column-is-layout-flow\">\n<h4 class=\"wp-block-heading\">Vencedor<\/h4>\n\n\n\n<p>C\u00e2nhamor Ecoblocos<\/p>\n\n\n<div class=\"uk-margin-medium\"><iframe width=\"1280\" height=\"720\" src=\"\/\/www.youtube.com\/embed\/3b0gT5-D2mc?showinfo=0\" frameborder=\"0\" allowfullscreen data-uk-responsive loading=\"lazy\" referrerpolicy=\"no-referrer-when-downgrade\" title=\"\"><\/iframe><\/div>\n<\/div>\n\n\n\n<div class=\"wp-block-column is-layout-flow wp-block-column-is-layout-flow\">\n<h4 class=\"wp-block-heading\">Men\u00e7\u00e3o Honrosa<\/h4>\n\n\n\n<p>Seedsight<\/p>\n\n\n<div class=\"uk-margin-medium\"><iframe width=\"1280\" height=\"720\" src=\"\/\/www.youtube.com\/embed\/er7KDhdtWNM?showinfo=0\" frameborder=\"0\" allowfullscreen data-uk-responsive loading=\"lazy\" referrerpolicy=\"no-referrer-when-downgrade\" title=\"\"><\/iframe><\/div>\n<\/div>\n<\/div>\n<\/div><\/div>\n","protected":false},"excerpt":{"rendered":"<p>Personalidade Vencedor Jo\u00e3o Coimbra Institucional Vencedor EDIA Sustentabilidade Vencedor Lusomorango Inova\u00e7\u00e3o de Processo Vencedor Frutas Classe Men\u00e7\u00e3o Honrosa Olibest Inova\u00e7\u00e3o de Produto Vencedor Fertiprado Men\u00e7\u00e3o Honrosa Salsicharia da Gardunha Inova\u00e7\u00e3o de Novos Projetos Vencedor C\u00e2nhamor Ecoblocos Men\u00e7\u00e3o Honrosa Seedsight<\/p>\n","protected":false},"author":29,"featured_media":0,"parent":683,"menu_order":0,"comment_status":"closed","ping_status":"closed","template":"page_for-vencedores.php","meta":{"footnotes":""},"class_list":["post-3019","page","type-page","status-publish","hentry"],"_links":{"self":[{"href":"https:\/\/bs.xl.pt\/premio-nacional-agricultura\/wp-json\/wp\/v2\/pages\/3019","targetHints":{"allow":["GET"]}}],"collection":[{"href":"https:\/\/bs.xl.pt\/premio-nacional-agricultura\/wp-json\/wp\/v2\/pages"}],"about":[{"href":"https:\/\/bs.xl.pt\/premio-nacional-agricultura\/wp-json\/wp\/v2\/types\/page"}],"author":[{"embeddable":true,"href":"https:\/\/bs.xl.pt\/premio-nacional-agricultura\/wp-json\/wp\/v2\/users\/29"}],"replies":[{"embeddable":true,"href":"https:\/\/bs.xl.pt\/premio-nacional-agricultura\/wp-json\/wp\/v2\/comments?post=3019"}],"version-history":[{"count":2,"href":"https:\/\/bs.xl.pt\/premio-nacional-agricultura\/wp-json\/wp\/v2\/pages\/3019\/revisions"}],"predecessor-version":[{"id":3028,"href":"https:\/\/bs.xl.pt\/premio-nacional-agricultura\/wp-json\/wp\/v2\/pages\/3019\/revisions\/3028"}],"up":[{"embeddable":true,"href":"https:\/\/bs.xl.pt\/premio-nacional-agricultura\/wp-json\/wp\/v2\/pages\/683"}],"wp:attachment":[{"href":"https:\/\/bs.xl.pt\/premio-nacional-agricultura\/wp-json\/wp\/v2\/media?parent=3019"}],"curies":[{"name":"wp","href":"https:\/\/api.w.org\/{rel}","templated":true}]}}