

{"id":671,"date":"2021-11-26T17:05:49","date_gmt":"2021-11-26T17:05:49","guid":{"rendered":"http:\/\/bs.xl.pt\/premio-nacional-agricultura\/?page_id=671"},"modified":"2021-11-26T17:05:50","modified_gmt":"2021-11-26T17:05:50","slug":"edicao-2012","status":"publish","type":"page","link":"https:\/\/bs.xl.pt\/premio-nacional-agricultura\/vencedores\/edicao-2012\/","title":{"rendered":"Edi\u00e7\u00e3o 2012"},"content":{"rendered":"\n<div class=\"wp-block-group\"><div class=\"wp-block-group__inner-container is-layout-flow wp-block-group-is-layout-flow\">\n<h2 class=\"wp-block-heading\">Personalidade<\/h2>\n\n\n\n<div class=\"wp-block-columns is-layout-flex wp-container-core-columns-is-layout-9d6595d7 wp-block-columns-is-layout-flex\">\n<div class=\"wp-block-column is-layout-flow wp-block-column-is-layout-flow\">\n<p>Professor Em\u00e9rito Francisco Avillez<\/p>\n\n\n<div class=\"uk-inline\"><img decoding=\"async\" src=\"https:\/\/cdn.xl.pt\/bs\/uploads\/sites\/55\/2021\/11\/Francisco-Avillez-300x141-1-1200x630.jpg\" alt=\"Edi\u00e7\u00e3o 2012 | Pr\u00e9mio Nacional de Agricultura\" loading=\"lazy\" \/><\/div><p class=\"uk-hidden@s uk-text-small uk-text-muted uk-margin-small-top uk-margin-medium-bottom uk-text-left\"><\/p>\n<\/div>\n<\/div>\n<\/div><\/div>\n\n\n\n<div class=\"wp-block-group\"><div class=\"wp-block-group__inner-container is-layout-flow wp-block-group-is-layout-flow\">\n<h2 class=\"wp-block-heading\">Jovem Agricultor<\/h2>\n\n\n\n<div class=\"wp-block-columns is-layout-flex wp-container-core-columns-is-layout-9d6595d7 wp-block-columns-is-layout-flex\">\n<div class=\"wp-block-column is-layout-flow wp-block-column-is-layout-flow\">\n<p>Jos\u00e9 Augusto Martins<\/p>\n\n\n<div class=\"uk-inline\"><img decoding=\"async\" src=\"https:\/\/cdn.xl.pt\/bs\/uploads\/sites\/55\/2021\/11\/jose-martins-1200x630.jpg\" alt=\"Edi\u00e7\u00e3o 2012 | Pr\u00e9mio Nacional de Agricultura\" loading=\"lazy\" \/><\/div><p class=\"uk-hidden@s uk-text-small uk-text-muted uk-margin-small-top uk-margin-medium-bottom uk-text-left\"><\/p>\n<\/div>\n<\/div>\n<\/div><\/div>\n\n\n\n<div class=\"wp-block-group\"><div class=\"wp-block-group__inner-container is-layout-flow wp-block-group-is-layout-flow\">\n<h2 class=\"wp-block-heading\">Projeto Inova\u00e7\u00e3o<\/h2>\n\n\n\n<div class=\"wp-block-columns is-layout-flex wp-container-core-columns-is-layout-9d6595d7 wp-block-columns-is-layout-flex\">\n<div class=\"wp-block-column is-layout-flow wp-block-column-is-layout-flow\">\n<p>Projecto Skin Pack &#8211; A\u00e7orcarnes, Lda<\/p>\n\n\n<div class=\"uk-inline\"><img decoding=\"async\" src=\"https:\/\/cdn.xl.pt\/bs\/uploads\/sites\/55\/2021\/11\/LogotipoQuintaAores-1200x630.png\" alt=\"Edi\u00e7\u00e3o 2012 | Pr\u00e9mio Nacional de Agricultura\" loading=\"lazy\" \/><\/div><p class=\"uk-hidden@s uk-text-small uk-text-muted uk-margin-small-top uk-margin-medium-bottom uk-text-left\"><\/p>\n<\/div>\n<\/div>\n<\/div><\/div>\n\n\n\n<div class=\"wp-block-group\"><div class=\"wp-block-group__inner-container is-layout-flow wp-block-group-is-layout-flow\">\n<h2 class=\"wp-block-heading\">Associa\u00e7\u00f5es\/Cooperativas<\/h2>\n\n\n\n<div class=\"wp-block-columns is-layout-flex wp-container-core-columns-is-layout-9d6595d7 wp-block-columns-is-layout-flex\">\n<div class=\"wp-block-column is-layout-flow wp-block-column-is-layout-flow\">\n<div class=\"wp-block-group\"><div class=\"wp-block-group__inner-container is-layout-flow wp-block-group-is-layout-flow\">\n<h4 class=\"wp-block-heading\">Vencedor<\/h4>\n\n\n\n<p>Torriba \u2013 Organiza\u00e7\u00e3o de Produtores Hortofruticolas, S.A. <\/p>\n\n\n<div class=\"uk-inline\"><img decoding=\"async\" src=\"https:\/\/cdn.xl.pt\/bs\/uploads\/sites\/55\/2021\/11\/AFL.png\" alt=\"Edi\u00e7\u00e3o 2012 | Pr\u00e9mio Nacional de Agricultura\" loading=\"lazy\" \/><\/div><p class=\"uk-hidden@s uk-text-small uk-text-muted uk-margin-small-top uk-margin-medium-bottom uk-text-left\"><\/p>\n<\/div><\/div>\n<\/div>\n\n\n\n<div class=\"wp-block-column is-layout-flow wp-block-column-is-layout-flow\">\n<div class=\"wp-block-group\"><div class=\"wp-block-group__inner-container is-layout-flow wp-block-group-is-layout-flow\">\n<h4 class=\"wp-block-heading\">Men\u00e7\u00e3o Honrosa<\/h4>\n\n\n\n<p> Associa\u00e7\u00e3o Florestal do Lima<\/p>\n\n\n<div class=\"uk-inline\"><img decoding=\"async\" src=\"https:\/\/cdn.xl.pt\/bs\/uploads\/sites\/55\/2021\/11\/page_1-1200x630.png\" alt=\"Edi\u00e7\u00e3o 2012 | Pr\u00e9mio Nacional de Agricultura\" loading=\"lazy\" \/><\/div><p class=\"uk-hidden@s uk-text-small uk-text-muted uk-margin-small-top uk-margin-medium-bottom uk-text-left\"><\/p>\n<\/div><\/div>\n<\/div>\n<\/div>\n<\/div><\/div>\n\n\n\n<div class=\"wp-block-group\"><div class=\"wp-block-group__inner-container is-layout-flow wp-block-group-is-layout-flow\">\n<h2 class=\"wp-block-heading\">Grandes Empresas Agr\u00edcolas<\/h2>\n\n\n\n<div class=\"wp-block-columns is-layout-flex wp-container-core-columns-is-layout-9d6595d7 wp-block-columns-is-layout-flex\">\n<div class=\"wp-block-column is-layout-flow wp-block-column-is-layout-flow\">\n<p>Grupo Lusiaves<\/p>\n\n\n<div class=\"uk-inline\"><img decoding=\"async\" src=\"https:\/\/cdn.xl.pt\/bs\/uploads\/sites\/55\/2021\/11\/logotipo_lusiaves-1200x630.png\" alt=\"Edi\u00e7\u00e3o 2012 | Pr\u00e9mio Nacional de Agricultura\" loading=\"lazy\" \/><\/div><p class=\"uk-hidden@s uk-text-small uk-text-muted uk-margin-small-top uk-margin-medium-bottom uk-text-left\"><\/p>\n<\/div>\n<\/div>\n<\/div><\/div>\n\n\n\n<div class=\"wp-block-group\"><div class=\"wp-block-group__inner-container is-layout-flow wp-block-group-is-layout-flow\">\n<h2 class=\"wp-block-heading\">PME Agr\u00edcolas<\/h2>\n\n\n\n<div class=\"wp-block-columns is-layout-flex wp-container-core-columns-is-layout-9d6595d7 wp-block-columns-is-layout-flex\">\n<div class=\"wp-block-column is-layout-flow wp-block-column-is-layout-flow\">\n<h4 class=\"wp-block-heading\">Vencedor<\/h4>\n\n\n\n<p>Herdade Vale da Rosa &#8211; Sociedade Agr\u00edcola<\/p>\n\n\n<div class=\"uk-inline\"><img decoding=\"async\" src=\"https:\/\/cdn.xl.pt\/bs\/uploads\/sites\/55\/2021\/11\/LOGO_valedarosa-1200x630.png\" alt=\"Edi\u00e7\u00e3o 2012 | Pr\u00e9mio Nacional de Agricultura\" loading=\"lazy\" \/><\/div><p class=\"uk-hidden@s uk-text-small uk-text-muted uk-margin-small-top uk-margin-medium-bottom uk-text-left\"><\/p>\n<\/div>\n\n\n\n<div class=\"wp-block-column is-layout-flow wp-block-column-is-layout-flow\">\n<h4 class=\"wp-block-heading\">Men\u00e7\u00e3o Honrosa<\/h4>\n\n\n\n<p>Z\u00eazerovo \u2013 Produ\u00e7\u00e3o Agr\u00edcola e Av\u00edcola do Z\u00eazere<\/p>\n\n\n<div class=\"uk-inline\"><img decoding=\"async\" src=\"https:\/\/cdn.xl.pt\/bs\/uploads\/sites\/55\/2021\/11\/Logotipozezerovo-1200x630.png\" alt=\"Edi\u00e7\u00e3o 2012 | Pr\u00e9mio Nacional de Agricultura\" loading=\"lazy\" \/><\/div><p class=\"uk-hidden@s uk-text-small uk-text-muted uk-margin-small-top uk-margin-medium-bottom uk-text-left\"><\/p>\n<\/div>\n\n\n\n<div class=\"wp-block-column is-layout-flow wp-block-column-is-layout-flow\">\n<h4 class=\"wp-block-heading\">Men\u00e7\u00e3o Honrosa<\/h4>\n\n\n\n<p>Braz &amp; Irm\u00e3o, Lda<\/p>\n\n\n<div class=\"uk-inline\"><img decoding=\"async\" src=\"https:\/\/cdn.xl.pt\/bs\/uploads\/sites\/55\/2021\/11\/QueijoBraz1-1197x630.png\" alt=\"Edi\u00e7\u00e3o 2012 | Pr\u00e9mio Nacional de Agricultura\" loading=\"lazy\" \/><\/div><p class=\"uk-hidden@s uk-text-small uk-text-muted uk-margin-small-top uk-margin-medium-bottom uk-text-left\"><\/p>\n<\/div>\n<\/div>\n<\/div><\/div>\n\n\n\n<div class=\"wp-block-group\"><div class=\"wp-block-group__inner-container is-layout-flow wp-block-group-is-layout-flow\">\n<h2 class=\"wp-block-heading\">Startups<\/h2>\n\n\n\n<div class=\"wp-block-columns is-layout-flex wp-container-core-columns-is-layout-9d6595d7 wp-block-columns-is-layout-flex\">\n<div class=\"wp-block-column is-layout-flow wp-block-column-is-layout-flow\">\n<h4 class=\"wp-block-heading\">Men\u00e7\u00e3o Honrosa<\/h4>\n\n\n\n<p>MyFarm.com, Lda<\/p>\n\n\n<div class=\"uk-inline\"><img decoding=\"async\" src=\"https:\/\/cdn.xl.pt\/bs\/uploads\/sites\/55\/2021\/11\/1519912643793-1200x630.png\" alt=\"Edi\u00e7\u00e3o 2012 | Pr\u00e9mio Nacional de Agricultura\" loading=\"lazy\" \/><\/div><p class=\"uk-hidden@s uk-text-small uk-text-muted uk-margin-small-top uk-margin-medium-bottom uk-text-left\"><\/p>\n<\/div>\n<\/div>\n<\/div><\/div>\n","protected":false},"excerpt":{"rendered":"<p>Personalidade Professor Em\u00e9rito Francisco Avillez Jovem Agricultor Jos\u00e9 Augusto Martins Projeto Inova\u00e7\u00e3o Projecto Skin Pack &#8211; A\u00e7orcarnes, Lda Associa\u00e7\u00f5es\/Cooperativas Vencedor Torriba \u2013 Organiza\u00e7\u00e3o de Produtores Hortofruticolas, S.A. Men\u00e7\u00e3o Honrosa Associa\u00e7\u00e3o Florestal do Lima Grandes Empresas Agr\u00edcolas Grupo Lusiaves PME Agr\u00edcolas Vencedor Herdade Vale da Rosa &#8211; Sociedade Agr\u00edcola Men\u00e7\u00e3o Honrosa Z\u00eazerovo \u2013 Produ\u00e7\u00e3o Agr\u00edcola e [&hellip;]<\/p>\n","protected":false},"author":5,"featured_media":0,"parent":683,"menu_order":0,"comment_status":"closed","ping_status":"closed","template":"page_for-vencedores.php","meta":{"footnotes":""},"class_list":["post-671","page","type-page","status-publish","hentry"],"_links":{"self":[{"href":"https:\/\/bs.xl.pt\/premio-nacional-agricultura\/wp-json\/wp\/v2\/pages\/671","targetHints":{"allow":["GET"]}}],"collection":[{"href":"https:\/\/bs.xl.pt\/premio-nacional-agricultura\/wp-json\/wp\/v2\/pages"}],"about":[{"href":"https:\/\/bs.xl.pt\/premio-nacional-agricultura\/wp-json\/wp\/v2\/types\/page"}],"author":[{"embeddable":true,"href":"https:\/\/bs.xl.pt\/premio-nacional-agricultura\/wp-json\/wp\/v2\/users\/5"}],"replies":[{"embeddable":true,"href":"https:\/\/bs.xl.pt\/premio-nacional-agricultura\/wp-json\/wp\/v2\/comments?post=671"}],"version-history":[{"count":25,"href":"https:\/\/bs.xl.pt\/premio-nacional-agricultura\/wp-json\/wp\/v2\/pages\/671\/revisions"}],"predecessor-version":[{"id":791,"href":"https:\/\/bs.xl.pt\/premio-nacional-agricultura\/wp-json\/wp\/v2\/pages\/671\/revisions\/791"}],"up":[{"embeddable":true,"href":"https:\/\/bs.xl.pt\/premio-nacional-agricultura\/wp-json\/wp\/v2\/pages\/683"}],"wp:attachment":[{"href":"https:\/\/bs.xl.pt\/premio-nacional-agricultura\/wp-json\/wp\/v2\/media?parent=671"}],"curies":[{"name":"wp","href":"https:\/\/api.w.org\/{rel}","templated":true}]}}