

{"id":923,"date":"2022-03-25T15:18:26","date_gmt":"2022-03-25T15:18:26","guid":{"rendered":"http:\/\/bs.xl.pt\/premio-nacional-agricultura\/?page_id=923"},"modified":"2022-03-28T12:18:47","modified_gmt":"2022-03-28T11:18:47","slug":"edicao-2015","status":"publish","type":"page","link":"https:\/\/bs.xl.pt\/premio-nacional-agricultura\/vencedores\/edicao-2015\/","title":{"rendered":"Edi\u00e7\u00e3o 2015"},"content":{"rendered":"\n<div class=\"wp-block-group\"><div class=\"wp-block-group__inner-container is-layout-flow wp-block-group-is-layout-flow\">\n<h2 class=\"wp-block-heading\">Personalidade<\/h2>\n\n\n\n<div class=\"wp-block-columns is-layout-flex wp-container-core-columns-is-layout-9d6595d7 wp-block-columns-is-layout-flex\">\n<div class=\"wp-block-column is-layout-flow wp-block-column-is-layout-flow\">\n<h4 class=\"wp-block-heading\">Vencedor<\/h4>\n\n\n\n<p>Ant\u00f3nio Sevinate Pinto<\/p>\n\n\n<div class=\"uk-inline\"><img decoding=\"async\" src=\"https:\/\/cdn.xl.pt\/bs\/uploads\/sites\/55\/2021\/11\/sevinato-1200x630.jpg\" alt=\"Edi\u00e7\u00e3o 2015 | Pr\u00e9mio Nacional de Agricultura\" loading=\"lazy\" \/><\/div><p class=\"uk-hidden@s uk-text-small uk-text-muted uk-margin-small-top uk-margin-medium-bottom uk-text-left\"><\/p>\n<\/div>\n<\/div>\n<\/div><\/div>\n\n\n\n<div class=\"wp-block-group\"><div class=\"wp-block-group__inner-container is-layout-flow wp-block-group-is-layout-flow\">\n<h2 class=\"wp-block-heading\">Jovem Agricultor<\/h2>\n\n\n\n<div class=\"wp-block-columns is-layout-flex wp-container-core-columns-is-layout-9d6595d7 wp-block-columns-is-layout-flex\">\n<div class=\"wp-block-column is-layout-flow wp-block-column-is-layout-flow\">\n<h4 class=\"wp-block-heading\">Vencedor<\/h4>\n\n\n\n<p>Formigaleite<\/p>\n\n\n<div class=\"uk-inline\"><img decoding=\"async\" src=\"https:\/\/cdn.xl.pt\/bs\/uploads\/sites\/55\/2021\/11\/Formigaleite-1200x630.jpg\" alt=\"Edi\u00e7\u00e3o 2015 | Pr\u00e9mio Nacional de Agricultura\" loading=\"lazy\" \/><\/div><p class=\"uk-hidden@s uk-text-small uk-text-muted uk-margin-small-top uk-margin-medium-bottom uk-text-left\"><\/p>\n<\/div>\n\n\n\n<div class=\"wp-block-column is-layout-flow wp-block-column-is-layout-flow\">\n<h4 class=\"wp-block-heading\">Men\u00e7\u00e3o Honrosa<\/h4>\n\n\n\n<p>SR Berry Unipessoal<\/p>\n\n\n<div class=\"uk-inline\"><img decoding=\"async\" src=\"https:\/\/cdn.xl.pt\/bs\/uploads\/sites\/55\/2021\/11\/SR-Berry-Unipessoal-1200x630.jpg\" alt=\"Edi\u00e7\u00e3o 2015 | Pr\u00e9mio Nacional de Agricultura\" loading=\"lazy\" \/><\/div><p class=\"uk-hidden@s uk-text-small uk-text-muted uk-margin-small-top uk-margin-medium-bottom uk-text-left\"><\/p>\n<\/div>\n<\/div>\n<\/div><\/div>\n\n\n\n<div class=\"wp-block-group\"><div class=\"wp-block-group__inner-container is-layout-flow wp-block-group-is-layout-flow\">\n<h2 class=\"wp-block-heading\">Projeto Inova\u00e7\u00e3o<\/h2>\n\n\n\n<div class=\"wp-block-columns is-layout-flex wp-container-core-columns-is-layout-9d6595d7 wp-block-columns-is-layout-flex\">\n<div class=\"wp-block-column is-layout-flow wp-block-column-is-layout-flow\">\n<h4 class=\"wp-block-heading\">Vencedor<\/h4>\n\n\n\n<p>Micoflora &#8211; Micologia Florestal Aplicada, S.A.<\/p>\n\n\n<div class=\"uk-inline\"><img decoding=\"async\" src=\"https:\/\/cdn.xl.pt\/bs\/uploads\/sites\/55\/2021\/11\/Micoflora-Micologia-Florestal-Aplicada-S.A.-1200x630.jpg\" alt=\"Edi\u00e7\u00e3o 2015 | Pr\u00e9mio Nacional de Agricultura\" loading=\"lazy\" \/><\/div><p class=\"uk-hidden@s uk-text-small uk-text-muted uk-margin-small-top uk-margin-medium-bottom uk-text-left\"><\/p>\n<\/div>\n\n\n\n<div class=\"wp-block-column is-layout-flow wp-block-column-is-layout-flow\">\n<h4 class=\"wp-block-heading\">Men\u00e7\u00e3o Honrosa<\/h4>\n\n\n\n<p>SIMAL (actual INSULAR)<\/p>\n\n\n<div class=\"uk-inline\"><img decoding=\"async\" src=\"https:\/\/cdn.xl.pt\/bs\/uploads\/sites\/55\/2021\/11\/INSULAR-1200x630.png\" alt=\"Edi\u00e7\u00e3o 2015 | Pr\u00e9mio Nacional de Agricultura\" loading=\"lazy\" \/><\/div><p class=\"uk-hidden@s uk-text-small uk-text-muted uk-margin-small-top uk-margin-medium-bottom uk-text-left\"><\/p>\n<\/div>\n<\/div>\n<\/div><\/div>\n\n\n\n<div class=\"wp-block-group\"><div class=\"wp-block-group__inner-container is-layout-flow wp-block-group-is-layout-flow\">\n<h2 class=\"wp-block-heading\">Associa\u00e7\u00f5es\/Cooperativas<\/h2>\n\n\n\n<div class=\"wp-block-columns is-layout-flex wp-container-core-columns-is-layout-9d6595d7 wp-block-columns-is-layout-flex\">\n<div class=\"wp-block-column is-layout-flow wp-block-column-is-layout-flow\">\n<h4 class=\"wp-block-heading\">Vencedor<\/h4>\n\n\n\n<p>Cooperativa Uni\u00e3o Agr\u00edcola<\/p>\n\n\n<div class=\"uk-inline\"><img decoding=\"async\" src=\"https:\/\/cdn.xl.pt\/bs\/uploads\/sites\/55\/2021\/11\/Cooperativa-Uniao-Agricola-1200x630.jpg\" alt=\"Edi\u00e7\u00e3o 2015 | Pr\u00e9mio Nacional de Agricultura\" loading=\"lazy\" \/><\/div><p class=\"uk-hidden@s uk-text-small uk-text-muted uk-margin-small-top uk-margin-medium-bottom uk-text-left\"><\/p>\n<\/div>\n\n\n\n<div class=\"wp-block-column is-layout-flow wp-block-column-is-layout-flow\">\n<h4 class=\"wp-block-heading\">Men\u00e7\u00e3o Honrosa<\/h4>\n\n\n\n<p>ACPA &#8211; Associa\u00e7\u00e3o de Criadores de Porco Alentejano<\/p>\n\n\n<div class=\"uk-inline\"><img decoding=\"async\" src=\"https:\/\/cdn.xl.pt\/bs\/uploads\/sites\/55\/2021\/11\/ACPA-Associacao-de-Criadores-de-Porco-Alentejano-1200x630.jpg\" alt=\"Edi\u00e7\u00e3o 2015 | Pr\u00e9mio Nacional de Agricultura\" loading=\"lazy\" \/><\/div><p class=\"uk-hidden@s uk-text-small uk-text-muted uk-margin-small-top uk-margin-medium-bottom uk-text-left\"><\/p>\n<\/div>\n\n\n\n<div class=\"wp-block-column is-layout-flow wp-block-column-is-layout-flow\">\n<h4 class=\"wp-block-heading\">Men\u00e7\u00e3o Honrosa<\/h4>\n\n\n\n<p>Associa\u00e7\u00e3o de Armadores de Pesca Centro e Sul<\/p>\n\n\n<div class=\"uk-inline\"><img decoding=\"async\" src=\"https:\/\/cdn.xl.pt\/bs\/uploads\/sites\/55\/2021\/11\/Associacao-de-Armadores-de-Pesca-Centro-e-Sul-1200x630.jpg\" alt=\"Edi\u00e7\u00e3o 2015 | Pr\u00e9mio Nacional de Agricultura\" loading=\"lazy\" \/><\/div><p class=\"uk-hidden@s uk-text-small uk-text-muted uk-margin-small-top uk-margin-medium-bottom uk-text-left\"><\/p>\n<\/div>\n<\/div>\n<\/div><\/div>\n\n\n\n<div class=\"wp-block-group\"><div class=\"wp-block-group__inner-container is-layout-flow wp-block-group-is-layout-flow\">\n<h2 class=\"wp-block-heading\">Grandes Empresas Agr\u00edcolas<\/h2>\n\n\n\n<div class=\"wp-block-columns is-layout-flex wp-container-core-columns-is-layout-9d6595d7 wp-block-columns-is-layout-flex\">\n<div class=\"wp-block-column is-layout-flow wp-block-column-is-layout-flow\">\n<h4 class=\"wp-block-heading\">Vencedor<\/h4>\n\n\n\n<p>The Navigator Company<\/p>\n\n\n<div class=\"uk-inline\"><img decoding=\"async\" src=\"https:\/\/cdn.xl.pt\/bs\/uploads\/sites\/55\/2021\/11\/The_Navigator_Company_logo-1200x630.png\" alt=\"Edi\u00e7\u00e3o 2015 | Pr\u00e9mio Nacional de Agricultura\" loading=\"lazy\" \/><\/div><p class=\"uk-hidden@s uk-text-small uk-text-muted uk-margin-small-top uk-margin-medium-bottom uk-text-left\"><\/p>\n<\/div>\n<\/div>\n<\/div><\/div>\n\n\n\n<div class=\"wp-block-group\"><div class=\"wp-block-group__inner-container is-layout-flow wp-block-group-is-layout-flow\">\n<h2 class=\"wp-block-heading\">Empresas<\/h2>\n\n\n\n<div class=\"wp-block-columns is-layout-flex wp-container-core-columns-is-layout-9d6595d7 wp-block-columns-is-layout-flex\">\n<div class=\"wp-block-column is-layout-flow wp-block-column-is-layout-flow\">\n<h4 class=\"wp-block-heading\">Vencedor<\/h4>\n\n\n\n<p>Quinta do Vallado<\/p>\n\n\n<div class=\"uk-inline\"><img decoding=\"async\" src=\"https:\/\/cdn.xl.pt\/bs\/uploads\/sites\/55\/2021\/11\/Quinta-do-Vallado-1200x630.jpg\" alt=\"Edi\u00e7\u00e3o 2015 | Pr\u00e9mio Nacional de Agricultura\" loading=\"lazy\" \/><\/div><p class=\"uk-hidden@s uk-text-small uk-text-muted uk-margin-small-top uk-margin-medium-bottom uk-text-left\"><\/p>\n<\/div>\n\n\n\n<div class=\"wp-block-column is-layout-flow wp-block-column-is-layout-flow\">\n<h4 class=\"wp-block-heading\">Men\u00e7\u00e3o Honrosa<\/h4>\n\n\n\n<p>Cantinho das Arom\u00e1ticas<\/p>\n\n\n<div class=\"uk-inline\"><img decoding=\"async\" src=\"https:\/\/cdn.xl.pt\/bs\/uploads\/sites\/55\/2021\/11\/Cantinho-das-Aromaticas-1200x630.jpg\" alt=\"Edi\u00e7\u00e3o 2015 | Pr\u00e9mio Nacional de Agricultura\" loading=\"lazy\" \/><\/div><p class=\"uk-hidden@s uk-text-small uk-text-muted uk-margin-small-top uk-margin-medium-bottom uk-text-left\"><\/p>\n<\/div>\n\n\n\n<div class=\"wp-block-column is-layout-flow wp-block-column-is-layout-flow\">\n<h4 class=\"wp-block-heading\">Men\u00e7\u00e3o Honrosa<\/h4>\n\n\n\n<p>Testa &amp; Cunhas<\/p>\n\n\n<div class=\"uk-inline\"><img decoding=\"async\" src=\"https:\/\/cdn.xl.pt\/bs\/uploads\/sites\/55\/2021\/11\/Testa-Cunhas-1200x630.jpg\" alt=\"Edi\u00e7\u00e3o 2015 | Pr\u00e9mio Nacional de Agricultura\" loading=\"lazy\" \/><\/div><p class=\"uk-hidden@s uk-text-small uk-text-muted uk-margin-small-top uk-margin-medium-bottom uk-text-left\"><\/p>\n<\/div>\n\n\n\n<div class=\"wp-block-column is-layout-flow wp-block-column-is-layout-flow\">\n<h4 class=\"wp-block-heading\">Men\u00e7\u00e3o Honrosa<\/h4>\n\n\n\n<p>Pedrosa &amp; Irm\u00e3os, Lda.<\/p>\n\n\n<div class=\"uk-inline\"><img decoding=\"async\" src=\"https:\/\/cdn.xl.pt\/bs\/uploads\/sites\/55\/2021\/11\/Pedrosa-Irmaos-Lda.-1200x630.jpg\" alt=\"Edi\u00e7\u00e3o 2015 | Pr\u00e9mio Nacional de Agricultura\" loading=\"lazy\" \/><\/div><p class=\"uk-hidden@s uk-text-small uk-text-muted uk-margin-small-top uk-margin-medium-bottom uk-text-left\"><\/p>\n<\/div>\n\n\n\n<div class=\"wp-block-column is-layout-flow wp-block-column-is-layout-flow\">\n<h4 class=\"wp-block-heading\">Men\u00e7\u00e3o Honrosa<\/h4>\n\n\n\n<p>Demeco &#8211; Agro-Pecu\u00e1ria, Lda.<\/p>\n\n\n<div class=\"uk-inline\"><img decoding=\"async\" src=\"https:\/\/cdn.xl.pt\/bs\/uploads\/sites\/55\/2021\/11\/Demeco-Agro-Pecuaria-Lda.-1200x630.jpg\" alt=\"Edi\u00e7\u00e3o 2015 | Pr\u00e9mio Nacional de Agricultura\" loading=\"lazy\" \/><\/div><p class=\"uk-hidden@s uk-text-small uk-text-muted uk-margin-small-top uk-margin-medium-bottom uk-text-left\"><\/p>\n<\/div>\n<\/div>\n<\/div><\/div>\n\n\n\n<div class=\"wp-block-group\"><div class=\"wp-block-group__inner-container is-layout-flow wp-block-group-is-layout-flow\">\n<h2 class=\"wp-block-heading\">Novos Projetos<\/h2>\n\n\n\n<div class=\"wp-block-columns is-layout-flex wp-container-core-columns-is-layout-9d6595d7 wp-block-columns-is-layout-flex\">\n<div class=\"wp-block-column is-layout-flow wp-block-column-is-layout-flow\">\n<h4 class=\"wp-block-heading\">Vencedor<\/h4>\n\n\n\n<p>F\u00f3rmula d&#8217;Av\u00f3<\/p>\n\n\n<div class=\"uk-inline\"><img decoding=\"async\" src=\"https:\/\/cdn.xl.pt\/bs\/uploads\/sites\/55\/2021\/11\/Formula-dAvo-1200x630.jpg\" alt=\"Edi\u00e7\u00e3o 2015 | Pr\u00e9mio Nacional de Agricultura\" loading=\"lazy\" \/><\/div><p class=\"uk-hidden@s uk-text-small uk-text-muted uk-margin-small-top uk-margin-medium-bottom uk-text-left\"><\/p>\n<\/div>\n\n\n\n<div class=\"wp-block-column is-layout-flow wp-block-column-is-layout-flow\">\n<h4 class=\"wp-block-heading\">Men\u00e7\u00e3o Honrosa<\/h4>\n\n\n\n<p>Conservas da N\u00e9na<\/p>\n\n\n<div class=\"uk-inline\"><img decoding=\"async\" src=\"https:\/\/cdn.xl.pt\/bs\/uploads\/sites\/55\/2021\/11\/Conservas-da-Nena-1200x630.jpg\" alt=\"Edi\u00e7\u00e3o 2015 | Pr\u00e9mio Nacional de Agricultura\" loading=\"lazy\" \/><\/div><p class=\"uk-hidden@s uk-text-small uk-text-muted uk-margin-small-top uk-margin-medium-bottom uk-text-left\"><\/p>\n<\/div>\n<\/div>\n<\/div><\/div>\n\n\n\n<div class=\"wp-block-group\"><div class=\"wp-block-group__inner-container is-layout-flow wp-block-group-is-layout-flow\">\n<h2 class=\"wp-block-heading\">Produto de Excel\u00eancia<\/h2>\n\n\n\n<div class=\"wp-block-columns is-layout-flex wp-container-core-columns-is-layout-9d6595d7 wp-block-columns-is-layout-flex\">\n<div class=\"wp-block-column is-layout-flow wp-block-column-is-layout-flow\">\n<h4 class=\"wp-block-heading\">Vencedor<\/h4>\n\n\n\n<p>Vinho<\/p>\n\n\n<\/div>\n<\/div>\n<\/div><\/div>\n","protected":false},"excerpt":{"rendered":"<p>Personalidade Vencedor Ant\u00f3nio Sevinate Pinto Jovem Agricultor Vencedor Formigaleite Men\u00e7\u00e3o Honrosa SR Berry Unipessoal Projeto Inova\u00e7\u00e3o Vencedor Micoflora &#8211; Micologia Florestal Aplicada, S.A. Men\u00e7\u00e3o Honrosa SIMAL (actual INSULAR) Associa\u00e7\u00f5es\/Cooperativas Vencedor Cooperativa Uni\u00e3o Agr\u00edcola Men\u00e7\u00e3o Honrosa ACPA &#8211; Associa\u00e7\u00e3o de Criadores de Porco Alentejano Men\u00e7\u00e3o Honrosa Associa\u00e7\u00e3o de Armadores de Pesca Centro e Sul Grandes Empresas [&hellip;]<\/p>\n","protected":false},"author":5,"featured_media":0,"parent":683,"menu_order":0,"comment_status":"closed","ping_status":"closed","template":"page_for-vencedores.php","meta":{"footnotes":""},"class_list":["post-923","page","type-page","status-publish","hentry"],"_links":{"self":[{"href":"https:\/\/bs.xl.pt\/premio-nacional-agricultura\/wp-json\/wp\/v2\/pages\/923","targetHints":{"allow":["GET"]}}],"collection":[{"href":"https:\/\/bs.xl.pt\/premio-nacional-agricultura\/wp-json\/wp\/v2\/pages"}],"about":[{"href":"https:\/\/bs.xl.pt\/premio-nacional-agricultura\/wp-json\/wp\/v2\/types\/page"}],"author":[{"embeddable":true,"href":"https:\/\/bs.xl.pt\/premio-nacional-agricultura\/wp-json\/wp\/v2\/users\/5"}],"replies":[{"embeddable":true,"href":"https:\/\/bs.xl.pt\/premio-nacional-agricultura\/wp-json\/wp\/v2\/comments?post=923"}],"version-history":[{"count":22,"href":"https:\/\/bs.xl.pt\/premio-nacional-agricultura\/wp-json\/wp\/v2\/pages\/923\/revisions"}],"predecessor-version":[{"id":1361,"href":"https:\/\/bs.xl.pt\/premio-nacional-agricultura\/wp-json\/wp\/v2\/pages\/923\/revisions\/1361"}],"up":[{"embeddable":true,"href":"https:\/\/bs.xl.pt\/premio-nacional-agricultura\/wp-json\/wp\/v2\/pages\/683"}],"wp:attachment":[{"href":"https:\/\/bs.xl.pt\/premio-nacional-agricultura\/wp-json\/wp\/v2\/media?parent=923"}],"curies":[{"name":"wp","href":"https:\/\/api.w.org\/{rel}","templated":true}]}}