{"id":6906,"date":"2025-07-11T18:14:43","date_gmt":"2025-07-11T17:14:43","guid":{"rendered":"https:\/\/bs.xl.pt\/premio-nacional-inovacao\/?page_id=6906"},"modified":"2025-07-14T15:55:22","modified_gmt":"2025-07-14T14:55:22","slug":"entrevistas-vencedores","status":"publish","type":"page","link":"https:\/\/bs.xl.pt\/premio-nacional-inovacao\/entrevistas-vencedores\/","title":{"rendered":"Entrevistas dos Vencedores"},"content":{"rendered":"\r\n<section id=\"page-section-\" class=\"section-white\" style='padding-bottom:80px;'>\r\n    <div class=\" uk-container  uk-container-xlarge\">\r\n        <div data-uk-grid class=\"uk-margin-top uk-grid-match uk-child-width-1-1 uk-child-width-1-3@l uk-flex uk-flex-center\">\r\n                            <div style=\"height: max-content;\">\r\n                                            <div class=\"uk-margin-small-bottom\">\r\n                            <iframe width=\"1920\" height=\"1080\" src=\"https:\/\/www.youtube.com\/embed\/uKxceNFAcls\" title=\"Array\" frameborder=\"0\" allow=\"accelerometer; autoplay; encrypted-media; gyroscope; picture-in-picture\" allowfullscreen data-uk-responsive data-uk-video=\"autoplay: false\" loading=\"lazy\" referrerpolicy=\"no-referrer-when-downgrade\"><\/iframe>\r\n                        <\/div>\r\n                                        <h3 style='min-height:20px; margin:0 0 10px 0;'>Ciberseguran\u00e7a<\/h3>                    <h4 style='min-height:20px; margin:0 0 10px 0;'>Catarina Cabral Bastos<\/h4>                    <p style='min-height:20px; margin:0 0 10px 0;'>Diretora da Divis\u00e3o de Comunica\u00e7\u00f5es Seguras e Tecnologias Qu\u00e2nticas na Deimos Engenharia<\/p>                <\/div>\r\n                            <div style=\"height: max-content;\">\r\n                                            <div class=\"uk-margin-small-bottom\">\r\n                            <iframe width=\"1920\" height=\"1080\" src=\"https:\/\/www.youtube.com\/embed\/F-QERHWE9fE\" title=\"Array\" frameborder=\"0\" allow=\"accelerometer; autoplay; encrypted-media; gyroscope; picture-in-picture\" allowfullscreen data-uk-responsive data-uk-video=\"autoplay: false\" loading=\"lazy\" referrerpolicy=\"no-referrer-when-downgrade\"><\/iframe>\r\n                        <\/div>\r\n                                        <h3 style='min-height:20px; margin:0 0 10px 0;'>Rob\u00f3tica e Aeroespacial<\/h3>                    <h4 style='min-height:20px; margin:0 0 10px 0;'>David Borlido<\/h4>                    <p style='min-height:20px; margin:0 0 10px 0;'>Senior engineering manager na West Horse Powertrain<\/p>                <\/div>\r\n                            <div style=\"height: max-content;\">\r\n                                            <div class=\"uk-margin-small-bottom\">\r\n                            <iframe width=\"1920\" height=\"1080\" src=\"https:\/\/www.youtube.com\/embed\/h1dmhm05GS0\" title=\"Array\" frameborder=\"0\" allow=\"accelerometer; autoplay; encrypted-media; gyroscope; picture-in-picture\" allowfullscreen data-uk-responsive data-uk-video=\"autoplay: false\" loading=\"lazy\" referrerpolicy=\"no-referrer-when-downgrade\"><\/iframe>\r\n                        <\/div>\r\n                                        <h3 style='min-height:20px; margin:0 0 10px 0;'>Retalho e E-commerce<\/h3>                    <h4 style='min-height:20px; margin:0 0 10px 0;'>Diogo Freitas Oliveira<\/h4>                    <p style='min-height:20px; margin:0 0 10px 0;'>Diretor de Transforma\u00e7\u00e3o nos CTT<\/p>                <\/div>\r\n                    <\/div>\r\n    <\/div>\r\n<\/section>\n\n\r\n<section id=\"page-section-\" class=\"section-white\" style='padding-bottom:80px;'>\r\n    <div class=\" uk-container  uk-container-xlarge\">\r\n        <div data-uk-grid class=\"uk-margin-top uk-grid-match uk-child-width-1-1 uk-child-width-1-3@l uk-flex uk-flex-center\">\r\n                            <div style=\"height: max-content;\">\r\n                                            <div class=\"uk-margin-small-bottom\">\r\n                            <iframe width=\"1920\" height=\"1080\" src=\"https:\/\/www.youtube.com\/embed\/-l_wkPW8ifU\" title=\"Array\" frameborder=\"0\" allow=\"accelerometer; autoplay; encrypted-media; gyroscope; picture-in-picture\" allowfullscreen data-uk-responsive data-uk-video=\"autoplay: false\" loading=\"lazy\" referrerpolicy=\"no-referrer-when-downgrade\"><\/iframe>\r\n                        <\/div>\r\n                                        <h3 style='min-height:20px; margin:0 0 10px 0;'>Sa\u00fade e Bem-Estar<\/h3>                    <h4 style='min-height:20px; margin:0 0 10px 0;'>Jaime Campos<\/h4>                    <p style='min-height:20px; margin:0 0 10px 0;'>Fundador e CTO da Peekmed<\/p>                <\/div>\r\n                            <div style=\"height: max-content;\">\r\n                                            <div class=\"uk-margin-small-bottom\">\r\n                            <iframe width=\"1920\" height=\"1080\" src=\"https:\/\/www.youtube.com\/embed\/R7VFcyuUR6s\" title=\"Array\" frameborder=\"0\" allow=\"accelerometer; autoplay; encrypted-media; gyroscope; picture-in-picture\" allowfullscreen data-uk-responsive data-uk-video=\"autoplay: false\" loading=\"lazy\" referrerpolicy=\"no-referrer-when-downgrade\"><\/iframe>\r\n                        <\/div>\r\n                                        <h3 style='min-height:20px; margin:0 0 10px 0;'>PME<\/h3>                    <h4 style='min-height:20px; margin:0 0 10px 0;'>Jaime Campos<\/h4>                    <p style='min-height:20px; margin:0 0 10px 0;'>Fundador e CTO da Peekmed<\/p>                <\/div>\r\n                            <div style=\"height: max-content;\">\r\n                                            <div class=\"uk-margin-small-bottom\">\r\n                            <iframe width=\"1920\" height=\"1080\" src=\"https:\/\/www.youtube.com\/embed\/aaGSy8pEaXc\" title=\"Array\" frameborder=\"0\" allow=\"accelerometer; autoplay; encrypted-media; gyroscope; picture-in-picture\" allowfullscreen data-uk-responsive data-uk-video=\"autoplay: false\" loading=\"lazy\" referrerpolicy=\"no-referrer-when-downgrade\"><\/iframe>\r\n                        <\/div>\r\n                                        <h3 style='min-height:20px; margin:0 0 10px 0;'>Agricultura, Alimenta\u00e7\u00e3o e Bebidas<\/h3>                    <h4 style='min-height:20px; margin:0 0 10px 0;'>Maria Jo\u00e3o Brochado Correia<\/h4>                    <p style='min-height:20px; margin:0 0 10px 0;'>Administradora das \u00c1guas do Norte<\/p>                <\/div>\r\n                    <\/div>\r\n    <\/div>\r\n<\/section>\n\n\r\n<section id=\"page-section-\" class=\"section-white\" style='padding-bottom:80px;'>\r\n    <div class=\" uk-container  uk-container-xlarge\">\r\n        <div data-uk-grid class=\"uk-margin-top uk-grid-match uk-child-width-1-1 uk-child-width-1-3@l uk-flex uk-flex-center\">\r\n                            <div style=\"height: max-content;\">\r\n                                            <div class=\"uk-margin-small-bottom\">\r\n                            <iframe width=\"1920\" height=\"1080\" src=\"https:\/\/www.youtube.com\/embed\/r-9mML86Eso\" title=\"Array\" frameborder=\"0\" allow=\"accelerometer; autoplay; encrypted-media; gyroscope; picture-in-picture\" allowfullscreen data-uk-responsive data-uk-video=\"autoplay: false\" loading=\"lazy\" referrerpolicy=\"no-referrer-when-downgrade\"><\/iframe>\r\n                        <\/div>\r\n                                        <h3 style='min-height:20px; margin:0 0 10px 0;'>Educa\u00e7\u00e3o<\/h3>                    <h4 style='min-height:20px; margin:0 0 10px 0;'>Nuno Fernandes<\/h4>                    <p style='min-height:20px; margin:0 0 10px 0;'>Chief Sales Officer da Ubbu<\/p>                <\/div>\r\n                            <div style=\"height: max-content;\">\r\n                                            <div class=\"uk-margin-small-bottom\">\r\n                            <iframe width=\"1920\" height=\"1080\" src=\"https:\/\/www.youtube.com\/embed\/CFwN7ll7jM0\" title=\"Array\" frameborder=\"0\" allow=\"accelerometer; autoplay; encrypted-media; gyroscope; picture-in-picture\" allowfullscreen data-uk-responsive data-uk-video=\"autoplay: false\" loading=\"lazy\" referrerpolicy=\"no-referrer-when-downgrade\"><\/iframe>\r\n                        <\/div>\r\n                                        <h3 style='min-height:20px; margin:0 0 10px 0;'>Banca, Seguros e Servi\u00e7os Financeiros<\/h3>                    <h4 style='min-height:20px; margin:0 0 10px 0;'>Nuno Matos<\/h4>                    <p style='min-height:20px; margin:0 0 10px 0;'>Diretor de Digital de Novos Canais e Inova\u00e7\u00e3o dos CTT<\/p>                <\/div>\r\n                            <div style=\"height: max-content;\">\r\n                                            <div class=\"uk-margin-small-bottom\">\r\n                            <iframe width=\"1920\" height=\"1080\" src=\"https:\/\/www.youtube.com\/embed\/JgrNymWodcA\" title=\"Array\" frameborder=\"0\" allow=\"accelerometer; autoplay; encrypted-media; gyroscope; picture-in-picture\" allowfullscreen data-uk-responsive data-uk-video=\"autoplay: false\" loading=\"lazy\" referrerpolicy=\"no-referrer-when-downgrade\"><\/iframe>\r\n                        <\/div>\r\n                                        <h3 style='min-height:20px; margin:0 0 10px 0;'>Grande Empresa<\/h3>                    <h4 style='min-height:20px; margin:0 0 10px 0;'>Nuno Matos<\/h4>                    <p style='min-height:20px; margin:0 0 10px 0;'>Diretor de Digital de Novos Canais e Inova\u00e7\u00e3o dos CTT<\/p>                <\/div>\r\n                    <\/div>\r\n    <\/div>\r\n<\/section>\n\n\r\n<section id=\"page-section-\" class=\"section-white\" style='padding-bottom:80px;'>\r\n    <div class=\" uk-container  uk-container-xlarge\">\r\n        <div data-uk-grid class=\"uk-margin-top uk-grid-match uk-child-width-1-1 uk-child-width-1-3@l uk-flex uk-flex-center\">\r\n                            <div style=\"height: max-content;\">\r\n                                            <div class=\"uk-margin-small-bottom\">\r\n                            <iframe width=\"1920\" height=\"1080\" src=\"https:\/\/www.youtube.com\/embed\/2XuM9UQQIH4\" title=\"Array\" frameborder=\"0\" allow=\"accelerometer; autoplay; encrypted-media; gyroscope; picture-in-picture\" allowfullscreen data-uk-responsive data-uk-video=\"autoplay: false\" loading=\"lazy\" referrerpolicy=\"no-referrer-when-downgrade\"><\/iframe>\r\n                        <\/div>\r\n                                        <h3 style='min-height:20px; margin:0 0 10px 0;'>Tecnologia, Media e Telecomunica\u00e7\u00f5es<\/h3>                    <h4 style='min-height:20px; margin:0 0 10px 0;'>Pedro Santos<\/h4>                    <p style='min-height:20px; margin:0 0 10px 0;'>CTO e cofundador da Randy Labs<\/p>                <\/div>\r\n                            <div style=\"height: max-content;\">\r\n                                            <div class=\"uk-margin-small-bottom\">\r\n                            <iframe width=\"1920\" height=\"1080\" src=\"https:\/\/www.youtube.com\/embed\/vAI0ZpUTF94\" title=\"Array\" frameborder=\"0\" allow=\"accelerometer; autoplay; encrypted-media; gyroscope; picture-in-picture\" allowfullscreen data-uk-responsive data-uk-video=\"autoplay: false\" loading=\"lazy\" referrerpolicy=\"no-referrer-when-downgrade\"><\/iframe>\r\n                        <\/div>\r\n                                        <h3 style='min-height:20px; margin:0 0 10px 0;'>Utilities, Mobilidade e Infraestruturas<\/h3>                    <h4 style='min-height:20px; margin:0 0 10px 0;'>Raquel Costa<\/h4>                    <p style='min-height:20px; margin:0 0 10px 0;'>Diretora de Inova\u00e7\u00e3o da REN<\/p>                <\/div>\r\n                            <div style=\"height: max-content;\">\r\n                                            <div class=\"uk-margin-small-bottom\">\r\n                            <iframe width=\"1920\" height=\"1080\" src=\"https:\/\/www.youtube.com\/embed\/2KdqfRwW7os\" title=\"Array\" frameborder=\"0\" allow=\"accelerometer; autoplay; encrypted-media; gyroscope; picture-in-picture\" allowfullscreen data-uk-responsive data-uk-video=\"autoplay: false\" loading=\"lazy\" referrerpolicy=\"no-referrer-when-downgrade\"><\/iframe>\r\n                        <\/div>\r\n                                        <h3 style='min-height:20px; margin:0 0 10px 0;'>Ind\u00fastria, Metalomec\u00e2nica e Equipamentos<\/h3>                    <h4 style='min-height:20px; margin:0 0 10px 0;'>Ricardo F\u00e9lix<\/h4>                    <p style='min-height:20px; margin:0 0 10px 0;'>Chief Technology Officer da Biofab<\/p>                <\/div>\r\n                    <\/div>\r\n    <\/div>\r\n<\/section>\n\n\r\n<section id=\"page-section-\" class=\"section-white\" style='padding-bottom:80px;'>\r\n    <div class=\" uk-container \">\r\n        <div data-uk-grid class=\"uk-margin-top uk-grid-match uk-child-width-1-1 uk-child-width-1-0@l uk-flex uk-flex-center\">\r\n                    <\/div>\r\n    <\/div>\r\n<\/section>\n\n\r\n<section id=\"page-section-\" class=\"section-white\" style='padding-bottom:80px;'>\r\n    <div class=\" uk-container  uk-container-xlarge\">\r\n        <div data-uk-grid class=\"uk-margin-top uk-grid-match uk-child-width-1-1 uk-child-width-1-3@l uk-flex uk-flex-center\">\r\n                            <div style=\"height: max-content;\">\r\n                                            <div class=\"uk-margin-small-bottom\">\r\n                            <iframe width=\"1920\" height=\"1080\" src=\"https:\/\/www.youtube.com\/embed\/Y4gYzD6fS2k\" title=\"Array\" frameborder=\"0\" allow=\"accelerometer; autoplay; encrypted-media; gyroscope; picture-in-picture\" allowfullscreen data-uk-responsive data-uk-video=\"autoplay: false\" loading=\"lazy\" referrerpolicy=\"no-referrer-when-downgrade\"><\/iframe>\r\n                        <\/div>\r\n                                        <h3 style='min-height:20px; margin:0 0 10px 0;'>PR\u00c9MIO PERSONALIDADE<\/h3>                    <h4 style='min-height:20px; margin:0 0 10px 0;'>Ricardo Mendes<\/h4>                    <p style='min-height:20px; margin:0 0 10px 0;'>CEO da tekever<\/p>                <\/div>\r\n                            <div style=\"height: max-content;\">\r\n                                            <div class=\"uk-margin-small-bottom\">\r\n                            <iframe width=\"1920\" height=\"1080\" src=\"https:\/\/www.youtube.com\/embed\/JdLDkvtgIlk\" title=\"Array\" frameborder=\"0\" allow=\"accelerometer; autoplay; encrypted-media; gyroscope; picture-in-picture\" allowfullscreen data-uk-responsive data-uk-video=\"autoplay: false\" loading=\"lazy\" referrerpolicy=\"no-referrer-when-downgrade\"><\/iframe>\r\n                        <\/div>\r\n                                        <h3 style='min-height:20px; margin:0 0 10px 0;'>Startup<\/h3>                    <h4 style='min-height:20px; margin:0 0 10px 0;'>Vasco Lopes<\/h4>                    <p style='min-height:20px; margin:0 0 10px 0;'>CEO da Deepneuronic<\/p>                <\/div>\r\n                            <div style=\"height: max-content;\">\r\n                                            <div class=\"uk-margin-small-bottom\">\r\n                            <iframe width=\"1920\" height=\"1080\" src=\"https:\/\/www.youtube.com\/embed\/lBW-cN-y50w\" title=\"Array\" frameborder=\"0\" allow=\"accelerometer; autoplay; encrypted-media; gyroscope; picture-in-picture\" allowfullscreen data-uk-responsive data-uk-video=\"autoplay: false\" loading=\"lazy\" referrerpolicy=\"no-referrer-when-downgrade\"><\/iframe>\r\n                        <\/div>\r\n                                        <h3 style='min-height:20px; margin:0 0 10px 0;'>Intelig\u00eancia Artificial e Machine Learning<\/h3>                    <h4 style='min-height:20px; margin:0 0 10px 0;'>Vasco Lopes<\/h4>                    <p style='min-height:20px; margin:0 0 10px 0;'>CEO da Deepneuronic<\/p>                <\/div>\r\n                    <\/div>\r\n    <\/div>\r\n<\/section>\n\n\r\n<section id=\"page-section-\" class=\"section-white\" style='padding-bottom:80px;'>\r\n    <div class=\" uk-container  uk-container-xlarge\">\r\n        <div data-uk-grid class=\"uk-margin-top uk-grid-match uk-child-width-1-1 uk-child-width-1-3@l uk-flex uk-flex-center\">\r\n                            <div style=\"height: max-content;\">\r\n                                            <div class=\"uk-margin-small-bottom\">\r\n                            <iframe width=\"1920\" height=\"1080\" src=\"https:\/\/www.youtube.com\/embed\/3qCCsCAmjN8\" title=\"Array\" frameborder=\"0\" allow=\"accelerometer; autoplay; encrypted-media; gyroscope; picture-in-picture\" allowfullscreen data-uk-responsive data-uk-video=\"autoplay: false\" loading=\"lazy\" referrerpolicy=\"no-referrer-when-downgrade\"><\/iframe>\r\n                        <\/div>\r\n                                        <h3 style='min-height:20px; margin:0 0 10px 0;'>Tecnologia Sustent\u00e1vel<\/h3>                    <h4 style='min-height:20px; margin:0 0 10px 0;'>Vasco Pizarro<\/h4>                    <p style='min-height:20px; margin:0 0 10px 0;'>International Relations da Pizarro<\/p>                <\/div>\r\n                            <div style=\"height: max-content;\">\r\n                                            <div class=\"uk-margin-small-bottom\">\r\n                            <iframe width=\"1920\" height=\"1080\" src=\"https:\/\/www.youtube.com\/embed\/67ywOVTrAxM\" title=\"Array\" frameborder=\"0\" allow=\"accelerometer; autoplay; encrypted-media; gyroscope; picture-in-picture\" allowfullscreen data-uk-responsive data-uk-video=\"autoplay: false\" loading=\"lazy\" referrerpolicy=\"no-referrer-when-downgrade\"><\/iframe>\r\n                        <\/div>\r\n                                        <h3 style='min-height:20px; margin:0 0 10px 0;'>Trof\u00e9u Innovation Champion<\/h3>                    <h4 style='min-height:20px; margin:0 0 10px 0;'>Walter Duarte<\/h4>                    <p style='min-height:20px; margin:0 0 10px 0;'>Fundador da ID8 Inovation Consulting <\/p>                <\/div>\r\n                            <div style=\"height: max-content;\">\r\n                                            <div class=\"uk-margin-small-bottom\">\r\n                            <iframe width=\"1920\" height=\"1080\" src=\"https:\/\/www.youtube.com\/embed\/RGzgB7TrSXI\" title=\"Array\" frameborder=\"0\" allow=\"accelerometer; autoplay; encrypted-media; gyroscope; picture-in-picture\" allowfullscreen data-uk-responsive data-uk-video=\"autoplay: false\" loading=\"lazy\" referrerpolicy=\"no-referrer-when-downgrade\"><\/iframe>\r\n                        <\/div>\r\n                                        <h3 style='min-height:20px; margin:0 0 10px 0;'>Transforma\u00e7\u00e3o do Posto de Trabalho<\/h3>                    <h4 style='min-height:20px; margin:0 0 10px 0;'>Yoni Engel<\/h4>                    <p style='min-height:20px; margin:0 0 10px 0;'>CEO da Paperweight AI<\/p>                <\/div>\r\n                    <\/div>\r\n    <\/div>\r\n<\/section>","protected":false},"excerpt":{"rendered":"","protected":false},"author":29,"featured_media":0,"parent":0,"menu_order":0,"comment_status":"closed","ping_status":"closed","template":"page_for-vencedores.php","meta":{"footnotes":""},"class_list":["post-6906","page","type-page","status-publish","hentry"],"_links":{"self":[{"href":"https:\/\/bs.xl.pt\/premio-nacional-inovacao\/wp-json\/wp\/v2\/pages\/6906","targetHints":{"allow":["GET"]}}],"collection":[{"href":"https:\/\/bs.xl.pt\/premio-nacional-inovacao\/wp-json\/wp\/v2\/pages"}],"about":[{"href":"https:\/\/bs.xl.pt\/premio-nacional-inovacao\/wp-json\/wp\/v2\/types\/page"}],"author":[{"embeddable":true,"href":"https:\/\/bs.xl.pt\/premio-nacional-inovacao\/wp-json\/wp\/v2\/users\/29"}],"replies":[{"embeddable":true,"href":"https:\/\/bs.xl.pt\/premio-nacional-inovacao\/wp-json\/wp\/v2\/comments?post=6906"}],"version-history":[{"count":6,"href":"https:\/\/bs.xl.pt\/premio-nacional-inovacao\/wp-json\/wp\/v2\/pages\/6906\/revisions"}],"predecessor-version":[{"id":6996,"href":"https:\/\/bs.xl.pt\/premio-nacional-inovacao\/wp-json\/wp\/v2\/pages\/6906\/revisions\/6996"}],"wp:attachment":[{"href":"https:\/\/bs.xl.pt\/premio-nacional-inovacao\/wp-json\/wp\/v2\/media?parent=6906"}],"curies":[{"name":"wp","href":"https:\/\/api.w.org\/{rel}","templated":true}]}}